{"id":19001,"date":"2017-06-19T18:12:37","date_gmt":"2017-06-19T20:12:37","guid":{"rendered":"http:\/\/www.encontramoema.com.br\/blog\/?page_id=19001"},"modified":"2025-10-03T16:08:15","modified_gmt":"2025-10-03T19:08:15","slug":"sobre-moema","status":"publish","type":"page","link":"https:\/\/www.encontramoema.com.br\/sobre\/","title":{"rendered":"Sobre Moema"},"content":{"rendered":"<div class=\"b7f545a958fd6350ffae2d30a84cafb8\" data-index=\"1\" style=\"float: none; margin:0px;\">\n<!-- Anuncio display - global -->\r\n<ins class=\"adsbygoogle\"\r\n     style=\"display:block\"\r\n     data-ad-client=\"ca-pub-8585364105181520\"\r\n     data-ad-slot=\"8789329856\"\r\n     data-ad-format=\"auto\"\r\n     data-full-width-responsive=\"true\"><\/ins>\r\n<script>\r\n     (adsbygoogle = window.adsbygoogle || []).push({});\r\n<\/script>\n<\/div>\n<h2>Sub-bairros na regi\u00e3o de MOEMA<\/h2>\n<p>O Moema est\u00e1 situado na Zona Centro Sul e abrange os bairros de:<\/p>\n<p>\u2022 Ibirapuera<br \/>\n\u2022 Indian\u00f3polis<br \/>\n\u2022 Jardim Luzit\u00e2nia<br \/>\n\u2022 Jardim Novo Mundo<br \/>\n\u2022 <a title=\"Bairro Moema\" href=\"https:\/\/www.encontramoema.com.br\/\">Moema <\/a><br \/>\n\u2022 Parque Ibirapuera<br \/>\n\u2022 Vila Nova Concei\u00e7\u00e3o<br \/>\n\u2022 Vila Uberabinha<\/p>\n<h2>Limites e bairros vizinhos de Moema &#8211; <a href=\"\/\/www.zonasulsp.com.br\/\" target=\"_blank\" rel=\"noopener noreferrer\">Zona Sul<\/a><\/h2>\n<p><img loading=\"lazy\" decoding=\"async\" class=\"size-full wp-image-19004 aligncenter\" src=\"\/\/www.encontramoema.com.br\/sobre\/wp-content\/uploads\/2017\/06\/mapa-subprefeitura-vila-mariana.jpg\" alt=\"\" width=\"250\" height=\"250\" srcset=\"https:\/\/www.encontramoema.com.br\/sobre\/wp-content\/uploads\/2017\/06\/mapa-subprefeitura-vila-mariana.jpg 250w, https:\/\/www.encontramoema.com.br\/sobre\/wp-content\/uploads\/2017\/06\/mapa-subprefeitura-vila-mariana-150x150.jpg 150w\" sizes=\"auto, (max-width: 250px) 100vw, 250px\" \/><\/p>\n<p>\u2022 <a title=\"Jardim Paulista\" href=\"\/\/www.encontrajardins.com.br\/\" target=\"_blank\" rel=\"noopener noreferrer\">Jardim Paulista<\/a><br \/>\n\u2022 <a title=\"Itaim Bibi\" href=\"\/\/www.encontraitaim.com.br\/\" target=\"_blank\" rel=\"noopener noreferrer\">Itaim Bibi<\/a><br \/>\n\u2022 <a title=\"Campo Belo\" href=\"\/\/www.encontracampobelo.com.br\/\" target=\"_blank\" rel=\"noopener noreferrer\">Campo Belo<\/a><br \/>\n\u2022 <a title=\"Sa\u00fade\" href=\"\/\/www.encontrasaude.com.br\/\" target=\"_blank\" rel=\"noopener noreferrer\">Sa\u00fade<\/a><br \/>\n\u2022 <a title=\"Vila Mariana\" href=\"\/\/www.encontravilamariana.com.br\/\" target=\"_blank\" rel=\"noopener noreferrer\">Vila Mariana<\/a><\/p>\n<h2>Pontos Tur\u00edsticos em Moema<\/h2>\n<p><img loading=\"lazy\" decoding=\"async\" class=\"alignleft size-full wp-image-19005\" src=\"https:\/\/www.encontramoema.com.br\/sobre\/wp-content\/uploads\/2017\/06\/igreja-de-moema-minimizada.jpg\" alt=\"\" width=\"51\" height=\"80\" \/><\/p>\n<p><strong><img loading=\"lazy\" decoding=\"async\" class=\"alignleft size-full wp-image-19006\" src=\"https:\/\/www.encontramoema.com.br\/sobre\/wp-content\/uploads\/2017\/06\/obelisco-do-ibirapuera-minimizado.jpg\" alt=\"\" width=\"60\" height=\"80\" \/><img loading=\"lazy\" decoding=\"async\" class=\"alignleft size-full wp-image-19007\" src=\"https:\/\/www.encontramoema.com.br\/sobre\/wp-content\/uploads\/2017\/06\/logo-mam-minimizado.jpg\" alt=\"\" width=\"104\" height=\"80\" \/><\/strong><\/p>\n<p>&nbsp;<\/p>\n<p>&nbsp;<\/p>\n<p>&nbsp;<\/p>\n<h3><strong>Parque do Ibirapuera em Moema<\/strong><\/h3>\n<p>O parque do Ibirapuera \u00e9 um dos locais mais utilizados pela popula\u00e7\u00e3o de toda a cidade para a pr\u00e1tica esportiva ao ar livre.<br \/>\nA cultura \u00e9 outro grande marco do parque, que possui v\u00e1rios museus e sedia a Bienal de S\u00e3o Paulo, e mais recentemente o S\u00e3o Paulo Fashion Week. \u00c9 palco de grandiosas exposi\u00e7\u00f5es.<\/p>\n<h3>Dados Principais sobre Moema<\/h3>\n<p><strong>Popula\u00e7\u00e3o<\/strong> 71.459 hab. (2010)<br \/>\n<strong>Renda m\u00e9dia<\/strong> R$ 5.576,78<br \/>\n<strong>IDH<\/strong> 0,961 &#8211; muito elevado<br \/>\n<strong>Subprefeitura<\/strong> Vila Mariana<br \/>\n<strong>Regi\u00e3o Administrativa<\/strong> Centro Sul<br \/>\n<strong>\u00c1rea Geogr\u00e1fica<\/strong> Zona Sul<br \/>\n<strong>\u00c1rea<\/strong> 9km\u00b2<\/p>\n<h3>Moema de Tantas Hist\u00f3rias<\/h3>\n<p>Hist\u00f3rias do bairro de Moema contada<br \/>\npelos pr\u00f3prios moradores do bairro.<br \/>\n<a href=\"\/\/www.moemadetantashistorias.blogspot.com\/\" target=\"_blank\" rel=\"noopener noreferrer\">Moema de Tantas Hist\u00f3rias<\/a><\/p>\n<h2>Moradores ilustres de Moema<\/h2>\n<p><iframe loading=\"lazy\" style=\"border: none; overflow: hidden; width: 100%; height: 252px;\" src=\"https:\/\/www.facebook.com\/plugins\/likebox.php?href=http%3A%2F%2Fwww.facebook.com%2Fbairromoema&amp;width=520&amp;colorscheme=light&amp;show_faces=true&amp;stream=false&amp;header=false&amp;height=252\" width=\"300\" height=\"150\" frameborder=\"0\" scrolling=\"No\"><\/iframe><b><\/b><\/p>\n<h2>Hist\u00f3ria de Moema<\/h2>\n<p><strong><img loading=\"lazy\" decoding=\"async\" class=\"aligncenter wp-image-20733 size-full\" title=\"bairro de moema - 12 fotos metro, shopping, aerea, parque ibirapuera, ruas de moema, obelisco, vida noturna moema\" src=\"https:\/\/www.encontramoema.com.br\/sobre\/wp-content\/uploads\/2019\/04\/bairro-moema-730px.jpg\" alt=\"\" width=\"730\" height=\"353\" srcset=\"https:\/\/www.encontramoema.com.br\/sobre\/wp-content\/uploads\/2019\/04\/bairro-moema-730px.jpg 730w, https:\/\/www.encontramoema.com.br\/sobre\/wp-content\/uploads\/2019\/04\/bairro-moema-730px-300x145.jpg 300w\" sizes=\"auto, (max-width: 730px) 100vw, 730px\" \/><\/strong><\/p>\n<p><strong><a href=\"\/\">Moema<\/a> \u00e9 um bairro<\/strong> pertencente \u00e0 subprefeitura da <a href=\"\/\/www.encontravilamariana.com.br\/\" target=\"_blank\" rel=\"noopener noreferrer\">Vila Mariana<\/a>, na Zona Centro-Sul da cidade de S\u00e3o Paulo.<br \/>\nOutrora chamado de Indian\u00f3polis, experimentou um grande crescimento imobili\u00e1rio na d\u00e9cada de 1970, e ainda hoje continua a atrair investimentos, sendo um bairro nobre da capital.<\/p>\n<p>Quem mora no bairro e regi\u00e3o n\u00e3o troca este local por nada, pois aqui tem de tudo o que precisa para o dia-a-dia, tudo pertinho, como mercadinhos e grandes redes dos mais diversos tipos, pizzarias, lavanderias, rod\u00edzios, cabeleireiros, costureira, manicure, academias e farm\u00e1cias. Moema \u00e9 uma regi\u00e3o 100% completa.<\/p>\n<h2>COMO \u00c9 MORAR EM MOEMA<\/h2>\n<p>No <strong>bairro de <\/strong><a href=\"\/\"><strong>Moema<\/strong><\/a> est\u00e1 localizado o <strong>Parque do Ibirapuera<\/strong>, um dos maiores da cidade e tido como um dos cart\u00f5es postais mais representativos de S\u00e3o Paulo, inaugurado em 1954.\u00a0O bairro tem tranquilidade aos moradores de passear a p\u00e9 aos finais de semana nas ruas arborizadas at\u00e9 chegar ao Parque do Ibirapuera e para almo\u00e7ar em um dos diversos restaurantes, pois o bairro est\u00e1 repleto de todos os tipos de gastronomia, desde italiana, mexicana, argentina e japonesa e muitas outras.<\/p>\n<p>O <em>Shopping Ibirapuera<\/em>\u00a0valorizou o bairro na d\u00e9cada de 70, um dos primeiros estabelecimentos deste porte na cidade. L\u00e1 \u00e9 poss\u00edvel passear com a fam\u00edlia e fazer compras nos mais diversos tipos de lojas.<\/p>\n<p>Um ponto interessante para se conhecer na regi\u00e3o \u00e9 a <strong>Pra\u00e7a de Moema<\/strong>, onde est\u00e1 localizada a igreja &#8220;<em>Par\u00f3quia Nossa Senhora Aparecida&#8221;<\/em>. No mesmo local da igreja possui feirinha de artesanato em alguns dias da semana e tamb\u00e9m barraquinhas de comidas das mais diversas, como pasteis, churros, cachorro quente, comida diversas e muito mais.<\/p>\n<p>No bairro vizinho (<a href=\"\/\/www.encontracampobelo.com.br\/\" target=\"_blank\" rel=\"noopener noreferrer\">Campo Belo<\/a>) est\u00e1 localizado o <a href=\"https:\/\/www.aeroportodecongonhas.org\" target=\"_blank\" rel=\"noopener noreferrer\">Aeroporto de Congonhas<\/a>, um dos maiores e mais movimentados <a href=\"https:\/\/www.aeroportosbrasil.com.br\/\">Aeroportos do Brasil<\/a>.<\/p>\n<p>Tamb\u00e9m faz parte do <a href=\"\/\">Bairro Moema<\/a> o bairro da<strong> Vila Nova Concei\u00e7\u00e3o,<\/strong> que possui atualmente o metro quadrado mais caro da cidade.\u00a0Moema esta localizada sob uma planicie poucas subidas ou descidas, por isso, \u00e9 muito tranquilo para andar de bicicleta, patinetes ou at\u00e9 mesmo praticar caminhadas.<\/p>\n<p>Para homenagear a comunidade de moradores deste maravilho bairro, o <a href=\"https:\/\/www.encontrasaopaulo.com.br\/\" target=\"_blank\" rel=\"noopener noreferrer\">Encontra S\u00e3o Paulo<\/a> criou o <a href=\"https:\/\/www.encontramoema.com.br\">Encontra Moema<\/a> na cidade de S\u00e3o Paulo.<\/p>\n<p><img loading=\"lazy\" decoding=\"async\" width=\"565\" height=\"379\" class=\"alignnone size-full wp-image-19003\" style=\"width: 100%; height: auto;\" src=\"\/\/www.encontramoema.com.br\/sobre\/wp-content\/uploads\/2017\/06\/arvore-ibirapuera.jpg\" alt=\"\" srcset=\"https:\/\/www.encontramoema.com.br\/sobre\/wp-content\/uploads\/2017\/06\/arvore-ibirapuera.jpg 565w, https:\/\/www.encontramoema.com.br\/sobre\/wp-content\/uploads\/2017\/06\/arvore-ibirapuera-300x200.jpg 300w\" sizes=\"auto, (max-width: 565px) 100vw, 565px\" \/><\/p>\n\n<div style=\"font-size: 0px; height: 0px; line-height: 0px; margin: 0; padding: 0; clear: both;\"><\/div>","protected":false},"excerpt":{"rendered":"<p>Sub-bairros na regi\u00e3o de MOEMA O Moema est\u00e1 situado na Zona Centro Sul e abrange os bairros de: \u2022 Ibirapuera \u2022 Indian\u00f3polis \u2022 Jardim Luzit\u00e2nia \u2022 Jardim Novo Mundo \u2022 Moema \u2022 Parque Ibirapuera \u2022 Vila Nova Concei\u00e7\u00e3o \u2022 Vila Uberabinha Limites e bairros vizinhos de Moema &#8211; Zona Sul \u2022 Jardim Paulista \u2022 Itaim Bibi \u2022 Campo Belo \u2022 Sa\u00fade \u2022 Vila Mariana Pontos Tur\u00edsticos em Moema &nbsp; &nbsp; &nbsp; Parque do Ibirapuera em Moema O parque do Ibirapuera \u00e9 um dos locais mais utilizados pela popula\u00e7\u00e3o de toda a cidade para a pr\u00e1tica esportiva ao ar livre. A <\/p>\n","protected":false},"author":1,"featured_media":0,"parent":0,"menu_order":0,"comment_status":"closed","ping_status":"closed","template":"","meta":{"footnotes":""},"class_list":["post-19001","page","type-page","status-publish","hentry"],"yoast_head":"<!-- This site is optimized with the Yoast SEO plugin v26.3 - https:\/\/yoast.com\/wordpress\/plugins\/seo\/ -->\n<title>Sobre Moema - Encontra Moema<\/title>\n<meta name=\"robots\" content=\"index, follow, max-snippet:-1, max-image-preview:large, max-video-preview:-1\" \/>\n<link rel=\"canonical\" href=\"https:\/\/www.encontramoema.com.br\/sobre\/\" \/>\n<meta property=\"og:locale\" content=\"pt_BR\" \/>\n<meta property=\"og:type\" content=\"article\" \/>\n<meta property=\"og:title\" content=\"Sobre Moema - Encontra Moema\" \/>\n<meta property=\"og:description\" content=\"Sub-bairros na regi\u00e3o de MOEMA O Moema est\u00e1 situado na Zona Centro Sul e abrange os bairros de: \u2022 Ibirapuera \u2022 Indian\u00f3polis \u2022 Jardim Luzit\u00e2nia \u2022 Jardim Novo Mundo \u2022 Moema \u2022 Parque Ibirapuera \u2022 Vila Nova Concei\u00e7\u00e3o \u2022 Vila Uberabinha Limites e bairros vizinhos de Moema &#8211; Zona Sul \u2022 Jardim Paulista \u2022 Itaim Bibi \u2022 Campo Belo \u2022 Sa\u00fade \u2022 Vila Mariana Pontos Tur\u00edsticos em Moema &nbsp; &nbsp; &nbsp; Parque do Ibirapuera em Moema O parque do Ibirapuera \u00e9 um dos locais mais utilizados pela popula\u00e7\u00e3o de toda a cidade para a pr\u00e1tica esportiva ao ar livre. A\" \/>\n<meta property=\"og:url\" content=\"https:\/\/www.encontramoema.com.br\/sobre\/\" \/>\n<meta property=\"og:site_name\" content=\"Encontra Moema\" \/>\n<meta property=\"article:modified_time\" content=\"2025-10-03T19:08:15+00:00\" \/>\n<meta property=\"og:image\" content=\"https:\/\/www.encontramoema.com.br\/sobre\/wp-content\/uploads\/2017\/06\/igreja-de-moema-minimizada.jpg\" \/>\n<meta name=\"twitter:card\" content=\"summary_large_image\" \/>\n<meta name=\"twitter:label1\" content=\"Est. tempo de leitura\" \/>\n\t<meta name=\"twitter:data1\" content=\"5 minutos\" \/>\n<script type=\"application\/ld+json\" class=\"yoast-schema-graph\">{\"@context\":\"https:\/\/schema.org\",\"@graph\":[{\"@type\":\"WebPage\",\"@id\":\"https:\/\/www.encontramoema.com.br\/sobre\/\",\"url\":\"https:\/\/www.encontramoema.com.br\/sobre\/\",\"name\":\"Sobre Moema - Encontra Moema\",\"isPartOf\":{\"@id\":\"https:\/\/www.encontramoema.com.br\/sobre\/#website\"},\"primaryImageOfPage\":{\"@id\":\"https:\/\/www.encontramoema.com.br\/sobre\/#primaryimage\"},\"image\":{\"@id\":\"https:\/\/www.encontramoema.com.br\/sobre\/#primaryimage\"},\"thumbnailUrl\":\"https:\/\/www.encontramoema.com.br\/sobre\/wp-content\/uploads\/2017\/06\/igreja-de-moema-minimizada.jpg\",\"datePublished\":\"2017-06-19T20:12:37+00:00\",\"dateModified\":\"2025-10-03T19:08:15+00:00\",\"breadcrumb\":{\"@id\":\"https:\/\/www.encontramoema.com.br\/sobre\/#breadcrumb\"},\"inLanguage\":\"pt-BR\",\"potentialAction\":[{\"@type\":\"ReadAction\",\"target\":[\"https:\/\/www.encontramoema.com.br\/sobre\/\"]}]},{\"@type\":\"ImageObject\",\"inLanguage\":\"pt-BR\",\"@id\":\"https:\/\/www.encontramoema.com.br\/sobre\/#primaryimage\",\"url\":\"https:\/\/www.encontramoema.com.br\/sobre\/wp-content\/uploads\/2017\/06\/igreja-de-moema-minimizada.jpg\",\"contentUrl\":\"https:\/\/www.encontramoema.com.br\/sobre\/wp-content\/uploads\/2017\/06\/igreja-de-moema-minimizada.jpg\",\"width\":51,\"height\":80},{\"@type\":\"BreadcrumbList\",\"@id\":\"https:\/\/www.encontramoema.com.br\/sobre\/#breadcrumb\",\"itemListElement\":[{\"@type\":\"ListItem\",\"position\":1,\"name\":\"In\u00edcio\",\"item\":\"https:\/\/www.encontramoema.com.br\/sobre\/\"},{\"@type\":\"ListItem\",\"position\":2,\"name\":\"Sobre Moema\"}]},{\"@type\":\"WebSite\",\"@id\":\"https:\/\/www.encontramoema.com.br\/sobre\/#website\",\"url\":\"https:\/\/www.encontramoema.com.br\/sobre\/\",\"name\":\"Encontra Moema\",\"description\":\"Not\u00edcias, eventos, informa\u00e7\u00f5es e dicas no bairro de Moema e regi\u00e3o.\",\"potentialAction\":[{\"@type\":\"SearchAction\",\"target\":{\"@type\":\"EntryPoint\",\"urlTemplate\":\"https:\/\/www.encontramoema.com.br\/sobre\/?s={search_term_string}\"},\"query-input\":{\"@type\":\"PropertyValueSpecification\",\"valueRequired\":true,\"valueName\":\"search_term_string\"}}],\"inLanguage\":\"pt-BR\"}]}<\/script>\n<!-- \/ Yoast SEO plugin. -->","yoast_head_json":{"title":"Sobre Moema - Encontra Moema","robots":{"index":"index","follow":"follow","max-snippet":"max-snippet:-1","max-image-preview":"max-image-preview:large","max-video-preview":"max-video-preview:-1"},"canonical":"https:\/\/www.encontramoema.com.br\/sobre\/","og_locale":"pt_BR","og_type":"article","og_title":"Sobre Moema - Encontra Moema","og_description":"Sub-bairros na regi\u00e3o de MOEMA O Moema est\u00e1 situado na Zona Centro Sul e abrange os bairros de: \u2022 Ibirapuera \u2022 Indian\u00f3polis \u2022 Jardim Luzit\u00e2nia \u2022 Jardim Novo Mundo \u2022 Moema \u2022 Parque Ibirapuera \u2022 Vila Nova Concei\u00e7\u00e3o \u2022 Vila Uberabinha Limites e bairros vizinhos de Moema &#8211; Zona Sul \u2022 Jardim Paulista \u2022 Itaim Bibi \u2022 Campo Belo \u2022 Sa\u00fade \u2022 Vila Mariana Pontos Tur\u00edsticos em Moema &nbsp; &nbsp; &nbsp; Parque do Ibirapuera em Moema O parque do Ibirapuera \u00e9 um dos locais mais utilizados pela popula\u00e7\u00e3o de toda a cidade para a pr\u00e1tica esportiva ao ar livre. A","og_url":"https:\/\/www.encontramoema.com.br\/sobre\/","og_site_name":"Encontra Moema","article_modified_time":"2025-10-03T19:08:15+00:00","og_image":[{"url":"https:\/\/www.encontramoema.com.br\/sobre\/wp-content\/uploads\/2017\/06\/igreja-de-moema-minimizada.jpg","type":"","width":"","height":""}],"twitter_card":"summary_large_image","twitter_misc":{"Est. tempo de leitura":"5 minutos"},"schema":{"@context":"https:\/\/schema.org","@graph":[{"@type":"WebPage","@id":"https:\/\/www.encontramoema.com.br\/sobre\/","url":"https:\/\/www.encontramoema.com.br\/sobre\/","name":"Sobre Moema - Encontra Moema","isPartOf":{"@id":"https:\/\/www.encontramoema.com.br\/sobre\/#website"},"primaryImageOfPage":{"@id":"https:\/\/www.encontramoema.com.br\/sobre\/#primaryimage"},"image":{"@id":"https:\/\/www.encontramoema.com.br\/sobre\/#primaryimage"},"thumbnailUrl":"https:\/\/www.encontramoema.com.br\/sobre\/wp-content\/uploads\/2017\/06\/igreja-de-moema-minimizada.jpg","datePublished":"2017-06-19T20:12:37+00:00","dateModified":"2025-10-03T19:08:15+00:00","breadcrumb":{"@id":"https:\/\/www.encontramoema.com.br\/sobre\/#breadcrumb"},"inLanguage":"pt-BR","potentialAction":[{"@type":"ReadAction","target":["https:\/\/www.encontramoema.com.br\/sobre\/"]}]},{"@type":"ImageObject","inLanguage":"pt-BR","@id":"https:\/\/www.encontramoema.com.br\/sobre\/#primaryimage","url":"https:\/\/www.encontramoema.com.br\/sobre\/wp-content\/uploads\/2017\/06\/igreja-de-moema-minimizada.jpg","contentUrl":"https:\/\/www.encontramoema.com.br\/sobre\/wp-content\/uploads\/2017\/06\/igreja-de-moema-minimizada.jpg","width":51,"height":80},{"@type":"BreadcrumbList","@id":"https:\/\/www.encontramoema.com.br\/sobre\/#breadcrumb","itemListElement":[{"@type":"ListItem","position":1,"name":"In\u00edcio","item":"https:\/\/www.encontramoema.com.br\/sobre\/"},{"@type":"ListItem","position":2,"name":"Sobre Moema"}]},{"@type":"WebSite","@id":"https:\/\/www.encontramoema.com.br\/sobre\/#website","url":"https:\/\/www.encontramoema.com.br\/sobre\/","name":"Encontra Moema","description":"Not\u00edcias, eventos, informa\u00e7\u00f5es e dicas no bairro de Moema e regi\u00e3o.","potentialAction":[{"@type":"SearchAction","target":{"@type":"EntryPoint","urlTemplate":"https:\/\/www.encontramoema.com.br\/sobre\/?s={search_term_string}"},"query-input":{"@type":"PropertyValueSpecification","valueRequired":true,"valueName":"search_term_string"}}],"inLanguage":"pt-BR"}]}},"_links":{"self":[{"href":"https:\/\/www.encontramoema.com.br\/sobre\/wp-json\/wp\/v2\/pages\/19001","targetHints":{"allow":["GET"]}}],"collection":[{"href":"https:\/\/www.encontramoema.com.br\/sobre\/wp-json\/wp\/v2\/pages"}],"about":[{"href":"https:\/\/www.encontramoema.com.br\/sobre\/wp-json\/wp\/v2\/types\/page"}],"author":[{"embeddable":true,"href":"https:\/\/www.encontramoema.com.br\/sobre\/wp-json\/wp\/v2\/users\/1"}],"replies":[{"embeddable":true,"href":"https:\/\/www.encontramoema.com.br\/sobre\/wp-json\/wp\/v2\/comments?post=19001"}],"version-history":[{"count":0,"href":"https:\/\/www.encontramoema.com.br\/sobre\/wp-json\/wp\/v2\/pages\/19001\/revisions"}],"wp:attachment":[{"href":"https:\/\/www.encontramoema.com.br\/sobre\/wp-json\/wp\/v2\/media?parent=19001"}],"curies":[{"name":"wp","href":"https:\/\/api.w.org\/{rel}","templated":true}]}}