{"id":20338,"date":"2017-07-31T16:26:38","date_gmt":"2017-07-31T18:26:38","guid":{"rendered":"http:\/\/www.encontramoema.com.br\/sobre\/?page_id=20338"},"modified":"2017-07-31T18:48:33","modified_gmt":"2017-07-31T20:48:33","slug":"cartorios-moema","status":"publish","type":"page","link":"https:\/\/www.encontramoema.com.br\/sobre\/cartorios-moema\/","title":{"rendered":"Cart\u00f3rios Moema"},"content":{"rendered":"<div class=\"b7f545a958fd6350ffae2d30a84cafb8\" data-index=\"1\" style=\"float: none; margin:0px;\">\n<!-- Anuncio display - global -->\r\n<ins class=\"adsbygoogle\"\r\n     style=\"display:block\"\r\n     data-ad-client=\"ca-pub-8585364105181520\"\r\n     data-ad-slot=\"8789329856\"\r\n     data-ad-format=\"auto\"\r\n     data-full-width-responsive=\"true\"><\/ins>\r\n<script>\r\n     (adsbygoogle = window.adsbygoogle || []).push({});\r\n<\/script>\n<\/div>\n<p>No bairro de Moema est\u00e3o localizados dois cart\u00f3rios, o\u00a029\u00b0 Tabelionato de Notas e o\u00a0Cart\u00f3rio do 24\u00b0 Subdistrito &#8211; Indian\u00f3polis.<\/p>\n<p>Cada um exerce uma fun\u00e7\u00e3o diferente e aqui voc\u00ea encontra informa\u00e7\u00f5es\u00a0de ambos. Veja os <strong>Cart\u00f3rios em Moema\u00a0<\/strong>e suas disponibilidades abaixo.<\/p>\n<p><img loading=\"lazy\" decoding=\"async\" class=\"alignnone wp-image-20339 size-full\" title=\"Cart\u00f3rios Moema\" src=\"http:\/\/www.encontramoema.com.br\/sobre\/wp-content\/uploads\/2017\/07\/cartorio-moema.jpg\" alt=\"Cart\u00f3rios Moema\" width=\"680\" height=\"189\" srcset=\"https:\/\/www.encontramoema.com.br\/sobre\/wp-content\/uploads\/2017\/07\/cartorio-moema.jpg 680w, https:\/\/www.encontramoema.com.br\/sobre\/wp-content\/uploads\/2017\/07\/cartorio-moema-300x83.jpg 300w\" sizes=\"auto, (max-width: 680px) 100vw, 680px\" \/><\/p>\n<h2>Cart\u00f3rios Moema 24\u00b0 &#8211; Eucaliptos<\/h2>\n<p>Neste Cart\u00f3rio, voc\u00ea pode utilizar de servi\u00e7os com seguran\u00e7a jur\u00eddica, zelo no atendimento, modernidade e efici\u00eancia, sempre buscando satisfazer as necessidades de todos os usu\u00e1rios.<\/p>\n<p>Possuem conv\u00eanio com hospital da regi\u00e3o para realizar os nascimentos diretamente na maternidade, ou seja, os pais saem com a certid\u00e3o de nascimento de seu filho sem precisar se dirigir ao cart\u00f3rio.<\/p>\n<p>Logo na entrada do cart\u00f3rio um balc\u00e3o de informa\u00e7\u00f5es presta as primeiras orienta\u00e7\u00f5es e encaminha as pessoas para o setor correto.<\/p>\n<p>S\u00e3o v\u00e1rios escreventes e auxiliares trabalhando para que haja o menor n\u00famero poss\u00edvel de pessoas na fila. Reduzir ao m\u00ednimo o tempo de perman\u00eancia nas filas \u00e9 um dos principais objetivos do Cart\u00f3rio.<\/p>\n<p>L\u00e1 voc\u00ea pode acessar tais servi\u00e7os:<\/p>\n<ul>\n<li>Notas: Autentica\u00e7\u00e3o, Reconhecimento de Firma, Procura\u00e7\u00f5es, Apostilamento.<\/li>\n<li>Registro Civil: Casamento, Nascimento e \u00d3bito.<\/li>\n<li>Consultas: Casamento, Nascimento, \u00d3bito, Reconhecimento de Firma, Procura\u00e7\u00e3o.<\/li>\n<li>Servi\u00e7os a Mensalistas<\/li>\n<li>Op\u00e7\u00f5es de pedidos on-line<\/li>\n<\/ul>\n<h3>29\u00b0 Tabelionato de Notas<\/h3>\n<p>O 29\u00b0 Tabelionato de Notas foi fundado em 1976 e est\u00e1 sob nova administra\u00e7\u00e3o desde maio de 2005.<\/p>\n<p>S\u00f3 o cart\u00f3rio pode lhe ajudar a praticar atos jur\u00eddicos de maneira segura, prevenindo-lhe de riscos comuns quando da assun\u00e7\u00e3o de deveres.<\/p>\n<p>O 29\u00b0 Tabelionato oferece servi\u00e7os como:<\/p>\n<ul>\n<li>Testamentos<\/li>\n<li>Escrituras<\/li>\n<li>Procura\u00e7\u00f5es<\/li>\n<li>Atas Notariais<\/li>\n<li>Reconhecimento Firmas<\/li>\n<li>Autentica\u00e7\u00f5es<\/li>\n<li>Uni\u00f5es Homoafetivas<\/li>\n<li>Div\u00f3rcios e Invent\u00e1rios<\/li>\n<li>Servi\u00e7os a Mensalistas<\/li>\n<li>Entre outros<\/li>\n<\/ul>\n<h3>Cart\u00f3rio Moema Reconhecer Firma<\/h3>\n<p>Em ambos os cart\u00f3rios citados acima \u00e9 poss\u00edvel ter acesso ao reconhecimento de firma, para maiores informa\u00e7\u00f5es acesse os sites de cada cart\u00f3rio abaixo.<\/p>\n<h3>Hor\u00e1rio de Funcionamento Cart\u00f3rio em Moema<\/h3>\n<ul>\n<li><strong>Cart\u00f3rio 24\u00b0:\u00a0<\/strong>Seg a Sex das 9h \u00e0s 17h e S\u00e1b das 9h \u00e0s 12h<\/li>\n<li><strong>29\u00b0 Tabelionato:\u00a0<\/strong>Seg a Sex das 9h \u00e0s 17h<\/li>\n<li>Os hor\u00e1rios podem ser alterados sem aviso. Consulte o local para confirmar.<\/li>\n<\/ul>\n<h3>Endere\u00e7o e Telefone Cart\u00f3rio de Moema<\/h3>\n<ul>\n<li><strong>Cart\u00f3rio 24\u00b0:\u00a0<\/strong>Av. dos Eucaliptos, 679\u00a0&#8211; Fone: (11) 5543-1519<\/li>\n<li><strong>29\u00b0 Tabelionato:\u00a0<\/strong>Alameda Jauaperi, 515 &#8211; Fone: (11) 2102-0129<\/li>\n<\/ul>\n<h4>Outras Informa\u00e7\u00f5es e Site<\/h4>\n<ul>\n<li><strong>Cart\u00f3rio 24\u00b0:\u00a0<\/strong><a href=\"http:\/\/www.cartoriodeindianopolis.com.br\/?page=home\" target=\"_blank\" rel=\"noopener noreferrer\">www.cartoriodeindianopolis.com.br<\/a><\/li>\n<li><strong>29\u00b0 Tabelionato:\u00a0<\/strong><a href=\"http:\/\/www.29notas.com.br\" target=\"_blank\" rel=\"noopener noreferrer\">www.29notas.com.br<\/a><\/li>\n<li><a href=\"http:\/\/www.encontramoema.com.br\/sobre\/cartorio-eleitoral-moema\/\"><span style=\"text-decoration: underline;\">Veja o Cart\u00f3rio Eleitoral de Moema aqui<\/span><\/a><\/li>\n<li><a href=\"https:\/\/www.encontrasaopaulo.com.br\/cartorios-sp\/\" target=\"_blank\" rel=\"noopener noreferrer\"><span style=\"text-decoration: underline;\">Veja outros Cart\u00f3rios em S\u00e3o Paulo<\/span><\/a><\/li>\n<\/ul>\n<h4>Mapa de localiza\u00e7\u00e3o do 24\u00b0 Cart\u00f3rio<\/h4>\n<a class=\"wp-colorbox-iframe\" href=\"https:\/\/www.google.com\/maps\/embed?pb=!1m18!1m12!1m3!1d116987.81296757267!2d-46.740083875065714!3d-23.609025089957065!2m3!1f0!2f0!3f0!3m2!1i1024!2i768!4f13.1!3m3!1m2!1s0x94ce5a07fd9de42d0x4cb070e361975877!2s24+Cartorio!5e0!3m2!1spt-BR!2sbr!4v1501525286523\"><img decoding=\"async\" src=\"http:\/\/www.encontramoema.com.br\/imgs\/maps-post.png\"><\/a>\n\n<div style=\"font-size: 0px; height: 0px; line-height: 0px; margin: 0; padding: 0; clear: both;\"><\/div>","protected":false},"excerpt":{"rendered":"<p>No bairro de Moema est\u00e3o localizados dois cart\u00f3rios, o\u00a029\u00b0 Tabelionato de Notas e o\u00a0Cart\u00f3rio do 24\u00b0 Subdistrito &#8211; Indian\u00f3polis. Cada um exerce uma fun\u00e7\u00e3o diferente e aqui voc\u00ea encontra informa\u00e7\u00f5es\u00a0de ambos. Veja os Cart\u00f3rios em Moema\u00a0e suas disponibilidades abaixo. Cart\u00f3rios Moema 24\u00b0 &#8211; Eucaliptos Neste Cart\u00f3rio, voc\u00ea pode utilizar de servi\u00e7os com seguran\u00e7a jur\u00eddica, zelo no atendimento, modernidade e efici\u00eancia, sempre buscando satisfazer as necessidades de todos os usu\u00e1rios. Possuem conv\u00eanio com hospital da regi\u00e3o para realizar os nascimentos diretamente na maternidade, ou seja, os pais saem com a certid\u00e3o de nascimento de seu filho sem precisar se dirigir ao <\/p>\n","protected":false},"author":1,"featured_media":0,"parent":0,"menu_order":0,"comment_status":"closed","ping_status":"closed","template":"","meta":{"footnotes":""},"class_list":["post-20338","page","type-page","status-publish","hentry"],"yoast_head":"<!-- This site is optimized with the Yoast SEO plugin v26.3 - https:\/\/yoast.com\/wordpress\/plugins\/seo\/ -->\n<title>Cart\u00f3rios Moema - Encontra Moema<\/title>\n<meta name=\"robots\" content=\"index, follow, max-snippet:-1, max-image-preview:large, max-video-preview:-1\" \/>\n<link rel=\"canonical\" href=\"https:\/\/www.encontramoema.com.br\/sobre\/cartorios-moema\/\" \/>\n<meta property=\"og:locale\" content=\"pt_BR\" \/>\n<meta property=\"og:type\" content=\"article\" \/>\n<meta property=\"og:title\" content=\"Cart\u00f3rios Moema - Encontra Moema\" \/>\n<meta property=\"og:description\" content=\"No bairro de Moema est\u00e3o localizados dois cart\u00f3rios, o\u00a029\u00b0 Tabelionato de Notas e o\u00a0Cart\u00f3rio do 24\u00b0 Subdistrito &#8211; Indian\u00f3polis. Cada um exerce uma fun\u00e7\u00e3o diferente e aqui voc\u00ea encontra informa\u00e7\u00f5es\u00a0de ambos. Veja os Cart\u00f3rios em Moema\u00a0e suas disponibilidades abaixo. Cart\u00f3rios Moema 24\u00b0 &#8211; Eucaliptos Neste Cart\u00f3rio, voc\u00ea pode utilizar de servi\u00e7os com seguran\u00e7a jur\u00eddica, zelo no atendimento, modernidade e efici\u00eancia, sempre buscando satisfazer as necessidades de todos os usu\u00e1rios. Possuem conv\u00eanio com hospital da regi\u00e3o para realizar os nascimentos diretamente na maternidade, ou seja, os pais saem com a certid\u00e3o de nascimento de seu filho sem precisar se dirigir ao\" \/>\n<meta property=\"og:url\" content=\"https:\/\/www.encontramoema.com.br\/sobre\/cartorios-moema\/\" \/>\n<meta property=\"og:site_name\" content=\"Encontra Moema\" \/>\n<meta property=\"article:modified_time\" content=\"2017-07-31T20:48:33+00:00\" \/>\n<meta property=\"og:image\" content=\"http:\/\/www.encontramoema.com.br\/sobre\/wp-content\/uploads\/2017\/07\/cartorio-moema.jpg\" \/>\n<meta name=\"twitter:card\" content=\"summary_large_image\" \/>\n<meta name=\"twitter:label1\" content=\"Est. tempo de leitura\" \/>\n\t<meta name=\"twitter:data1\" content=\"2 minutos\" \/>\n<script type=\"application\/ld+json\" class=\"yoast-schema-graph\">{\"@context\":\"https:\/\/schema.org\",\"@graph\":[{\"@type\":\"WebPage\",\"@id\":\"https:\/\/www.encontramoema.com.br\/sobre\/cartorios-moema\/\",\"url\":\"https:\/\/www.encontramoema.com.br\/sobre\/cartorios-moema\/\",\"name\":\"Cart\u00f3rios Moema - Encontra Moema\",\"isPartOf\":{\"@id\":\"https:\/\/www.encontramoema.com.br\/sobre\/#website\"},\"primaryImageOfPage\":{\"@id\":\"https:\/\/www.encontramoema.com.br\/sobre\/cartorios-moema\/#primaryimage\"},\"image\":{\"@id\":\"https:\/\/www.encontramoema.com.br\/sobre\/cartorios-moema\/#primaryimage\"},\"thumbnailUrl\":\"http:\/\/www.encontramoema.com.br\/sobre\/wp-content\/uploads\/2017\/07\/cartorio-moema.jpg\",\"datePublished\":\"2017-07-31T18:26:38+00:00\",\"dateModified\":\"2017-07-31T20:48:33+00:00\",\"breadcrumb\":{\"@id\":\"https:\/\/www.encontramoema.com.br\/sobre\/cartorios-moema\/#breadcrumb\"},\"inLanguage\":\"pt-BR\",\"potentialAction\":[{\"@type\":\"ReadAction\",\"target\":[\"https:\/\/www.encontramoema.com.br\/sobre\/cartorios-moema\/\"]}]},{\"@type\":\"ImageObject\",\"inLanguage\":\"pt-BR\",\"@id\":\"https:\/\/www.encontramoema.com.br\/sobre\/cartorios-moema\/#primaryimage\",\"url\":\"https:\/\/www.encontramoema.com.br\/sobre\/wp-content\/uploads\/2017\/07\/cartorio-moema.jpg\",\"contentUrl\":\"https:\/\/www.encontramoema.com.br\/sobre\/wp-content\/uploads\/2017\/07\/cartorio-moema.jpg\",\"width\":680,\"height\":189},{\"@type\":\"BreadcrumbList\",\"@id\":\"https:\/\/www.encontramoema.com.br\/sobre\/cartorios-moema\/#breadcrumb\",\"itemListElement\":[{\"@type\":\"ListItem\",\"position\":1,\"name\":\"In\u00edcio\",\"item\":\"https:\/\/www.encontramoema.com.br\/sobre\/\"},{\"@type\":\"ListItem\",\"position\":2,\"name\":\"Cart\u00f3rios Moema\"}]},{\"@type\":\"WebSite\",\"@id\":\"https:\/\/www.encontramoema.com.br\/sobre\/#website\",\"url\":\"https:\/\/www.encontramoema.com.br\/sobre\/\",\"name\":\"Encontra Moema\",\"description\":\"Not\u00edcias, eventos, informa\u00e7\u00f5es e dicas no bairro de Moema e regi\u00e3o.\",\"potentialAction\":[{\"@type\":\"SearchAction\",\"target\":{\"@type\":\"EntryPoint\",\"urlTemplate\":\"https:\/\/www.encontramoema.com.br\/sobre\/?s={search_term_string}\"},\"query-input\":{\"@type\":\"PropertyValueSpecification\",\"valueRequired\":true,\"valueName\":\"search_term_string\"}}],\"inLanguage\":\"pt-BR\"}]}<\/script>\n<!-- \/ Yoast SEO plugin. -->","yoast_head_json":{"title":"Cart\u00f3rios Moema - Encontra Moema","robots":{"index":"index","follow":"follow","max-snippet":"max-snippet:-1","max-image-preview":"max-image-preview:large","max-video-preview":"max-video-preview:-1"},"canonical":"https:\/\/www.encontramoema.com.br\/sobre\/cartorios-moema\/","og_locale":"pt_BR","og_type":"article","og_title":"Cart\u00f3rios Moema - Encontra Moema","og_description":"No bairro de Moema est\u00e3o localizados dois cart\u00f3rios, o\u00a029\u00b0 Tabelionato de Notas e o\u00a0Cart\u00f3rio do 24\u00b0 Subdistrito &#8211; Indian\u00f3polis. Cada um exerce uma fun\u00e7\u00e3o diferente e aqui voc\u00ea encontra informa\u00e7\u00f5es\u00a0de ambos. Veja os Cart\u00f3rios em Moema\u00a0e suas disponibilidades abaixo. Cart\u00f3rios Moema 24\u00b0 &#8211; Eucaliptos Neste Cart\u00f3rio, voc\u00ea pode utilizar de servi\u00e7os com seguran\u00e7a jur\u00eddica, zelo no atendimento, modernidade e efici\u00eancia, sempre buscando satisfazer as necessidades de todos os usu\u00e1rios. Possuem conv\u00eanio com hospital da regi\u00e3o para realizar os nascimentos diretamente na maternidade, ou seja, os pais saem com a certid\u00e3o de nascimento de seu filho sem precisar se dirigir ao","og_url":"https:\/\/www.encontramoema.com.br\/sobre\/cartorios-moema\/","og_site_name":"Encontra Moema","article_modified_time":"2017-07-31T20:48:33+00:00","og_image":[{"url":"http:\/\/www.encontramoema.com.br\/sobre\/wp-content\/uploads\/2017\/07\/cartorio-moema.jpg","type":"","width":"","height":""}],"twitter_card":"summary_large_image","twitter_misc":{"Est. tempo de leitura":"2 minutos"},"schema":{"@context":"https:\/\/schema.org","@graph":[{"@type":"WebPage","@id":"https:\/\/www.encontramoema.com.br\/sobre\/cartorios-moema\/","url":"https:\/\/www.encontramoema.com.br\/sobre\/cartorios-moema\/","name":"Cart\u00f3rios Moema - Encontra Moema","isPartOf":{"@id":"https:\/\/www.encontramoema.com.br\/sobre\/#website"},"primaryImageOfPage":{"@id":"https:\/\/www.encontramoema.com.br\/sobre\/cartorios-moema\/#primaryimage"},"image":{"@id":"https:\/\/www.encontramoema.com.br\/sobre\/cartorios-moema\/#primaryimage"},"thumbnailUrl":"http:\/\/www.encontramoema.com.br\/sobre\/wp-content\/uploads\/2017\/07\/cartorio-moema.jpg","datePublished":"2017-07-31T18:26:38+00:00","dateModified":"2017-07-31T20:48:33+00:00","breadcrumb":{"@id":"https:\/\/www.encontramoema.com.br\/sobre\/cartorios-moema\/#breadcrumb"},"inLanguage":"pt-BR","potentialAction":[{"@type":"ReadAction","target":["https:\/\/www.encontramoema.com.br\/sobre\/cartorios-moema\/"]}]},{"@type":"ImageObject","inLanguage":"pt-BR","@id":"https:\/\/www.encontramoema.com.br\/sobre\/cartorios-moema\/#primaryimage","url":"https:\/\/www.encontramoema.com.br\/sobre\/wp-content\/uploads\/2017\/07\/cartorio-moema.jpg","contentUrl":"https:\/\/www.encontramoema.com.br\/sobre\/wp-content\/uploads\/2017\/07\/cartorio-moema.jpg","width":680,"height":189},{"@type":"BreadcrumbList","@id":"https:\/\/www.encontramoema.com.br\/sobre\/cartorios-moema\/#breadcrumb","itemListElement":[{"@type":"ListItem","position":1,"name":"In\u00edcio","item":"https:\/\/www.encontramoema.com.br\/sobre\/"},{"@type":"ListItem","position":2,"name":"Cart\u00f3rios Moema"}]},{"@type":"WebSite","@id":"https:\/\/www.encontramoema.com.br\/sobre\/#website","url":"https:\/\/www.encontramoema.com.br\/sobre\/","name":"Encontra Moema","description":"Not\u00edcias, eventos, informa\u00e7\u00f5es e dicas no bairro de Moema e regi\u00e3o.","potentialAction":[{"@type":"SearchAction","target":{"@type":"EntryPoint","urlTemplate":"https:\/\/www.encontramoema.com.br\/sobre\/?s={search_term_string}"},"query-input":{"@type":"PropertyValueSpecification","valueRequired":true,"valueName":"search_term_string"}}],"inLanguage":"pt-BR"}]}},"_links":{"self":[{"href":"https:\/\/www.encontramoema.com.br\/sobre\/wp-json\/wp\/v2\/pages\/20338","targetHints":{"allow":["GET"]}}],"collection":[{"href":"https:\/\/www.encontramoema.com.br\/sobre\/wp-json\/wp\/v2\/pages"}],"about":[{"href":"https:\/\/www.encontramoema.com.br\/sobre\/wp-json\/wp\/v2\/types\/page"}],"author":[{"embeddable":true,"href":"https:\/\/www.encontramoema.com.br\/sobre\/wp-json\/wp\/v2\/users\/1"}],"replies":[{"embeddable":true,"href":"https:\/\/www.encontramoema.com.br\/sobre\/wp-json\/wp\/v2\/comments?post=20338"}],"version-history":[{"count":0,"href":"https:\/\/www.encontramoema.com.br\/sobre\/wp-json\/wp\/v2\/pages\/20338\/revisions"}],"wp:attachment":[{"href":"https:\/\/www.encontramoema.com.br\/sobre\/wp-json\/wp\/v2\/media?parent=20338"}],"curies":[{"name":"wp","href":"https:\/\/api.w.org\/{rel}","templated":true}]}}