{"id":20359,"date":"2017-07-31T21:26:58","date_gmt":"2017-07-31T23:26:58","guid":{"rendered":"http:\/\/www.encontramoema.com.br\/sobre\/?page_id=20359"},"modified":"2017-08-01T16:42:32","modified_gmt":"2017-08-01T18:42:32","slug":"av-moema","status":"publish","type":"page","link":"https:\/\/www.encontramoema.com.br\/sobre\/av-moema\/","title":{"rendered":"Av. Moema"},"content":{"rendered":"<div class=\"b7f545a958fd6350ffae2d30a84cafb8\" data-index=\"1\" style=\"float: none; margin:0px;\">\n<!-- Anuncio display - global -->\r\n<ins class=\"adsbygoogle\"\r\n     style=\"display:block\"\r\n     data-ad-client=\"ca-pub-8585364105181520\"\r\n     data-ad-slot=\"8789329856\"\r\n     data-ad-format=\"auto\"\r\n     data-full-width-responsive=\"true\"><\/ins>\r\n<script>\r\n     (adsbygoogle = window.adsbygoogle || []).push({});\r\n<\/script>\n<\/div>\n<p>A <strong>Avenida Moema<\/strong> &#8211; at\u00e9 350 \u00e9 predominantemente comercial com in\u00fameros\u00a0estabelecimentos comerciais e est\u00e1 localizada no bairro de Moema na cidade de S\u00e3o Paulo, SP.<\/p>\n<p>Com mais de 201 domic\u00edlios, a Avenida Moema &#8211; at\u00e9 350 caracteriza-se por domic\u00edlios constitu\u00eddo de casas, sobrados ou similares e grande maioria\u00a0de edif\u00edcios de apartamentos ou conjuntos residenciais com v\u00e1rios domic\u00edlios de fam\u00edlias distintas.<\/p>\n<p><img loading=\"lazy\" decoding=\"async\" class=\"alignnone wp-image-20363 \" title=\"Avenida Moema\" src=\"http:\/\/www.encontramoema.com.br\/sobre\/wp-content\/uploads\/2017\/07\/avenida-moema.jpg\" alt=\"Avenida Moema\" width=\"777\" height=\"324\" srcset=\"https:\/\/www.encontramoema.com.br\/sobre\/wp-content\/uploads\/2017\/07\/avenida-moema.jpg 847w, https:\/\/www.encontramoema.com.br\/sobre\/wp-content\/uploads\/2017\/07\/avenida-moema-300x125.jpg 300w, https:\/\/www.encontramoema.com.br\/sobre\/wp-content\/uploads\/2017\/07\/avenida-moema-768x320.jpg 768w\" sizes=\"auto, (max-width: 777px) 100vw, 777px\" \/><\/p>\n<h2>Avenida Moema Com\u00e9rcios<\/h2>\n<p>Veja alguns com\u00e9rcios localizados na Avenida Moema:<\/p>\n<ul>\n<li><a href=\"http:\/\/www.encontramoema.com.br\/sobre\/consulado-de-moema\/\">Consulado de Moema<\/a><\/li>\n<li>Esquina do A\u00e7a\u00ed<\/li>\n<li><a href=\"http:\/\/www.encontramoema.com.br\/sobre\/formula-medica-moema\/\">F\u00f3rmula M\u00e9dica<\/a><\/li>\n<li>Fran&#8217;s Caf\u00e9<\/li>\n<li><a href=\"http:\/\/www.encontramoema.com.br\/sobre\/la-cabana-moema\/\">La Caba\u00f1a Moema<\/a><\/li>\n<li><a href=\"http:\/\/www.encontramoema.com.br\/sobre\/livraria-da-vila-moema\/\">Livraria da Vila<\/a><\/li>\n<li><a href=\"http:\/\/www.encontramoema.com.br\/sobre\/moema-service\/\">Moema Service<\/a><\/li>\n<li>O Botic\u00e1rio<\/li>\n<li>The Bagel Factory<\/li>\n<li>Trattoria Toscano<\/li>\n<\/ul>\n<p><img loading=\"lazy\" decoding=\"async\" class=\"wp-image-20360 size-full alignnone\" title=\"Avenida Moema\" src=\"http:\/\/www.encontramoema.com.br\/sobre\/wp-content\/uploads\/2017\/07\/av-moema.jpg\" alt=\"Avenida Moema\" width=\"629\" height=\"313\" srcset=\"https:\/\/www.encontramoema.com.br\/sobre\/wp-content\/uploads\/2017\/07\/av-moema.jpg 629w, https:\/\/www.encontramoema.com.br\/sobre\/wp-content\/uploads\/2017\/07\/av-moema-300x149.jpg 300w\" sizes=\"auto, (max-width: 629px) 100vw, 629px\" \/><\/p>\n<h3>Av. Moema CEP<\/h3>\n<p>Alguns dos CEPs da Avenida Moema:<\/p>\n<ul>\n<li>04077-020<\/li>\n<li>04077-021<\/li>\n<li>04077-022<\/li>\n<li>04077-023<\/li>\n<li>04077-900<\/li>\n<li>04077-907<\/li>\n<li>04077-908<\/li>\n<li>04077-909<\/li>\n<li>04077-910<\/li>\n<li>04077-911<\/li>\n<li>04077-912<\/li>\n<li>04077-913<\/li>\n<\/ul>\n<h4>Mapa de localiza\u00e7\u00e3o<\/h4>\n<a class=\"wp-colorbox-iframe\" href=\"https:\/\/www.google.com\/maps\/embed?pb=!1m18!1m12!1m3!1d3655.968911153588!2d-46.659667385021514!3d-23.605447884660975!2m3!1f0!2f0!3f0!3m2!1i1024!2i768!4f13.1!3m3!1m2!1s0x94ce5a10e8fc9c450x7475d9ef83cc9543!2sAv.+Moema+-+Indianpolis+So+Paulo+-+SP!5e0!3m2!1spt-BR!2sbr!4v1501543657041\"><img decoding=\"async\" src=\"http:\/\/www.encontramoema.com.br\/imgs\/maps-post.png\"><\/a>\n\n<div style=\"font-size: 0px; height: 0px; line-height: 0px; margin: 0; padding: 0; clear: both;\"><\/div>","protected":false},"excerpt":{"rendered":"<p>A Avenida Moema &#8211; at\u00e9 350 \u00e9 predominantemente comercial com in\u00fameros\u00a0estabelecimentos comerciais e est\u00e1 localizada no bairro de Moema na cidade de S\u00e3o Paulo, SP. Com mais de 201 domic\u00edlios, a Avenida Moema &#8211; at\u00e9 350 caracteriza-se por domic\u00edlios constitu\u00eddo de casas, sobrados ou similares e grande maioria\u00a0de edif\u00edcios de apartamentos ou conjuntos residenciais com v\u00e1rios domic\u00edlios de fam\u00edlias distintas. Avenida Moema Com\u00e9rcios Veja alguns com\u00e9rcios localizados na Avenida Moema: Consulado de Moema Esquina do A\u00e7a\u00ed F\u00f3rmula M\u00e9dica Fran&#8217;s Caf\u00e9 La Caba\u00f1a Moema Livraria da Vila Moema Service O Botic\u00e1rio The Bagel Factory Trattoria Toscano Av. Moema CEP Alguns dos <\/p>\n","protected":false},"author":1,"featured_media":0,"parent":0,"menu_order":0,"comment_status":"closed","ping_status":"closed","template":"","meta":{"footnotes":""},"class_list":["post-20359","page","type-page","status-publish","hentry"],"yoast_head":"<!-- This site is optimized with the Yoast SEO plugin v26.3 - https:\/\/yoast.com\/wordpress\/plugins\/seo\/ -->\n<title>Av. Moema - Encontra Moema<\/title>\n<meta name=\"robots\" content=\"index, follow, max-snippet:-1, max-image-preview:large, max-video-preview:-1\" \/>\n<link rel=\"canonical\" href=\"https:\/\/www.encontramoema.com.br\/sobre\/av-moema\/\" \/>\n<meta property=\"og:locale\" content=\"pt_BR\" \/>\n<meta property=\"og:type\" content=\"article\" \/>\n<meta property=\"og:title\" content=\"Av. Moema - Encontra Moema\" \/>\n<meta property=\"og:description\" content=\"A Avenida Moema &#8211; at\u00e9 350 \u00e9 predominantemente comercial com in\u00fameros\u00a0estabelecimentos comerciais e est\u00e1 localizada no bairro de Moema na cidade de S\u00e3o Paulo, SP. Com mais de 201 domic\u00edlios, a Avenida Moema &#8211; at\u00e9 350 caracteriza-se por domic\u00edlios constitu\u00eddo de casas, sobrados ou similares e grande maioria\u00a0de edif\u00edcios de apartamentos ou conjuntos residenciais com v\u00e1rios domic\u00edlios de fam\u00edlias distintas. Avenida Moema Com\u00e9rcios Veja alguns com\u00e9rcios localizados na Avenida Moema: Consulado de Moema Esquina do A\u00e7a\u00ed F\u00f3rmula M\u00e9dica Fran&#8217;s Caf\u00e9 La Caba\u00f1a Moema Livraria da Vila Moema Service O Botic\u00e1rio The Bagel Factory Trattoria Toscano Av. Moema CEP Alguns dos\" \/>\n<meta property=\"og:url\" content=\"https:\/\/www.encontramoema.com.br\/sobre\/av-moema\/\" \/>\n<meta property=\"og:site_name\" content=\"Encontra Moema\" \/>\n<meta property=\"article:modified_time\" content=\"2017-08-01T18:42:32+00:00\" \/>\n<meta property=\"og:image\" content=\"http:\/\/www.encontramoema.com.br\/sobre\/wp-content\/uploads\/2017\/07\/avenida-moema.jpg\" \/>\n<meta name=\"twitter:card\" content=\"summary_large_image\" \/>\n<meta name=\"twitter:label1\" content=\"Est. tempo de leitura\" \/>\n\t<meta name=\"twitter:data1\" content=\"1 minuto\" \/>\n<script type=\"application\/ld+json\" class=\"yoast-schema-graph\">{\"@context\":\"https:\/\/schema.org\",\"@graph\":[{\"@type\":\"WebPage\",\"@id\":\"https:\/\/www.encontramoema.com.br\/sobre\/av-moema\/\",\"url\":\"https:\/\/www.encontramoema.com.br\/sobre\/av-moema\/\",\"name\":\"Av. Moema - Encontra Moema\",\"isPartOf\":{\"@id\":\"https:\/\/www.encontramoema.com.br\/sobre\/#website\"},\"primaryImageOfPage\":{\"@id\":\"https:\/\/www.encontramoema.com.br\/sobre\/av-moema\/#primaryimage\"},\"image\":{\"@id\":\"https:\/\/www.encontramoema.com.br\/sobre\/av-moema\/#primaryimage\"},\"thumbnailUrl\":\"http:\/\/www.encontramoema.com.br\/sobre\/wp-content\/uploads\/2017\/07\/avenida-moema.jpg\",\"datePublished\":\"2017-07-31T23:26:58+00:00\",\"dateModified\":\"2017-08-01T18:42:32+00:00\",\"breadcrumb\":{\"@id\":\"https:\/\/www.encontramoema.com.br\/sobre\/av-moema\/#breadcrumb\"},\"inLanguage\":\"pt-BR\",\"potentialAction\":[{\"@type\":\"ReadAction\",\"target\":[\"https:\/\/www.encontramoema.com.br\/sobre\/av-moema\/\"]}]},{\"@type\":\"ImageObject\",\"inLanguage\":\"pt-BR\",\"@id\":\"https:\/\/www.encontramoema.com.br\/sobre\/av-moema\/#primaryimage\",\"url\":\"https:\/\/www.encontramoema.com.br\/sobre\/wp-content\/uploads\/2017\/07\/avenida-moema.jpg\",\"contentUrl\":\"https:\/\/www.encontramoema.com.br\/sobre\/wp-content\/uploads\/2017\/07\/avenida-moema.jpg\",\"width\":847,\"height\":353},{\"@type\":\"BreadcrumbList\",\"@id\":\"https:\/\/www.encontramoema.com.br\/sobre\/av-moema\/#breadcrumb\",\"itemListElement\":[{\"@type\":\"ListItem\",\"position\":1,\"name\":\"In\u00edcio\",\"item\":\"https:\/\/www.encontramoema.com.br\/sobre\/\"},{\"@type\":\"ListItem\",\"position\":2,\"name\":\"Av. Moema\"}]},{\"@type\":\"WebSite\",\"@id\":\"https:\/\/www.encontramoema.com.br\/sobre\/#website\",\"url\":\"https:\/\/www.encontramoema.com.br\/sobre\/\",\"name\":\"Encontra Moema\",\"description\":\"Not\u00edcias, eventos, informa\u00e7\u00f5es e dicas no bairro de Moema e regi\u00e3o.\",\"potentialAction\":[{\"@type\":\"SearchAction\",\"target\":{\"@type\":\"EntryPoint\",\"urlTemplate\":\"https:\/\/www.encontramoema.com.br\/sobre\/?s={search_term_string}\"},\"query-input\":{\"@type\":\"PropertyValueSpecification\",\"valueRequired\":true,\"valueName\":\"search_term_string\"}}],\"inLanguage\":\"pt-BR\"}]}<\/script>\n<!-- \/ Yoast SEO plugin. -->","yoast_head_json":{"title":"Av. Moema - Encontra Moema","robots":{"index":"index","follow":"follow","max-snippet":"max-snippet:-1","max-image-preview":"max-image-preview:large","max-video-preview":"max-video-preview:-1"},"canonical":"https:\/\/www.encontramoema.com.br\/sobre\/av-moema\/","og_locale":"pt_BR","og_type":"article","og_title":"Av. Moema - Encontra Moema","og_description":"A Avenida Moema &#8211; at\u00e9 350 \u00e9 predominantemente comercial com in\u00fameros\u00a0estabelecimentos comerciais e est\u00e1 localizada no bairro de Moema na cidade de S\u00e3o Paulo, SP. Com mais de 201 domic\u00edlios, a Avenida Moema &#8211; at\u00e9 350 caracteriza-se por domic\u00edlios constitu\u00eddo de casas, sobrados ou similares e grande maioria\u00a0de edif\u00edcios de apartamentos ou conjuntos residenciais com v\u00e1rios domic\u00edlios de fam\u00edlias distintas. Avenida Moema Com\u00e9rcios Veja alguns com\u00e9rcios localizados na Avenida Moema: Consulado de Moema Esquina do A\u00e7a\u00ed F\u00f3rmula M\u00e9dica Fran&#8217;s Caf\u00e9 La Caba\u00f1a Moema Livraria da Vila Moema Service O Botic\u00e1rio The Bagel Factory Trattoria Toscano Av. Moema CEP Alguns dos","og_url":"https:\/\/www.encontramoema.com.br\/sobre\/av-moema\/","og_site_name":"Encontra Moema","article_modified_time":"2017-08-01T18:42:32+00:00","og_image":[{"url":"http:\/\/www.encontramoema.com.br\/sobre\/wp-content\/uploads\/2017\/07\/avenida-moema.jpg","type":"","width":"","height":""}],"twitter_card":"summary_large_image","twitter_misc":{"Est. tempo de leitura":"1 minuto"},"schema":{"@context":"https:\/\/schema.org","@graph":[{"@type":"WebPage","@id":"https:\/\/www.encontramoema.com.br\/sobre\/av-moema\/","url":"https:\/\/www.encontramoema.com.br\/sobre\/av-moema\/","name":"Av. Moema - Encontra Moema","isPartOf":{"@id":"https:\/\/www.encontramoema.com.br\/sobre\/#website"},"primaryImageOfPage":{"@id":"https:\/\/www.encontramoema.com.br\/sobre\/av-moema\/#primaryimage"},"image":{"@id":"https:\/\/www.encontramoema.com.br\/sobre\/av-moema\/#primaryimage"},"thumbnailUrl":"http:\/\/www.encontramoema.com.br\/sobre\/wp-content\/uploads\/2017\/07\/avenida-moema.jpg","datePublished":"2017-07-31T23:26:58+00:00","dateModified":"2017-08-01T18:42:32+00:00","breadcrumb":{"@id":"https:\/\/www.encontramoema.com.br\/sobre\/av-moema\/#breadcrumb"},"inLanguage":"pt-BR","potentialAction":[{"@type":"ReadAction","target":["https:\/\/www.encontramoema.com.br\/sobre\/av-moema\/"]}]},{"@type":"ImageObject","inLanguage":"pt-BR","@id":"https:\/\/www.encontramoema.com.br\/sobre\/av-moema\/#primaryimage","url":"https:\/\/www.encontramoema.com.br\/sobre\/wp-content\/uploads\/2017\/07\/avenida-moema.jpg","contentUrl":"https:\/\/www.encontramoema.com.br\/sobre\/wp-content\/uploads\/2017\/07\/avenida-moema.jpg","width":847,"height":353},{"@type":"BreadcrumbList","@id":"https:\/\/www.encontramoema.com.br\/sobre\/av-moema\/#breadcrumb","itemListElement":[{"@type":"ListItem","position":1,"name":"In\u00edcio","item":"https:\/\/www.encontramoema.com.br\/sobre\/"},{"@type":"ListItem","position":2,"name":"Av. Moema"}]},{"@type":"WebSite","@id":"https:\/\/www.encontramoema.com.br\/sobre\/#website","url":"https:\/\/www.encontramoema.com.br\/sobre\/","name":"Encontra Moema","description":"Not\u00edcias, eventos, informa\u00e7\u00f5es e dicas no bairro de Moema e regi\u00e3o.","potentialAction":[{"@type":"SearchAction","target":{"@type":"EntryPoint","urlTemplate":"https:\/\/www.encontramoema.com.br\/sobre\/?s={search_term_string}"},"query-input":{"@type":"PropertyValueSpecification","valueRequired":true,"valueName":"search_term_string"}}],"inLanguage":"pt-BR"}]}},"_links":{"self":[{"href":"https:\/\/www.encontramoema.com.br\/sobre\/wp-json\/wp\/v2\/pages\/20359","targetHints":{"allow":["GET"]}}],"collection":[{"href":"https:\/\/www.encontramoema.com.br\/sobre\/wp-json\/wp\/v2\/pages"}],"about":[{"href":"https:\/\/www.encontramoema.com.br\/sobre\/wp-json\/wp\/v2\/types\/page"}],"author":[{"embeddable":true,"href":"https:\/\/www.encontramoema.com.br\/sobre\/wp-json\/wp\/v2\/users\/1"}],"replies":[{"embeddable":true,"href":"https:\/\/www.encontramoema.com.br\/sobre\/wp-json\/wp\/v2\/comments?post=20359"}],"version-history":[{"count":0,"href":"https:\/\/www.encontramoema.com.br\/sobre\/wp-json\/wp\/v2\/pages\/20359\/revisions"}],"wp:attachment":[{"href":"https:\/\/www.encontramoema.com.br\/sobre\/wp-json\/wp\/v2\/media?parent=20359"}],"curies":[{"name":"wp","href":"https:\/\/api.w.org\/{rel}","templated":true}]}}