{"id":20365,"date":"2017-08-01T11:19:45","date_gmt":"2017-08-01T13:19:45","guid":{"rendered":"http:\/\/www.encontramoema.com.br\/sobre\/?page_id=20365"},"modified":"2017-08-01T11:38:56","modified_gmt":"2017-08-01T13:38:56","slug":"praca-nossa-senhora-aparecida-moema","status":"publish","type":"page","link":"https:\/\/www.encontramoema.com.br\/sobre\/praca-nossa-senhora-aparecida-moema\/","title":{"rendered":"Pra\u00e7a Nossa Senhora Aparecida Moema"},"content":{"rendered":"<div class=\"b7f545a958fd6350ffae2d30a84cafb8\" data-index=\"1\" style=\"float: none; margin:0px;\">\n<!-- Anuncio display - global -->\r\n<ins class=\"adsbygoogle\"\r\n     style=\"display:block\"\r\n     data-ad-client=\"ca-pub-8585364105181520\"\r\n     data-ad-slot=\"8789329856\"\r\n     data-ad-format=\"auto\"\r\n     data-full-width-responsive=\"true\"><\/ins>\r\n<script>\r\n     (adsbygoogle = window.adsbygoogle || []).push({});\r\n<\/script>\n<\/div>\n<p>Conhe\u00e7a aqui um pouco sobre a <strong>Pra\u00e7a Nossa Senhora Aparecida Moema<\/strong> que abriga a <span style=\"text-decoration: underline;\"><a href=\"http:\/\/www.encontramoema.com.br\/sobre\/igreja-nossa-senhora-aparecida-moema\/\">Igreja Nossa Senhora Aparecida<\/a><\/span> e feirinhas de comidas e artesanatos aos finais de semana.<\/p>\n<p>Moema vivia um processo de expans\u00e3o com a instala\u00e7\u00e3o de muitas f\u00e1bricas, vilas oper\u00e1rias com muitos imigrantes europeus e a vinda de moradores ilustres.<\/p>\n<p><img loading=\"lazy\" decoding=\"async\" class=\"alignnone wp-image-20367 \" title=\"Pra\u00e7a Nossa Senhora Aparecida Moema\" src=\"http:\/\/www.encontramoema.com.br\/sobre\/wp-content\/uploads\/2017\/08\/praca-nossa-senhora-aparecida-moema.jpg\" alt=\"Pra\u00e7a Nossa Senhora Aparecida Moema\" width=\"730\" height=\"497\" srcset=\"https:\/\/www.encontramoema.com.br\/sobre\/wp-content\/uploads\/2017\/08\/praca-nossa-senhora-aparecida-moema.jpg 770w, https:\/\/www.encontramoema.com.br\/sobre\/wp-content\/uploads\/2017\/08\/praca-nossa-senhora-aparecida-moema-300x204.jpg 300w, https:\/\/www.encontramoema.com.br\/sobre\/wp-content\/uploads\/2017\/08\/praca-nossa-senhora-aparecida-moema-768x523.jpg 768w\" sizes=\"auto, (max-width: 730px) 100vw, 730px\" \/><\/p>\n<p>Um dos mais importantes foi Raul Loureiro, procurador geral do Fisco de S\u00e3o Paulo, que construiu o primeiro casar\u00e3o da localidade, perto da antiga parada de Moema.<\/p>\n<p>A estrutura desse casar\u00e3o abriga atualmente o restaurante La Sorella, que ainda exp\u00f5e a escultura de dois le\u00f5es de cobre que antigamente adornavam a entrada do casar\u00e3o, al\u00e9m de outros utens\u00edlios originais.<\/p>\n<p>Foi ele quem lutou pela constru\u00e7\u00e3o da Igreja de Nossa Senhora Aparecida e a pra\u00e7a que hoje formam o Largo de Moema. O terreno foi doado por Fernando Arens Junior e a pedra fundamental lan\u00e7ada em 1933. Esta foi a primeira igreja em homenagem \u00e0 padroeira do Brasil da cidade de S\u00e3o Paulo.<\/p>\n<h2>Pra\u00e7a Nossa Senhora Aparecida Moema\u00a0Localiza\u00e7\u00e3o<\/h2>\n<p>Ela est\u00e1 posicionada entre a Avenida Ibirapuera e a Alameda Ira\u00e9 e em suas laterais passam a Av. Moema e Av. Divino Salvador, rodeada por com\u00e9rcios, bancos, restaurantes e edif\u00edcios comerciais.<\/p>\n<p><img loading=\"lazy\" decoding=\"async\" class=\"wp-image-20366 size-full alignnone\" title=\"Pra\u00e7a Nossa Senhora Aparecida Moema\" src=\"http:\/\/www.encontramoema.com.br\/sobre\/wp-content\/uploads\/2017\/08\/mapa-praca-nossa-senhora-aparecida-moema.jpg\" alt=\"Pra\u00e7a Nossa Senhora Aparecida Moema\" width=\"634\" height=\"295\" srcset=\"https:\/\/www.encontramoema.com.br\/sobre\/wp-content\/uploads\/2017\/08\/mapa-praca-nossa-senhora-aparecida-moema.jpg 634w, https:\/\/www.encontramoema.com.br\/sobre\/wp-content\/uploads\/2017\/08\/mapa-praca-nossa-senhora-aparecida-moema-300x140.jpg 300w\" sizes=\"auto, (max-width: 634px) 100vw, 634px\" \/><\/p>\n<h3>Pra\u00e7a Nossa Senhora Aparecida Moema CEP<\/h3>\n<ul>\n<li>CEP: 07055-000<\/li>\n<\/ul>\n<h4>Mapa de localiza\u00e7\u00e3o<\/h4>\n<a class=\"wp-colorbox-iframe\" href=\"https:\/\/www.google.com\/maps\/embed?pb=!1m18!1m12!1m3!1d1828.0128804757426!2d-46.662132067632434!3d-23.603409046142623!2m3!1f0!2f0!3f0!3m2!1i1024!2i768!4f13.1!3m3!1m2!1s0x94ce5a1aca3078b50xd64680bfcde4a43b!2sPraa+Nossa+Sra.+Aparecida+-+Indianpolis+So+Paulo+-+SP!5e0!3m2!1spt-BR!2sbr!4v1501593374404\"><img decoding=\"async\" src=\"http:\/\/www.encontramoema.com.br\/imgs\/maps-post.png\"><\/a>\n\n<div style=\"font-size: 0px; height: 0px; line-height: 0px; margin: 0; padding: 0; clear: both;\"><\/div>","protected":false},"excerpt":{"rendered":"<p>Conhe\u00e7a aqui um pouco sobre a Pra\u00e7a Nossa Senhora Aparecida Moema que abriga a Igreja Nossa Senhora Aparecida e feirinhas de comidas e artesanatos aos finais de semana. Moema vivia um processo de expans\u00e3o com a instala\u00e7\u00e3o de muitas f\u00e1bricas, vilas oper\u00e1rias com muitos imigrantes europeus e a vinda de moradores ilustres. Um dos mais importantes foi Raul Loureiro, procurador geral do Fisco de S\u00e3o Paulo, que construiu o primeiro casar\u00e3o da localidade, perto da antiga parada de Moema. A estrutura desse casar\u00e3o abriga atualmente o restaurante La Sorella, que ainda exp\u00f5e a escultura de dois le\u00f5es de cobre que <\/p>\n","protected":false},"author":1,"featured_media":0,"parent":0,"menu_order":0,"comment_status":"closed","ping_status":"closed","template":"","meta":{"footnotes":""},"class_list":["post-20365","page","type-page","status-publish","hentry"],"yoast_head":"<!-- This site is optimized with the Yoast SEO plugin v26.3 - https:\/\/yoast.com\/wordpress\/plugins\/seo\/ -->\n<title>Pra\u00e7a Nossa Senhora Aparecida Moema - Encontra Moema<\/title>\n<meta name=\"robots\" content=\"index, follow, max-snippet:-1, max-image-preview:large, max-video-preview:-1\" \/>\n<link rel=\"canonical\" href=\"https:\/\/www.encontramoema.com.br\/sobre\/praca-nossa-senhora-aparecida-moema\/\" \/>\n<meta property=\"og:locale\" content=\"pt_BR\" \/>\n<meta property=\"og:type\" content=\"article\" \/>\n<meta property=\"og:title\" content=\"Pra\u00e7a Nossa Senhora Aparecida Moema - Encontra Moema\" \/>\n<meta property=\"og:description\" content=\"Conhe\u00e7a aqui um pouco sobre a Pra\u00e7a Nossa Senhora Aparecida Moema que abriga a Igreja Nossa Senhora Aparecida e feirinhas de comidas e artesanatos aos finais de semana. Moema vivia um processo de expans\u00e3o com a instala\u00e7\u00e3o de muitas f\u00e1bricas, vilas oper\u00e1rias com muitos imigrantes europeus e a vinda de moradores ilustres. Um dos mais importantes foi Raul Loureiro, procurador geral do Fisco de S\u00e3o Paulo, que construiu o primeiro casar\u00e3o da localidade, perto da antiga parada de Moema. A estrutura desse casar\u00e3o abriga atualmente o restaurante La Sorella, que ainda exp\u00f5e a escultura de dois le\u00f5es de cobre que\" \/>\n<meta property=\"og:url\" content=\"https:\/\/www.encontramoema.com.br\/sobre\/praca-nossa-senhora-aparecida-moema\/\" \/>\n<meta property=\"og:site_name\" content=\"Encontra Moema\" \/>\n<meta property=\"article:modified_time\" content=\"2017-08-01T13:38:56+00:00\" \/>\n<meta property=\"og:image\" content=\"http:\/\/www.encontramoema.com.br\/sobre\/wp-content\/uploads\/2017\/08\/praca-nossa-senhora-aparecida-moema.jpg\" \/>\n<meta name=\"twitter:card\" content=\"summary_large_image\" \/>\n<meta name=\"twitter:label1\" content=\"Est. tempo de leitura\" \/>\n\t<meta name=\"twitter:data1\" content=\"2 minutos\" \/>\n<script type=\"application\/ld+json\" class=\"yoast-schema-graph\">{\"@context\":\"https:\/\/schema.org\",\"@graph\":[{\"@type\":\"WebPage\",\"@id\":\"https:\/\/www.encontramoema.com.br\/sobre\/praca-nossa-senhora-aparecida-moema\/\",\"url\":\"https:\/\/www.encontramoema.com.br\/sobre\/praca-nossa-senhora-aparecida-moema\/\",\"name\":\"Pra\u00e7a Nossa Senhora Aparecida Moema - Encontra Moema\",\"isPartOf\":{\"@id\":\"https:\/\/www.encontramoema.com.br\/sobre\/#website\"},\"primaryImageOfPage\":{\"@id\":\"https:\/\/www.encontramoema.com.br\/sobre\/praca-nossa-senhora-aparecida-moema\/#primaryimage\"},\"image\":{\"@id\":\"https:\/\/www.encontramoema.com.br\/sobre\/praca-nossa-senhora-aparecida-moema\/#primaryimage\"},\"thumbnailUrl\":\"http:\/\/www.encontramoema.com.br\/sobre\/wp-content\/uploads\/2017\/08\/praca-nossa-senhora-aparecida-moema.jpg\",\"datePublished\":\"2017-08-01T13:19:45+00:00\",\"dateModified\":\"2017-08-01T13:38:56+00:00\",\"breadcrumb\":{\"@id\":\"https:\/\/www.encontramoema.com.br\/sobre\/praca-nossa-senhora-aparecida-moema\/#breadcrumb\"},\"inLanguage\":\"pt-BR\",\"potentialAction\":[{\"@type\":\"ReadAction\",\"target\":[\"https:\/\/www.encontramoema.com.br\/sobre\/praca-nossa-senhora-aparecida-moema\/\"]}]},{\"@type\":\"ImageObject\",\"inLanguage\":\"pt-BR\",\"@id\":\"https:\/\/www.encontramoema.com.br\/sobre\/praca-nossa-senhora-aparecida-moema\/#primaryimage\",\"url\":\"https:\/\/www.encontramoema.com.br\/sobre\/wp-content\/uploads\/2017\/08\/praca-nossa-senhora-aparecida-moema.jpg\",\"contentUrl\":\"https:\/\/www.encontramoema.com.br\/sobre\/wp-content\/uploads\/2017\/08\/praca-nossa-senhora-aparecida-moema.jpg\",\"width\":770,\"height\":524},{\"@type\":\"BreadcrumbList\",\"@id\":\"https:\/\/www.encontramoema.com.br\/sobre\/praca-nossa-senhora-aparecida-moema\/#breadcrumb\",\"itemListElement\":[{\"@type\":\"ListItem\",\"position\":1,\"name\":\"In\u00edcio\",\"item\":\"https:\/\/www.encontramoema.com.br\/sobre\/\"},{\"@type\":\"ListItem\",\"position\":2,\"name\":\"Pra\u00e7a Nossa Senhora Aparecida Moema\"}]},{\"@type\":\"WebSite\",\"@id\":\"https:\/\/www.encontramoema.com.br\/sobre\/#website\",\"url\":\"https:\/\/www.encontramoema.com.br\/sobre\/\",\"name\":\"Encontra Moema\",\"description\":\"Not\u00edcias, eventos, informa\u00e7\u00f5es e dicas no bairro de Moema e regi\u00e3o.\",\"potentialAction\":[{\"@type\":\"SearchAction\",\"target\":{\"@type\":\"EntryPoint\",\"urlTemplate\":\"https:\/\/www.encontramoema.com.br\/sobre\/?s={search_term_string}\"},\"query-input\":{\"@type\":\"PropertyValueSpecification\",\"valueRequired\":true,\"valueName\":\"search_term_string\"}}],\"inLanguage\":\"pt-BR\"}]}<\/script>\n<!-- \/ Yoast SEO plugin. -->","yoast_head_json":{"title":"Pra\u00e7a Nossa Senhora Aparecida Moema - Encontra Moema","robots":{"index":"index","follow":"follow","max-snippet":"max-snippet:-1","max-image-preview":"max-image-preview:large","max-video-preview":"max-video-preview:-1"},"canonical":"https:\/\/www.encontramoema.com.br\/sobre\/praca-nossa-senhora-aparecida-moema\/","og_locale":"pt_BR","og_type":"article","og_title":"Pra\u00e7a Nossa Senhora Aparecida Moema - Encontra Moema","og_description":"Conhe\u00e7a aqui um pouco sobre a Pra\u00e7a Nossa Senhora Aparecida Moema que abriga a Igreja Nossa Senhora Aparecida e feirinhas de comidas e artesanatos aos finais de semana. Moema vivia um processo de expans\u00e3o com a instala\u00e7\u00e3o de muitas f\u00e1bricas, vilas oper\u00e1rias com muitos imigrantes europeus e a vinda de moradores ilustres. Um dos mais importantes foi Raul Loureiro, procurador geral do Fisco de S\u00e3o Paulo, que construiu o primeiro casar\u00e3o da localidade, perto da antiga parada de Moema. A estrutura desse casar\u00e3o abriga atualmente o restaurante La Sorella, que ainda exp\u00f5e a escultura de dois le\u00f5es de cobre que","og_url":"https:\/\/www.encontramoema.com.br\/sobre\/praca-nossa-senhora-aparecida-moema\/","og_site_name":"Encontra Moema","article_modified_time":"2017-08-01T13:38:56+00:00","og_image":[{"url":"http:\/\/www.encontramoema.com.br\/sobre\/wp-content\/uploads\/2017\/08\/praca-nossa-senhora-aparecida-moema.jpg","type":"","width":"","height":""}],"twitter_card":"summary_large_image","twitter_misc":{"Est. tempo de leitura":"2 minutos"},"schema":{"@context":"https:\/\/schema.org","@graph":[{"@type":"WebPage","@id":"https:\/\/www.encontramoema.com.br\/sobre\/praca-nossa-senhora-aparecida-moema\/","url":"https:\/\/www.encontramoema.com.br\/sobre\/praca-nossa-senhora-aparecida-moema\/","name":"Pra\u00e7a Nossa Senhora Aparecida Moema - Encontra Moema","isPartOf":{"@id":"https:\/\/www.encontramoema.com.br\/sobre\/#website"},"primaryImageOfPage":{"@id":"https:\/\/www.encontramoema.com.br\/sobre\/praca-nossa-senhora-aparecida-moema\/#primaryimage"},"image":{"@id":"https:\/\/www.encontramoema.com.br\/sobre\/praca-nossa-senhora-aparecida-moema\/#primaryimage"},"thumbnailUrl":"http:\/\/www.encontramoema.com.br\/sobre\/wp-content\/uploads\/2017\/08\/praca-nossa-senhora-aparecida-moema.jpg","datePublished":"2017-08-01T13:19:45+00:00","dateModified":"2017-08-01T13:38:56+00:00","breadcrumb":{"@id":"https:\/\/www.encontramoema.com.br\/sobre\/praca-nossa-senhora-aparecida-moema\/#breadcrumb"},"inLanguage":"pt-BR","potentialAction":[{"@type":"ReadAction","target":["https:\/\/www.encontramoema.com.br\/sobre\/praca-nossa-senhora-aparecida-moema\/"]}]},{"@type":"ImageObject","inLanguage":"pt-BR","@id":"https:\/\/www.encontramoema.com.br\/sobre\/praca-nossa-senhora-aparecida-moema\/#primaryimage","url":"https:\/\/www.encontramoema.com.br\/sobre\/wp-content\/uploads\/2017\/08\/praca-nossa-senhora-aparecida-moema.jpg","contentUrl":"https:\/\/www.encontramoema.com.br\/sobre\/wp-content\/uploads\/2017\/08\/praca-nossa-senhora-aparecida-moema.jpg","width":770,"height":524},{"@type":"BreadcrumbList","@id":"https:\/\/www.encontramoema.com.br\/sobre\/praca-nossa-senhora-aparecida-moema\/#breadcrumb","itemListElement":[{"@type":"ListItem","position":1,"name":"In\u00edcio","item":"https:\/\/www.encontramoema.com.br\/sobre\/"},{"@type":"ListItem","position":2,"name":"Pra\u00e7a Nossa Senhora Aparecida Moema"}]},{"@type":"WebSite","@id":"https:\/\/www.encontramoema.com.br\/sobre\/#website","url":"https:\/\/www.encontramoema.com.br\/sobre\/","name":"Encontra Moema","description":"Not\u00edcias, eventos, informa\u00e7\u00f5es e dicas no bairro de Moema e regi\u00e3o.","potentialAction":[{"@type":"SearchAction","target":{"@type":"EntryPoint","urlTemplate":"https:\/\/www.encontramoema.com.br\/sobre\/?s={search_term_string}"},"query-input":{"@type":"PropertyValueSpecification","valueRequired":true,"valueName":"search_term_string"}}],"inLanguage":"pt-BR"}]}},"_links":{"self":[{"href":"https:\/\/www.encontramoema.com.br\/sobre\/wp-json\/wp\/v2\/pages\/20365","targetHints":{"allow":["GET"]}}],"collection":[{"href":"https:\/\/www.encontramoema.com.br\/sobre\/wp-json\/wp\/v2\/pages"}],"about":[{"href":"https:\/\/www.encontramoema.com.br\/sobre\/wp-json\/wp\/v2\/types\/page"}],"author":[{"embeddable":true,"href":"https:\/\/www.encontramoema.com.br\/sobre\/wp-json\/wp\/v2\/users\/1"}],"replies":[{"embeddable":true,"href":"https:\/\/www.encontramoema.com.br\/sobre\/wp-json\/wp\/v2\/comments?post=20365"}],"version-history":[{"count":0,"href":"https:\/\/www.encontramoema.com.br\/sobre\/wp-json\/wp\/v2\/pages\/20365\/revisions"}],"wp:attachment":[{"href":"https:\/\/www.encontramoema.com.br\/sobre\/wp-json\/wp\/v2\/media?parent=20365"}],"curies":[{"name":"wp","href":"https:\/\/api.w.org\/{rel}","templated":true}]}}