{"id":20370,"date":"2017-08-01T12:05:03","date_gmt":"2017-08-01T14:05:03","guid":{"rendered":"http:\/\/www.encontramoema.com.br\/sobre\/?page_id=20370"},"modified":"2017-08-01T12:05:03","modified_gmt":"2017-08-01T14:05:03","slug":"cee-moema","status":"publish","type":"page","link":"https:\/\/www.encontramoema.com.br\/sobre\/cee-moema\/","title":{"rendered":"CEE Moema"},"content":{"rendered":"<div class=\"b7f545a958fd6350ffae2d30a84cafb8\" data-index=\"1\" style=\"float: none; margin:0px;\">\n<!-- Anuncio display - global -->\r\n<ins class=\"adsbygoogle\"\r\n     style=\"display:block\"\r\n     data-ad-client=\"ca-pub-8585364105181520\"\r\n     data-ad-slot=\"8789329856\"\r\n     data-ad-format=\"auto\"\r\n     data-full-width-responsive=\"true\"><\/ins>\r\n<script>\r\n     (adsbygoogle = window.adsbygoogle || []).push({});\r\n<\/script>\n<\/div>\n<p>Veja sobre o <strong>CEE ( Centro de Entrega de Encomendas ) Moema<\/strong>\u00a0localizado no bairro nobre de S\u00e3o Paulo.<\/p>\n<p>Um dos servi\u00e7os prestados pela ECT ( Empresa Brasileira de Correios e Tel\u00e9grafos ), al\u00e9m dos j\u00e1 conhecidos como sedex, mala direta etc, \u00e9 o CEE Centro de Entrega de Encomendas.<\/p>\n<p><img loading=\"lazy\" decoding=\"async\" class=\"alignnone wp-image-20371 size-full\" title=\"CEE Moema\" src=\"http:\/\/www.encontramoema.com.br\/sobre\/wp-content\/uploads\/2017\/08\/cee-moema.jpg\" alt=\"CEE Moema\" width=\"680\" height=\"189\" srcset=\"https:\/\/www.encontramoema.com.br\/sobre\/wp-content\/uploads\/2017\/08\/cee-moema.jpg 680w, https:\/\/www.encontramoema.com.br\/sobre\/wp-content\/uploads\/2017\/08\/cee-moema-300x83.jpg 300w\" sizes=\"auto, (max-width: 680px) 100vw, 680px\" \/><\/p>\n<p>Tal servi\u00e7o dever\u00e1 ser efetuado mediante contrato efetuado entre empresas e a ECT, para o fornecimento de uma determinada quantia de documentos a ser entregue.<\/p>\n<p>No CEE Moema \u00e9 poss\u00edvel retirar cartas e pacotes previamente agendados ou extraviados.<\/p>\n<h3>Hor\u00e1rio de Funcionamento CEE\u00a0Moema<\/h3>\n<ul>\n<li>Seg a Sex das 8h \u00e0s 18h30 e S\u00e1b das 8h \u00e0s 13h<\/li>\n<li>Os hor\u00e1rios podem ser alterados sem aviso. Consulte o local para confirmar.<\/li>\n<\/ul>\n<h3>Endere\u00e7o e Telefone CEE\u00a0Moema\u00a0Correios<\/h3>\n<ul>\n<li>Rua Juquis, 96, Moema\u00a0&#8211; S\u00e3o Paulo &#8211; SP<\/li>\n<li>Telefone: (11)\u00a05044-3497<\/li>\n<\/ul>\n<h4>Outras Informa\u00e7\u00f5es e Site<\/h4>\n<ul>\n<li>Mais informa\u00e7\u00f5es:\u00a0<a href=\"http:\/\/www.correios.com.br\" target=\"_blank\" rel=\"noopener noreferrer\">www.correios.com.br<\/a><\/li>\n<\/ul>\n<h4>Mapa de localiza\u00e7\u00e3o<\/h4>\n<a class=\"wp-colorbox-iframe\" href=\"https:\/\/www.google.com\/maps\/embed?pb=!1m14!1m8!1m3!1d14623.748876822068!2d-46.6639708!3d-23.6065844!3m2!1i1024!2i768!4f13.1!3m3!1m2!1s0x00x7cb7177ca5471af2!2sCEE-Moema+Correios!5e0!3m2!1spt-BR!2sbr!4v1501596054484\"><img decoding=\"async\" src=\"http:\/\/www.encontramoema.com.br\/imgs\/maps-post.png\"><\/a>\n\n<div style=\"font-size: 0px; height: 0px; line-height: 0px; margin: 0; padding: 0; clear: both;\"><\/div>","protected":false},"excerpt":{"rendered":"<p>Veja sobre o CEE ( Centro de Entrega de Encomendas ) Moema\u00a0localizado no bairro nobre de S\u00e3o Paulo. Um dos servi\u00e7os prestados pela ECT ( Empresa Brasileira de Correios e Tel\u00e9grafos ), al\u00e9m dos j\u00e1 conhecidos como sedex, mala direta etc, \u00e9 o CEE Centro de Entrega de Encomendas. Tal servi\u00e7o dever\u00e1 ser efetuado mediante contrato efetuado entre empresas e a ECT, para o fornecimento de uma determinada quantia de documentos a ser entregue. No CEE Moema \u00e9 poss\u00edvel retirar cartas e pacotes previamente agendados ou extraviados. Hor\u00e1rio de Funcionamento CEE\u00a0Moema Seg a Sex das 8h \u00e0s 18h30 e S\u00e1b <\/p>\n","protected":false},"author":1,"featured_media":0,"parent":0,"menu_order":0,"comment_status":"closed","ping_status":"closed","template":"","meta":{"footnotes":""},"class_list":["post-20370","page","type-page","status-publish","hentry"],"yoast_head":"<!-- This site is optimized with the Yoast SEO plugin v26.3 - https:\/\/yoast.com\/wordpress\/plugins\/seo\/ -->\n<title>CEE Moema - Encontra Moema<\/title>\n<meta name=\"robots\" content=\"index, follow, max-snippet:-1, max-image-preview:large, max-video-preview:-1\" \/>\n<link rel=\"canonical\" href=\"https:\/\/www.encontramoema.com.br\/sobre\/cee-moema\/\" \/>\n<meta property=\"og:locale\" content=\"pt_BR\" \/>\n<meta property=\"og:type\" content=\"article\" \/>\n<meta property=\"og:title\" content=\"CEE Moema - Encontra Moema\" \/>\n<meta property=\"og:description\" content=\"Veja sobre o CEE ( Centro de Entrega de Encomendas ) Moema\u00a0localizado no bairro nobre de S\u00e3o Paulo. Um dos servi\u00e7os prestados pela ECT ( Empresa Brasileira de Correios e Tel\u00e9grafos ), al\u00e9m dos j\u00e1 conhecidos como sedex, mala direta etc, \u00e9 o CEE Centro de Entrega de Encomendas. Tal servi\u00e7o dever\u00e1 ser efetuado mediante contrato efetuado entre empresas e a ECT, para o fornecimento de uma determinada quantia de documentos a ser entregue. No CEE Moema \u00e9 poss\u00edvel retirar cartas e pacotes previamente agendados ou extraviados. Hor\u00e1rio de Funcionamento CEE\u00a0Moema Seg a Sex das 8h \u00e0s 18h30 e S\u00e1b\" \/>\n<meta property=\"og:url\" content=\"https:\/\/www.encontramoema.com.br\/sobre\/cee-moema\/\" \/>\n<meta property=\"og:site_name\" content=\"Encontra Moema\" \/>\n<meta property=\"og:image\" content=\"http:\/\/www.encontramoema.com.br\/sobre\/wp-content\/uploads\/2017\/08\/cee-moema.jpg\" \/>\n<meta name=\"twitter:card\" content=\"summary_large_image\" \/>\n<meta name=\"twitter:label1\" content=\"Est. tempo de leitura\" \/>\n\t<meta name=\"twitter:data1\" content=\"1 minuto\" \/>\n<script type=\"application\/ld+json\" class=\"yoast-schema-graph\">{\"@context\":\"https:\/\/schema.org\",\"@graph\":[{\"@type\":\"WebPage\",\"@id\":\"https:\/\/www.encontramoema.com.br\/sobre\/cee-moema\/\",\"url\":\"https:\/\/www.encontramoema.com.br\/sobre\/cee-moema\/\",\"name\":\"CEE Moema - Encontra Moema\",\"isPartOf\":{\"@id\":\"https:\/\/www.encontramoema.com.br\/sobre\/#website\"},\"primaryImageOfPage\":{\"@id\":\"https:\/\/www.encontramoema.com.br\/sobre\/cee-moema\/#primaryimage\"},\"image\":{\"@id\":\"https:\/\/www.encontramoema.com.br\/sobre\/cee-moema\/#primaryimage\"},\"thumbnailUrl\":\"http:\/\/www.encontramoema.com.br\/sobre\/wp-content\/uploads\/2017\/08\/cee-moema.jpg\",\"datePublished\":\"2017-08-01T14:05:03+00:00\",\"breadcrumb\":{\"@id\":\"https:\/\/www.encontramoema.com.br\/sobre\/cee-moema\/#breadcrumb\"},\"inLanguage\":\"pt-BR\",\"potentialAction\":[{\"@type\":\"ReadAction\",\"target\":[\"https:\/\/www.encontramoema.com.br\/sobre\/cee-moema\/\"]}]},{\"@type\":\"ImageObject\",\"inLanguage\":\"pt-BR\",\"@id\":\"https:\/\/www.encontramoema.com.br\/sobre\/cee-moema\/#primaryimage\",\"url\":\"https:\/\/www.encontramoema.com.br\/sobre\/wp-content\/uploads\/2017\/08\/cee-moema.jpg\",\"contentUrl\":\"https:\/\/www.encontramoema.com.br\/sobre\/wp-content\/uploads\/2017\/08\/cee-moema.jpg\",\"width\":680,\"height\":189},{\"@type\":\"BreadcrumbList\",\"@id\":\"https:\/\/www.encontramoema.com.br\/sobre\/cee-moema\/#breadcrumb\",\"itemListElement\":[{\"@type\":\"ListItem\",\"position\":1,\"name\":\"In\u00edcio\",\"item\":\"https:\/\/www.encontramoema.com.br\/sobre\/\"},{\"@type\":\"ListItem\",\"position\":2,\"name\":\"CEE Moema\"}]},{\"@type\":\"WebSite\",\"@id\":\"https:\/\/www.encontramoema.com.br\/sobre\/#website\",\"url\":\"https:\/\/www.encontramoema.com.br\/sobre\/\",\"name\":\"Encontra Moema\",\"description\":\"Not\u00edcias, eventos, informa\u00e7\u00f5es e dicas no bairro de Moema e regi\u00e3o.\",\"potentialAction\":[{\"@type\":\"SearchAction\",\"target\":{\"@type\":\"EntryPoint\",\"urlTemplate\":\"https:\/\/www.encontramoema.com.br\/sobre\/?s={search_term_string}\"},\"query-input\":{\"@type\":\"PropertyValueSpecification\",\"valueRequired\":true,\"valueName\":\"search_term_string\"}}],\"inLanguage\":\"pt-BR\"}]}<\/script>\n<!-- \/ Yoast SEO plugin. -->","yoast_head_json":{"title":"CEE Moema - Encontra Moema","robots":{"index":"index","follow":"follow","max-snippet":"max-snippet:-1","max-image-preview":"max-image-preview:large","max-video-preview":"max-video-preview:-1"},"canonical":"https:\/\/www.encontramoema.com.br\/sobre\/cee-moema\/","og_locale":"pt_BR","og_type":"article","og_title":"CEE Moema - Encontra Moema","og_description":"Veja sobre o CEE ( Centro de Entrega de Encomendas ) Moema\u00a0localizado no bairro nobre de S\u00e3o Paulo. Um dos servi\u00e7os prestados pela ECT ( Empresa Brasileira de Correios e Tel\u00e9grafos ), al\u00e9m dos j\u00e1 conhecidos como sedex, mala direta etc, \u00e9 o CEE Centro de Entrega de Encomendas. Tal servi\u00e7o dever\u00e1 ser efetuado mediante contrato efetuado entre empresas e a ECT, para o fornecimento de uma determinada quantia de documentos a ser entregue. No CEE Moema \u00e9 poss\u00edvel retirar cartas e pacotes previamente agendados ou extraviados. Hor\u00e1rio de Funcionamento CEE\u00a0Moema Seg a Sex das 8h \u00e0s 18h30 e S\u00e1b","og_url":"https:\/\/www.encontramoema.com.br\/sobre\/cee-moema\/","og_site_name":"Encontra Moema","og_image":[{"url":"http:\/\/www.encontramoema.com.br\/sobre\/wp-content\/uploads\/2017\/08\/cee-moema.jpg","type":"","width":"","height":""}],"twitter_card":"summary_large_image","twitter_misc":{"Est. tempo de leitura":"1 minuto"},"schema":{"@context":"https:\/\/schema.org","@graph":[{"@type":"WebPage","@id":"https:\/\/www.encontramoema.com.br\/sobre\/cee-moema\/","url":"https:\/\/www.encontramoema.com.br\/sobre\/cee-moema\/","name":"CEE Moema - Encontra Moema","isPartOf":{"@id":"https:\/\/www.encontramoema.com.br\/sobre\/#website"},"primaryImageOfPage":{"@id":"https:\/\/www.encontramoema.com.br\/sobre\/cee-moema\/#primaryimage"},"image":{"@id":"https:\/\/www.encontramoema.com.br\/sobre\/cee-moema\/#primaryimage"},"thumbnailUrl":"http:\/\/www.encontramoema.com.br\/sobre\/wp-content\/uploads\/2017\/08\/cee-moema.jpg","datePublished":"2017-08-01T14:05:03+00:00","breadcrumb":{"@id":"https:\/\/www.encontramoema.com.br\/sobre\/cee-moema\/#breadcrumb"},"inLanguage":"pt-BR","potentialAction":[{"@type":"ReadAction","target":["https:\/\/www.encontramoema.com.br\/sobre\/cee-moema\/"]}]},{"@type":"ImageObject","inLanguage":"pt-BR","@id":"https:\/\/www.encontramoema.com.br\/sobre\/cee-moema\/#primaryimage","url":"https:\/\/www.encontramoema.com.br\/sobre\/wp-content\/uploads\/2017\/08\/cee-moema.jpg","contentUrl":"https:\/\/www.encontramoema.com.br\/sobre\/wp-content\/uploads\/2017\/08\/cee-moema.jpg","width":680,"height":189},{"@type":"BreadcrumbList","@id":"https:\/\/www.encontramoema.com.br\/sobre\/cee-moema\/#breadcrumb","itemListElement":[{"@type":"ListItem","position":1,"name":"In\u00edcio","item":"https:\/\/www.encontramoema.com.br\/sobre\/"},{"@type":"ListItem","position":2,"name":"CEE Moema"}]},{"@type":"WebSite","@id":"https:\/\/www.encontramoema.com.br\/sobre\/#website","url":"https:\/\/www.encontramoema.com.br\/sobre\/","name":"Encontra Moema","description":"Not\u00edcias, eventos, informa\u00e7\u00f5es e dicas no bairro de Moema e regi\u00e3o.","potentialAction":[{"@type":"SearchAction","target":{"@type":"EntryPoint","urlTemplate":"https:\/\/www.encontramoema.com.br\/sobre\/?s={search_term_string}"},"query-input":{"@type":"PropertyValueSpecification","valueRequired":true,"valueName":"search_term_string"}}],"inLanguage":"pt-BR"}]}},"_links":{"self":[{"href":"https:\/\/www.encontramoema.com.br\/sobre\/wp-json\/wp\/v2\/pages\/20370","targetHints":{"allow":["GET"]}}],"collection":[{"href":"https:\/\/www.encontramoema.com.br\/sobre\/wp-json\/wp\/v2\/pages"}],"about":[{"href":"https:\/\/www.encontramoema.com.br\/sobre\/wp-json\/wp\/v2\/types\/page"}],"author":[{"embeddable":true,"href":"https:\/\/www.encontramoema.com.br\/sobre\/wp-json\/wp\/v2\/users\/1"}],"replies":[{"embeddable":true,"href":"https:\/\/www.encontramoema.com.br\/sobre\/wp-json\/wp\/v2\/comments?post=20370"}],"version-history":[{"count":0,"href":"https:\/\/www.encontramoema.com.br\/sobre\/wp-json\/wp\/v2\/pages\/20370\/revisions"}],"wp:attachment":[{"href":"https:\/\/www.encontramoema.com.br\/sobre\/wp-json\/wp\/v2\/media?parent=20370"}],"curies":[{"name":"wp","href":"https:\/\/api.w.org\/{rel}","templated":true}]}}