{"id":20373,"date":"2017-08-01T12:49:34","date_gmt":"2017-08-01T14:49:34","guid":{"rendered":"http:\/\/www.encontramoema.com.br\/sobre\/?page_id=20373"},"modified":"2017-08-01T12:49:34","modified_gmt":"2017-08-01T14:49:34","slug":"sabesp-moema","status":"publish","type":"page","link":"https:\/\/www.encontramoema.com.br\/sobre\/sabesp-moema\/","title":{"rendered":"Sabesp Moema"},"content":{"rendered":"<div class=\"b7f545a958fd6350ffae2d30a84cafb8\" data-index=\"1\" style=\"float: none; margin:0px;\">\n<!-- Anuncio display - global -->\r\n<ins class=\"adsbygoogle\"\r\n     style=\"display:block\"\r\n     data-ad-client=\"ca-pub-8585364105181520\"\r\n     data-ad-slot=\"8789329856\"\r\n     data-ad-format=\"auto\"\r\n     data-full-width-responsive=\"true\"><\/ins>\r\n<script>\r\n     (adsbygoogle = window.adsbygoogle || []).push({});\r\n<\/script>\n<\/div>\n<p>A <em>Companhia de Saneamento B\u00e1sico do Estado de S\u00e3o Paulo<\/em> mais conhecida como Sabesp \u00e9 uma empresa brasileira que det\u00e9m a concess\u00e3o dos servi\u00e7os p\u00fablicos de saneamento b\u00e1sico no Estado de S\u00e3o Paulo.<\/p>\n<p>Seu principal acionista \u00e9 o governo do Estado de S\u00e3o Paulo, que controla a gest\u00e3o da companhia. Saiba mais sobre a <strong>Sabesp Moema<\/strong>\u00a0abaixo.<\/p>\n<p><img loading=\"lazy\" decoding=\"async\" class=\"alignnone wp-image-20374 size-full\" title=\"Sabesp Moema\" src=\"http:\/\/www.encontramoema.com.br\/sobre\/wp-content\/uploads\/2017\/08\/sabesp-moema.jpg\" alt=\"Sabesp Moema\" width=\"680\" height=\"189\" srcset=\"https:\/\/www.encontramoema.com.br\/sobre\/wp-content\/uploads\/2017\/08\/sabesp-moema.jpg 680w, https:\/\/www.encontramoema.com.br\/sobre\/wp-content\/uploads\/2017\/08\/sabesp-moema-300x83.jpg 300w\" sizes=\"auto, (max-width: 680px) 100vw, 680px\" \/><\/p>\n<p>A unidade\u00a0Sabesp Moema \u00e9 uma das centenas de ag\u00eancias de atendimento ao cidad\u00e3o da companhia. L\u00e1 voc\u00ea pode resolver problemas, atrasos e qualquer outra necessidade que n\u00e3o possa ser resolvida pelo atendimento on-line e telef\u00f4nico.<\/p>\n<p>Sabesp Moema\u00a0conta com\u00a0ar-condicionado, bebedouro, cadeiras para espera, e posto de coleta de \u00f3leo de cozinha al\u00e9m de coleta para a campanha do agasalho.<\/p>\n<h3>Hor\u00e1rio de Funcionamento Loja Sabesp\u00a0Moema<\/h3>\n<ul>\n<li>Seg a Sex das 8h \u00e0s 16h<\/li>\n<li>Os hor\u00e1rios podem ser alterados sem aviso. Consulte o local para confirmar.<\/li>\n<\/ul>\n<h3>Endere\u00e7o e Telefone Posto Sabesp\u00a0Moema<\/h3>\n<ul>\n<li>Alameda dos Aic\u00e1s, 1454, Moema\u00a0&#8211; S\u00e3o Paulo &#8211; SP<\/li>\n<li>Telefone: 0800 055 0195<\/li>\n<\/ul>\n<h4>Outras Informa\u00e7\u00f5es e Site<\/h4>\n<ul>\n<li>Mais informa\u00e7\u00f5es:\u00a0<a href=\"https:\/\/www9.sabesp.com.br\" target=\"_blank\" rel=\"noopener noreferrer\">www.sabesp.com.br<\/a><\/li>\n<\/ul>\n<h4>Mapa de localiza\u00e7\u00e3o<\/h4>\n<a class=\"wp-colorbox-iframe\" href=\"https:\/\/www.google.com\/maps\/embed?pb=!1m14!1m8!1m3!1d14622.93014059382!2d-46.663989!3d-23.6139234!3m2!1i1024!2i768!4f13.1!3m3!1m2!1s0x00xeb49fa09e87f7b19!2sSabesp!5e0!3m2!1spt-BR!2sbr!4v1501597838242\"><img decoding=\"async\" src=\"http:\/\/www.encontramoema.com.br\/imgs\/maps-post.png\"><\/a>\n\n<div style=\"font-size: 0px; height: 0px; line-height: 0px; margin: 0; padding: 0; clear: both;\"><\/div>","protected":false},"excerpt":{"rendered":"<p>A Companhia de Saneamento B\u00e1sico do Estado de S\u00e3o Paulo mais conhecida como Sabesp \u00e9 uma empresa brasileira que det\u00e9m a concess\u00e3o dos servi\u00e7os p\u00fablicos de saneamento b\u00e1sico no Estado de S\u00e3o Paulo. Seu principal acionista \u00e9 o governo do Estado de S\u00e3o Paulo, que controla a gest\u00e3o da companhia. Saiba mais sobre a Sabesp Moema\u00a0abaixo. A unidade\u00a0Sabesp Moema \u00e9 uma das centenas de ag\u00eancias de atendimento ao cidad\u00e3o da companhia. L\u00e1 voc\u00ea pode resolver problemas, atrasos e qualquer outra necessidade que n\u00e3o possa ser resolvida pelo atendimento on-line e telef\u00f4nico. Sabesp Moema\u00a0conta com\u00a0ar-condicionado, bebedouro, cadeiras para espera, e posto <\/p>\n","protected":false},"author":1,"featured_media":0,"parent":0,"menu_order":0,"comment_status":"closed","ping_status":"closed","template":"","meta":{"footnotes":""},"class_list":["post-20373","page","type-page","status-publish","hentry"],"yoast_head":"<!-- This site is optimized with the Yoast SEO plugin v26.3 - https:\/\/yoast.com\/wordpress\/plugins\/seo\/ -->\n<title>Sabesp Moema - Encontra Moema<\/title>\n<meta name=\"robots\" content=\"index, follow, max-snippet:-1, max-image-preview:large, max-video-preview:-1\" \/>\n<link rel=\"canonical\" href=\"https:\/\/www.encontramoema.com.br\/sobre\/sabesp-moema\/\" \/>\n<meta property=\"og:locale\" content=\"pt_BR\" \/>\n<meta property=\"og:type\" content=\"article\" \/>\n<meta property=\"og:title\" content=\"Sabesp Moema - Encontra Moema\" \/>\n<meta property=\"og:description\" content=\"A Companhia de Saneamento B\u00e1sico do Estado de S\u00e3o Paulo mais conhecida como Sabesp \u00e9 uma empresa brasileira que det\u00e9m a concess\u00e3o dos servi\u00e7os p\u00fablicos de saneamento b\u00e1sico no Estado de S\u00e3o Paulo. Seu principal acionista \u00e9 o governo do Estado de S\u00e3o Paulo, que controla a gest\u00e3o da companhia. Saiba mais sobre a Sabesp Moema\u00a0abaixo. A unidade\u00a0Sabesp Moema \u00e9 uma das centenas de ag\u00eancias de atendimento ao cidad\u00e3o da companhia. L\u00e1 voc\u00ea pode resolver problemas, atrasos e qualquer outra necessidade que n\u00e3o possa ser resolvida pelo atendimento on-line e telef\u00f4nico. Sabesp Moema\u00a0conta com\u00a0ar-condicionado, bebedouro, cadeiras para espera, e posto\" \/>\n<meta property=\"og:url\" content=\"https:\/\/www.encontramoema.com.br\/sobre\/sabesp-moema\/\" \/>\n<meta property=\"og:site_name\" content=\"Encontra Moema\" \/>\n<meta property=\"og:image\" content=\"http:\/\/www.encontramoema.com.br\/sobre\/wp-content\/uploads\/2017\/08\/sabesp-moema.jpg\" \/>\n<meta name=\"twitter:card\" content=\"summary_large_image\" \/>\n<meta name=\"twitter:label1\" content=\"Est. tempo de leitura\" \/>\n\t<meta name=\"twitter:data1\" content=\"1 minuto\" \/>\n<script type=\"application\/ld+json\" class=\"yoast-schema-graph\">{\"@context\":\"https:\/\/schema.org\",\"@graph\":[{\"@type\":\"WebPage\",\"@id\":\"https:\/\/www.encontramoema.com.br\/sobre\/sabesp-moema\/\",\"url\":\"https:\/\/www.encontramoema.com.br\/sobre\/sabesp-moema\/\",\"name\":\"Sabesp Moema - Encontra Moema\",\"isPartOf\":{\"@id\":\"https:\/\/www.encontramoema.com.br\/sobre\/#website\"},\"primaryImageOfPage\":{\"@id\":\"https:\/\/www.encontramoema.com.br\/sobre\/sabesp-moema\/#primaryimage\"},\"image\":{\"@id\":\"https:\/\/www.encontramoema.com.br\/sobre\/sabesp-moema\/#primaryimage\"},\"thumbnailUrl\":\"http:\/\/www.encontramoema.com.br\/sobre\/wp-content\/uploads\/2017\/08\/sabesp-moema.jpg\",\"datePublished\":\"2017-08-01T14:49:34+00:00\",\"breadcrumb\":{\"@id\":\"https:\/\/www.encontramoema.com.br\/sobre\/sabesp-moema\/#breadcrumb\"},\"inLanguage\":\"pt-BR\",\"potentialAction\":[{\"@type\":\"ReadAction\",\"target\":[\"https:\/\/www.encontramoema.com.br\/sobre\/sabesp-moema\/\"]}]},{\"@type\":\"ImageObject\",\"inLanguage\":\"pt-BR\",\"@id\":\"https:\/\/www.encontramoema.com.br\/sobre\/sabesp-moema\/#primaryimage\",\"url\":\"https:\/\/www.encontramoema.com.br\/sobre\/wp-content\/uploads\/2017\/08\/sabesp-moema.jpg\",\"contentUrl\":\"https:\/\/www.encontramoema.com.br\/sobre\/wp-content\/uploads\/2017\/08\/sabesp-moema.jpg\",\"width\":680,\"height\":189},{\"@type\":\"BreadcrumbList\",\"@id\":\"https:\/\/www.encontramoema.com.br\/sobre\/sabesp-moema\/#breadcrumb\",\"itemListElement\":[{\"@type\":\"ListItem\",\"position\":1,\"name\":\"In\u00edcio\",\"item\":\"https:\/\/www.encontramoema.com.br\/sobre\/\"},{\"@type\":\"ListItem\",\"position\":2,\"name\":\"Sabesp Moema\"}]},{\"@type\":\"WebSite\",\"@id\":\"https:\/\/www.encontramoema.com.br\/sobre\/#website\",\"url\":\"https:\/\/www.encontramoema.com.br\/sobre\/\",\"name\":\"Encontra Moema\",\"description\":\"Not\u00edcias, eventos, informa\u00e7\u00f5es e dicas no bairro de Moema e regi\u00e3o.\",\"potentialAction\":[{\"@type\":\"SearchAction\",\"target\":{\"@type\":\"EntryPoint\",\"urlTemplate\":\"https:\/\/www.encontramoema.com.br\/sobre\/?s={search_term_string}\"},\"query-input\":{\"@type\":\"PropertyValueSpecification\",\"valueRequired\":true,\"valueName\":\"search_term_string\"}}],\"inLanguage\":\"pt-BR\"}]}<\/script>\n<!-- \/ Yoast SEO plugin. -->","yoast_head_json":{"title":"Sabesp Moema - Encontra Moema","robots":{"index":"index","follow":"follow","max-snippet":"max-snippet:-1","max-image-preview":"max-image-preview:large","max-video-preview":"max-video-preview:-1"},"canonical":"https:\/\/www.encontramoema.com.br\/sobre\/sabesp-moema\/","og_locale":"pt_BR","og_type":"article","og_title":"Sabesp Moema - Encontra Moema","og_description":"A Companhia de Saneamento B\u00e1sico do Estado de S\u00e3o Paulo mais conhecida como Sabesp \u00e9 uma empresa brasileira que det\u00e9m a concess\u00e3o dos servi\u00e7os p\u00fablicos de saneamento b\u00e1sico no Estado de S\u00e3o Paulo. Seu principal acionista \u00e9 o governo do Estado de S\u00e3o Paulo, que controla a gest\u00e3o da companhia. Saiba mais sobre a Sabesp Moema\u00a0abaixo. A unidade\u00a0Sabesp Moema \u00e9 uma das centenas de ag\u00eancias de atendimento ao cidad\u00e3o da companhia. L\u00e1 voc\u00ea pode resolver problemas, atrasos e qualquer outra necessidade que n\u00e3o possa ser resolvida pelo atendimento on-line e telef\u00f4nico. Sabesp Moema\u00a0conta com\u00a0ar-condicionado, bebedouro, cadeiras para espera, e posto","og_url":"https:\/\/www.encontramoema.com.br\/sobre\/sabesp-moema\/","og_site_name":"Encontra Moema","og_image":[{"url":"http:\/\/www.encontramoema.com.br\/sobre\/wp-content\/uploads\/2017\/08\/sabesp-moema.jpg","type":"","width":"","height":""}],"twitter_card":"summary_large_image","twitter_misc":{"Est. tempo de leitura":"1 minuto"},"schema":{"@context":"https:\/\/schema.org","@graph":[{"@type":"WebPage","@id":"https:\/\/www.encontramoema.com.br\/sobre\/sabesp-moema\/","url":"https:\/\/www.encontramoema.com.br\/sobre\/sabesp-moema\/","name":"Sabesp Moema - Encontra Moema","isPartOf":{"@id":"https:\/\/www.encontramoema.com.br\/sobre\/#website"},"primaryImageOfPage":{"@id":"https:\/\/www.encontramoema.com.br\/sobre\/sabesp-moema\/#primaryimage"},"image":{"@id":"https:\/\/www.encontramoema.com.br\/sobre\/sabesp-moema\/#primaryimage"},"thumbnailUrl":"http:\/\/www.encontramoema.com.br\/sobre\/wp-content\/uploads\/2017\/08\/sabesp-moema.jpg","datePublished":"2017-08-01T14:49:34+00:00","breadcrumb":{"@id":"https:\/\/www.encontramoema.com.br\/sobre\/sabesp-moema\/#breadcrumb"},"inLanguage":"pt-BR","potentialAction":[{"@type":"ReadAction","target":["https:\/\/www.encontramoema.com.br\/sobre\/sabesp-moema\/"]}]},{"@type":"ImageObject","inLanguage":"pt-BR","@id":"https:\/\/www.encontramoema.com.br\/sobre\/sabesp-moema\/#primaryimage","url":"https:\/\/www.encontramoema.com.br\/sobre\/wp-content\/uploads\/2017\/08\/sabesp-moema.jpg","contentUrl":"https:\/\/www.encontramoema.com.br\/sobre\/wp-content\/uploads\/2017\/08\/sabesp-moema.jpg","width":680,"height":189},{"@type":"BreadcrumbList","@id":"https:\/\/www.encontramoema.com.br\/sobre\/sabesp-moema\/#breadcrumb","itemListElement":[{"@type":"ListItem","position":1,"name":"In\u00edcio","item":"https:\/\/www.encontramoema.com.br\/sobre\/"},{"@type":"ListItem","position":2,"name":"Sabesp Moema"}]},{"@type":"WebSite","@id":"https:\/\/www.encontramoema.com.br\/sobre\/#website","url":"https:\/\/www.encontramoema.com.br\/sobre\/","name":"Encontra Moema","description":"Not\u00edcias, eventos, informa\u00e7\u00f5es e dicas no bairro de Moema e regi\u00e3o.","potentialAction":[{"@type":"SearchAction","target":{"@type":"EntryPoint","urlTemplate":"https:\/\/www.encontramoema.com.br\/sobre\/?s={search_term_string}"},"query-input":{"@type":"PropertyValueSpecification","valueRequired":true,"valueName":"search_term_string"}}],"inLanguage":"pt-BR"}]}},"_links":{"self":[{"href":"https:\/\/www.encontramoema.com.br\/sobre\/wp-json\/wp\/v2\/pages\/20373","targetHints":{"allow":["GET"]}}],"collection":[{"href":"https:\/\/www.encontramoema.com.br\/sobre\/wp-json\/wp\/v2\/pages"}],"about":[{"href":"https:\/\/www.encontramoema.com.br\/sobre\/wp-json\/wp\/v2\/types\/page"}],"author":[{"embeddable":true,"href":"https:\/\/www.encontramoema.com.br\/sobre\/wp-json\/wp\/v2\/users\/1"}],"replies":[{"embeddable":true,"href":"https:\/\/www.encontramoema.com.br\/sobre\/wp-json\/wp\/v2\/comments?post=20373"}],"version-history":[{"count":0,"href":"https:\/\/www.encontramoema.com.br\/sobre\/wp-json\/wp\/v2\/pages\/20373\/revisions"}],"wp:attachment":[{"href":"https:\/\/www.encontramoema.com.br\/sobre\/wp-json\/wp\/v2\/media?parent=20373"}],"curies":[{"name":"wp","href":"https:\/\/api.w.org\/{rel}","templated":true}]}}