{"id":20542,"date":"2017-08-03T14:32:39","date_gmt":"2017-08-03T16:32:39","guid":{"rendered":"http:\/\/www.encontramoema.com.br\/sobre\/?page_id=20542"},"modified":"2017-08-03T14:32:39","modified_gmt":"2017-08-03T16:32:39","slug":"auditorio-ibirapuera","status":"publish","type":"page","link":"https:\/\/www.encontramoema.com.br\/sobre\/auditorio-ibirapuera\/","title":{"rendered":"Audit\u00f3rio Ibirapuera"},"content":{"rendered":"<div class=\"b7f545a958fd6350ffae2d30a84cafb8\" data-index=\"1\" style=\"float: none; margin:0px;\">\n<!-- Anuncio display - global -->\r\n<ins class=\"adsbygoogle\"\r\n     style=\"display:block\"\r\n     data-ad-client=\"ca-pub-8585364105181520\"\r\n     data-ad-slot=\"8789329856\"\r\n     data-ad-format=\"auto\"\r\n     data-full-width-responsive=\"true\"><\/ins>\r\n<script>\r\n     (adsbygoogle = window.adsbygoogle || []).push({});\r\n<\/script>\n<\/div>\n<p>Concebido pelo arquiteto Oscar Niemeyer h\u00e1 50 anos, o <strong>Audit\u00f3rio Ibirapuera Moema<\/strong>, foi constru\u00eddo e doado pela empresa TIM Celular \u00e0 Prefeitura do Munic\u00edpio de S\u00e3o Paulo, sendo inaugurado em outubro de 2005.<\/p>\n<p>Localizado no Parque Ibirapuera famoso por ser o pulm\u00e3o de S\u00e3o Paulo, o Audit\u00f3rio que carrega o nome do parque \u00e9 uma atra\u00e7\u00e3o arquitet\u00f4nica.<\/p>\n<p><img loading=\"lazy\" decoding=\"async\" class=\"alignnone wp-image-20544 size-full\" title=\"Audit\u00f3rio Ibirapuera\" src=\"http:\/\/www.encontramoema.com.br\/sobre\/wp-content\/uploads\/2017\/08\/auditorio-ibirapuera.jpg\" alt=\"Audit\u00f3rio Ibirapuera\" width=\"680\" height=\"189\" srcset=\"https:\/\/www.encontramoema.com.br\/sobre\/wp-content\/uploads\/2017\/08\/auditorio-ibirapuera.jpg 680w, https:\/\/www.encontramoema.com.br\/sobre\/wp-content\/uploads\/2017\/08\/auditorio-ibirapuera-300x83.jpg 300w\" sizes=\"auto, (max-width: 680px) 100vw, 680px\" \/><\/p>\n<p>\u201cA m\u00fasica \u00e9 uma linguagem usada por todos os povos para superar barreiras e diferen\u00e7as. E nenhum povo domina essa linguagem com tanto talento quanto o povo brasileiro.<\/p>\n<p>A m\u00fasica faz parte da alma brasileira. Por isso a TIM investiu no projeto do arquiteto Oscar Niemeyer para o Ibirapuera. O objetivo da TIM, ao viabilizar a constru\u00e7\u00e3o do Audit\u00f3rio, foi oferecer aos paulistanos um espa\u00e7o com conforto e qualidade para que eles possam viver a m\u00fasica sem fronteiras\u201d, afirma Mario Cesar Pereira de Araujo, presidente da TIM Brasil.<\/p>\n<p>As obras tiveram in\u00edcio em 23 de fevereiro de 2003, com o lan\u00e7amento da pedra fundamental e o edif\u00edcio foi entregue em dezembro de 2004, como um presente da empresa \u00e0 cidade de S\u00e3o Paulo pelos seus 450 anos.<\/p>\n<p>O Audit\u00f3rio foi constru\u00eddo sob supervis\u00e3o do escrit\u00f3rio de arquitetura de Oscar Niemeyer, que acompanhou pessoalmente as adapta\u00e7\u00f5es necess\u00e1rias ao projeto original e teve um investimento da TIM de R$ 29 milh\u00f5es.<\/p>\n<p>A gest\u00e3o do Audit\u00f3rio Ibirapuera cabe ao Instituto Audit\u00f3rio Ibirapuera, uma Organiza\u00e7\u00e3o da Sociedade Civil de Interesse P\u00fablico (Oscip), formada em abril de 2004 e que conta, em seu Conselho, com personalidades ligadas \u00e0s artes e \u00e0 cultura, especialmente a m\u00fasica e presidida por Mario Cohen.<\/p>\n<p>\u201cEste projeto \u00e9 resultado da bela iniciativa entre a Prefeitura de S\u00e3o Paulo e a TIM Brasil para presentear a cidade com o Audit\u00f3rio Ibirapuera, nos exatos termos do projeto do renomado arquiteto Oscar Niemeyer.<\/p>\n<p>Este espa\u00e7o abriga aulas de m\u00fasica, shows e espet\u00e1culos. Com apenas seis meses de funcionamento, o espa\u00e7o \u00e9 considerado uma das melhores casas de espet\u00e1culo de S\u00e3o Paulo, atingido assim o objetivo tanto dos administradores, quanto da empresa patrocinadora\u201d, destaca Mario Cohen.<\/p>\n<h2>Audit\u00f3rio Ibirapuera Projeto<\/h2>\n<p>Com 4.870 m\u00b2 de \u00e1rea constru\u00edda, o Audit\u00f3rio Ibirapuera \u00e9 utilizado para atividades culturais compat\u00edveis com sua dimens\u00e3o e voca\u00e7\u00e3o, notadamente espet\u00e1culos musicais, al\u00e9m de dar espa\u00e7o para o desenvolvimento de novos talentos da m\u00fasica e promover o encontro entre culturas e express\u00f5es musicais diferentes, no \u00e2mbito nacional e internacional.<\/p>\n<p>O palco do Audit\u00f3rio merece destaque especial: uma boca de cena de 28 metros e 15 metros de profundidade.<\/p>\n<p>O Audit\u00f3rio Ibirapuera abriga ainda em seu subsolo a Escola do Audit\u00f3rio, que visa o ensino de aperfei\u00e7oamento musical para estudantes da rede p\u00fablica e a possibilidade de acesso aos diferentes modos de aprendizagem que a engrenagem de funcionamento do audit\u00f3rio pode proporcionar, como por exemplo: cenot\u00e9cnica, t\u00e9cnica de som e luz, produ\u00e7\u00e3o de shows, entre outros.<\/p>\n<p>Tamb\u00e9m incentiva a presen\u00e7a de p\u00fablico jovem no meio musical por meio de programas espec\u00edficos de forma\u00e7\u00e3o de plateias.<\/p>\n<p>O Audit\u00f3rio Ibirapuera abriga tr\u00eas grandes obras de arte: logo na entrada principal existe a escultura de Oscar Niemeyer, intitulada \u201cLabareda\u201d, no hall principal h\u00e1 a escultura da artista pl\u00e1stica Tomie Ohtake e no hall central da Escola do Audit\u00f3rio h\u00e1 um painel art\u00edstico de Luis Ant\u00f4nio Vallandro Keating, com 16 metros de comprimento e 2,5 metros de altura, intitulado \u201cEnsaio de Orquestra\u201d<\/p>\n<h3>Audit\u00f3rio Ibirapuera Planta<\/h3>\n<p><img loading=\"lazy\" decoding=\"async\" class=\"alignnone wp-image-20543 size-full\" title=\"Audit\u00f3rio Ibirapuera Planta\" src=\"http:\/\/www.encontramoema.com.br\/sobre\/wp-content\/uploads\/2017\/08\/planta-auditorio.jpg\" alt=\"Audit\u00f3rio Ibirapuera Planta\" width=\"464\" height=\"128\" srcset=\"https:\/\/www.encontramoema.com.br\/sobre\/wp-content\/uploads\/2017\/08\/planta-auditorio.jpg 464w, https:\/\/www.encontramoema.com.br\/sobre\/wp-content\/uploads\/2017\/08\/planta-auditorio-300x83.jpg 300w\" sizes=\"auto, (max-width: 464px) 100vw, 464px\" \/><\/p>\n<h3>Audit\u00f3rio Ibirapuera Oscar Niemeyer<\/h3>\n<p>\u201cA utiliza\u00e7\u00e3o do Audit\u00f3rio pode se estender a espet\u00e1culos de m\u00fasica programados para realiza\u00e7\u00e3o externa e interna, j\u00e1 que a abertura do palco para o exterior, os camarins e outros servi\u00e7os imprescind\u00edveis est\u00e3o dispon\u00edveis\u201d, diz Oscar Niemeyer.<\/p>\n<h3>Audit\u00f3rio Ibirapuera Capacidade<\/h3>\n<p>A capacidade interna do Audit\u00f3rio \u00e9 de 800 pessoas. Al\u00e9m disso, uma porta de 20 metros, localizada no fundo do palco, quando aberta, permite espet\u00e1culos na \u00e1rea externa para aproximadamente 15 mil pessoas.<\/p>\n<h3>Audit\u00f3rio Ibirapuera Port\u00e3o<\/h3>\n<p>O acesso ao Audit\u00f3rio Ibirapuera \u00e9 mais pr\u00f3ximo pelo Port\u00e3o 2 do Parque Ibirapuera.<\/p>\n<h3>Hor\u00e1rio de Funcionamento\u00a0Audit\u00f3rio Ibirapuera<\/h3>\n<ul>\n<li>Sex e S\u00e1b das 13h \u00e0s 22h e Dom das 13h \u00e0s 20h<\/li>\n<li>Os hor\u00e1rios podem ser alterados sem aviso. Consulte o local para confirmar.<\/li>\n<\/ul>\n<h3>Endere\u00e7o e Telefone\u00a0Audit\u00f3rio Ibirapuera<\/h3>\n<ul>\n<li>Avenida Pedro \u00c1lvares Cabral, s\/n\u00ba, Moema\u00a0&#8211; S\u00e3o Paulo &#8211; SP<\/li>\n<li>Telefone: (11)\u00a03629-1075<\/li>\n<\/ul>\n<h4>Outras Informa\u00e7\u00f5es e Site<\/h4>\n<ul>\n<li>Mais informa\u00e7\u00f5es:\u00a0<a href=\"http:\/\/www.auditorioibirapuera.com.br\/\" target=\"_blank\" rel=\"noopener noreferrer\">www.auditorioibirapuera.com.br<\/a><\/li>\n<\/ul>\n<h4>Mapa de localiza\u00e7\u00e3o<\/h4>\n<a class=\"wp-colorbox-iframe\" href=\"https:\/\/www.google.com\/maps\/embed?pb=!1m14!1m8!1m3!1d14626.056924381828!2d-46.6563264!3d-23.5858839!3m2!1i1024!2i768!4f13.1!3m3!1m2!1s0x00x7e04e02091f62546!2sAuditrio+Ibirapuera+-+Oscar+Niemeyer!5e0!3m2!1spt-BR!2sbr!4v1501777947007\"><img decoding=\"async\" src=\"http:\/\/www.encontramoema.com.br\/imgs\/maps-post.png\"><\/a>\n\n<div style=\"font-size: 0px; height: 0px; line-height: 0px; margin: 0; padding: 0; clear: both;\"><\/div>","protected":false},"excerpt":{"rendered":"<p>Concebido pelo arquiteto Oscar Niemeyer h\u00e1 50 anos, o Audit\u00f3rio Ibirapuera Moema, foi constru\u00eddo e doado pela empresa TIM Celular \u00e0 Prefeitura do Munic\u00edpio de S\u00e3o Paulo, sendo inaugurado em outubro de 2005. Localizado no Parque Ibirapuera famoso por ser o pulm\u00e3o de S\u00e3o Paulo, o Audit\u00f3rio que carrega o nome do parque \u00e9 uma atra\u00e7\u00e3o arquitet\u00f4nica. \u201cA m\u00fasica \u00e9 uma linguagem usada por todos os povos para superar barreiras e diferen\u00e7as. E nenhum povo domina essa linguagem com tanto talento quanto o povo brasileiro. A m\u00fasica faz parte da alma brasileira. Por isso a TIM investiu no projeto do <\/p>\n","protected":false},"author":1,"featured_media":20544,"parent":0,"menu_order":0,"comment_status":"closed","ping_status":"closed","template":"","meta":{"footnotes":""},"class_list":["post-20542","page","type-page","status-publish","has-post-thumbnail","hentry","has_thumb"],"yoast_head":"<!-- This site is optimized with the Yoast SEO plugin v26.3 - https:\/\/yoast.com\/wordpress\/plugins\/seo\/ -->\n<title>Audit\u00f3rio Ibirapuera - Encontra Moema<\/title>\n<meta name=\"robots\" content=\"index, follow, max-snippet:-1, max-image-preview:large, max-video-preview:-1\" \/>\n<link rel=\"canonical\" href=\"https:\/\/www.encontramoema.com.br\/sobre\/auditorio-ibirapuera\/\" \/>\n<meta property=\"og:locale\" content=\"pt_BR\" \/>\n<meta property=\"og:type\" content=\"article\" \/>\n<meta property=\"og:title\" content=\"Audit\u00f3rio Ibirapuera - Encontra Moema\" \/>\n<meta property=\"og:description\" content=\"Concebido pelo arquiteto Oscar Niemeyer h\u00e1 50 anos, o Audit\u00f3rio Ibirapuera Moema, foi constru\u00eddo e doado pela empresa TIM Celular \u00e0 Prefeitura do Munic\u00edpio de S\u00e3o Paulo, sendo inaugurado em outubro de 2005. Localizado no Parque Ibirapuera famoso por ser o pulm\u00e3o de S\u00e3o Paulo, o Audit\u00f3rio que carrega o nome do parque \u00e9 uma atra\u00e7\u00e3o arquitet\u00f4nica. \u201cA m\u00fasica \u00e9 uma linguagem usada por todos os povos para superar barreiras e diferen\u00e7as. E nenhum povo domina essa linguagem com tanto talento quanto o povo brasileiro. A m\u00fasica faz parte da alma brasileira. Por isso a TIM investiu no projeto do\" \/>\n<meta property=\"og:url\" content=\"https:\/\/www.encontramoema.com.br\/sobre\/auditorio-ibirapuera\/\" \/>\n<meta property=\"og:site_name\" content=\"Encontra Moema\" \/>\n<meta property=\"og:image\" content=\"https:\/\/www.encontramoema.com.br\/sobre\/wp-content\/uploads\/2017\/08\/auditorio-ibirapuera.jpg\" \/>\n\t<meta property=\"og:image:width\" content=\"680\" \/>\n\t<meta property=\"og:image:height\" content=\"189\" \/>\n\t<meta property=\"og:image:type\" content=\"image\/jpeg\" \/>\n<meta name=\"twitter:card\" content=\"summary_large_image\" \/>\n<meta name=\"twitter:label1\" content=\"Est. tempo de leitura\" \/>\n\t<meta name=\"twitter:data1\" content=\"4 minutos\" \/>\n<script type=\"application\/ld+json\" class=\"yoast-schema-graph\">{\"@context\":\"https:\/\/schema.org\",\"@graph\":[{\"@type\":\"WebPage\",\"@id\":\"https:\/\/www.encontramoema.com.br\/sobre\/auditorio-ibirapuera\/\",\"url\":\"https:\/\/www.encontramoema.com.br\/sobre\/auditorio-ibirapuera\/\",\"name\":\"Audit\u00f3rio Ibirapuera - Encontra Moema\",\"isPartOf\":{\"@id\":\"https:\/\/www.encontramoema.com.br\/sobre\/#website\"},\"primaryImageOfPage\":{\"@id\":\"https:\/\/www.encontramoema.com.br\/sobre\/auditorio-ibirapuera\/#primaryimage\"},\"image\":{\"@id\":\"https:\/\/www.encontramoema.com.br\/sobre\/auditorio-ibirapuera\/#primaryimage\"},\"thumbnailUrl\":\"https:\/\/www.encontramoema.com.br\/sobre\/wp-content\/uploads\/2017\/08\/auditorio-ibirapuera.jpg\",\"datePublished\":\"2017-08-03T16:32:39+00:00\",\"breadcrumb\":{\"@id\":\"https:\/\/www.encontramoema.com.br\/sobre\/auditorio-ibirapuera\/#breadcrumb\"},\"inLanguage\":\"pt-BR\",\"potentialAction\":[{\"@type\":\"ReadAction\",\"target\":[\"https:\/\/www.encontramoema.com.br\/sobre\/auditorio-ibirapuera\/\"]}]},{\"@type\":\"ImageObject\",\"inLanguage\":\"pt-BR\",\"@id\":\"https:\/\/www.encontramoema.com.br\/sobre\/auditorio-ibirapuera\/#primaryimage\",\"url\":\"https:\/\/www.encontramoema.com.br\/sobre\/wp-content\/uploads\/2017\/08\/auditorio-ibirapuera.jpg\",\"contentUrl\":\"https:\/\/www.encontramoema.com.br\/sobre\/wp-content\/uploads\/2017\/08\/auditorio-ibirapuera.jpg\",\"width\":680,\"height\":189},{\"@type\":\"BreadcrumbList\",\"@id\":\"https:\/\/www.encontramoema.com.br\/sobre\/auditorio-ibirapuera\/#breadcrumb\",\"itemListElement\":[{\"@type\":\"ListItem\",\"position\":1,\"name\":\"In\u00edcio\",\"item\":\"https:\/\/www.encontramoema.com.br\/sobre\/\"},{\"@type\":\"ListItem\",\"position\":2,\"name\":\"Audit\u00f3rio Ibirapuera\"}]},{\"@type\":\"WebSite\",\"@id\":\"https:\/\/www.encontramoema.com.br\/sobre\/#website\",\"url\":\"https:\/\/www.encontramoema.com.br\/sobre\/\",\"name\":\"Encontra Moema\",\"description\":\"Not\u00edcias, eventos, informa\u00e7\u00f5es e dicas no bairro de Moema e regi\u00e3o.\",\"potentialAction\":[{\"@type\":\"SearchAction\",\"target\":{\"@type\":\"EntryPoint\",\"urlTemplate\":\"https:\/\/www.encontramoema.com.br\/sobre\/?s={search_term_string}\"},\"query-input\":{\"@type\":\"PropertyValueSpecification\",\"valueRequired\":true,\"valueName\":\"search_term_string\"}}],\"inLanguage\":\"pt-BR\"}]}<\/script>\n<!-- \/ Yoast SEO plugin. -->","yoast_head_json":{"title":"Audit\u00f3rio Ibirapuera - Encontra Moema","robots":{"index":"index","follow":"follow","max-snippet":"max-snippet:-1","max-image-preview":"max-image-preview:large","max-video-preview":"max-video-preview:-1"},"canonical":"https:\/\/www.encontramoema.com.br\/sobre\/auditorio-ibirapuera\/","og_locale":"pt_BR","og_type":"article","og_title":"Audit\u00f3rio Ibirapuera - Encontra Moema","og_description":"Concebido pelo arquiteto Oscar Niemeyer h\u00e1 50 anos, o Audit\u00f3rio Ibirapuera Moema, foi constru\u00eddo e doado pela empresa TIM Celular \u00e0 Prefeitura do Munic\u00edpio de S\u00e3o Paulo, sendo inaugurado em outubro de 2005. Localizado no Parque Ibirapuera famoso por ser o pulm\u00e3o de S\u00e3o Paulo, o Audit\u00f3rio que carrega o nome do parque \u00e9 uma atra\u00e7\u00e3o arquitet\u00f4nica. \u201cA m\u00fasica \u00e9 uma linguagem usada por todos os povos para superar barreiras e diferen\u00e7as. E nenhum povo domina essa linguagem com tanto talento quanto o povo brasileiro. A m\u00fasica faz parte da alma brasileira. Por isso a TIM investiu no projeto do","og_url":"https:\/\/www.encontramoema.com.br\/sobre\/auditorio-ibirapuera\/","og_site_name":"Encontra Moema","og_image":[{"width":680,"height":189,"url":"https:\/\/www.encontramoema.com.br\/sobre\/wp-content\/uploads\/2017\/08\/auditorio-ibirapuera.jpg","type":"image\/jpeg"}],"twitter_card":"summary_large_image","twitter_misc":{"Est. tempo de leitura":"4 minutos"},"schema":{"@context":"https:\/\/schema.org","@graph":[{"@type":"WebPage","@id":"https:\/\/www.encontramoema.com.br\/sobre\/auditorio-ibirapuera\/","url":"https:\/\/www.encontramoema.com.br\/sobre\/auditorio-ibirapuera\/","name":"Audit\u00f3rio Ibirapuera - Encontra Moema","isPartOf":{"@id":"https:\/\/www.encontramoema.com.br\/sobre\/#website"},"primaryImageOfPage":{"@id":"https:\/\/www.encontramoema.com.br\/sobre\/auditorio-ibirapuera\/#primaryimage"},"image":{"@id":"https:\/\/www.encontramoema.com.br\/sobre\/auditorio-ibirapuera\/#primaryimage"},"thumbnailUrl":"https:\/\/www.encontramoema.com.br\/sobre\/wp-content\/uploads\/2017\/08\/auditorio-ibirapuera.jpg","datePublished":"2017-08-03T16:32:39+00:00","breadcrumb":{"@id":"https:\/\/www.encontramoema.com.br\/sobre\/auditorio-ibirapuera\/#breadcrumb"},"inLanguage":"pt-BR","potentialAction":[{"@type":"ReadAction","target":["https:\/\/www.encontramoema.com.br\/sobre\/auditorio-ibirapuera\/"]}]},{"@type":"ImageObject","inLanguage":"pt-BR","@id":"https:\/\/www.encontramoema.com.br\/sobre\/auditorio-ibirapuera\/#primaryimage","url":"https:\/\/www.encontramoema.com.br\/sobre\/wp-content\/uploads\/2017\/08\/auditorio-ibirapuera.jpg","contentUrl":"https:\/\/www.encontramoema.com.br\/sobre\/wp-content\/uploads\/2017\/08\/auditorio-ibirapuera.jpg","width":680,"height":189},{"@type":"BreadcrumbList","@id":"https:\/\/www.encontramoema.com.br\/sobre\/auditorio-ibirapuera\/#breadcrumb","itemListElement":[{"@type":"ListItem","position":1,"name":"In\u00edcio","item":"https:\/\/www.encontramoema.com.br\/sobre\/"},{"@type":"ListItem","position":2,"name":"Audit\u00f3rio Ibirapuera"}]},{"@type":"WebSite","@id":"https:\/\/www.encontramoema.com.br\/sobre\/#website","url":"https:\/\/www.encontramoema.com.br\/sobre\/","name":"Encontra Moema","description":"Not\u00edcias, eventos, informa\u00e7\u00f5es e dicas no bairro de Moema e regi\u00e3o.","potentialAction":[{"@type":"SearchAction","target":{"@type":"EntryPoint","urlTemplate":"https:\/\/www.encontramoema.com.br\/sobre\/?s={search_term_string}"},"query-input":{"@type":"PropertyValueSpecification","valueRequired":true,"valueName":"search_term_string"}}],"inLanguage":"pt-BR"}]}},"_links":{"self":[{"href":"https:\/\/www.encontramoema.com.br\/sobre\/wp-json\/wp\/v2\/pages\/20542","targetHints":{"allow":["GET"]}}],"collection":[{"href":"https:\/\/www.encontramoema.com.br\/sobre\/wp-json\/wp\/v2\/pages"}],"about":[{"href":"https:\/\/www.encontramoema.com.br\/sobre\/wp-json\/wp\/v2\/types\/page"}],"author":[{"embeddable":true,"href":"https:\/\/www.encontramoema.com.br\/sobre\/wp-json\/wp\/v2\/users\/1"}],"replies":[{"embeddable":true,"href":"https:\/\/www.encontramoema.com.br\/sobre\/wp-json\/wp\/v2\/comments?post=20542"}],"version-history":[{"count":0,"href":"https:\/\/www.encontramoema.com.br\/sobre\/wp-json\/wp\/v2\/pages\/20542\/revisions"}],"wp:featuredmedia":[{"embeddable":true,"href":"https:\/\/www.encontramoema.com.br\/sobre\/wp-json\/wp\/v2\/media\/20544"}],"wp:attachment":[{"href":"https:\/\/www.encontramoema.com.br\/sobre\/wp-json\/wp\/v2\/media?parent=20542"}],"curies":[{"name":"wp","href":"https:\/\/api.w.org\/{rel}","templated":true}]}}