{"id":20545,"date":"2017-08-03T15:36:26","date_gmt":"2017-08-03T17:36:26","guid":{"rendered":"http:\/\/www.encontramoema.com.br\/sobre\/?page_id=20545"},"modified":"2017-08-03T15:36:26","modified_gmt":"2017-08-03T17:36:26","slug":"avenida-dos-bandeirantes","status":"publish","type":"page","link":"https:\/\/www.encontramoema.com.br\/sobre\/avenida-dos-bandeirantes\/","title":{"rendered":"Avenida dos Bandeirantes"},"content":{"rendered":"<div class=\"b7f545a958fd6350ffae2d30a84cafb8\" data-index=\"1\" style=\"float: none; margin:0px;\">\n<!-- Anuncio display - global -->\r\n<ins class=\"adsbygoogle\"\r\n     style=\"display:block\"\r\n     data-ad-client=\"ca-pub-8585364105181520\"\r\n     data-ad-slot=\"8789329856\"\r\n     data-ad-format=\"auto\"\r\n     data-full-width-responsive=\"true\"><\/ins>\r\n<script>\r\n     (adsbygoogle = window.adsbygoogle || []).push({});\r\n<\/script>\n<\/div>\n<p>A <strong>Avenida dos Bandeirantes<\/strong> \u00e9 uma das mais importantes avenidas de S\u00e3o Paulo, serve como principal via de acesso ao Aeroporto de Congonhas, e liga\u00a0a Marginal Pinheiros \u00e0s rodovias Anchieta e Imigrantes.<\/p>\n<p>Conhecida apenas como Bandeirantes a avenida tem grande tr\u00e2nsito de caminh\u00f5es devido ao fluxo de exporta\u00e7\u00e3o que escoa pelo porto de Santos.<\/p>\n<p><img loading=\"lazy\" decoding=\"async\" class=\"alignnone wp-image-20548\" title=\"Avenida dos Bandeirantes\" src=\"http:\/\/www.encontramoema.com.br\/sobre\/wp-content\/uploads\/2017\/08\/avenida-dos-bandeirantes.jpg\" alt=\"Avenida dos Bandeirantes\" width=\"742\" height=\"329\" srcset=\"https:\/\/www.encontramoema.com.br\/sobre\/wp-content\/uploads\/2017\/08\/avenida-dos-bandeirantes.jpg 816w, https:\/\/www.encontramoema.com.br\/sobre\/wp-content\/uploads\/2017\/08\/avenida-dos-bandeirantes-300x133.jpg 300w, https:\/\/www.encontramoema.com.br\/sobre\/wp-content\/uploads\/2017\/08\/avenida-dos-bandeirantes-768x341.jpg 768w\" sizes=\"auto, (max-width: 742px) 100vw, 742px\" \/><\/p>\n<p>A Avenida dos Bandeirantes tem tamb\u00e9m a fun\u00e7\u00e3o de delimitar a \u00e1rea chamada de centro expandido, marcando o limite sul da regi\u00e3o.<\/p>\n<p>Originalmente chamava-se Estrada da Trai\u00e7\u00e3o e foi constru\u00edda sobre o leito canalizado do C\u00f3rrego da Trai\u00e7\u00e3o que se estendia do Planalto Paulista at\u00e9 o rio Pinheiros, desaguando onde hoje \u00e9 a Usina Elevat\u00f3ria da Trai\u00e7\u00e3o.<\/p>\n<p>A avenida, at\u00e9 1935, dividia os munic\u00edpios de Santo Amaro e S\u00e3o Paulo. Depois, a cidade vizinha foi incorporada e tornou-se um dos distritos mais importantes da capital.<\/p>\n<p>A Avenida dos Bandeirantes \u00e9 um dos principais corredores da capital, ligando cidades da Grande S\u00e3o Paulo a bairros importantes da metr\u00f3pole, como Moema e Vila Ol\u00edmpia.<\/p>\n<p>Com mais de 7 quil\u00f4metros de extens\u00e3o, a via passou por grandes mudan\u00e7as ao longo do tempo, tornando-se ponto de com\u00e9rcio de artigos diversos, como as imponentes lojas de lanchas e as que vendem produtos como lareiras e piscinas.<\/p>\n<h2>Avenida dos Bandeirantes Com\u00e9rcios<\/h2>\n<p>Veja alguns com\u00e9rcios localizados na Avenida dos Bandeirantes:<\/p>\n<ul>\n<li>Petz Bandeirantes<\/li>\n<li>Sulam\u00e9rica Seguros<\/li>\n<li>Jardineira Grill<\/li>\n<li>Fogo de Ch\u00e3o<\/li>\n<li>Posto Shell<\/li>\n<li><a href=\"http:\/\/www.encontramoema.com.br\/sobre\/club-a-moema\/\"><span style=\"text-decoration: underline;\">Club A<\/span><\/a><\/li>\n<li>Burger King<\/li>\n<li><span style=\"text-decoration: underline;\"><a href=\"http:\/\/www.encontramoema.com.br\/sobre\/pizza-hut-moema\/\">Pizza Hut<\/a><\/span><\/li>\n<li>Graal<\/li>\n<\/ul>\n<p><img loading=\"lazy\" decoding=\"async\" class=\"alignnone wp-image-20547\" title=\"Mapa Avenida dos Bandeirantes\" src=\"http:\/\/www.encontramoema.com.br\/sobre\/wp-content\/uploads\/2017\/08\/mapa-avenida-bandeirantes-1.jpg\" alt=\"Mapa Avenida dos Bandeirantes\" width=\"715\" height=\"317\" srcset=\"https:\/\/www.encontramoema.com.br\/sobre\/wp-content\/uploads\/2017\/08\/mapa-avenida-bandeirantes-1.jpg 816w, https:\/\/www.encontramoema.com.br\/sobre\/wp-content\/uploads\/2017\/08\/mapa-avenida-bandeirantes-1-300x133.jpg 300w, https:\/\/www.encontramoema.com.br\/sobre\/wp-content\/uploads\/2017\/08\/mapa-avenida-bandeirantes-1-768x341.jpg 768w\" sizes=\"auto, (max-width: 715px) 100vw, 715px\" \/><\/p>\n<h3>Avenida dos Bandeirantes CEP<\/h3>\n<p>Alguns dos CEPs da longa Avenida dos Bandeirantes:<\/p>\n<ul>\n<li>04071-001<\/li>\n<li>04553-010<\/li>\n<li>04553-902<\/li>\n<li>04553-903<\/li>\n<li>04553-900<\/li>\n<li>04071-011<\/li>\n<li>04071-010<\/li>\n<li>04071-000<\/li>\n<li>04071-900<\/li>\n<li>04553-012<\/li>\n<li>04553-003<\/li>\n<li>04553-001<\/li>\n<li>04553-002<\/li>\n<li>04553-000<\/li>\n<li>04071-012<\/li>\n<li>04553-011<\/li>\n<li>08421-135<\/li>\n<\/ul>\n<h4>Mapa de localiza\u00e7\u00e3o<\/h4>\n<a class=\"wp-colorbox-iframe\" href=\"https:\/\/www.google.com\/maps\/embed?pb=!1m18!1m12!1m3!1d3655.757425548803!2d-46.671238108129124!3d-23.613031063082293!2m3!1f0!2f0!3f0!3m2!1i1024!2i768!4f13.1!3m3!1m2!1s0x94ce5a0a1ee3ada90x5bad8094172f7939!2sAv.+dos+Bandeirantes+-+Vila+Olimpia+So+Paulo+-+SP!5e0!3m2!1spt-BR!2sbr!4v1501781338290\"><img decoding=\"async\" src=\"http:\/\/www.encontramoema.com.br\/imgs\/maps-post.png\"><\/a>\n\n<div style=\"font-size: 0px; height: 0px; line-height: 0px; margin: 0; padding: 0; clear: both;\"><\/div>","protected":false},"excerpt":{"rendered":"<p>A Avenida dos Bandeirantes \u00e9 uma das mais importantes avenidas de S\u00e3o Paulo, serve como principal via de acesso ao Aeroporto de Congonhas, e liga\u00a0a Marginal Pinheiros \u00e0s rodovias Anchieta e Imigrantes. Conhecida apenas como Bandeirantes a avenida tem grande tr\u00e2nsito de caminh\u00f5es devido ao fluxo de exporta\u00e7\u00e3o que escoa pelo porto de Santos. A Avenida dos Bandeirantes tem tamb\u00e9m a fun\u00e7\u00e3o de delimitar a \u00e1rea chamada de centro expandido, marcando o limite sul da regi\u00e3o. Originalmente chamava-se Estrada da Trai\u00e7\u00e3o e foi constru\u00edda sobre o leito canalizado do C\u00f3rrego da Trai\u00e7\u00e3o que se estendia do Planalto Paulista at\u00e9 o <\/p>\n","protected":false},"author":1,"featured_media":0,"parent":0,"menu_order":0,"comment_status":"closed","ping_status":"closed","template":"","meta":{"footnotes":""},"class_list":["post-20545","page","type-page","status-publish","hentry"],"yoast_head":"<!-- This site is optimized with the Yoast SEO plugin v26.3 - https:\/\/yoast.com\/wordpress\/plugins\/seo\/ -->\n<title>Avenida dos Bandeirantes - Encontra Moema<\/title>\n<meta name=\"robots\" content=\"index, follow, max-snippet:-1, max-image-preview:large, max-video-preview:-1\" \/>\n<link rel=\"canonical\" href=\"https:\/\/www.encontramoema.com.br\/sobre\/avenida-dos-bandeirantes\/\" \/>\n<meta property=\"og:locale\" content=\"pt_BR\" \/>\n<meta property=\"og:type\" content=\"article\" \/>\n<meta property=\"og:title\" content=\"Avenida dos Bandeirantes - Encontra Moema\" \/>\n<meta property=\"og:description\" content=\"A Avenida dos Bandeirantes \u00e9 uma das mais importantes avenidas de S\u00e3o Paulo, serve como principal via de acesso ao Aeroporto de Congonhas, e liga\u00a0a Marginal Pinheiros \u00e0s rodovias Anchieta e Imigrantes. Conhecida apenas como Bandeirantes a avenida tem grande tr\u00e2nsito de caminh\u00f5es devido ao fluxo de exporta\u00e7\u00e3o que escoa pelo porto de Santos. A Avenida dos Bandeirantes tem tamb\u00e9m a fun\u00e7\u00e3o de delimitar a \u00e1rea chamada de centro expandido, marcando o limite sul da regi\u00e3o. Originalmente chamava-se Estrada da Trai\u00e7\u00e3o e foi constru\u00edda sobre o leito canalizado do C\u00f3rrego da Trai\u00e7\u00e3o que se estendia do Planalto Paulista at\u00e9 o\" \/>\n<meta property=\"og:url\" content=\"https:\/\/www.encontramoema.com.br\/sobre\/avenida-dos-bandeirantes\/\" \/>\n<meta property=\"og:site_name\" content=\"Encontra Moema\" \/>\n<meta property=\"og:image\" content=\"http:\/\/www.encontramoema.com.br\/sobre\/wp-content\/uploads\/2017\/08\/avenida-dos-bandeirantes.jpg\" \/>\n<meta name=\"twitter:card\" content=\"summary_large_image\" \/>\n<meta name=\"twitter:label1\" content=\"Est. tempo de leitura\" \/>\n\t<meta name=\"twitter:data1\" content=\"2 minutos\" \/>\n<script type=\"application\/ld+json\" class=\"yoast-schema-graph\">{\"@context\":\"https:\/\/schema.org\",\"@graph\":[{\"@type\":\"WebPage\",\"@id\":\"https:\/\/www.encontramoema.com.br\/sobre\/avenida-dos-bandeirantes\/\",\"url\":\"https:\/\/www.encontramoema.com.br\/sobre\/avenida-dos-bandeirantes\/\",\"name\":\"Avenida dos Bandeirantes - Encontra Moema\",\"isPartOf\":{\"@id\":\"https:\/\/www.encontramoema.com.br\/sobre\/#website\"},\"primaryImageOfPage\":{\"@id\":\"https:\/\/www.encontramoema.com.br\/sobre\/avenida-dos-bandeirantes\/#primaryimage\"},\"image\":{\"@id\":\"https:\/\/www.encontramoema.com.br\/sobre\/avenida-dos-bandeirantes\/#primaryimage\"},\"thumbnailUrl\":\"http:\/\/www.encontramoema.com.br\/sobre\/wp-content\/uploads\/2017\/08\/avenida-dos-bandeirantes.jpg\",\"datePublished\":\"2017-08-03T17:36:26+00:00\",\"breadcrumb\":{\"@id\":\"https:\/\/www.encontramoema.com.br\/sobre\/avenida-dos-bandeirantes\/#breadcrumb\"},\"inLanguage\":\"pt-BR\",\"potentialAction\":[{\"@type\":\"ReadAction\",\"target\":[\"https:\/\/www.encontramoema.com.br\/sobre\/avenida-dos-bandeirantes\/\"]}]},{\"@type\":\"ImageObject\",\"inLanguage\":\"pt-BR\",\"@id\":\"https:\/\/www.encontramoema.com.br\/sobre\/avenida-dos-bandeirantes\/#primaryimage\",\"url\":\"https:\/\/www.encontramoema.com.br\/sobre\/wp-content\/uploads\/2017\/08\/avenida-dos-bandeirantes.jpg\",\"contentUrl\":\"https:\/\/www.encontramoema.com.br\/sobre\/wp-content\/uploads\/2017\/08\/avenida-dos-bandeirantes.jpg\",\"width\":816,\"height\":362},{\"@type\":\"BreadcrumbList\",\"@id\":\"https:\/\/www.encontramoema.com.br\/sobre\/avenida-dos-bandeirantes\/#breadcrumb\",\"itemListElement\":[{\"@type\":\"ListItem\",\"position\":1,\"name\":\"In\u00edcio\",\"item\":\"https:\/\/www.encontramoema.com.br\/sobre\/\"},{\"@type\":\"ListItem\",\"position\":2,\"name\":\"Avenida dos Bandeirantes\"}]},{\"@type\":\"WebSite\",\"@id\":\"https:\/\/www.encontramoema.com.br\/sobre\/#website\",\"url\":\"https:\/\/www.encontramoema.com.br\/sobre\/\",\"name\":\"Encontra Moema\",\"description\":\"Not\u00edcias, eventos, informa\u00e7\u00f5es e dicas no bairro de Moema e regi\u00e3o.\",\"potentialAction\":[{\"@type\":\"SearchAction\",\"target\":{\"@type\":\"EntryPoint\",\"urlTemplate\":\"https:\/\/www.encontramoema.com.br\/sobre\/?s={search_term_string}\"},\"query-input\":{\"@type\":\"PropertyValueSpecification\",\"valueRequired\":true,\"valueName\":\"search_term_string\"}}],\"inLanguage\":\"pt-BR\"}]}<\/script>\n<!-- \/ Yoast SEO plugin. -->","yoast_head_json":{"title":"Avenida dos Bandeirantes - Encontra Moema","robots":{"index":"index","follow":"follow","max-snippet":"max-snippet:-1","max-image-preview":"max-image-preview:large","max-video-preview":"max-video-preview:-1"},"canonical":"https:\/\/www.encontramoema.com.br\/sobre\/avenida-dos-bandeirantes\/","og_locale":"pt_BR","og_type":"article","og_title":"Avenida dos Bandeirantes - Encontra Moema","og_description":"A Avenida dos Bandeirantes \u00e9 uma das mais importantes avenidas de S\u00e3o Paulo, serve como principal via de acesso ao Aeroporto de Congonhas, e liga\u00a0a Marginal Pinheiros \u00e0s rodovias Anchieta e Imigrantes. Conhecida apenas como Bandeirantes a avenida tem grande tr\u00e2nsito de caminh\u00f5es devido ao fluxo de exporta\u00e7\u00e3o que escoa pelo porto de Santos. A Avenida dos Bandeirantes tem tamb\u00e9m a fun\u00e7\u00e3o de delimitar a \u00e1rea chamada de centro expandido, marcando o limite sul da regi\u00e3o. Originalmente chamava-se Estrada da Trai\u00e7\u00e3o e foi constru\u00edda sobre o leito canalizado do C\u00f3rrego da Trai\u00e7\u00e3o que se estendia do Planalto Paulista at\u00e9 o","og_url":"https:\/\/www.encontramoema.com.br\/sobre\/avenida-dos-bandeirantes\/","og_site_name":"Encontra Moema","og_image":[{"url":"http:\/\/www.encontramoema.com.br\/sobre\/wp-content\/uploads\/2017\/08\/avenida-dos-bandeirantes.jpg","type":"","width":"","height":""}],"twitter_card":"summary_large_image","twitter_misc":{"Est. tempo de leitura":"2 minutos"},"schema":{"@context":"https:\/\/schema.org","@graph":[{"@type":"WebPage","@id":"https:\/\/www.encontramoema.com.br\/sobre\/avenida-dos-bandeirantes\/","url":"https:\/\/www.encontramoema.com.br\/sobre\/avenida-dos-bandeirantes\/","name":"Avenida dos Bandeirantes - Encontra Moema","isPartOf":{"@id":"https:\/\/www.encontramoema.com.br\/sobre\/#website"},"primaryImageOfPage":{"@id":"https:\/\/www.encontramoema.com.br\/sobre\/avenida-dos-bandeirantes\/#primaryimage"},"image":{"@id":"https:\/\/www.encontramoema.com.br\/sobre\/avenida-dos-bandeirantes\/#primaryimage"},"thumbnailUrl":"http:\/\/www.encontramoema.com.br\/sobre\/wp-content\/uploads\/2017\/08\/avenida-dos-bandeirantes.jpg","datePublished":"2017-08-03T17:36:26+00:00","breadcrumb":{"@id":"https:\/\/www.encontramoema.com.br\/sobre\/avenida-dos-bandeirantes\/#breadcrumb"},"inLanguage":"pt-BR","potentialAction":[{"@type":"ReadAction","target":["https:\/\/www.encontramoema.com.br\/sobre\/avenida-dos-bandeirantes\/"]}]},{"@type":"ImageObject","inLanguage":"pt-BR","@id":"https:\/\/www.encontramoema.com.br\/sobre\/avenida-dos-bandeirantes\/#primaryimage","url":"https:\/\/www.encontramoema.com.br\/sobre\/wp-content\/uploads\/2017\/08\/avenida-dos-bandeirantes.jpg","contentUrl":"https:\/\/www.encontramoema.com.br\/sobre\/wp-content\/uploads\/2017\/08\/avenida-dos-bandeirantes.jpg","width":816,"height":362},{"@type":"BreadcrumbList","@id":"https:\/\/www.encontramoema.com.br\/sobre\/avenida-dos-bandeirantes\/#breadcrumb","itemListElement":[{"@type":"ListItem","position":1,"name":"In\u00edcio","item":"https:\/\/www.encontramoema.com.br\/sobre\/"},{"@type":"ListItem","position":2,"name":"Avenida dos Bandeirantes"}]},{"@type":"WebSite","@id":"https:\/\/www.encontramoema.com.br\/sobre\/#website","url":"https:\/\/www.encontramoema.com.br\/sobre\/","name":"Encontra Moema","description":"Not\u00edcias, eventos, informa\u00e7\u00f5es e dicas no bairro de Moema e regi\u00e3o.","potentialAction":[{"@type":"SearchAction","target":{"@type":"EntryPoint","urlTemplate":"https:\/\/www.encontramoema.com.br\/sobre\/?s={search_term_string}"},"query-input":{"@type":"PropertyValueSpecification","valueRequired":true,"valueName":"search_term_string"}}],"inLanguage":"pt-BR"}]}},"_links":{"self":[{"href":"https:\/\/www.encontramoema.com.br\/sobre\/wp-json\/wp\/v2\/pages\/20545","targetHints":{"allow":["GET"]}}],"collection":[{"href":"https:\/\/www.encontramoema.com.br\/sobre\/wp-json\/wp\/v2\/pages"}],"about":[{"href":"https:\/\/www.encontramoema.com.br\/sobre\/wp-json\/wp\/v2\/types\/page"}],"author":[{"embeddable":true,"href":"https:\/\/www.encontramoema.com.br\/sobre\/wp-json\/wp\/v2\/users\/1"}],"replies":[{"embeddable":true,"href":"https:\/\/www.encontramoema.com.br\/sobre\/wp-json\/wp\/v2\/comments?post=20545"}],"version-history":[{"count":0,"href":"https:\/\/www.encontramoema.com.br\/sobre\/wp-json\/wp\/v2\/pages\/20545\/revisions"}],"wp:attachment":[{"href":"https:\/\/www.encontramoema.com.br\/sobre\/wp-json\/wp\/v2\/media?parent=20545"}],"curies":[{"name":"wp","href":"https:\/\/api.w.org\/{rel}","templated":true}]}}