{"id":20549,"date":"2017-08-03T16:10:27","date_gmt":"2017-08-03T18:10:27","guid":{"rendered":"http:\/\/www.encontramoema.com.br\/sobre\/?page_id=20549"},"modified":"2017-08-03T16:10:27","modified_gmt":"2017-08-03T18:10:27","slug":"complexo-viario-ayrton-senna-em-moema","status":"publish","type":"page","link":"https:\/\/www.encontramoema.com.br\/sobre\/complexo-viario-ayrton-senna-em-moema\/","title":{"rendered":"Complexo Vi\u00e1rio Ayrton Senna em Moema"},"content":{"rendered":"<div class=\"b7f545a958fd6350ffae2d30a84cafb8\" data-index=\"1\" style=\"float: none; margin:0px;\">\n<!-- Anuncio display - global -->\r\n<ins class=\"adsbygoogle\"\r\n     style=\"display:block\"\r\n     data-ad-client=\"ca-pub-8585364105181520\"\r\n     data-ad-slot=\"8789329856\"\r\n     data-ad-format=\"auto\"\r\n     data-full-width-responsive=\"true\"><\/ins>\r\n<script>\r\n     (adsbygoogle = window.adsbygoogle || []).push({});\r\n<\/script>\n<\/div>\n<p>O <strong>Complexo Vi\u00e1rio Ayrton Senna<\/strong> \u00e9 composto de dois t\u00faneis com extens\u00e3o total de quase 2 Km, que passam por baixo do Parque do Ibirapuera atrav\u00e9s de 3 acessos: Av. 23 de Maio, Av. Senna Madureira e Av. Antonio Joaquim de Moura Andrade.<\/p>\n<p>A Constru\u00e7\u00e3o se iniciou em 1986 e teve seu termino no ano de 1988.<\/p>\n<p><img loading=\"lazy\" decoding=\"async\" class=\"alignnone wp-image-20550\" title=\"Complexo Vi\u00e1rio Ayrton Senna\" src=\"http:\/\/www.encontramoema.com.br\/sobre\/wp-content\/uploads\/2017\/08\/complexo-ayrton-senna.jpg\" alt=\"Complexo Vi\u00e1rio Ayrton Senna\" width=\"763\" height=\"369\" srcset=\"https:\/\/www.encontramoema.com.br\/sobre\/wp-content\/uploads\/2017\/08\/complexo-ayrton-senna.jpg 1000w, https:\/\/www.encontramoema.com.br\/sobre\/wp-content\/uploads\/2017\/08\/complexo-ayrton-senna-300x145.jpg 300w, https:\/\/www.encontramoema.com.br\/sobre\/wp-content\/uploads\/2017\/08\/complexo-ayrton-senna-768x372.jpg 768w\" sizes=\"auto, (max-width: 763px) 100vw, 763px\" \/><\/p>\n<p>A Prefeitura da Cidade de S\u00e3o Paulo, com o intuito de imortalizar a imagem de nosso grande campe\u00e3o, erigiu em 1995 no Complexo Vi\u00e1rio Ayrton Senna, no cora\u00e7\u00e3o do Ibirapuera, um monumento de 5 m em bronze com a obra &#8220;Velocidade, Alma, Emo\u00e7\u00e3o&#8221; criada pela escultora Melinda Garcia.<\/p>\n<p>Esta pe\u00e7a foi desenvolvida tendo como base o carro de F\u00f3rmula I de Ayrton Senna, com a finalidade de cumprir uma homenagem ao \u00eddolo em tr\u00eas objetivos:<\/p>\n<ul>\n<li>Velocidade &#8211;\u00a0imortalizar sua passagem mete\u00f3rica;<\/li>\n<li>Alma\u00a0&#8211; apreender de forma subentendida, por\u00e9m substancial, sua presen\u00e7a an\u00edmica e carism\u00e1tica;<\/li>\n<li>Emo\u00e7\u00e3o &#8211; aqui representada pela bandeira, simbolizando a entusiasmada vibra\u00e7\u00e3o que sacudiu a todos os\u00a0brasileiros, criando uma uni\u00e3o n\u00e3o s\u00f3 nacional, mas universal.<\/li>\n<\/ul>\n<p>O monumento a Ayrton Senna? ficava acima de uma das entradas do complexo. Ap\u00f3s a transfer\u00eancia do monumento para o Centro Esportivo Model\u00f3dromo, no local foi hasteada uma bandeira do Brasil.<\/p>\n<p><img loading=\"lazy\" decoding=\"async\" class=\"alignnone wp-image-20551 size-full\" title=\"Mapa Complexo Vi\u00e1rio Ayrton Senna\" src=\"http:\/\/www.encontramoema.com.br\/sobre\/wp-content\/uploads\/2017\/08\/mapa-complexo-viario-ayrton-sena.jpg\" alt=\"Mapa Complexo Vi\u00e1rio Ayrton Senna\" width=\"633\" height=\"320\" srcset=\"https:\/\/www.encontramoema.com.br\/sobre\/wp-content\/uploads\/2017\/08\/mapa-complexo-viario-ayrton-sena.jpg 633w, https:\/\/www.encontramoema.com.br\/sobre\/wp-content\/uploads\/2017\/08\/mapa-complexo-viario-ayrton-sena-300x152.jpg 300w\" sizes=\"auto, (max-width: 633px) 100vw, 633px\" \/><\/p>\n<h2>Constru\u00e7\u00e3o do T\u00fanel Ayrton Senna<\/h2>\n<p>Execu\u00e7\u00e3o dos servi\u00e7os e obras de constru\u00e7\u00e3o do T\u00fanel Ayrton Senna, ao longo das Avenidas Juscelino Kubitschek e Antonio Joaquim de Moura Andrade, desde a Rua Dr. Renato Paes de Barros at\u00e9 a Av. 23 de maio, compreendendo a constru\u00e7\u00e3o de dois t\u00faneis paralelos ligando a Av. Juscelino Kubitschek \u00e0 Av. 23 de Maio sob o eixo da Av. Antonio Joaquim de Moura Andrade e sob o Parque Ibirapuera, cada um deles com duas pistas de rolamento.<\/p>\n<p>O t\u00fanel esquerdo considerando o sentido Av. Juscelino Kubitschek &#8211; Av. 23 de maio tem extens\u00e3o de 2.170 m e 50 m de emboque e o t\u00fanel direito tem extens\u00e3o de 2.900 m e 190 m de emboque e a execu\u00e7\u00e3o de obras complementares.<\/p>\n<h3>Complexo Vi\u00e1rio Ayrton Senna Radar<\/h3>\n<p>Seu limite de velocidade \u00e9 de 50 km\/h, e atualmente conta com fiscaliza\u00e7\u00e3o eletr\u00f4nica em uma de suas entradas, mas n\u00e3o ao longo do percurso.<\/p>\n<h3>T\u00fanel Ayrton Senna Hor\u00e1rio de Funcionamento<\/h3>\n<ul>\n<li>24h<\/li>\n<\/ul>\n<h4>Mapa de localiza\u00e7\u00e3o<\/h4>\n<a class=\"wp-colorbox-iframe\" href=\"https:\/\/www.google.com\/maps\/embed?pb=!1m18!1m12!1m3!1d3656.49761954155!2d-46.660660585021695!3d-23.58648008467047!2m3!1f0!2f0!3f0!3m2!1i1024!2i768!4f13.1!3m3!1m2!1s0x94ce59f27e2204190xbf340a5c64926d0a!2sComplexo+Virio+Ayrton+Senna+So+Paulo+-+SP!5e0!3m2!1spt-BR!2sbr!4v1501783253358\"><img decoding=\"async\" src=\"http:\/\/www.encontramoema.com.br\/imgs\/maps-post.png\"><\/a>\n\n<div style=\"font-size: 0px; height: 0px; line-height: 0px; margin: 0; padding: 0; clear: both;\"><\/div>","protected":false},"excerpt":{"rendered":"<p>O Complexo Vi\u00e1rio Ayrton Senna \u00e9 composto de dois t\u00faneis com extens\u00e3o total de quase 2 Km, que passam por baixo do Parque do Ibirapuera atrav\u00e9s de 3 acessos: Av. 23 de Maio, Av. Senna Madureira e Av. Antonio Joaquim de Moura Andrade. A Constru\u00e7\u00e3o se iniciou em 1986 e teve seu termino no ano de 1988. A Prefeitura da Cidade de S\u00e3o Paulo, com o intuito de imortalizar a imagem de nosso grande campe\u00e3o, erigiu em 1995 no Complexo Vi\u00e1rio Ayrton Senna, no cora\u00e7\u00e3o do Ibirapuera, um monumento de 5 m em bronze com a obra &#8220;Velocidade, Alma, Emo\u00e7\u00e3o&#8221; <\/p>\n","protected":false},"author":1,"featured_media":0,"parent":0,"menu_order":0,"comment_status":"closed","ping_status":"closed","template":"","meta":{"footnotes":""},"class_list":["post-20549","page","type-page","status-publish","hentry"],"yoast_head":"<!-- This site is optimized with the Yoast SEO plugin v26.3 - https:\/\/yoast.com\/wordpress\/plugins\/seo\/ -->\n<title>Complexo Vi\u00e1rio Ayrton Senna em Moema - Encontra Moema<\/title>\n<meta name=\"robots\" content=\"index, follow, max-snippet:-1, max-image-preview:large, max-video-preview:-1\" \/>\n<link rel=\"canonical\" href=\"https:\/\/www.encontramoema.com.br\/sobre\/complexo-viario-ayrton-senna-em-moema\/\" \/>\n<meta property=\"og:locale\" content=\"pt_BR\" \/>\n<meta property=\"og:type\" content=\"article\" \/>\n<meta property=\"og:title\" content=\"Complexo Vi\u00e1rio Ayrton Senna em Moema - Encontra Moema\" \/>\n<meta property=\"og:description\" content=\"O Complexo Vi\u00e1rio Ayrton Senna \u00e9 composto de dois t\u00faneis com extens\u00e3o total de quase 2 Km, que passam por baixo do Parque do Ibirapuera atrav\u00e9s de 3 acessos: Av. 23 de Maio, Av. Senna Madureira e Av. Antonio Joaquim de Moura Andrade. A Constru\u00e7\u00e3o se iniciou em 1986 e teve seu termino no ano de 1988. A Prefeitura da Cidade de S\u00e3o Paulo, com o intuito de imortalizar a imagem de nosso grande campe\u00e3o, erigiu em 1995 no Complexo Vi\u00e1rio Ayrton Senna, no cora\u00e7\u00e3o do Ibirapuera, um monumento de 5 m em bronze com a obra &#8220;Velocidade, Alma, Emo\u00e7\u00e3o&#8221;\" \/>\n<meta property=\"og:url\" content=\"https:\/\/www.encontramoema.com.br\/sobre\/complexo-viario-ayrton-senna-em-moema\/\" \/>\n<meta property=\"og:site_name\" content=\"Encontra Moema\" \/>\n<meta property=\"og:image\" content=\"http:\/\/www.encontramoema.com.br\/sobre\/wp-content\/uploads\/2017\/08\/complexo-ayrton-senna.jpg\" \/>\n<meta name=\"twitter:card\" content=\"summary_large_image\" \/>\n<meta name=\"twitter:label1\" content=\"Est. tempo de leitura\" \/>\n\t<meta name=\"twitter:data1\" content=\"2 minutos\" \/>\n<script type=\"application\/ld+json\" class=\"yoast-schema-graph\">{\"@context\":\"https:\/\/schema.org\",\"@graph\":[{\"@type\":\"WebPage\",\"@id\":\"https:\/\/www.encontramoema.com.br\/sobre\/complexo-viario-ayrton-senna-em-moema\/\",\"url\":\"https:\/\/www.encontramoema.com.br\/sobre\/complexo-viario-ayrton-senna-em-moema\/\",\"name\":\"Complexo Vi\u00e1rio Ayrton Senna em Moema - Encontra Moema\",\"isPartOf\":{\"@id\":\"https:\/\/www.encontramoema.com.br\/sobre\/#website\"},\"primaryImageOfPage\":{\"@id\":\"https:\/\/www.encontramoema.com.br\/sobre\/complexo-viario-ayrton-senna-em-moema\/#primaryimage\"},\"image\":{\"@id\":\"https:\/\/www.encontramoema.com.br\/sobre\/complexo-viario-ayrton-senna-em-moema\/#primaryimage\"},\"thumbnailUrl\":\"http:\/\/www.encontramoema.com.br\/sobre\/wp-content\/uploads\/2017\/08\/complexo-ayrton-senna.jpg\",\"datePublished\":\"2017-08-03T18:10:27+00:00\",\"breadcrumb\":{\"@id\":\"https:\/\/www.encontramoema.com.br\/sobre\/complexo-viario-ayrton-senna-em-moema\/#breadcrumb\"},\"inLanguage\":\"pt-BR\",\"potentialAction\":[{\"@type\":\"ReadAction\",\"target\":[\"https:\/\/www.encontramoema.com.br\/sobre\/complexo-viario-ayrton-senna-em-moema\/\"]}]},{\"@type\":\"ImageObject\",\"inLanguage\":\"pt-BR\",\"@id\":\"https:\/\/www.encontramoema.com.br\/sobre\/complexo-viario-ayrton-senna-em-moema\/#primaryimage\",\"url\":\"https:\/\/www.encontramoema.com.br\/sobre\/wp-content\/uploads\/2017\/08\/complexo-ayrton-senna.jpg\",\"contentUrl\":\"https:\/\/www.encontramoema.com.br\/sobre\/wp-content\/uploads\/2017\/08\/complexo-ayrton-senna.jpg\",\"width\":1000,\"height\":484},{\"@type\":\"BreadcrumbList\",\"@id\":\"https:\/\/www.encontramoema.com.br\/sobre\/complexo-viario-ayrton-senna-em-moema\/#breadcrumb\",\"itemListElement\":[{\"@type\":\"ListItem\",\"position\":1,\"name\":\"In\u00edcio\",\"item\":\"https:\/\/www.encontramoema.com.br\/sobre\/\"},{\"@type\":\"ListItem\",\"position\":2,\"name\":\"Complexo Vi\u00e1rio Ayrton Senna em Moema\"}]},{\"@type\":\"WebSite\",\"@id\":\"https:\/\/www.encontramoema.com.br\/sobre\/#website\",\"url\":\"https:\/\/www.encontramoema.com.br\/sobre\/\",\"name\":\"Encontra Moema\",\"description\":\"Not\u00edcias, eventos, informa\u00e7\u00f5es e dicas no bairro de Moema e regi\u00e3o.\",\"potentialAction\":[{\"@type\":\"SearchAction\",\"target\":{\"@type\":\"EntryPoint\",\"urlTemplate\":\"https:\/\/www.encontramoema.com.br\/sobre\/?s={search_term_string}\"},\"query-input\":{\"@type\":\"PropertyValueSpecification\",\"valueRequired\":true,\"valueName\":\"search_term_string\"}}],\"inLanguage\":\"pt-BR\"}]}<\/script>\n<!-- \/ Yoast SEO plugin. -->","yoast_head_json":{"title":"Complexo Vi\u00e1rio Ayrton Senna em Moema - Encontra Moema","robots":{"index":"index","follow":"follow","max-snippet":"max-snippet:-1","max-image-preview":"max-image-preview:large","max-video-preview":"max-video-preview:-1"},"canonical":"https:\/\/www.encontramoema.com.br\/sobre\/complexo-viario-ayrton-senna-em-moema\/","og_locale":"pt_BR","og_type":"article","og_title":"Complexo Vi\u00e1rio Ayrton Senna em Moema - Encontra Moema","og_description":"O Complexo Vi\u00e1rio Ayrton Senna \u00e9 composto de dois t\u00faneis com extens\u00e3o total de quase 2 Km, que passam por baixo do Parque do Ibirapuera atrav\u00e9s de 3 acessos: Av. 23 de Maio, Av. Senna Madureira e Av. Antonio Joaquim de Moura Andrade. A Constru\u00e7\u00e3o se iniciou em 1986 e teve seu termino no ano de 1988. A Prefeitura da Cidade de S\u00e3o Paulo, com o intuito de imortalizar a imagem de nosso grande campe\u00e3o, erigiu em 1995 no Complexo Vi\u00e1rio Ayrton Senna, no cora\u00e7\u00e3o do Ibirapuera, um monumento de 5 m em bronze com a obra &#8220;Velocidade, Alma, Emo\u00e7\u00e3o&#8221;","og_url":"https:\/\/www.encontramoema.com.br\/sobre\/complexo-viario-ayrton-senna-em-moema\/","og_site_name":"Encontra Moema","og_image":[{"url":"http:\/\/www.encontramoema.com.br\/sobre\/wp-content\/uploads\/2017\/08\/complexo-ayrton-senna.jpg","type":"","width":"","height":""}],"twitter_card":"summary_large_image","twitter_misc":{"Est. tempo de leitura":"2 minutos"},"schema":{"@context":"https:\/\/schema.org","@graph":[{"@type":"WebPage","@id":"https:\/\/www.encontramoema.com.br\/sobre\/complexo-viario-ayrton-senna-em-moema\/","url":"https:\/\/www.encontramoema.com.br\/sobre\/complexo-viario-ayrton-senna-em-moema\/","name":"Complexo Vi\u00e1rio Ayrton Senna em Moema - Encontra Moema","isPartOf":{"@id":"https:\/\/www.encontramoema.com.br\/sobre\/#website"},"primaryImageOfPage":{"@id":"https:\/\/www.encontramoema.com.br\/sobre\/complexo-viario-ayrton-senna-em-moema\/#primaryimage"},"image":{"@id":"https:\/\/www.encontramoema.com.br\/sobre\/complexo-viario-ayrton-senna-em-moema\/#primaryimage"},"thumbnailUrl":"http:\/\/www.encontramoema.com.br\/sobre\/wp-content\/uploads\/2017\/08\/complexo-ayrton-senna.jpg","datePublished":"2017-08-03T18:10:27+00:00","breadcrumb":{"@id":"https:\/\/www.encontramoema.com.br\/sobre\/complexo-viario-ayrton-senna-em-moema\/#breadcrumb"},"inLanguage":"pt-BR","potentialAction":[{"@type":"ReadAction","target":["https:\/\/www.encontramoema.com.br\/sobre\/complexo-viario-ayrton-senna-em-moema\/"]}]},{"@type":"ImageObject","inLanguage":"pt-BR","@id":"https:\/\/www.encontramoema.com.br\/sobre\/complexo-viario-ayrton-senna-em-moema\/#primaryimage","url":"https:\/\/www.encontramoema.com.br\/sobre\/wp-content\/uploads\/2017\/08\/complexo-ayrton-senna.jpg","contentUrl":"https:\/\/www.encontramoema.com.br\/sobre\/wp-content\/uploads\/2017\/08\/complexo-ayrton-senna.jpg","width":1000,"height":484},{"@type":"BreadcrumbList","@id":"https:\/\/www.encontramoema.com.br\/sobre\/complexo-viario-ayrton-senna-em-moema\/#breadcrumb","itemListElement":[{"@type":"ListItem","position":1,"name":"In\u00edcio","item":"https:\/\/www.encontramoema.com.br\/sobre\/"},{"@type":"ListItem","position":2,"name":"Complexo Vi\u00e1rio Ayrton Senna em Moema"}]},{"@type":"WebSite","@id":"https:\/\/www.encontramoema.com.br\/sobre\/#website","url":"https:\/\/www.encontramoema.com.br\/sobre\/","name":"Encontra Moema","description":"Not\u00edcias, eventos, informa\u00e7\u00f5es e dicas no bairro de Moema e regi\u00e3o.","potentialAction":[{"@type":"SearchAction","target":{"@type":"EntryPoint","urlTemplate":"https:\/\/www.encontramoema.com.br\/sobre\/?s={search_term_string}"},"query-input":{"@type":"PropertyValueSpecification","valueRequired":true,"valueName":"search_term_string"}}],"inLanguage":"pt-BR"}]}},"_links":{"self":[{"href":"https:\/\/www.encontramoema.com.br\/sobre\/wp-json\/wp\/v2\/pages\/20549","targetHints":{"allow":["GET"]}}],"collection":[{"href":"https:\/\/www.encontramoema.com.br\/sobre\/wp-json\/wp\/v2\/pages"}],"about":[{"href":"https:\/\/www.encontramoema.com.br\/sobre\/wp-json\/wp\/v2\/types\/page"}],"author":[{"embeddable":true,"href":"https:\/\/www.encontramoema.com.br\/sobre\/wp-json\/wp\/v2\/users\/1"}],"replies":[{"embeddable":true,"href":"https:\/\/www.encontramoema.com.br\/sobre\/wp-json\/wp\/v2\/comments?post=20549"}],"version-history":[{"count":0,"href":"https:\/\/www.encontramoema.com.br\/sobre\/wp-json\/wp\/v2\/pages\/20549\/revisions"}],"wp:attachment":[{"href":"https:\/\/www.encontramoema.com.br\/sobre\/wp-json\/wp\/v2\/media?parent=20549"}],"curies":[{"name":"wp","href":"https:\/\/api.w.org\/{rel}","templated":true}]}}