{"id":20552,"date":"2017-08-03T16:15:36","date_gmt":"2017-08-03T18:15:36","guid":{"rendered":"http:\/\/www.encontramoema.com.br\/sobre\/?page_id=20552"},"modified":"2017-08-07T12:04:55","modified_gmt":"2017-08-07T14:04:55","slug":"detran","status":"publish","type":"page","link":"https:\/\/www.encontramoema.com.br\/sobre\/detran\/","title":{"rendered":"Detran"},"content":{"rendered":"<div class=\"b7f545a958fd6350ffae2d30a84cafb8\" data-index=\"1\" style=\"float: none; margin:0px;\">\n<!-- Anuncio display - global -->\r\n<ins class=\"adsbygoogle\"\r\n     style=\"display:block\"\r\n     data-ad-client=\"ca-pub-8585364105181520\"\r\n     data-ad-slot=\"8789329856\"\r\n     data-ad-format=\"auto\"\r\n     data-full-width-responsive=\"true\"><\/ins>\r\n<script>\r\n     (adsbygoogle = window.adsbygoogle || []).push({});\r\n<\/script>\n<\/div>\n<p>No estado de S\u00e3o Paulo, a preocupa\u00e7\u00e3o em disciplinar o tr\u00e2nsito, come\u00e7ou pela cria\u00e7\u00e3o da Diretoria do Servi\u00e7o de Tr\u00e2nsito (DST), atual <strong>DETRAN &#8211; Departamento Estadual de Transito de S\u00e3o Paulo<\/strong>, em 1903, cuja sede esteve localizada por muitos anos na Rua do Carmo.<\/p>\n<p><img decoding=\"async\" src=\"http:\/\/www.encontramoema.com.br\/imgs\/imagens-moema\/detran-sp.jpg\" alt=\"Detran\" \/><\/p>\n<p>A DST passou a ser vinculada \u00e0 Secretaria de Estado dos Neg\u00f3cios da Justi\u00e7a e da Seguran\u00e7a P\u00fablica, em 1906. Em 1936, a Diretoria do Servi\u00e7o de Tr\u00e2nsito j\u00e1 havia sido transferida para um casar\u00e3o da Rua Victoria.<\/p>\n<p>Em 1959, a DST foi transferida para o atual pr\u00e9dio na Avenida Pedro \u00c1lvares Cabral, que pertencia a Secretaria da Agricultura. Quem fez essa transfer\u00eancia foi o radialista e pol\u00edtico Nicolau Tuma. Tuma foi nomeado em 1956 por J\u00e2nio Quadros, para ser Diretor de Tr\u00e2nsito.<\/p>\n<p>Em 1967 a DST passou para Departamento Estadual de Tr\u00e2nsito \u2013 DET\/SP, por for\u00e7a do Decreto n\u00ba. 47.740 de 08\/02\/67. Mais tarde, este pr\u00e9dio passa a pertencer definitivamente a Secretaria da Seguran\u00e7a P\u00fablica, atrav\u00e9s do Decreto n\u00ba 49.541 de 29\/04\/68. No ano seguinte, veio funcionar no mesmo local, o Conselho Estadual de Tr\u00e2nsito.<\/p>\n<p>Foi atrav\u00e9s do Decreto n\u00ba 13.325 de 07\/03\/79, que o Detran SP foi reorganizado e estruturado. O Departamento participa do Conselho da Pol\u00edcia Civil e, atrav\u00e9s da Secretaria de Seguran\u00e7a P\u00fablica, por for\u00e7a do Decreto n\u00ba 6.918 de 28\/10\/75, vincula-se tamb\u00e9m o Conselho Estadual de Tr\u00e2nsito \u2013 CETRAN.<\/p>\n<p>DETRAN<br \/>\nAvenida Pedro Alvares Cabral, 1301 &#8211; Bairro: Moema<\/p>\n<ul>\n<li><span style=\"text-decoration: underline;\">O Detran Moema agora se encontra permanentemente fechado<\/span><\/li>\n<\/ul>\n\n<div style=\"font-size: 0px; height: 0px; line-height: 0px; margin: 0; padding: 0; clear: both;\"><\/div>","protected":false},"excerpt":{"rendered":"<p>No estado de S\u00e3o Paulo, a preocupa\u00e7\u00e3o em disciplinar o tr\u00e2nsito, come\u00e7ou pela cria\u00e7\u00e3o da Diretoria do Servi\u00e7o de Tr\u00e2nsito (DST), atual DETRAN &#8211; Departamento Estadual de Transito de S\u00e3o Paulo, em 1903, cuja sede esteve localizada por muitos anos na Rua do Carmo. A DST passou a ser vinculada \u00e0 Secretaria de Estado dos Neg\u00f3cios da Justi\u00e7a e da Seguran\u00e7a P\u00fablica, em 1906. Em 1936, a Diretoria do Servi\u00e7o de Tr\u00e2nsito j\u00e1 havia sido transferida para um casar\u00e3o da Rua Victoria. Em 1959, a DST foi transferida para o atual pr\u00e9dio na Avenida Pedro \u00c1lvares Cabral, que pertencia a <\/p>\n","protected":false},"author":1,"featured_media":0,"parent":0,"menu_order":0,"comment_status":"closed","ping_status":"closed","template":"","meta":{"footnotes":""},"class_list":["post-20552","page","type-page","status-publish","hentry"],"yoast_head":"<!-- This site is optimized with the Yoast SEO plugin v26.3 - https:\/\/yoast.com\/wordpress\/plugins\/seo\/ -->\n<title>Detran - Encontra Moema<\/title>\n<meta name=\"robots\" content=\"index, follow, max-snippet:-1, max-image-preview:large, max-video-preview:-1\" \/>\n<link rel=\"canonical\" href=\"https:\/\/www.encontramoema.com.br\/sobre\/detran\/\" \/>\n<meta property=\"og:locale\" content=\"pt_BR\" \/>\n<meta property=\"og:type\" content=\"article\" \/>\n<meta property=\"og:title\" content=\"Detran - Encontra Moema\" \/>\n<meta property=\"og:description\" content=\"No estado de S\u00e3o Paulo, a preocupa\u00e7\u00e3o em disciplinar o tr\u00e2nsito, come\u00e7ou pela cria\u00e7\u00e3o da Diretoria do Servi\u00e7o de Tr\u00e2nsito (DST), atual DETRAN &#8211; Departamento Estadual de Transito de S\u00e3o Paulo, em 1903, cuja sede esteve localizada por muitos anos na Rua do Carmo. A DST passou a ser vinculada \u00e0 Secretaria de Estado dos Neg\u00f3cios da Justi\u00e7a e da Seguran\u00e7a P\u00fablica, em 1906. Em 1936, a Diretoria do Servi\u00e7o de Tr\u00e2nsito j\u00e1 havia sido transferida para um casar\u00e3o da Rua Victoria. Em 1959, a DST foi transferida para o atual pr\u00e9dio na Avenida Pedro \u00c1lvares Cabral, que pertencia a\" \/>\n<meta property=\"og:url\" content=\"https:\/\/www.encontramoema.com.br\/sobre\/detran\/\" \/>\n<meta property=\"og:site_name\" content=\"Encontra Moema\" \/>\n<meta property=\"article:modified_time\" content=\"2017-08-07T14:04:55+00:00\" \/>\n<meta property=\"og:image\" content=\"http:\/\/www.encontramoema.com.br\/imgs\/imagens-moema\/detran-sp.jpg\" \/>\n<meta name=\"twitter:card\" content=\"summary_large_image\" \/>\n<meta name=\"twitter:label1\" content=\"Est. tempo de leitura\" \/>\n\t<meta name=\"twitter:data1\" content=\"1 minuto\" \/>\n<script type=\"application\/ld+json\" class=\"yoast-schema-graph\">{\"@context\":\"https:\/\/schema.org\",\"@graph\":[{\"@type\":\"WebPage\",\"@id\":\"https:\/\/www.encontramoema.com.br\/sobre\/detran\/\",\"url\":\"https:\/\/www.encontramoema.com.br\/sobre\/detran\/\",\"name\":\"Detran - Encontra Moema\",\"isPartOf\":{\"@id\":\"https:\/\/www.encontramoema.com.br\/sobre\/#website\"},\"primaryImageOfPage\":{\"@id\":\"https:\/\/www.encontramoema.com.br\/sobre\/detran\/#primaryimage\"},\"image\":{\"@id\":\"https:\/\/www.encontramoema.com.br\/sobre\/detran\/#primaryimage\"},\"thumbnailUrl\":\"http:\/\/www.encontramoema.com.br\/imgs\/imagens-moema\/detran-sp.jpg\",\"datePublished\":\"2017-08-03T18:15:36+00:00\",\"dateModified\":\"2017-08-07T14:04:55+00:00\",\"breadcrumb\":{\"@id\":\"https:\/\/www.encontramoema.com.br\/sobre\/detran\/#breadcrumb\"},\"inLanguage\":\"pt-BR\",\"potentialAction\":[{\"@type\":\"ReadAction\",\"target\":[\"https:\/\/www.encontramoema.com.br\/sobre\/detran\/\"]}]},{\"@type\":\"ImageObject\",\"inLanguage\":\"pt-BR\",\"@id\":\"https:\/\/www.encontramoema.com.br\/sobre\/detran\/#primaryimage\",\"url\":\"http:\/\/www.encontramoema.com.br\/imgs\/imagens-moema\/detran-sp.jpg\",\"contentUrl\":\"http:\/\/www.encontramoema.com.br\/imgs\/imagens-moema\/detran-sp.jpg\"},{\"@type\":\"BreadcrumbList\",\"@id\":\"https:\/\/www.encontramoema.com.br\/sobre\/detran\/#breadcrumb\",\"itemListElement\":[{\"@type\":\"ListItem\",\"position\":1,\"name\":\"In\u00edcio\",\"item\":\"https:\/\/www.encontramoema.com.br\/sobre\/\"},{\"@type\":\"ListItem\",\"position\":2,\"name\":\"Detran\"}]},{\"@type\":\"WebSite\",\"@id\":\"https:\/\/www.encontramoema.com.br\/sobre\/#website\",\"url\":\"https:\/\/www.encontramoema.com.br\/sobre\/\",\"name\":\"Encontra Moema\",\"description\":\"Not\u00edcias, eventos, informa\u00e7\u00f5es e dicas no bairro de Moema e regi\u00e3o.\",\"potentialAction\":[{\"@type\":\"SearchAction\",\"target\":{\"@type\":\"EntryPoint\",\"urlTemplate\":\"https:\/\/www.encontramoema.com.br\/sobre\/?s={search_term_string}\"},\"query-input\":{\"@type\":\"PropertyValueSpecification\",\"valueRequired\":true,\"valueName\":\"search_term_string\"}}],\"inLanguage\":\"pt-BR\"}]}<\/script>\n<!-- \/ Yoast SEO plugin. -->","yoast_head_json":{"title":"Detran - Encontra Moema","robots":{"index":"index","follow":"follow","max-snippet":"max-snippet:-1","max-image-preview":"max-image-preview:large","max-video-preview":"max-video-preview:-1"},"canonical":"https:\/\/www.encontramoema.com.br\/sobre\/detran\/","og_locale":"pt_BR","og_type":"article","og_title":"Detran - Encontra Moema","og_description":"No estado de S\u00e3o Paulo, a preocupa\u00e7\u00e3o em disciplinar o tr\u00e2nsito, come\u00e7ou pela cria\u00e7\u00e3o da Diretoria do Servi\u00e7o de Tr\u00e2nsito (DST), atual DETRAN &#8211; Departamento Estadual de Transito de S\u00e3o Paulo, em 1903, cuja sede esteve localizada por muitos anos na Rua do Carmo. A DST passou a ser vinculada \u00e0 Secretaria de Estado dos Neg\u00f3cios da Justi\u00e7a e da Seguran\u00e7a P\u00fablica, em 1906. Em 1936, a Diretoria do Servi\u00e7o de Tr\u00e2nsito j\u00e1 havia sido transferida para um casar\u00e3o da Rua Victoria. Em 1959, a DST foi transferida para o atual pr\u00e9dio na Avenida Pedro \u00c1lvares Cabral, que pertencia a","og_url":"https:\/\/www.encontramoema.com.br\/sobre\/detran\/","og_site_name":"Encontra Moema","article_modified_time":"2017-08-07T14:04:55+00:00","og_image":[{"url":"http:\/\/www.encontramoema.com.br\/imgs\/imagens-moema\/detran-sp.jpg","type":"","width":"","height":""}],"twitter_card":"summary_large_image","twitter_misc":{"Est. tempo de leitura":"1 minuto"},"schema":{"@context":"https:\/\/schema.org","@graph":[{"@type":"WebPage","@id":"https:\/\/www.encontramoema.com.br\/sobre\/detran\/","url":"https:\/\/www.encontramoema.com.br\/sobre\/detran\/","name":"Detran - Encontra Moema","isPartOf":{"@id":"https:\/\/www.encontramoema.com.br\/sobre\/#website"},"primaryImageOfPage":{"@id":"https:\/\/www.encontramoema.com.br\/sobre\/detran\/#primaryimage"},"image":{"@id":"https:\/\/www.encontramoema.com.br\/sobre\/detran\/#primaryimage"},"thumbnailUrl":"http:\/\/www.encontramoema.com.br\/imgs\/imagens-moema\/detran-sp.jpg","datePublished":"2017-08-03T18:15:36+00:00","dateModified":"2017-08-07T14:04:55+00:00","breadcrumb":{"@id":"https:\/\/www.encontramoema.com.br\/sobre\/detran\/#breadcrumb"},"inLanguage":"pt-BR","potentialAction":[{"@type":"ReadAction","target":["https:\/\/www.encontramoema.com.br\/sobre\/detran\/"]}]},{"@type":"ImageObject","inLanguage":"pt-BR","@id":"https:\/\/www.encontramoema.com.br\/sobre\/detran\/#primaryimage","url":"http:\/\/www.encontramoema.com.br\/imgs\/imagens-moema\/detran-sp.jpg","contentUrl":"http:\/\/www.encontramoema.com.br\/imgs\/imagens-moema\/detran-sp.jpg"},{"@type":"BreadcrumbList","@id":"https:\/\/www.encontramoema.com.br\/sobre\/detran\/#breadcrumb","itemListElement":[{"@type":"ListItem","position":1,"name":"In\u00edcio","item":"https:\/\/www.encontramoema.com.br\/sobre\/"},{"@type":"ListItem","position":2,"name":"Detran"}]},{"@type":"WebSite","@id":"https:\/\/www.encontramoema.com.br\/sobre\/#website","url":"https:\/\/www.encontramoema.com.br\/sobre\/","name":"Encontra Moema","description":"Not\u00edcias, eventos, informa\u00e7\u00f5es e dicas no bairro de Moema e regi\u00e3o.","potentialAction":[{"@type":"SearchAction","target":{"@type":"EntryPoint","urlTemplate":"https:\/\/www.encontramoema.com.br\/sobre\/?s={search_term_string}"},"query-input":{"@type":"PropertyValueSpecification","valueRequired":true,"valueName":"search_term_string"}}],"inLanguage":"pt-BR"}]}},"_links":{"self":[{"href":"https:\/\/www.encontramoema.com.br\/sobre\/wp-json\/wp\/v2\/pages\/20552","targetHints":{"allow":["GET"]}}],"collection":[{"href":"https:\/\/www.encontramoema.com.br\/sobre\/wp-json\/wp\/v2\/pages"}],"about":[{"href":"https:\/\/www.encontramoema.com.br\/sobre\/wp-json\/wp\/v2\/types\/page"}],"author":[{"embeddable":true,"href":"https:\/\/www.encontramoema.com.br\/sobre\/wp-json\/wp\/v2\/users\/1"}],"replies":[{"embeddable":true,"href":"https:\/\/www.encontramoema.com.br\/sobre\/wp-json\/wp\/v2\/comments?post=20552"}],"version-history":[{"count":0,"href":"https:\/\/www.encontramoema.com.br\/sobre\/wp-json\/wp\/v2\/pages\/20552\/revisions"}],"wp:attachment":[{"href":"https:\/\/www.encontramoema.com.br\/sobre\/wp-json\/wp\/v2\/media?parent=20552"}],"curies":[{"name":"wp","href":"https:\/\/api.w.org\/{rel}","templated":true}]}}