{"id":20553,"date":"2017-08-03T18:27:54","date_gmt":"2017-08-03T20:27:54","guid":{"rendered":"http:\/\/www.encontramoema.com.br\/sobre\/?page_id=20553"},"modified":"2017-08-03T18:27:54","modified_gmt":"2017-08-03T20:27:54","slug":"fonte-multimidia-do-ibirapuera","status":"publish","type":"page","link":"https:\/\/www.encontramoema.com.br\/sobre\/fonte-multimidia-do-ibirapuera\/","title":{"rendered":"Fonte Multim\u00eddia do Ibirapuera"},"content":{"rendered":"<div class=\"b7f545a958fd6350ffae2d30a84cafb8\" data-index=\"1\" style=\"float: none; margin:0px;\">\n<!-- Anuncio display - global -->\r\n<ins class=\"adsbygoogle\"\r\n     style=\"display:block\"\r\n     data-ad-client=\"ca-pub-8585364105181520\"\r\n     data-ad-slot=\"8789329856\"\r\n     data-ad-format=\"auto\"\r\n     data-full-width-responsive=\"true\"><\/ins>\r\n<script>\r\n     (adsbygoogle = window.adsbygoogle || []).push({});\r\n<\/script>\n<\/div>\n<p>A <strong>Fonte do Ibirapuera<\/strong> \u00e9 uma fonte de \u00e1gua, com recursos multim\u00eddia, localizada no maior lago do Parque do Ibirapuera.<\/p>\n<p>Trata-se de uma instala\u00e7\u00e3o flutuante de 110 metros de comprimento por 2 metros de largura que movimenta cerca de 60 mil litros de \u00e1gua por minuto.<\/p>\n<p><img loading=\"lazy\" decoding=\"async\" class=\"alignnone wp-image-20556 size-full\" title=\"Fonte Multim\u00eddia do Ibirapuera\" src=\"http:\/\/www.encontramoema.com.br\/sobre\/wp-content\/uploads\/2017\/08\/fonte-multimidia-ibirapuera.jpg\" alt=\"Fonte Multim\u00eddia do Ibirapuera\" width=\"749\" height=\"391\" srcset=\"https:\/\/www.encontramoema.com.br\/sobre\/wp-content\/uploads\/2017\/08\/fonte-multimidia-ibirapuera.jpg 749w, https:\/\/www.encontramoema.com.br\/sobre\/wp-content\/uploads\/2017\/08\/fonte-multimidia-ibirapuera-300x157.jpg 300w\" sizes=\"auto, (max-width: 749px) 100vw, 749px\" \/><\/p>\n<p>Cada torre de \u00e1gua da fonte \u00e9 capaz de movimentar 24 jatos verticais com at\u00e9 15 metros de altura, formando uma cortina de \u00e1gua para exibi\u00e7\u00e3o de imagens.<\/p>\n<p>A Fonte Multim\u00eddia foi inaugurada no dia 23 de janeiro de 2004, como uma das homenagens em comemora\u00e7\u00e3o aos 450 anos da cidade de S\u00e3o Paulo.<\/p>\n<h2>Show das \u00c1guas Ibirapuera Hor\u00e1rio<\/h2>\n<ul>\n<li>Segunda a Sexta das 12h \u00e0s 14h e das 20h \u00e0s 22h<\/li>\n<li>S\u00e1bado e Domingo das 20h30 \u00e0s 21h e das 21h \u00e0s 21h30<\/li>\n<\/ul>\n<h3>Fonte Multim\u00eddia do Ibirapuera Natal<\/h3>\n<p>Todos os anos durante o m\u00eas de dezembro acontece o show das \u00e1guas de natal<\/p>\n<h3>Endere\u00e7o Fonte Multim\u00eddia Ibirapuera<\/h3>\n<ul>\n<li>Av. Pedro \u00c1lvares Cabral, Moema\u00a0&#8211; S\u00e3o Paulo &#8211; SP<\/li>\n<\/ul>\n<h4>Outras Informa\u00e7\u00f5es e Site<\/h4>\n<ul>\n<li>Mais informa\u00e7\u00f5es:\u00a0<a href=\"http:\/\/www.prefeitura.sp.gov.br\/\" target=\"_blank\" rel=\"noopener noreferrer\">www.prefeitura.sp.gov.br<\/a><\/li>\n<\/ul>\n<h4>Mapa de localiza\u00e7\u00e3o<\/h4>\n<a class=\"wp-colorbox-iframe\" href=\"https:\/\/www.google.com\/maps\/embed?pb=!1m14!1m8!1m3!1d14625.886142665544!2d-46.6576336!3d-23.5874162!3m2!1i1024!2i768!4f13.1!3m3!1m2!1s0x00xcb936109af9ce541!2sParque+Ibirapuera!5e0!3m2!1spt-BR!2sbr!4v1501790309496\"><img decoding=\"async\" src=\"http:\/\/www.encontramoema.com.br\/imgs\/maps-post.png\"><\/a>\n\n<div style=\"font-size: 0px; height: 0px; line-height: 0px; margin: 0; padding: 0; clear: both;\"><\/div>","protected":false},"excerpt":{"rendered":"<p>A Fonte do Ibirapuera \u00e9 uma fonte de \u00e1gua, com recursos multim\u00eddia, localizada no maior lago do Parque do Ibirapuera. Trata-se de uma instala\u00e7\u00e3o flutuante de 110 metros de comprimento por 2 metros de largura que movimenta cerca de 60 mil litros de \u00e1gua por minuto. Cada torre de \u00e1gua da fonte \u00e9 capaz de movimentar 24 jatos verticais com at\u00e9 15 metros de altura, formando uma cortina de \u00e1gua para exibi\u00e7\u00e3o de imagens. A Fonte Multim\u00eddia foi inaugurada no dia 23 de janeiro de 2004, como uma das homenagens em comemora\u00e7\u00e3o aos 450 anos da cidade de S\u00e3o Paulo. <\/p>\n","protected":false},"author":1,"featured_media":0,"parent":0,"menu_order":0,"comment_status":"closed","ping_status":"closed","template":"","meta":{"footnotes":""},"class_list":["post-20553","page","type-page","status-publish","hentry"],"yoast_head":"<!-- This site is optimized with the Yoast SEO plugin v26.3 - https:\/\/yoast.com\/wordpress\/plugins\/seo\/ -->\n<title>Fonte Multim\u00eddia do Ibirapuera - Encontra Moema<\/title>\n<meta name=\"robots\" content=\"index, follow, max-snippet:-1, max-image-preview:large, max-video-preview:-1\" \/>\n<link rel=\"canonical\" href=\"https:\/\/www.encontramoema.com.br\/sobre\/fonte-multimidia-do-ibirapuera\/\" \/>\n<meta property=\"og:locale\" content=\"pt_BR\" \/>\n<meta property=\"og:type\" content=\"article\" \/>\n<meta property=\"og:title\" content=\"Fonte Multim\u00eddia do Ibirapuera - Encontra Moema\" \/>\n<meta property=\"og:description\" content=\"A Fonte do Ibirapuera \u00e9 uma fonte de \u00e1gua, com recursos multim\u00eddia, localizada no maior lago do Parque do Ibirapuera. Trata-se de uma instala\u00e7\u00e3o flutuante de 110 metros de comprimento por 2 metros de largura que movimenta cerca de 60 mil litros de \u00e1gua por minuto. Cada torre de \u00e1gua da fonte \u00e9 capaz de movimentar 24 jatos verticais com at\u00e9 15 metros de altura, formando uma cortina de \u00e1gua para exibi\u00e7\u00e3o de imagens. A Fonte Multim\u00eddia foi inaugurada no dia 23 de janeiro de 2004, como uma das homenagens em comemora\u00e7\u00e3o aos 450 anos da cidade de S\u00e3o Paulo.\" \/>\n<meta property=\"og:url\" content=\"https:\/\/www.encontramoema.com.br\/sobre\/fonte-multimidia-do-ibirapuera\/\" \/>\n<meta property=\"og:site_name\" content=\"Encontra Moema\" \/>\n<meta property=\"og:image\" content=\"http:\/\/www.encontramoema.com.br\/sobre\/wp-content\/uploads\/2017\/08\/fonte-multimidia-ibirapuera.jpg\" \/>\n<meta name=\"twitter:card\" content=\"summary_large_image\" \/>\n<meta name=\"twitter:label1\" content=\"Est. tempo de leitura\" \/>\n\t<meta name=\"twitter:data1\" content=\"1 minuto\" \/>\n<script type=\"application\/ld+json\" class=\"yoast-schema-graph\">{\"@context\":\"https:\/\/schema.org\",\"@graph\":[{\"@type\":\"WebPage\",\"@id\":\"https:\/\/www.encontramoema.com.br\/sobre\/fonte-multimidia-do-ibirapuera\/\",\"url\":\"https:\/\/www.encontramoema.com.br\/sobre\/fonte-multimidia-do-ibirapuera\/\",\"name\":\"Fonte Multim\u00eddia do Ibirapuera - Encontra Moema\",\"isPartOf\":{\"@id\":\"https:\/\/www.encontramoema.com.br\/sobre\/#website\"},\"primaryImageOfPage\":{\"@id\":\"https:\/\/www.encontramoema.com.br\/sobre\/fonte-multimidia-do-ibirapuera\/#primaryimage\"},\"image\":{\"@id\":\"https:\/\/www.encontramoema.com.br\/sobre\/fonte-multimidia-do-ibirapuera\/#primaryimage\"},\"thumbnailUrl\":\"http:\/\/www.encontramoema.com.br\/sobre\/wp-content\/uploads\/2017\/08\/fonte-multimidia-ibirapuera.jpg\",\"datePublished\":\"2017-08-03T20:27:54+00:00\",\"breadcrumb\":{\"@id\":\"https:\/\/www.encontramoema.com.br\/sobre\/fonte-multimidia-do-ibirapuera\/#breadcrumb\"},\"inLanguage\":\"pt-BR\",\"potentialAction\":[{\"@type\":\"ReadAction\",\"target\":[\"https:\/\/www.encontramoema.com.br\/sobre\/fonte-multimidia-do-ibirapuera\/\"]}]},{\"@type\":\"ImageObject\",\"inLanguage\":\"pt-BR\",\"@id\":\"https:\/\/www.encontramoema.com.br\/sobre\/fonte-multimidia-do-ibirapuera\/#primaryimage\",\"url\":\"https:\/\/www.encontramoema.com.br\/sobre\/wp-content\/uploads\/2017\/08\/fonte-multimidia-ibirapuera.jpg\",\"contentUrl\":\"https:\/\/www.encontramoema.com.br\/sobre\/wp-content\/uploads\/2017\/08\/fonte-multimidia-ibirapuera.jpg\",\"width\":749,\"height\":391},{\"@type\":\"BreadcrumbList\",\"@id\":\"https:\/\/www.encontramoema.com.br\/sobre\/fonte-multimidia-do-ibirapuera\/#breadcrumb\",\"itemListElement\":[{\"@type\":\"ListItem\",\"position\":1,\"name\":\"In\u00edcio\",\"item\":\"https:\/\/www.encontramoema.com.br\/sobre\/\"},{\"@type\":\"ListItem\",\"position\":2,\"name\":\"Fonte Multim\u00eddia do Ibirapuera\"}]},{\"@type\":\"WebSite\",\"@id\":\"https:\/\/www.encontramoema.com.br\/sobre\/#website\",\"url\":\"https:\/\/www.encontramoema.com.br\/sobre\/\",\"name\":\"Encontra Moema\",\"description\":\"Not\u00edcias, eventos, informa\u00e7\u00f5es e dicas no bairro de Moema e regi\u00e3o.\",\"potentialAction\":[{\"@type\":\"SearchAction\",\"target\":{\"@type\":\"EntryPoint\",\"urlTemplate\":\"https:\/\/www.encontramoema.com.br\/sobre\/?s={search_term_string}\"},\"query-input\":{\"@type\":\"PropertyValueSpecification\",\"valueRequired\":true,\"valueName\":\"search_term_string\"}}],\"inLanguage\":\"pt-BR\"}]}<\/script>\n<!-- \/ Yoast SEO plugin. -->","yoast_head_json":{"title":"Fonte Multim\u00eddia do Ibirapuera - Encontra Moema","robots":{"index":"index","follow":"follow","max-snippet":"max-snippet:-1","max-image-preview":"max-image-preview:large","max-video-preview":"max-video-preview:-1"},"canonical":"https:\/\/www.encontramoema.com.br\/sobre\/fonte-multimidia-do-ibirapuera\/","og_locale":"pt_BR","og_type":"article","og_title":"Fonte Multim\u00eddia do Ibirapuera - Encontra Moema","og_description":"A Fonte do Ibirapuera \u00e9 uma fonte de \u00e1gua, com recursos multim\u00eddia, localizada no maior lago do Parque do Ibirapuera. Trata-se de uma instala\u00e7\u00e3o flutuante de 110 metros de comprimento por 2 metros de largura que movimenta cerca de 60 mil litros de \u00e1gua por minuto. Cada torre de \u00e1gua da fonte \u00e9 capaz de movimentar 24 jatos verticais com at\u00e9 15 metros de altura, formando uma cortina de \u00e1gua para exibi\u00e7\u00e3o de imagens. A Fonte Multim\u00eddia foi inaugurada no dia 23 de janeiro de 2004, como uma das homenagens em comemora\u00e7\u00e3o aos 450 anos da cidade de S\u00e3o Paulo.","og_url":"https:\/\/www.encontramoema.com.br\/sobre\/fonte-multimidia-do-ibirapuera\/","og_site_name":"Encontra Moema","og_image":[{"url":"http:\/\/www.encontramoema.com.br\/sobre\/wp-content\/uploads\/2017\/08\/fonte-multimidia-ibirapuera.jpg","type":"","width":"","height":""}],"twitter_card":"summary_large_image","twitter_misc":{"Est. tempo de leitura":"1 minuto"},"schema":{"@context":"https:\/\/schema.org","@graph":[{"@type":"WebPage","@id":"https:\/\/www.encontramoema.com.br\/sobre\/fonte-multimidia-do-ibirapuera\/","url":"https:\/\/www.encontramoema.com.br\/sobre\/fonte-multimidia-do-ibirapuera\/","name":"Fonte Multim\u00eddia do Ibirapuera - Encontra Moema","isPartOf":{"@id":"https:\/\/www.encontramoema.com.br\/sobre\/#website"},"primaryImageOfPage":{"@id":"https:\/\/www.encontramoema.com.br\/sobre\/fonte-multimidia-do-ibirapuera\/#primaryimage"},"image":{"@id":"https:\/\/www.encontramoema.com.br\/sobre\/fonte-multimidia-do-ibirapuera\/#primaryimage"},"thumbnailUrl":"http:\/\/www.encontramoema.com.br\/sobre\/wp-content\/uploads\/2017\/08\/fonte-multimidia-ibirapuera.jpg","datePublished":"2017-08-03T20:27:54+00:00","breadcrumb":{"@id":"https:\/\/www.encontramoema.com.br\/sobre\/fonte-multimidia-do-ibirapuera\/#breadcrumb"},"inLanguage":"pt-BR","potentialAction":[{"@type":"ReadAction","target":["https:\/\/www.encontramoema.com.br\/sobre\/fonte-multimidia-do-ibirapuera\/"]}]},{"@type":"ImageObject","inLanguage":"pt-BR","@id":"https:\/\/www.encontramoema.com.br\/sobre\/fonte-multimidia-do-ibirapuera\/#primaryimage","url":"https:\/\/www.encontramoema.com.br\/sobre\/wp-content\/uploads\/2017\/08\/fonte-multimidia-ibirapuera.jpg","contentUrl":"https:\/\/www.encontramoema.com.br\/sobre\/wp-content\/uploads\/2017\/08\/fonte-multimidia-ibirapuera.jpg","width":749,"height":391},{"@type":"BreadcrumbList","@id":"https:\/\/www.encontramoema.com.br\/sobre\/fonte-multimidia-do-ibirapuera\/#breadcrumb","itemListElement":[{"@type":"ListItem","position":1,"name":"In\u00edcio","item":"https:\/\/www.encontramoema.com.br\/sobre\/"},{"@type":"ListItem","position":2,"name":"Fonte Multim\u00eddia do Ibirapuera"}]},{"@type":"WebSite","@id":"https:\/\/www.encontramoema.com.br\/sobre\/#website","url":"https:\/\/www.encontramoema.com.br\/sobre\/","name":"Encontra Moema","description":"Not\u00edcias, eventos, informa\u00e7\u00f5es e dicas no bairro de Moema e regi\u00e3o.","potentialAction":[{"@type":"SearchAction","target":{"@type":"EntryPoint","urlTemplate":"https:\/\/www.encontramoema.com.br\/sobre\/?s={search_term_string}"},"query-input":{"@type":"PropertyValueSpecification","valueRequired":true,"valueName":"search_term_string"}}],"inLanguage":"pt-BR"}]}},"_links":{"self":[{"href":"https:\/\/www.encontramoema.com.br\/sobre\/wp-json\/wp\/v2\/pages\/20553","targetHints":{"allow":["GET"]}}],"collection":[{"href":"https:\/\/www.encontramoema.com.br\/sobre\/wp-json\/wp\/v2\/pages"}],"about":[{"href":"https:\/\/www.encontramoema.com.br\/sobre\/wp-json\/wp\/v2\/types\/page"}],"author":[{"embeddable":true,"href":"https:\/\/www.encontramoema.com.br\/sobre\/wp-json\/wp\/v2\/users\/1"}],"replies":[{"embeddable":true,"href":"https:\/\/www.encontramoema.com.br\/sobre\/wp-json\/wp\/v2\/comments?post=20553"}],"version-history":[{"count":0,"href":"https:\/\/www.encontramoema.com.br\/sobre\/wp-json\/wp\/v2\/pages\/20553\/revisions"}],"wp:attachment":[{"href":"https:\/\/www.encontramoema.com.br\/sobre\/wp-json\/wp\/v2\/media?parent=20553"}],"curies":[{"name":"wp","href":"https:\/\/api.w.org\/{rel}","templated":true}]}}