{"id":20557,"date":"2017-08-03T18:50:45","date_gmt":"2017-08-03T20:50:45","guid":{"rendered":"http:\/\/www.encontramoema.com.br\/sobre\/?page_id=20557"},"modified":"2017-08-03T18:50:45","modified_gmt":"2017-08-03T20:50:45","slug":"hospital-do-servidor-publico-estadual","status":"publish","type":"page","link":"https:\/\/www.encontramoema.com.br\/sobre\/hospital-do-servidor-publico-estadual\/","title":{"rendered":"Hospital do Servidor P\u00fablico Estadual"},"content":{"rendered":"<div class=\"b7f545a958fd6350ffae2d30a84cafb8\" data-index=\"1\" style=\"float: none; margin:0px;\">\n<!-- Anuncio display - global -->\r\n<ins class=\"adsbygoogle\"\r\n     style=\"display:block\"\r\n     data-ad-client=\"ca-pub-8585364105181520\"\r\n     data-ad-slot=\"8789329856\"\r\n     data-ad-format=\"auto\"\r\n     data-full-width-responsive=\"true\"><\/ins>\r\n<script>\r\n     (adsbygoogle = window.adsbygoogle || []).push({});\r\n<\/script>\n<\/div>\n<p>O <strong>Hospital do Servidor P\u00fablico Estadual<\/strong> foi inaugurado em 9 de julho de 1961. Em 11 de mar\u00e7o de 1966 o DAMSPE passou a denominar-se IAMSPE (Instituto de Assist\u00eancia M\u00e9dica ao Servidor P\u00fablico Estadual).<\/p>\n<p>Na d\u00e9cada de 60 estava relacionado \u00e0 Secretaria da Administra\u00e7\u00e3o e a partir de 1987 passou a pertencer \u00e0 Secretaria da Sa\u00fade, ent\u00e3o administrada pelo Dr. Jos\u00e9 Aristodemo Pinotti.<\/p>\n<p><img loading=\"lazy\" decoding=\"async\" class=\"alignnone wp-image-20558 size-full\" title=\"Hospital do Servidor P\u00fablico Estadual\" src=\"http:\/\/www.encontramoema.com.br\/sobre\/wp-content\/uploads\/2017\/08\/hospital-servidor-publico-estadual.jpg\" alt=\"Hospital do Servidor P\u00fablico Estadual\" width=\"680\" height=\"189\" srcset=\"https:\/\/www.encontramoema.com.br\/sobre\/wp-content\/uploads\/2017\/08\/hospital-servidor-publico-estadual.jpg 680w, https:\/\/www.encontramoema.com.br\/sobre\/wp-content\/uploads\/2017\/08\/hospital-servidor-publico-estadual-300x83.jpg 300w\" sizes=\"auto, (max-width: 680px) 100vw, 680px\" \/><\/p>\n<p>Ainda na\u00a0d\u00e9cada de 50, o governador Lucas Nogueira Garcez enviou um projeto de lei \u00e0 Assembl\u00e9ia Legislativa, atendendo a antiga reivindica\u00e7\u00e3o da Comiss\u00e3o da Assist\u00eancia M\u00e9dica Hospitalar composta por representantes do funcionalismo p\u00fablico estadual.<\/p>\n<p>O projeto foi aprovado e institu\u00eddo pela lei n \u00ba 1856 de 28 de outubro de 1952, criando assim o DAMSPE (Departamento de Assist\u00eancia M\u00e9dica ao Servidor P\u00fablico Estadual), entidade aut\u00e1rquica sob a administra\u00e7\u00e3o do IPESP e tutela financeira da Secretaria da Fazenda.<\/p>\n<p>A pedra fundamental do conjunto hospitalar foi lan\u00e7ada em 5 de janeiro de 1957, sendo denominado Hospital do Servidor P\u00fablico Estadual &#8211; HSPE. A obra foi executada sob a orienta\u00e7\u00e3o e fiscaliza\u00e7\u00e3o do Dr. Francisco Morato de Oliveira.<\/p>\n<h2>IAMSPE &#8211; Hospital do Servidor P\u00fablico Estadual<\/h2>\n<p>O IAMSPE presta assist\u00eancia m\u00e9dica a mais de 3 milh\u00f5es de pessoas, funcion\u00e1rios p\u00fablicos estaduais e seus dependentes atrav\u00e9s do Hospital do Servidor P\u00fablico e de hospitais conveniados.<\/p>\n<p>O Hospital do Servidor P\u00fablico Estadual &#8211; HSPE tem capacidade para 1200 leitos; contudo, devido a reformas iniciadas h\u00e1 anos, n\u00e3o tem tido disponibilidade de todo o potencial de interna\u00e7\u00e3o.<\/p>\n<p>Trata-se de um hospital geral assistencial e de ensino, credenciado pelo Minist\u00e9rio da Sa\u00fade, como centro de alta complexidade, com mais de quarenta especialidades m\u00e9dicas e um movimento ambulatorial de 2000 consultas\/dia.<\/p>\n<h3>Hor\u00e1rio de Atendimento Hospital do Servidor P\u00fablico Estadual<\/h3>\n<ul>\n<li>24h<\/li>\n<\/ul>\n<h3>Endere\u00e7o e Telefone Hospital do Servidor P\u00fablico Estadual (HSPE)<\/h3>\n<ul>\n<li>Av. Ibirapuera, 981, Moema\u00a0&#8211; S\u00e3o Paulo &#8211; SP<\/li>\n<li>Telefone: (11)\u00a04573-8000 \/ 5088-8000<\/li>\n<\/ul>\n<h4>Outras Informa\u00e7\u00f5es e Site<\/h4>\n<ul>\n<li>Mais informa\u00e7\u00f5es:\u00a0<a href=\"http:\/\/www.iamspe.sp.gov.br\/\" target=\"_blank\" rel=\"noopener noreferrer\">www.iamspe.sp.gov.br<\/a><\/li>\n<\/ul>\n<h4>Mapa de localiza\u00e7\u00e3o<\/h4>\n<a class=\"wp-colorbox-iframe\" href=\"https:\/\/www.google.com\/maps\/embed?pb=!1m14!1m8!1m3!1d14624.872416009148!2d-46.6536998!3d-23.5965097!3m2!1i1024!2i768!4f13.1!3m3!1m2!1s0x00x9f1278fb37337631!2sIAMSPE+-+Hospital+do+Servidor+Pblico+Estadual!5e0!3m2!1spt-BR!2sbr!4v1501793319613\"><img decoding=\"async\" src=\"http:\/\/www.encontramoema.com.br\/imgs\/maps-post.png\"><\/a>\n\n<div style=\"font-size: 0px; height: 0px; line-height: 0px; margin: 0; padding: 0; clear: both;\"><\/div>","protected":false},"excerpt":{"rendered":"<p>O Hospital do Servidor P\u00fablico Estadual foi inaugurado em 9 de julho de 1961. Em 11 de mar\u00e7o de 1966 o DAMSPE passou a denominar-se IAMSPE (Instituto de Assist\u00eancia M\u00e9dica ao Servidor P\u00fablico Estadual). Na d\u00e9cada de 60 estava relacionado \u00e0 Secretaria da Administra\u00e7\u00e3o e a partir de 1987 passou a pertencer \u00e0 Secretaria da Sa\u00fade, ent\u00e3o administrada pelo Dr. Jos\u00e9 Aristodemo Pinotti. Ainda na\u00a0d\u00e9cada de 50, o governador Lucas Nogueira Garcez enviou um projeto de lei \u00e0 Assembl\u00e9ia Legislativa, atendendo a antiga reivindica\u00e7\u00e3o da Comiss\u00e3o da Assist\u00eancia M\u00e9dica Hospitalar composta por representantes do funcionalismo p\u00fablico estadual. O projeto foi <\/p>\n","protected":false},"author":1,"featured_media":0,"parent":0,"menu_order":0,"comment_status":"closed","ping_status":"closed","template":"","meta":{"footnotes":""},"class_list":["post-20557","page","type-page","status-publish","hentry"],"yoast_head":"<!-- This site is optimized with the Yoast SEO plugin v26.3 - https:\/\/yoast.com\/wordpress\/plugins\/seo\/ -->\n<title>Hospital do Servidor P\u00fablico Estadual - Encontra Moema<\/title>\n<meta name=\"robots\" content=\"index, follow, max-snippet:-1, max-image-preview:large, max-video-preview:-1\" \/>\n<link rel=\"canonical\" href=\"https:\/\/www.encontramoema.com.br\/sobre\/hospital-do-servidor-publico-estadual\/\" \/>\n<meta property=\"og:locale\" content=\"pt_BR\" \/>\n<meta property=\"og:type\" content=\"article\" \/>\n<meta property=\"og:title\" content=\"Hospital do Servidor P\u00fablico Estadual - Encontra Moema\" \/>\n<meta property=\"og:description\" content=\"O Hospital do Servidor P\u00fablico Estadual foi inaugurado em 9 de julho de 1961. Em 11 de mar\u00e7o de 1966 o DAMSPE passou a denominar-se IAMSPE (Instituto de Assist\u00eancia M\u00e9dica ao Servidor P\u00fablico Estadual). Na d\u00e9cada de 60 estava relacionado \u00e0 Secretaria da Administra\u00e7\u00e3o e a partir de 1987 passou a pertencer \u00e0 Secretaria da Sa\u00fade, ent\u00e3o administrada pelo Dr. Jos\u00e9 Aristodemo Pinotti. Ainda na\u00a0d\u00e9cada de 50, o governador Lucas Nogueira Garcez enviou um projeto de lei \u00e0 Assembl\u00e9ia Legislativa, atendendo a antiga reivindica\u00e7\u00e3o da Comiss\u00e3o da Assist\u00eancia M\u00e9dica Hospitalar composta por representantes do funcionalismo p\u00fablico estadual. O projeto foi\" \/>\n<meta property=\"og:url\" content=\"https:\/\/www.encontramoema.com.br\/sobre\/hospital-do-servidor-publico-estadual\/\" \/>\n<meta property=\"og:site_name\" content=\"Encontra Moema\" \/>\n<meta property=\"og:image\" content=\"http:\/\/www.encontramoema.com.br\/sobre\/wp-content\/uploads\/2017\/08\/hospital-servidor-publico-estadual.jpg\" \/>\n<meta name=\"twitter:card\" content=\"summary_large_image\" \/>\n<meta name=\"twitter:label1\" content=\"Est. tempo de leitura\" \/>\n\t<meta name=\"twitter:data1\" content=\"2 minutos\" \/>\n<script type=\"application\/ld+json\" class=\"yoast-schema-graph\">{\"@context\":\"https:\/\/schema.org\",\"@graph\":[{\"@type\":\"WebPage\",\"@id\":\"https:\/\/www.encontramoema.com.br\/sobre\/hospital-do-servidor-publico-estadual\/\",\"url\":\"https:\/\/www.encontramoema.com.br\/sobre\/hospital-do-servidor-publico-estadual\/\",\"name\":\"Hospital do Servidor P\u00fablico Estadual - Encontra Moema\",\"isPartOf\":{\"@id\":\"https:\/\/www.encontramoema.com.br\/sobre\/#website\"},\"primaryImageOfPage\":{\"@id\":\"https:\/\/www.encontramoema.com.br\/sobre\/hospital-do-servidor-publico-estadual\/#primaryimage\"},\"image\":{\"@id\":\"https:\/\/www.encontramoema.com.br\/sobre\/hospital-do-servidor-publico-estadual\/#primaryimage\"},\"thumbnailUrl\":\"http:\/\/www.encontramoema.com.br\/sobre\/wp-content\/uploads\/2017\/08\/hospital-servidor-publico-estadual.jpg\",\"datePublished\":\"2017-08-03T20:50:45+00:00\",\"breadcrumb\":{\"@id\":\"https:\/\/www.encontramoema.com.br\/sobre\/hospital-do-servidor-publico-estadual\/#breadcrumb\"},\"inLanguage\":\"pt-BR\",\"potentialAction\":[{\"@type\":\"ReadAction\",\"target\":[\"https:\/\/www.encontramoema.com.br\/sobre\/hospital-do-servidor-publico-estadual\/\"]}]},{\"@type\":\"ImageObject\",\"inLanguage\":\"pt-BR\",\"@id\":\"https:\/\/www.encontramoema.com.br\/sobre\/hospital-do-servidor-publico-estadual\/#primaryimage\",\"url\":\"https:\/\/www.encontramoema.com.br\/sobre\/wp-content\/uploads\/2017\/08\/hospital-servidor-publico-estadual.jpg\",\"contentUrl\":\"https:\/\/www.encontramoema.com.br\/sobre\/wp-content\/uploads\/2017\/08\/hospital-servidor-publico-estadual.jpg\",\"width\":680,\"height\":189},{\"@type\":\"BreadcrumbList\",\"@id\":\"https:\/\/www.encontramoema.com.br\/sobre\/hospital-do-servidor-publico-estadual\/#breadcrumb\",\"itemListElement\":[{\"@type\":\"ListItem\",\"position\":1,\"name\":\"In\u00edcio\",\"item\":\"https:\/\/www.encontramoema.com.br\/sobre\/\"},{\"@type\":\"ListItem\",\"position\":2,\"name\":\"Hospital do Servidor P\u00fablico Estadual\"}]},{\"@type\":\"WebSite\",\"@id\":\"https:\/\/www.encontramoema.com.br\/sobre\/#website\",\"url\":\"https:\/\/www.encontramoema.com.br\/sobre\/\",\"name\":\"Encontra Moema\",\"description\":\"Not\u00edcias, eventos, informa\u00e7\u00f5es e dicas no bairro de Moema e regi\u00e3o.\",\"potentialAction\":[{\"@type\":\"SearchAction\",\"target\":{\"@type\":\"EntryPoint\",\"urlTemplate\":\"https:\/\/www.encontramoema.com.br\/sobre\/?s={search_term_string}\"},\"query-input\":{\"@type\":\"PropertyValueSpecification\",\"valueRequired\":true,\"valueName\":\"search_term_string\"}}],\"inLanguage\":\"pt-BR\"}]}<\/script>\n<!-- \/ Yoast SEO plugin. -->","yoast_head_json":{"title":"Hospital do Servidor P\u00fablico Estadual - Encontra Moema","robots":{"index":"index","follow":"follow","max-snippet":"max-snippet:-1","max-image-preview":"max-image-preview:large","max-video-preview":"max-video-preview:-1"},"canonical":"https:\/\/www.encontramoema.com.br\/sobre\/hospital-do-servidor-publico-estadual\/","og_locale":"pt_BR","og_type":"article","og_title":"Hospital do Servidor P\u00fablico Estadual - Encontra Moema","og_description":"O Hospital do Servidor P\u00fablico Estadual foi inaugurado em 9 de julho de 1961. Em 11 de mar\u00e7o de 1966 o DAMSPE passou a denominar-se IAMSPE (Instituto de Assist\u00eancia M\u00e9dica ao Servidor P\u00fablico Estadual). Na d\u00e9cada de 60 estava relacionado \u00e0 Secretaria da Administra\u00e7\u00e3o e a partir de 1987 passou a pertencer \u00e0 Secretaria da Sa\u00fade, ent\u00e3o administrada pelo Dr. Jos\u00e9 Aristodemo Pinotti. Ainda na\u00a0d\u00e9cada de 50, o governador Lucas Nogueira Garcez enviou um projeto de lei \u00e0 Assembl\u00e9ia Legislativa, atendendo a antiga reivindica\u00e7\u00e3o da Comiss\u00e3o da Assist\u00eancia M\u00e9dica Hospitalar composta por representantes do funcionalismo p\u00fablico estadual. O projeto foi","og_url":"https:\/\/www.encontramoema.com.br\/sobre\/hospital-do-servidor-publico-estadual\/","og_site_name":"Encontra Moema","og_image":[{"url":"http:\/\/www.encontramoema.com.br\/sobre\/wp-content\/uploads\/2017\/08\/hospital-servidor-publico-estadual.jpg","type":"","width":"","height":""}],"twitter_card":"summary_large_image","twitter_misc":{"Est. tempo de leitura":"2 minutos"},"schema":{"@context":"https:\/\/schema.org","@graph":[{"@type":"WebPage","@id":"https:\/\/www.encontramoema.com.br\/sobre\/hospital-do-servidor-publico-estadual\/","url":"https:\/\/www.encontramoema.com.br\/sobre\/hospital-do-servidor-publico-estadual\/","name":"Hospital do Servidor P\u00fablico Estadual - Encontra Moema","isPartOf":{"@id":"https:\/\/www.encontramoema.com.br\/sobre\/#website"},"primaryImageOfPage":{"@id":"https:\/\/www.encontramoema.com.br\/sobre\/hospital-do-servidor-publico-estadual\/#primaryimage"},"image":{"@id":"https:\/\/www.encontramoema.com.br\/sobre\/hospital-do-servidor-publico-estadual\/#primaryimage"},"thumbnailUrl":"http:\/\/www.encontramoema.com.br\/sobre\/wp-content\/uploads\/2017\/08\/hospital-servidor-publico-estadual.jpg","datePublished":"2017-08-03T20:50:45+00:00","breadcrumb":{"@id":"https:\/\/www.encontramoema.com.br\/sobre\/hospital-do-servidor-publico-estadual\/#breadcrumb"},"inLanguage":"pt-BR","potentialAction":[{"@type":"ReadAction","target":["https:\/\/www.encontramoema.com.br\/sobre\/hospital-do-servidor-publico-estadual\/"]}]},{"@type":"ImageObject","inLanguage":"pt-BR","@id":"https:\/\/www.encontramoema.com.br\/sobre\/hospital-do-servidor-publico-estadual\/#primaryimage","url":"https:\/\/www.encontramoema.com.br\/sobre\/wp-content\/uploads\/2017\/08\/hospital-servidor-publico-estadual.jpg","contentUrl":"https:\/\/www.encontramoema.com.br\/sobre\/wp-content\/uploads\/2017\/08\/hospital-servidor-publico-estadual.jpg","width":680,"height":189},{"@type":"BreadcrumbList","@id":"https:\/\/www.encontramoema.com.br\/sobre\/hospital-do-servidor-publico-estadual\/#breadcrumb","itemListElement":[{"@type":"ListItem","position":1,"name":"In\u00edcio","item":"https:\/\/www.encontramoema.com.br\/sobre\/"},{"@type":"ListItem","position":2,"name":"Hospital do Servidor P\u00fablico Estadual"}]},{"@type":"WebSite","@id":"https:\/\/www.encontramoema.com.br\/sobre\/#website","url":"https:\/\/www.encontramoema.com.br\/sobre\/","name":"Encontra Moema","description":"Not\u00edcias, eventos, informa\u00e7\u00f5es e dicas no bairro de Moema e regi\u00e3o.","potentialAction":[{"@type":"SearchAction","target":{"@type":"EntryPoint","urlTemplate":"https:\/\/www.encontramoema.com.br\/sobre\/?s={search_term_string}"},"query-input":{"@type":"PropertyValueSpecification","valueRequired":true,"valueName":"search_term_string"}}],"inLanguage":"pt-BR"}]}},"_links":{"self":[{"href":"https:\/\/www.encontramoema.com.br\/sobre\/wp-json\/wp\/v2\/pages\/20557","targetHints":{"allow":["GET"]}}],"collection":[{"href":"https:\/\/www.encontramoema.com.br\/sobre\/wp-json\/wp\/v2\/pages"}],"about":[{"href":"https:\/\/www.encontramoema.com.br\/sobre\/wp-json\/wp\/v2\/types\/page"}],"author":[{"embeddable":true,"href":"https:\/\/www.encontramoema.com.br\/sobre\/wp-json\/wp\/v2\/users\/1"}],"replies":[{"embeddable":true,"href":"https:\/\/www.encontramoema.com.br\/sobre\/wp-json\/wp\/v2\/comments?post=20557"}],"version-history":[{"count":0,"href":"https:\/\/www.encontramoema.com.br\/sobre\/wp-json\/wp\/v2\/pages\/20557\/revisions"}],"wp:attachment":[{"href":"https:\/\/www.encontramoema.com.br\/sobre\/wp-json\/wp\/v2\/media?parent=20557"}],"curies":[{"name":"wp","href":"https:\/\/api.w.org\/{rel}","templated":true}]}}