{"id":20559,"date":"2017-08-03T19:27:03","date_gmt":"2017-08-03T21:27:03","guid":{"rendered":"http:\/\/www.encontramoema.com.br\/sobre\/?page_id=20559"},"modified":"2017-08-03T19:31:55","modified_gmt":"2017-08-03T21:31:55","slug":"jardim-das-esculturas-no-ibirapuera","status":"publish","type":"page","link":"https:\/\/www.encontramoema.com.br\/sobre\/jardim-das-esculturas-no-ibirapuera\/","title":{"rendered":"Jardim das Esculturas no Ibirapuera"},"content":{"rendered":"<div class=\"b7f545a958fd6350ffae2d30a84cafb8\" data-index=\"1\" style=\"float: none; margin:0px;\">\n<!-- Anuncio display - global -->\r\n<ins class=\"adsbygoogle\"\r\n     style=\"display:block\"\r\n     data-ad-client=\"ca-pub-8585364105181520\"\r\n     data-ad-slot=\"8789329856\"\r\n     data-ad-format=\"auto\"\r\n     data-full-width-responsive=\"true\"><\/ins>\r\n<script>\r\n     (adsbygoogle = window.adsbygoogle || []).push({});\r\n<\/script>\n<\/div>\n<p>O <strong>Jardim de Esculturas<\/strong> foi projetado por Roberto Burle Marx para receber obras da cole\u00e7\u00e3o do MAM.<\/p>\n<p>Inaugurado em 1993, ele abriga 30 obras\u00a0numa \u00e1rea de 6 mil metros quadrados, sendo um dos principais acervos brasileiros expostos a c\u00e9u aberto. Visitas educativas acontecem regularmente.<\/p>\n<p><img loading=\"lazy\" decoding=\"async\" class=\"wp-image-20560 size-full alignnone\" title=\"Jardim de Esculturas no Ibirapuera\" src=\"http:\/\/www.encontramoema.com.br\/sobre\/wp-content\/uploads\/2017\/08\/jardim-das-esculturas-ibirapuera.jpg\" alt=\"Jardim de Esculturas no Ibirapuera\" width=\"680\" height=\"189\" srcset=\"https:\/\/www.encontramoema.com.br\/sobre\/wp-content\/uploads\/2017\/08\/jardim-das-esculturas-ibirapuera.jpg 680w, https:\/\/www.encontramoema.com.br\/sobre\/wp-content\/uploads\/2017\/08\/jardim-das-esculturas-ibirapuera-300x83.jpg 300w\" sizes=\"auto, (max-width: 680px) 100vw, 680px\" \/><\/p>\n<p>Surgiu a ideia de se criar o Jardim das Esculturas: um espa\u00e7o onde todos pudessem observar e desfrutar a beleza destas obras. O acervo de obras foi distribu\u00eddo de maneira a destacar e valorizar cada pe\u00e7a, de acordo com as propostas de seus autores.<\/p>\n<p>Para defini\u00e7\u00e3o do espa\u00e7o, usamos pedrisco no piso principal, que, al\u00e9m de tornar o solo perme\u00e1vel, evita a circula\u00e7\u00e3o de bicicletas ou similares. Utilizamos ainda outros materiais, como a argila expandida, seixos, brita e grama.<\/p>\n<p>Outro recurso empregado para a valoriza\u00e7\u00e3o das pe\u00e7as foi a movimenta\u00e7\u00e3o do terreno, induzindo os pedestres a observar, criando assim um todo harm\u00f4nico.<\/p>\n<p>De forma a criar perspectivas para determinados pontos de interesse, o projeto paisag\u00edstico utilizou a vegeta\u00e7\u00e3o regional nos canteiros, tirando proveito da sua flora\u00e7\u00e3o, seu porte e sequ\u00eancias de volumes, acentuando caracter\u00edsticas intr\u00ednsecas e buscando sempre o equil\u00edbrio de formas, volumes e cores.<\/p>\n<p>Jardim das Esculturas: um espa\u00e7o para estimular na comunidade a pr\u00e1tica da conviv\u00eancia art\u00edstica, divulgando as obras de artistas brasileiros e valorizando a cultura local.<\/p>\n<h2>Jardim das Esculturas MAM<\/h2>\n<p>O Jardim das esculturas \u00e9 um jardim ao ar livre localizado entre o MAM, Bienal e Oca. Nele h\u00e1 uma exposi\u00e7\u00e3o permanente de esculturas e paisagismo de Burle Marx.<\/p>\n<p>Todas as obras\u00a0pertencem \u00e0 cole\u00e7\u00e3o do MAM, com exce\u00e7\u00e3o da escultura A Ca\u00e7adora, de L\u00e9lio Coluccini, pertencente \u00e0 Prefeitura de S\u00e3o Paulo.<\/p>\n<p>Uma visita ao Jardim de Esculturas permite conhecer uma amostra significativa da arte tridimensional produzida no Brasil a partir da segunda metade do s\u00e9culo XX, em trabalhos como os de Antonio Liz\u00e1rraga, Carlos Fajardo, Emanoel de Ara\u00fajo, Jos\u00e9 Resende, Am\u00e9lia Toledo, Elisa Bracher e Nuno Ramos.<\/p>\n<h3>Hor\u00e1rio de Funcionamento Jardim das Esculturas<\/h3>\n<ul>\n<li>Seg a Sex das 5h \u00e0 0h e S\u00e1b e Dom 24h<\/li>\n<li>Os hor\u00e1rios podem ser alterados sem aviso. Consulte o local para confirmar.<\/li>\n<\/ul>\n<h3>Endere\u00e7o e Telefone\u00a0Jardim de Esculturas Ibirapuera<\/h3>\n<ul>\n<li>Av. Pedro \u00c1lvares Cabral, Moema\u00a0&#8211; S\u00e3o Paulo &#8211; SP<\/li>\n<li>Telefone: (11)\u00a05085-1300<\/li>\n<\/ul>\n<h4>Outras Informa\u00e7\u00f5es e Site<\/h4>\n<ul>\n<li>Mais informa\u00e7\u00f5es:\u00a0<a href=\"http:\/\/mam.org.br\/\" target=\"_blank\" rel=\"noopener noreferrer\">www.mam.org.br<\/a><\/li>\n<\/ul>\n<h4>Mapa de localiza\u00e7\u00e3o<\/h4>\n<a class=\"wp-colorbox-iframe\" href=\"https:\/\/www.google.com\/maps\/embed?pb=!1m14!1m8!1m3!1d14625.886142665544!2d-46.6576336!3d-23.5874162!3m2!1i1024!2i768!4f13.1!3m3!1m2!1s0x00xcb936109af9ce541!2sParque+Ibirapuera!5e0!3m2!1spt-BR!2sbr!4v1501795557076\"><img decoding=\"async\" src=\"http:\/\/www.encontramoema.com.br\/imgs\/maps-post.png\"><\/a>\n\n<div style=\"font-size: 0px; height: 0px; line-height: 0px; margin: 0; padding: 0; clear: both;\"><\/div>","protected":false},"excerpt":{"rendered":"<p>O Jardim de Esculturas foi projetado por Roberto Burle Marx para receber obras da cole\u00e7\u00e3o do MAM. Inaugurado em 1993, ele abriga 30 obras\u00a0numa \u00e1rea de 6 mil metros quadrados, sendo um dos principais acervos brasileiros expostos a c\u00e9u aberto. Visitas educativas acontecem regularmente. Surgiu a ideia de se criar o Jardim das Esculturas: um espa\u00e7o onde todos pudessem observar e desfrutar a beleza destas obras. O acervo de obras foi distribu\u00eddo de maneira a destacar e valorizar cada pe\u00e7a, de acordo com as propostas de seus autores. Para defini\u00e7\u00e3o do espa\u00e7o, usamos pedrisco no piso principal, que, al\u00e9m de <\/p>\n","protected":false},"author":1,"featured_media":0,"parent":0,"menu_order":0,"comment_status":"closed","ping_status":"closed","template":"","meta":{"footnotes":""},"class_list":["post-20559","page","type-page","status-publish","hentry"],"yoast_head":"<!-- This site is optimized with the Yoast SEO plugin v26.3 - https:\/\/yoast.com\/wordpress\/plugins\/seo\/ -->\n<title>Jardim das Esculturas no Ibirapuera - Encontra Moema<\/title>\n<meta name=\"robots\" content=\"index, follow, max-snippet:-1, max-image-preview:large, max-video-preview:-1\" \/>\n<link rel=\"canonical\" href=\"https:\/\/www.encontramoema.com.br\/sobre\/jardim-das-esculturas-no-ibirapuera\/\" \/>\n<meta property=\"og:locale\" content=\"pt_BR\" \/>\n<meta property=\"og:type\" content=\"article\" \/>\n<meta property=\"og:title\" content=\"Jardim das Esculturas no Ibirapuera - Encontra Moema\" \/>\n<meta property=\"og:description\" content=\"O Jardim de Esculturas foi projetado por Roberto Burle Marx para receber obras da cole\u00e7\u00e3o do MAM. Inaugurado em 1993, ele abriga 30 obras\u00a0numa \u00e1rea de 6 mil metros quadrados, sendo um dos principais acervos brasileiros expostos a c\u00e9u aberto. Visitas educativas acontecem regularmente. Surgiu a ideia de se criar o Jardim das Esculturas: um espa\u00e7o onde todos pudessem observar e desfrutar a beleza destas obras. O acervo de obras foi distribu\u00eddo de maneira a destacar e valorizar cada pe\u00e7a, de acordo com as propostas de seus autores. Para defini\u00e7\u00e3o do espa\u00e7o, usamos pedrisco no piso principal, que, al\u00e9m de\" \/>\n<meta property=\"og:url\" content=\"https:\/\/www.encontramoema.com.br\/sobre\/jardim-das-esculturas-no-ibirapuera\/\" \/>\n<meta property=\"og:site_name\" content=\"Encontra Moema\" \/>\n<meta property=\"article:modified_time\" content=\"2017-08-03T21:31:55+00:00\" \/>\n<meta property=\"og:image\" content=\"http:\/\/www.encontramoema.com.br\/sobre\/wp-content\/uploads\/2017\/08\/jardim-das-esculturas-ibirapuera.jpg\" \/>\n<meta name=\"twitter:card\" content=\"summary_large_image\" \/>\n<meta name=\"twitter:label1\" content=\"Est. tempo de leitura\" \/>\n\t<meta name=\"twitter:data1\" content=\"2 minutos\" \/>\n<script type=\"application\/ld+json\" class=\"yoast-schema-graph\">{\"@context\":\"https:\/\/schema.org\",\"@graph\":[{\"@type\":\"WebPage\",\"@id\":\"https:\/\/www.encontramoema.com.br\/sobre\/jardim-das-esculturas-no-ibirapuera\/\",\"url\":\"https:\/\/www.encontramoema.com.br\/sobre\/jardim-das-esculturas-no-ibirapuera\/\",\"name\":\"Jardim das Esculturas no Ibirapuera - Encontra Moema\",\"isPartOf\":{\"@id\":\"https:\/\/www.encontramoema.com.br\/sobre\/#website\"},\"primaryImageOfPage\":{\"@id\":\"https:\/\/www.encontramoema.com.br\/sobre\/jardim-das-esculturas-no-ibirapuera\/#primaryimage\"},\"image\":{\"@id\":\"https:\/\/www.encontramoema.com.br\/sobre\/jardim-das-esculturas-no-ibirapuera\/#primaryimage\"},\"thumbnailUrl\":\"http:\/\/www.encontramoema.com.br\/sobre\/wp-content\/uploads\/2017\/08\/jardim-das-esculturas-ibirapuera.jpg\",\"datePublished\":\"2017-08-03T21:27:03+00:00\",\"dateModified\":\"2017-08-03T21:31:55+00:00\",\"breadcrumb\":{\"@id\":\"https:\/\/www.encontramoema.com.br\/sobre\/jardim-das-esculturas-no-ibirapuera\/#breadcrumb\"},\"inLanguage\":\"pt-BR\",\"potentialAction\":[{\"@type\":\"ReadAction\",\"target\":[\"https:\/\/www.encontramoema.com.br\/sobre\/jardim-das-esculturas-no-ibirapuera\/\"]}]},{\"@type\":\"ImageObject\",\"inLanguage\":\"pt-BR\",\"@id\":\"https:\/\/www.encontramoema.com.br\/sobre\/jardim-das-esculturas-no-ibirapuera\/#primaryimage\",\"url\":\"https:\/\/www.encontramoema.com.br\/sobre\/wp-content\/uploads\/2017\/08\/jardim-das-esculturas-ibirapuera.jpg\",\"contentUrl\":\"https:\/\/www.encontramoema.com.br\/sobre\/wp-content\/uploads\/2017\/08\/jardim-das-esculturas-ibirapuera.jpg\",\"width\":680,\"height\":189},{\"@type\":\"BreadcrumbList\",\"@id\":\"https:\/\/www.encontramoema.com.br\/sobre\/jardim-das-esculturas-no-ibirapuera\/#breadcrumb\",\"itemListElement\":[{\"@type\":\"ListItem\",\"position\":1,\"name\":\"In\u00edcio\",\"item\":\"https:\/\/www.encontramoema.com.br\/sobre\/\"},{\"@type\":\"ListItem\",\"position\":2,\"name\":\"Jardim das Esculturas no Ibirapuera\"}]},{\"@type\":\"WebSite\",\"@id\":\"https:\/\/www.encontramoema.com.br\/sobre\/#website\",\"url\":\"https:\/\/www.encontramoema.com.br\/sobre\/\",\"name\":\"Encontra Moema\",\"description\":\"Not\u00edcias, eventos, informa\u00e7\u00f5es e dicas no bairro de Moema e regi\u00e3o.\",\"potentialAction\":[{\"@type\":\"SearchAction\",\"target\":{\"@type\":\"EntryPoint\",\"urlTemplate\":\"https:\/\/www.encontramoema.com.br\/sobre\/?s={search_term_string}\"},\"query-input\":{\"@type\":\"PropertyValueSpecification\",\"valueRequired\":true,\"valueName\":\"search_term_string\"}}],\"inLanguage\":\"pt-BR\"}]}<\/script>\n<!-- \/ Yoast SEO plugin. -->","yoast_head_json":{"title":"Jardim das Esculturas no Ibirapuera - Encontra Moema","robots":{"index":"index","follow":"follow","max-snippet":"max-snippet:-1","max-image-preview":"max-image-preview:large","max-video-preview":"max-video-preview:-1"},"canonical":"https:\/\/www.encontramoema.com.br\/sobre\/jardim-das-esculturas-no-ibirapuera\/","og_locale":"pt_BR","og_type":"article","og_title":"Jardim das Esculturas no Ibirapuera - Encontra Moema","og_description":"O Jardim de Esculturas foi projetado por Roberto Burle Marx para receber obras da cole\u00e7\u00e3o do MAM. Inaugurado em 1993, ele abriga 30 obras\u00a0numa \u00e1rea de 6 mil metros quadrados, sendo um dos principais acervos brasileiros expostos a c\u00e9u aberto. Visitas educativas acontecem regularmente. Surgiu a ideia de se criar o Jardim das Esculturas: um espa\u00e7o onde todos pudessem observar e desfrutar a beleza destas obras. O acervo de obras foi distribu\u00eddo de maneira a destacar e valorizar cada pe\u00e7a, de acordo com as propostas de seus autores. Para defini\u00e7\u00e3o do espa\u00e7o, usamos pedrisco no piso principal, que, al\u00e9m de","og_url":"https:\/\/www.encontramoema.com.br\/sobre\/jardim-das-esculturas-no-ibirapuera\/","og_site_name":"Encontra Moema","article_modified_time":"2017-08-03T21:31:55+00:00","og_image":[{"url":"http:\/\/www.encontramoema.com.br\/sobre\/wp-content\/uploads\/2017\/08\/jardim-das-esculturas-ibirapuera.jpg","type":"","width":"","height":""}],"twitter_card":"summary_large_image","twitter_misc":{"Est. tempo de leitura":"2 minutos"},"schema":{"@context":"https:\/\/schema.org","@graph":[{"@type":"WebPage","@id":"https:\/\/www.encontramoema.com.br\/sobre\/jardim-das-esculturas-no-ibirapuera\/","url":"https:\/\/www.encontramoema.com.br\/sobre\/jardim-das-esculturas-no-ibirapuera\/","name":"Jardim das Esculturas no Ibirapuera - Encontra Moema","isPartOf":{"@id":"https:\/\/www.encontramoema.com.br\/sobre\/#website"},"primaryImageOfPage":{"@id":"https:\/\/www.encontramoema.com.br\/sobre\/jardim-das-esculturas-no-ibirapuera\/#primaryimage"},"image":{"@id":"https:\/\/www.encontramoema.com.br\/sobre\/jardim-das-esculturas-no-ibirapuera\/#primaryimage"},"thumbnailUrl":"http:\/\/www.encontramoema.com.br\/sobre\/wp-content\/uploads\/2017\/08\/jardim-das-esculturas-ibirapuera.jpg","datePublished":"2017-08-03T21:27:03+00:00","dateModified":"2017-08-03T21:31:55+00:00","breadcrumb":{"@id":"https:\/\/www.encontramoema.com.br\/sobre\/jardim-das-esculturas-no-ibirapuera\/#breadcrumb"},"inLanguage":"pt-BR","potentialAction":[{"@type":"ReadAction","target":["https:\/\/www.encontramoema.com.br\/sobre\/jardim-das-esculturas-no-ibirapuera\/"]}]},{"@type":"ImageObject","inLanguage":"pt-BR","@id":"https:\/\/www.encontramoema.com.br\/sobre\/jardim-das-esculturas-no-ibirapuera\/#primaryimage","url":"https:\/\/www.encontramoema.com.br\/sobre\/wp-content\/uploads\/2017\/08\/jardim-das-esculturas-ibirapuera.jpg","contentUrl":"https:\/\/www.encontramoema.com.br\/sobre\/wp-content\/uploads\/2017\/08\/jardim-das-esculturas-ibirapuera.jpg","width":680,"height":189},{"@type":"BreadcrumbList","@id":"https:\/\/www.encontramoema.com.br\/sobre\/jardim-das-esculturas-no-ibirapuera\/#breadcrumb","itemListElement":[{"@type":"ListItem","position":1,"name":"In\u00edcio","item":"https:\/\/www.encontramoema.com.br\/sobre\/"},{"@type":"ListItem","position":2,"name":"Jardim das Esculturas no Ibirapuera"}]},{"@type":"WebSite","@id":"https:\/\/www.encontramoema.com.br\/sobre\/#website","url":"https:\/\/www.encontramoema.com.br\/sobre\/","name":"Encontra Moema","description":"Not\u00edcias, eventos, informa\u00e7\u00f5es e dicas no bairro de Moema e regi\u00e3o.","potentialAction":[{"@type":"SearchAction","target":{"@type":"EntryPoint","urlTemplate":"https:\/\/www.encontramoema.com.br\/sobre\/?s={search_term_string}"},"query-input":{"@type":"PropertyValueSpecification","valueRequired":true,"valueName":"search_term_string"}}],"inLanguage":"pt-BR"}]}},"_links":{"self":[{"href":"https:\/\/www.encontramoema.com.br\/sobre\/wp-json\/wp\/v2\/pages\/20559","targetHints":{"allow":["GET"]}}],"collection":[{"href":"https:\/\/www.encontramoema.com.br\/sobre\/wp-json\/wp\/v2\/pages"}],"about":[{"href":"https:\/\/www.encontramoema.com.br\/sobre\/wp-json\/wp\/v2\/types\/page"}],"author":[{"embeddable":true,"href":"https:\/\/www.encontramoema.com.br\/sobre\/wp-json\/wp\/v2\/users\/1"}],"replies":[{"embeddable":true,"href":"https:\/\/www.encontramoema.com.br\/sobre\/wp-json\/wp\/v2\/comments?post=20559"}],"version-history":[{"count":0,"href":"https:\/\/www.encontramoema.com.br\/sobre\/wp-json\/wp\/v2\/pages\/20559\/revisions"}],"wp:attachment":[{"href":"https:\/\/www.encontramoema.com.br\/sobre\/wp-json\/wp\/v2\/media?parent=20559"}],"curies":[{"name":"wp","href":"https:\/\/api.w.org\/{rel}","templated":true}]}}