{"id":20563,"date":"2017-08-04T11:30:00","date_gmt":"2017-08-04T13:30:00","guid":{"rendered":"http:\/\/www.encontramoema.com.br\/sobre\/?page_id=20563"},"modified":"2017-08-04T11:30:00","modified_gmt":"2017-08-04T13:30:00","slug":"modelodromo-do-ibirapuera-moema","status":"publish","type":"page","link":"https:\/\/www.encontramoema.com.br\/sobre\/modelodromo-do-ibirapuera-moema\/","title":{"rendered":"Model\u00f3dromo do Ibirapuera Moema"},"content":{"rendered":"<div class=\"b7f545a958fd6350ffae2d30a84cafb8\" data-index=\"1\" style=\"float: none; margin:0px;\">\n<!-- Anuncio display - global -->\r\n<ins class=\"adsbygoogle\"\r\n     style=\"display:block\"\r\n     data-ad-client=\"ca-pub-8585364105181520\"\r\n     data-ad-slot=\"8789329856\"\r\n     data-ad-format=\"auto\"\r\n     data-full-width-responsive=\"true\"><\/ins>\r\n<script>\r\n     (adsbygoogle = window.adsbygoogle || []).push({});\r\n<\/script>\n<\/div>\n<p>O Clube Desportivo Municipal Model\u00f3dromo do Ibirapuera (CDMMI), ou apenas <strong>Model\u00f3dromo do Ibirapuera<\/strong>, localizado pr\u00f3ximo ao Parque do Ibirapuera, Zona Sul da capital, comemorou 40 anos em 2009.<\/p>\n<p>Para quem n\u00e3o conhece, o local \u00e9 o ponto de encontro oficial dos colecionadores, competidores, montadores e apreciadores de miniaturas de avi\u00f5es, navios, helic\u00f3pteros, carros e trens.<\/p>\n<p><img loading=\"lazy\" decoding=\"async\" class=\"alignnone wp-image-20564\" title=\"Model\u00f3dromo do Ibirapuera Moema\" src=\"http:\/\/www.encontramoema.com.br\/sobre\/wp-content\/uploads\/2017\/08\/modelodromo-ibirapuera-moema.jpg\" alt=\"Model\u00f3dromo do Ibirapuera Moema\" width=\"728\" height=\"364\" srcset=\"https:\/\/www.encontramoema.com.br\/sobre\/wp-content\/uploads\/2017\/08\/modelodromo-ibirapuera-moema.jpg 800w, https:\/\/www.encontramoema.com.br\/sobre\/wp-content\/uploads\/2017\/08\/modelodromo-ibirapuera-moema-300x150.jpg 300w, https:\/\/www.encontramoema.com.br\/sobre\/wp-content\/uploads\/2017\/08\/modelodromo-ibirapuera-moema-768x384.jpg 768w\" sizes=\"auto, (max-width: 728px) 100vw, 728px\" \/><\/p>\n<p>O projeto, pioneiro para a \u00e9poca em que foi concebido, inspirou a constru\u00e7\u00e3o de clubes similares no Brasil e no exterior.<\/p>\n<p>Mesmo para quem n\u00e3o pratica o modelismo, vale a pena conferir as miniaturas dos ve\u00edculos e tamb\u00e9m maquetes de esta\u00e7\u00f5es de trem, aeroportos e at\u00e9 ambientes com tanques de guerra.<\/p>\n<p>O CDMMI possui estacionamento, banheiros, lanchonete externa e muito espa\u00e7o para as crian\u00e7as brincarem com seguran\u00e7a.<\/p>\n<h3>Hor\u00e1rio de Funcionamento\u00a0Model\u00f3dromo do Ibirapuera<\/h3>\n<ul>\n<li>Todos os dias das 8h \u00e0s 22h<\/li>\n<li>Os hor\u00e1rios podem ser alterados sem aviso. Consulte o local para confirmar.<\/li>\n<\/ul>\n<h3>Endere\u00e7o e Telefone\u00a0Model\u00f3dromo do Ibirapuera<\/h3>\n<ul>\n<li>Rua Curitiba, 290, Moema\u00a0&#8211; S\u00e3o Paulo &#8211; SP<\/li>\n<li>Telefone: (11)\u00a02141-5609<\/li>\n<\/ul>\n<h4>Outras Informa\u00e7\u00f5es e Site<\/h4>\n<ul>\n<li>Mais informa\u00e7\u00f5es:\u00a0<a href=\"http:\/\/www.capital.sp.gov.br\/\" target=\"_blank\" rel=\"noopener noreferrer\">www.capital.sp.gov.br<\/a><\/li>\n<\/ul>\n<h4>Mapa de localiza\u00e7\u00e3o<\/h4>\n<a class=\"wp-colorbox-iframe\" href=\"https:\/\/www.google.com\/maps\/embed?pb=!1m14!1m8!1m3!1d14626.421925054085!2d-46.6530661!3d-23.5826087!3m2!1i1024!2i768!4f13.1!3m3!1m2!1s0x00x646518f717d7d5de!2sCDC+-+Modeldromo+Ibirapuera!5e0!3m2!1spt-BR!2sbr!4v1501853288544\"><img decoding=\"async\" src=\"http:\/\/www.encontramoema.com.br\/imgs\/maps-post.png\"><\/a>\n\n<div style=\"font-size: 0px; height: 0px; line-height: 0px; margin: 0; padding: 0; clear: both;\"><\/div>","protected":false},"excerpt":{"rendered":"<p>O Clube Desportivo Municipal Model\u00f3dromo do Ibirapuera (CDMMI), ou apenas Model\u00f3dromo do Ibirapuera, localizado pr\u00f3ximo ao Parque do Ibirapuera, Zona Sul da capital, comemorou 40 anos em 2009. Para quem n\u00e3o conhece, o local \u00e9 o ponto de encontro oficial dos colecionadores, competidores, montadores e apreciadores de miniaturas de avi\u00f5es, navios, helic\u00f3pteros, carros e trens. O projeto, pioneiro para a \u00e9poca em que foi concebido, inspirou a constru\u00e7\u00e3o de clubes similares no Brasil e no exterior. Mesmo para quem n\u00e3o pratica o modelismo, vale a pena conferir as miniaturas dos ve\u00edculos e tamb\u00e9m maquetes de esta\u00e7\u00f5es de trem, aeroportos e <\/p>\n","protected":false},"author":1,"featured_media":0,"parent":0,"menu_order":0,"comment_status":"closed","ping_status":"closed","template":"","meta":{"footnotes":""},"class_list":["post-20563","page","type-page","status-publish","hentry"],"yoast_head":"<!-- This site is optimized with the Yoast SEO plugin v26.3 - https:\/\/yoast.com\/wordpress\/plugins\/seo\/ -->\n<title>Model\u00f3dromo do Ibirapuera Moema - Encontra Moema<\/title>\n<meta name=\"robots\" content=\"index, follow, max-snippet:-1, max-image-preview:large, max-video-preview:-1\" \/>\n<link rel=\"canonical\" href=\"https:\/\/www.encontramoema.com.br\/sobre\/modelodromo-do-ibirapuera-moema\/\" \/>\n<meta property=\"og:locale\" content=\"pt_BR\" \/>\n<meta property=\"og:type\" content=\"article\" \/>\n<meta property=\"og:title\" content=\"Model\u00f3dromo do Ibirapuera Moema - Encontra Moema\" \/>\n<meta property=\"og:description\" content=\"O Clube Desportivo Municipal Model\u00f3dromo do Ibirapuera (CDMMI), ou apenas Model\u00f3dromo do Ibirapuera, localizado pr\u00f3ximo ao Parque do Ibirapuera, Zona Sul da capital, comemorou 40 anos em 2009. Para quem n\u00e3o conhece, o local \u00e9 o ponto de encontro oficial dos colecionadores, competidores, montadores e apreciadores de miniaturas de avi\u00f5es, navios, helic\u00f3pteros, carros e trens. O projeto, pioneiro para a \u00e9poca em que foi concebido, inspirou a constru\u00e7\u00e3o de clubes similares no Brasil e no exterior. Mesmo para quem n\u00e3o pratica o modelismo, vale a pena conferir as miniaturas dos ve\u00edculos e tamb\u00e9m maquetes de esta\u00e7\u00f5es de trem, aeroportos e\" \/>\n<meta property=\"og:url\" content=\"https:\/\/www.encontramoema.com.br\/sobre\/modelodromo-do-ibirapuera-moema\/\" \/>\n<meta property=\"og:site_name\" content=\"Encontra Moema\" \/>\n<meta property=\"og:image\" content=\"http:\/\/www.encontramoema.com.br\/sobre\/wp-content\/uploads\/2017\/08\/modelodromo-ibirapuera-moema.jpg\" \/>\n<meta name=\"twitter:card\" content=\"summary_large_image\" \/>\n<meta name=\"twitter:label1\" content=\"Est. tempo de leitura\" \/>\n\t<meta name=\"twitter:data1\" content=\"1 minuto\" \/>\n<script type=\"application\/ld+json\" class=\"yoast-schema-graph\">{\"@context\":\"https:\/\/schema.org\",\"@graph\":[{\"@type\":\"WebPage\",\"@id\":\"https:\/\/www.encontramoema.com.br\/sobre\/modelodromo-do-ibirapuera-moema\/\",\"url\":\"https:\/\/www.encontramoema.com.br\/sobre\/modelodromo-do-ibirapuera-moema\/\",\"name\":\"Model\u00f3dromo do Ibirapuera Moema - Encontra Moema\",\"isPartOf\":{\"@id\":\"https:\/\/www.encontramoema.com.br\/sobre\/#website\"},\"primaryImageOfPage\":{\"@id\":\"https:\/\/www.encontramoema.com.br\/sobre\/modelodromo-do-ibirapuera-moema\/#primaryimage\"},\"image\":{\"@id\":\"https:\/\/www.encontramoema.com.br\/sobre\/modelodromo-do-ibirapuera-moema\/#primaryimage\"},\"thumbnailUrl\":\"http:\/\/www.encontramoema.com.br\/sobre\/wp-content\/uploads\/2017\/08\/modelodromo-ibirapuera-moema.jpg\",\"datePublished\":\"2017-08-04T13:30:00+00:00\",\"breadcrumb\":{\"@id\":\"https:\/\/www.encontramoema.com.br\/sobre\/modelodromo-do-ibirapuera-moema\/#breadcrumb\"},\"inLanguage\":\"pt-BR\",\"potentialAction\":[{\"@type\":\"ReadAction\",\"target\":[\"https:\/\/www.encontramoema.com.br\/sobre\/modelodromo-do-ibirapuera-moema\/\"]}]},{\"@type\":\"ImageObject\",\"inLanguage\":\"pt-BR\",\"@id\":\"https:\/\/www.encontramoema.com.br\/sobre\/modelodromo-do-ibirapuera-moema\/#primaryimage\",\"url\":\"https:\/\/www.encontramoema.com.br\/sobre\/wp-content\/uploads\/2017\/08\/modelodromo-ibirapuera-moema.jpg\",\"contentUrl\":\"https:\/\/www.encontramoema.com.br\/sobre\/wp-content\/uploads\/2017\/08\/modelodromo-ibirapuera-moema.jpg\",\"width\":800,\"height\":400},{\"@type\":\"BreadcrumbList\",\"@id\":\"https:\/\/www.encontramoema.com.br\/sobre\/modelodromo-do-ibirapuera-moema\/#breadcrumb\",\"itemListElement\":[{\"@type\":\"ListItem\",\"position\":1,\"name\":\"In\u00edcio\",\"item\":\"https:\/\/www.encontramoema.com.br\/sobre\/\"},{\"@type\":\"ListItem\",\"position\":2,\"name\":\"Model\u00f3dromo do Ibirapuera Moema\"}]},{\"@type\":\"WebSite\",\"@id\":\"https:\/\/www.encontramoema.com.br\/sobre\/#website\",\"url\":\"https:\/\/www.encontramoema.com.br\/sobre\/\",\"name\":\"Encontra Moema\",\"description\":\"Not\u00edcias, eventos, informa\u00e7\u00f5es e dicas no bairro de Moema e regi\u00e3o.\",\"potentialAction\":[{\"@type\":\"SearchAction\",\"target\":{\"@type\":\"EntryPoint\",\"urlTemplate\":\"https:\/\/www.encontramoema.com.br\/sobre\/?s={search_term_string}\"},\"query-input\":{\"@type\":\"PropertyValueSpecification\",\"valueRequired\":true,\"valueName\":\"search_term_string\"}}],\"inLanguage\":\"pt-BR\"}]}<\/script>\n<!-- \/ Yoast SEO plugin. -->","yoast_head_json":{"title":"Model\u00f3dromo do Ibirapuera Moema - Encontra Moema","robots":{"index":"index","follow":"follow","max-snippet":"max-snippet:-1","max-image-preview":"max-image-preview:large","max-video-preview":"max-video-preview:-1"},"canonical":"https:\/\/www.encontramoema.com.br\/sobre\/modelodromo-do-ibirapuera-moema\/","og_locale":"pt_BR","og_type":"article","og_title":"Model\u00f3dromo do Ibirapuera Moema - Encontra Moema","og_description":"O Clube Desportivo Municipal Model\u00f3dromo do Ibirapuera (CDMMI), ou apenas Model\u00f3dromo do Ibirapuera, localizado pr\u00f3ximo ao Parque do Ibirapuera, Zona Sul da capital, comemorou 40 anos em 2009. Para quem n\u00e3o conhece, o local \u00e9 o ponto de encontro oficial dos colecionadores, competidores, montadores e apreciadores de miniaturas de avi\u00f5es, navios, helic\u00f3pteros, carros e trens. O projeto, pioneiro para a \u00e9poca em que foi concebido, inspirou a constru\u00e7\u00e3o de clubes similares no Brasil e no exterior. Mesmo para quem n\u00e3o pratica o modelismo, vale a pena conferir as miniaturas dos ve\u00edculos e tamb\u00e9m maquetes de esta\u00e7\u00f5es de trem, aeroportos e","og_url":"https:\/\/www.encontramoema.com.br\/sobre\/modelodromo-do-ibirapuera-moema\/","og_site_name":"Encontra Moema","og_image":[{"url":"http:\/\/www.encontramoema.com.br\/sobre\/wp-content\/uploads\/2017\/08\/modelodromo-ibirapuera-moema.jpg","type":"","width":"","height":""}],"twitter_card":"summary_large_image","twitter_misc":{"Est. tempo de leitura":"1 minuto"},"schema":{"@context":"https:\/\/schema.org","@graph":[{"@type":"WebPage","@id":"https:\/\/www.encontramoema.com.br\/sobre\/modelodromo-do-ibirapuera-moema\/","url":"https:\/\/www.encontramoema.com.br\/sobre\/modelodromo-do-ibirapuera-moema\/","name":"Model\u00f3dromo do Ibirapuera Moema - Encontra Moema","isPartOf":{"@id":"https:\/\/www.encontramoema.com.br\/sobre\/#website"},"primaryImageOfPage":{"@id":"https:\/\/www.encontramoema.com.br\/sobre\/modelodromo-do-ibirapuera-moema\/#primaryimage"},"image":{"@id":"https:\/\/www.encontramoema.com.br\/sobre\/modelodromo-do-ibirapuera-moema\/#primaryimage"},"thumbnailUrl":"http:\/\/www.encontramoema.com.br\/sobre\/wp-content\/uploads\/2017\/08\/modelodromo-ibirapuera-moema.jpg","datePublished":"2017-08-04T13:30:00+00:00","breadcrumb":{"@id":"https:\/\/www.encontramoema.com.br\/sobre\/modelodromo-do-ibirapuera-moema\/#breadcrumb"},"inLanguage":"pt-BR","potentialAction":[{"@type":"ReadAction","target":["https:\/\/www.encontramoema.com.br\/sobre\/modelodromo-do-ibirapuera-moema\/"]}]},{"@type":"ImageObject","inLanguage":"pt-BR","@id":"https:\/\/www.encontramoema.com.br\/sobre\/modelodromo-do-ibirapuera-moema\/#primaryimage","url":"https:\/\/www.encontramoema.com.br\/sobre\/wp-content\/uploads\/2017\/08\/modelodromo-ibirapuera-moema.jpg","contentUrl":"https:\/\/www.encontramoema.com.br\/sobre\/wp-content\/uploads\/2017\/08\/modelodromo-ibirapuera-moema.jpg","width":800,"height":400},{"@type":"BreadcrumbList","@id":"https:\/\/www.encontramoema.com.br\/sobre\/modelodromo-do-ibirapuera-moema\/#breadcrumb","itemListElement":[{"@type":"ListItem","position":1,"name":"In\u00edcio","item":"https:\/\/www.encontramoema.com.br\/sobre\/"},{"@type":"ListItem","position":2,"name":"Model\u00f3dromo do Ibirapuera Moema"}]},{"@type":"WebSite","@id":"https:\/\/www.encontramoema.com.br\/sobre\/#website","url":"https:\/\/www.encontramoema.com.br\/sobre\/","name":"Encontra Moema","description":"Not\u00edcias, eventos, informa\u00e7\u00f5es e dicas no bairro de Moema e regi\u00e3o.","potentialAction":[{"@type":"SearchAction","target":{"@type":"EntryPoint","urlTemplate":"https:\/\/www.encontramoema.com.br\/sobre\/?s={search_term_string}"},"query-input":{"@type":"PropertyValueSpecification","valueRequired":true,"valueName":"search_term_string"}}],"inLanguage":"pt-BR"}]}},"_links":{"self":[{"href":"https:\/\/www.encontramoema.com.br\/sobre\/wp-json\/wp\/v2\/pages\/20563","targetHints":{"allow":["GET"]}}],"collection":[{"href":"https:\/\/www.encontramoema.com.br\/sobre\/wp-json\/wp\/v2\/pages"}],"about":[{"href":"https:\/\/www.encontramoema.com.br\/sobre\/wp-json\/wp\/v2\/types\/page"}],"author":[{"embeddable":true,"href":"https:\/\/www.encontramoema.com.br\/sobre\/wp-json\/wp\/v2\/users\/1"}],"replies":[{"embeddable":true,"href":"https:\/\/www.encontramoema.com.br\/sobre\/wp-json\/wp\/v2\/comments?post=20563"}],"version-history":[{"count":0,"href":"https:\/\/www.encontramoema.com.br\/sobre\/wp-json\/wp\/v2\/pages\/20563\/revisions"}],"wp:attachment":[{"href":"https:\/\/www.encontramoema.com.br\/sobre\/wp-json\/wp\/v2\/media?parent=20563"}],"curies":[{"name":"wp","href":"https:\/\/api.w.org\/{rel}","templated":true}]}}