{"id":20565,"date":"2017-08-04T12:11:22","date_gmt":"2017-08-04T14:11:22","guid":{"rendered":"http:\/\/www.encontramoema.com.br\/sobre\/?page_id=20565"},"modified":"2017-08-04T12:11:22","modified_gmt":"2017-08-04T14:11:22","slug":"arena-de-eventos-ibirapuera","status":"publish","type":"page","link":"https:\/\/www.encontramoema.com.br\/sobre\/arena-de-eventos-ibirapuera\/","title":{"rendered":"Arena de Eventos Ibirapuera"},"content":{"rendered":"<div class=\"b7f545a958fd6350ffae2d30a84cafb8\" data-index=\"1\" style=\"float: none; margin:0px;\">\n<!-- Anuncio display - global -->\r\n<ins class=\"adsbygoogle\"\r\n     style=\"display:block\"\r\n     data-ad-client=\"ca-pub-8585364105181520\"\r\n     data-ad-slot=\"8789329856\"\r\n     data-ad-format=\"auto\"\r\n     data-full-width-responsive=\"true\"><\/ins>\r\n<script>\r\n     (adsbygoogle = window.adsbygoogle || []).push({});\r\n<\/script>\n<\/div>\n<p>A <strong>Arena de Eventos Ibirapuera<\/strong> \u00e9 um espa\u00e7o pertencente ao Parque do Ibirapuera onde alguns eventos e shows s\u00e3o montados.<\/p>\n<p>A \u00e1rea fica perto do port\u00e3o 10, no estacionamento do Museu Afro e conta com espa\u00e7o para cerca de 10 mil pessoas.<\/p>\n<p><img loading=\"lazy\" decoding=\"async\" class=\"alignnone wp-image-20566 size-full\" title=\"Arena de Eventos Ibirapuera\" src=\"http:\/\/www.encontramoema.com.br\/sobre\/wp-content\/uploads\/2017\/08\/arena-de-eventos-no-ibirapuera.jpg\" alt=\"Arena de Eventos Ibirapuera\" width=\"680\" height=\"189\" srcset=\"https:\/\/www.encontramoema.com.br\/sobre\/wp-content\/uploads\/2017\/08\/arena-de-eventos-no-ibirapuera.jpg 680w, https:\/\/www.encontramoema.com.br\/sobre\/wp-content\/uploads\/2017\/08\/arena-de-eventos-no-ibirapuera-300x83.jpg 300w\" sizes=\"auto, (max-width: 680px) 100vw, 680px\" \/><\/p>\n<p>A Arena \u00e9 um local amplo e aberto que recebe diversos eventos durante todo o ano, \u00e9 como um palco montado com um vasto espa\u00e7o ao redor para receber o p\u00fablico.<\/p>\n<h3>Hor\u00e1rio de Funcionamento\u00a0Arena de Eventos Ibirapuera<\/h3>\n<ul>\n<li>O hor\u00e1rio varia de acordo com o evento, para maiores informa\u00e7\u00f5es acesse o site abaixo<\/li>\n<\/ul>\n<h3>Endere\u00e7o e Telefone Arena de Eventos Ibirapuera Moema<\/h3>\n<ul>\n<li>Av. Pedro \u00c1lvares Cabral, Moema\u00a0&#8211; S\u00e3o Paulo &#8211; SP<\/li>\n<li>Telefone: (11)\u00a05574-5045<\/li>\n<\/ul>\n<h4>Parque Ibirapuera Programa\u00e7\u00e3o<\/h4>\n<ul>\n<li>Mais informa\u00e7\u00f5es:\u00a0<a href=\"http:\/\/www.prefeitura.sp.gov.br\/\" target=\"_blank\" rel=\"noopener noreferrer\">www.prefeitura.sp.gov.br<\/a><\/li>\n<li>Parque Ibirapuera Conserva\u00e7\u00e3o:\u00a0<a href=\"http:\/\/parqueibirapuera.org\/\" target=\"_blank\" rel=\"noopener noreferrer\">www.parqueibirapuera.org<\/a><\/li>\n<\/ul>\n<h4>Mapa de localiza\u00e7\u00e3o<\/h4>\n<a class=\"wp-colorbox-iframe\" href=\"https:\/\/www.google.com\/maps\/embed?pb=!1m14!1m8!1m3!1d14625.886142665544!2d-46.6576336!3d-23.5874162!3m2!1i1024!2i768!4f13.1!3m3!1m2!1s0x00xcb936109af9ce541!2sParque+Ibirapuera!5e0!3m2!1spt-BR!2sbr!4v1501855476230\"><img decoding=\"async\" src=\"http:\/\/www.encontramoema.com.br\/imgs\/maps-post.png\"><\/a>\n\n<div style=\"font-size: 0px; height: 0px; line-height: 0px; margin: 0; padding: 0; clear: both;\"><\/div>","protected":false},"excerpt":{"rendered":"<p>A Arena de Eventos Ibirapuera \u00e9 um espa\u00e7o pertencente ao Parque do Ibirapuera onde alguns eventos e shows s\u00e3o montados. A \u00e1rea fica perto do port\u00e3o 10, no estacionamento do Museu Afro e conta com espa\u00e7o para cerca de 10 mil pessoas. A Arena \u00e9 um local amplo e aberto que recebe diversos eventos durante todo o ano, \u00e9 como um palco montado com um vasto espa\u00e7o ao redor para receber o p\u00fablico. Hor\u00e1rio de Funcionamento\u00a0Arena de Eventos Ibirapuera O hor\u00e1rio varia de acordo com o evento, para maiores informa\u00e7\u00f5es acesse o site abaixo Endere\u00e7o e Telefone Arena de Eventos <\/p>\n","protected":false},"author":1,"featured_media":0,"parent":0,"menu_order":0,"comment_status":"closed","ping_status":"closed","template":"","meta":{"footnotes":""},"class_list":["post-20565","page","type-page","status-publish","hentry"],"yoast_head":"<!-- This site is optimized with the Yoast SEO plugin v26.3 - https:\/\/yoast.com\/wordpress\/plugins\/seo\/ -->\n<title>Arena de Eventos Ibirapuera - Encontra Moema<\/title>\n<meta name=\"robots\" content=\"index, follow, max-snippet:-1, max-image-preview:large, max-video-preview:-1\" \/>\n<link rel=\"canonical\" href=\"https:\/\/www.encontramoema.com.br\/sobre\/arena-de-eventos-ibirapuera\/\" \/>\n<meta property=\"og:locale\" content=\"pt_BR\" \/>\n<meta property=\"og:type\" content=\"article\" \/>\n<meta property=\"og:title\" content=\"Arena de Eventos Ibirapuera - Encontra Moema\" \/>\n<meta property=\"og:description\" content=\"A Arena de Eventos Ibirapuera \u00e9 um espa\u00e7o pertencente ao Parque do Ibirapuera onde alguns eventos e shows s\u00e3o montados. A \u00e1rea fica perto do port\u00e3o 10, no estacionamento do Museu Afro e conta com espa\u00e7o para cerca de 10 mil pessoas. A Arena \u00e9 um local amplo e aberto que recebe diversos eventos durante todo o ano, \u00e9 como um palco montado com um vasto espa\u00e7o ao redor para receber o p\u00fablico. Hor\u00e1rio de Funcionamento\u00a0Arena de Eventos Ibirapuera O hor\u00e1rio varia de acordo com o evento, para maiores informa\u00e7\u00f5es acesse o site abaixo Endere\u00e7o e Telefone Arena de Eventos\" \/>\n<meta property=\"og:url\" content=\"https:\/\/www.encontramoema.com.br\/sobre\/arena-de-eventos-ibirapuera\/\" \/>\n<meta property=\"og:site_name\" content=\"Encontra Moema\" \/>\n<meta property=\"og:image\" content=\"http:\/\/www.encontramoema.com.br\/sobre\/wp-content\/uploads\/2017\/08\/arena-de-eventos-no-ibirapuera.jpg\" \/>\n<meta name=\"twitter:card\" content=\"summary_large_image\" \/>\n<meta name=\"twitter:label1\" content=\"Est. tempo de leitura\" \/>\n\t<meta name=\"twitter:data1\" content=\"1 minuto\" \/>\n<script type=\"application\/ld+json\" class=\"yoast-schema-graph\">{\"@context\":\"https:\/\/schema.org\",\"@graph\":[{\"@type\":\"WebPage\",\"@id\":\"https:\/\/www.encontramoema.com.br\/sobre\/arena-de-eventos-ibirapuera\/\",\"url\":\"https:\/\/www.encontramoema.com.br\/sobre\/arena-de-eventos-ibirapuera\/\",\"name\":\"Arena de Eventos Ibirapuera - Encontra Moema\",\"isPartOf\":{\"@id\":\"https:\/\/www.encontramoema.com.br\/sobre\/#website\"},\"primaryImageOfPage\":{\"@id\":\"https:\/\/www.encontramoema.com.br\/sobre\/arena-de-eventos-ibirapuera\/#primaryimage\"},\"image\":{\"@id\":\"https:\/\/www.encontramoema.com.br\/sobre\/arena-de-eventos-ibirapuera\/#primaryimage\"},\"thumbnailUrl\":\"http:\/\/www.encontramoema.com.br\/sobre\/wp-content\/uploads\/2017\/08\/arena-de-eventos-no-ibirapuera.jpg\",\"datePublished\":\"2017-08-04T14:11:22+00:00\",\"breadcrumb\":{\"@id\":\"https:\/\/www.encontramoema.com.br\/sobre\/arena-de-eventos-ibirapuera\/#breadcrumb\"},\"inLanguage\":\"pt-BR\",\"potentialAction\":[{\"@type\":\"ReadAction\",\"target\":[\"https:\/\/www.encontramoema.com.br\/sobre\/arena-de-eventos-ibirapuera\/\"]}]},{\"@type\":\"ImageObject\",\"inLanguage\":\"pt-BR\",\"@id\":\"https:\/\/www.encontramoema.com.br\/sobre\/arena-de-eventos-ibirapuera\/#primaryimage\",\"url\":\"https:\/\/www.encontramoema.com.br\/sobre\/wp-content\/uploads\/2017\/08\/arena-de-eventos-no-ibirapuera.jpg\",\"contentUrl\":\"https:\/\/www.encontramoema.com.br\/sobre\/wp-content\/uploads\/2017\/08\/arena-de-eventos-no-ibirapuera.jpg\",\"width\":680,\"height\":189},{\"@type\":\"BreadcrumbList\",\"@id\":\"https:\/\/www.encontramoema.com.br\/sobre\/arena-de-eventos-ibirapuera\/#breadcrumb\",\"itemListElement\":[{\"@type\":\"ListItem\",\"position\":1,\"name\":\"In\u00edcio\",\"item\":\"https:\/\/www.encontramoema.com.br\/sobre\/\"},{\"@type\":\"ListItem\",\"position\":2,\"name\":\"Arena de Eventos Ibirapuera\"}]},{\"@type\":\"WebSite\",\"@id\":\"https:\/\/www.encontramoema.com.br\/sobre\/#website\",\"url\":\"https:\/\/www.encontramoema.com.br\/sobre\/\",\"name\":\"Encontra Moema\",\"description\":\"Not\u00edcias, eventos, informa\u00e7\u00f5es e dicas no bairro de Moema e regi\u00e3o.\",\"potentialAction\":[{\"@type\":\"SearchAction\",\"target\":{\"@type\":\"EntryPoint\",\"urlTemplate\":\"https:\/\/www.encontramoema.com.br\/sobre\/?s={search_term_string}\"},\"query-input\":{\"@type\":\"PropertyValueSpecification\",\"valueRequired\":true,\"valueName\":\"search_term_string\"}}],\"inLanguage\":\"pt-BR\"}]}<\/script>\n<!-- \/ Yoast SEO plugin. -->","yoast_head_json":{"title":"Arena de Eventos Ibirapuera - Encontra Moema","robots":{"index":"index","follow":"follow","max-snippet":"max-snippet:-1","max-image-preview":"max-image-preview:large","max-video-preview":"max-video-preview:-1"},"canonical":"https:\/\/www.encontramoema.com.br\/sobre\/arena-de-eventos-ibirapuera\/","og_locale":"pt_BR","og_type":"article","og_title":"Arena de Eventos Ibirapuera - Encontra Moema","og_description":"A Arena de Eventos Ibirapuera \u00e9 um espa\u00e7o pertencente ao Parque do Ibirapuera onde alguns eventos e shows s\u00e3o montados. A \u00e1rea fica perto do port\u00e3o 10, no estacionamento do Museu Afro e conta com espa\u00e7o para cerca de 10 mil pessoas. A Arena \u00e9 um local amplo e aberto que recebe diversos eventos durante todo o ano, \u00e9 como um palco montado com um vasto espa\u00e7o ao redor para receber o p\u00fablico. Hor\u00e1rio de Funcionamento\u00a0Arena de Eventos Ibirapuera O hor\u00e1rio varia de acordo com o evento, para maiores informa\u00e7\u00f5es acesse o site abaixo Endere\u00e7o e Telefone Arena de Eventos","og_url":"https:\/\/www.encontramoema.com.br\/sobre\/arena-de-eventos-ibirapuera\/","og_site_name":"Encontra Moema","og_image":[{"url":"http:\/\/www.encontramoema.com.br\/sobre\/wp-content\/uploads\/2017\/08\/arena-de-eventos-no-ibirapuera.jpg","type":"","width":"","height":""}],"twitter_card":"summary_large_image","twitter_misc":{"Est. tempo de leitura":"1 minuto"},"schema":{"@context":"https:\/\/schema.org","@graph":[{"@type":"WebPage","@id":"https:\/\/www.encontramoema.com.br\/sobre\/arena-de-eventos-ibirapuera\/","url":"https:\/\/www.encontramoema.com.br\/sobre\/arena-de-eventos-ibirapuera\/","name":"Arena de Eventos Ibirapuera - Encontra Moema","isPartOf":{"@id":"https:\/\/www.encontramoema.com.br\/sobre\/#website"},"primaryImageOfPage":{"@id":"https:\/\/www.encontramoema.com.br\/sobre\/arena-de-eventos-ibirapuera\/#primaryimage"},"image":{"@id":"https:\/\/www.encontramoema.com.br\/sobre\/arena-de-eventos-ibirapuera\/#primaryimage"},"thumbnailUrl":"http:\/\/www.encontramoema.com.br\/sobre\/wp-content\/uploads\/2017\/08\/arena-de-eventos-no-ibirapuera.jpg","datePublished":"2017-08-04T14:11:22+00:00","breadcrumb":{"@id":"https:\/\/www.encontramoema.com.br\/sobre\/arena-de-eventos-ibirapuera\/#breadcrumb"},"inLanguage":"pt-BR","potentialAction":[{"@type":"ReadAction","target":["https:\/\/www.encontramoema.com.br\/sobre\/arena-de-eventos-ibirapuera\/"]}]},{"@type":"ImageObject","inLanguage":"pt-BR","@id":"https:\/\/www.encontramoema.com.br\/sobre\/arena-de-eventos-ibirapuera\/#primaryimage","url":"https:\/\/www.encontramoema.com.br\/sobre\/wp-content\/uploads\/2017\/08\/arena-de-eventos-no-ibirapuera.jpg","contentUrl":"https:\/\/www.encontramoema.com.br\/sobre\/wp-content\/uploads\/2017\/08\/arena-de-eventos-no-ibirapuera.jpg","width":680,"height":189},{"@type":"BreadcrumbList","@id":"https:\/\/www.encontramoema.com.br\/sobre\/arena-de-eventos-ibirapuera\/#breadcrumb","itemListElement":[{"@type":"ListItem","position":1,"name":"In\u00edcio","item":"https:\/\/www.encontramoema.com.br\/sobre\/"},{"@type":"ListItem","position":2,"name":"Arena de Eventos Ibirapuera"}]},{"@type":"WebSite","@id":"https:\/\/www.encontramoema.com.br\/sobre\/#website","url":"https:\/\/www.encontramoema.com.br\/sobre\/","name":"Encontra Moema","description":"Not\u00edcias, eventos, informa\u00e7\u00f5es e dicas no bairro de Moema e regi\u00e3o.","potentialAction":[{"@type":"SearchAction","target":{"@type":"EntryPoint","urlTemplate":"https:\/\/www.encontramoema.com.br\/sobre\/?s={search_term_string}"},"query-input":{"@type":"PropertyValueSpecification","valueRequired":true,"valueName":"search_term_string"}}],"inLanguage":"pt-BR"}]}},"_links":{"self":[{"href":"https:\/\/www.encontramoema.com.br\/sobre\/wp-json\/wp\/v2\/pages\/20565","targetHints":{"allow":["GET"]}}],"collection":[{"href":"https:\/\/www.encontramoema.com.br\/sobre\/wp-json\/wp\/v2\/pages"}],"about":[{"href":"https:\/\/www.encontramoema.com.br\/sobre\/wp-json\/wp\/v2\/types\/page"}],"author":[{"embeddable":true,"href":"https:\/\/www.encontramoema.com.br\/sobre\/wp-json\/wp\/v2\/users\/1"}],"replies":[{"embeddable":true,"href":"https:\/\/www.encontramoema.com.br\/sobre\/wp-json\/wp\/v2\/comments?post=20565"}],"version-history":[{"count":0,"href":"https:\/\/www.encontramoema.com.br\/sobre\/wp-json\/wp\/v2\/pages\/20565\/revisions"}],"wp:attachment":[{"href":"https:\/\/www.encontramoema.com.br\/sobre\/wp-json\/wp\/v2\/media?parent=20565"}],"curies":[{"name":"wp","href":"https:\/\/api.w.org\/{rel}","templated":true}]}}