{"id":20569,"date":"2017-08-04T13:08:33","date_gmt":"2017-08-04T15:08:33","guid":{"rendered":"http:\/\/www.encontramoema.com.br\/sobre\/?page_id=20569"},"modified":"2017-08-04T13:08:33","modified_gmt":"2017-08-04T15:08:33","slug":"pavilhao-das-culturas-brasileiras-em-moema","status":"publish","type":"page","link":"https:\/\/www.encontramoema.com.br\/sobre\/pavilhao-das-culturas-brasileiras-em-moema\/","title":{"rendered":"Pavilh\u00e3o das Culturas Brasileiras em Moema"},"content":{"rendered":"<div class=\"b7f545a958fd6350ffae2d30a84cafb8\" data-index=\"1\" style=\"float: none; margin:0px;\">\n<!-- Anuncio display - global -->\r\n<ins class=\"adsbygoogle\"\r\n     style=\"display:block\"\r\n     data-ad-client=\"ca-pub-8585364105181520\"\r\n     data-ad-slot=\"8789329856\"\r\n     data-ad-format=\"auto\"\r\n     data-full-width-responsive=\"true\"><\/ins>\r\n<script>\r\n     (adsbygoogle = window.adsbygoogle || []).push({});\r\n<\/script>\n<\/div>\n<p>No cora\u00e7\u00e3o do parque Ibirapuera, o p\u00fablico paulistano tem\u00a0acesso a um lindo\u00a0museu da cidade.<\/p>\n<p>O <strong>Pavilh\u00e3o das Culturas Brasileiras<\/strong>, aposta na mescla de pe\u00e7as de arte popular, arte ind\u00edgena e trabalhos contempor\u00e2neos para atrair o grande p\u00fablico que passa em especial nos finais de semana pelo espa\u00e7o verde e de lazer da cidade.<\/p>\n<p><img loading=\"lazy\" decoding=\"async\" class=\"alignnone wp-image-20570 size-full\" title=\"Pavilh\u00e3o das Culturas Brasileiras em Moema\" src=\"http:\/\/www.encontramoema.com.br\/sobre\/wp-content\/uploads\/2017\/08\/pavilhao-das-culturas-brasileiras-moema.jpg\" alt=\"Pavilh\u00e3o das Culturas Brasileiras em Moema\" width=\"920\" height=\"518\" srcset=\"https:\/\/www.encontramoema.com.br\/sobre\/wp-content\/uploads\/2017\/08\/pavilhao-das-culturas-brasileiras-moema.jpg 920w, https:\/\/www.encontramoema.com.br\/sobre\/wp-content\/uploads\/2017\/08\/pavilhao-das-culturas-brasileiras-moema-300x169.jpg 300w, https:\/\/www.encontramoema.com.br\/sobre\/wp-content\/uploads\/2017\/08\/pavilhao-das-culturas-brasileiras-moema-768x432.jpg 768w\" sizes=\"auto, (max-width: 920px) 100vw, 920px\" \/><\/p>\n<p>Assim, o parque passa a ser um dos principais polos de cultura da cidade, j\u00e1 que o MAM-SP, o Pavilh\u00e3o da Bienal, a Oca e o MAC-USP, dividem o tradicional parque.<\/p>\n<p>O pr\u00e9dio, projetado por Oscar Niemeyer dentro do conjunto do Ibirapuera, teve em seu in\u00edcio apenas o t\u00e9rreo e o subsolo utilizados.\u00a0O pr\u00e9dio fica bem pr\u00f3ximo ao Museu Afro, outra institui\u00e7\u00e3o que tem destacado foco na arte popular.<\/p>\n<p>De acordo com o arquiteto Pedro Mendes o\u00a0projeto inclui audit\u00f3rio, elevadores, biblioteca e reserva t\u00e9cnica.<\/p>\n<p>Em s\u00edntese, o projeto prop\u00f5e criar um espa\u00e7o de exposi\u00e7\u00e3o e um centro de refer\u00eancia e pesquisa voltado para a salvaguarda e divulga\u00e7\u00e3o da diversidade cultural brasileira e, em especial, do patrim\u00f4nio material e imaterial das culturas menos favorecidas da popula\u00e7\u00e3o, que t\u00eam at\u00e9 hoje menor visibilidade institucional.<\/p>\n<p>O objetivo \u00e9 legitimar, fortalecer e dar a conhecer as pr\u00e1ticas culturais tradicionais e contempor\u00e2neas do povo brasileiro, em todo o seu vigor e pluralidade.<\/p>\n<p>O edif\u00edcio de 11 mil metros quadrados que abriga o Pavilh\u00e3o das Culturas Brasileiras foi projetado por Oscar Niemeyer nos anos 1950 e tombado pelos \u00f3rg\u00e3os de patrim\u00f4nio hist\u00f3rico municipal, estadual e federal.<\/p>\n<p>Depois de sediar eventos como a Bienal de Artes de S\u00e3o Paulo (1953) e o Pavilh\u00e3o dos Estados durante o IV Centen\u00e1rio de S\u00e3o Paulo (1954), o pr\u00e9dio foi cedido esporadicamente para exposi\u00e7\u00f5es. No in\u00edcio da d\u00e9cada de 1970, j\u00e1 ent\u00e3o batizado de Engenheiro Armando de Arruda Pereira, torna-se sede da Prodam, a Companhia de Processamento de Dados do Munic\u00edpio.<\/p>\n<p>No fim de 2006, a Prodam muda-se, abrindo caminho para que o Pavilh\u00e3o retome sua voca\u00e7\u00e3o. A Secretaria Municipal de Cultura passa ent\u00e3o a planejar o uso cultural deste espa\u00e7o.<\/p>\n<p>Desde 2007, o Pavilh\u00e3o vem passando por interven\u00e7\u00f5es arquitet\u00f4nicas determinadas pela Secretaria Municipal de Cultura e destinadas a livr\u00e1-lo das descaracteriza\u00e7\u00f5es que sofreu no per\u00edodo em que abrigou reparti\u00e7\u00f5es p\u00fablicas.<\/p>\n<p>Em 2008, a Secretaria Municipal de Cultura contratou o escrit\u00f3rio de Pedro Mendes da Rocha para fazer a adapta\u00e7\u00e3o do pr\u00e9dio ao uso museol\u00f3gico.<\/p>\n<p>Seu projeto busca respeitar as virtudes da arquitetura original, preservando as qualidades do projeto de Niemeyer, sobretudo a amplitude de espa\u00e7o e a leveza do edif\u00edcio.<\/p>\n<h3>Hor\u00e1rio de Funcionamento\u00a0Pavilh\u00e3o das Culturas Brasileiras Parque Ibirapuera<\/h3>\n<ul>\n<li>Todos os dias das 9h \u00e0s 20h<\/li>\n<li>Os hor\u00e1rios podem ser alterados sem aviso. Consulte o local para confirmar.<\/li>\n<\/ul>\n<h3>Endere\u00e7o e Telefone Pavilh\u00e3o das Culturas Brasileiras em\u00a0Moema<\/h3>\n<ul>\n<li>Av. Pedro \u00c1lvares Cabral, s\/n, Moema\u00a0&#8211; S\u00e3o Paulo &#8211; SP<\/li>\n<li>Telefone: (11)\u00a05083-0199 \/\u00a03105 6118 &#8211; Ramal 151<\/li>\n<\/ul>\n<h4>Outras Informa\u00e7\u00f5es e Site<\/h4>\n<ul>\n<li>Mais informa\u00e7\u00f5es:\u00a0<a href=\"http:\/\/www.prefeitura.sp.gov.br\/\" target=\"_blank\" rel=\"noopener noreferrer\">www.prefeitura.sp.gov.br<\/a><\/li>\n<\/ul>\n<h4>Mapa de localiza\u00e7\u00e3o<\/h4>\n<a class=\"wp-colorbox-iframe\" href=\"https:\/\/www.google.com\/maps\/embed?pb=!1m14!1m8!1m3!1d14626.064224417838!2d-46.6597884!3d-23.5858184!3m2!1i1024!2i768!4f13.1!3m3!1m2!1s0x00xf599771bfaea9d57!2sPavilho+das+Culturas+Brasileiras!5e0!3m2!1spt-BR!2sbr!4v1501859122258\"><img decoding=\"async\" src=\"http:\/\/www.encontramoema.com.br\/imgs\/maps-post.png\"><\/a>\n\n<div style=\"font-size: 0px; height: 0px; line-height: 0px; margin: 0; padding: 0; clear: both;\"><\/div>","protected":false},"excerpt":{"rendered":"<p>No cora\u00e7\u00e3o do parque Ibirapuera, o p\u00fablico paulistano tem\u00a0acesso a um lindo\u00a0museu da cidade. O Pavilh\u00e3o das Culturas Brasileiras, aposta na mescla de pe\u00e7as de arte popular, arte ind\u00edgena e trabalhos contempor\u00e2neos para atrair o grande p\u00fablico que passa em especial nos finais de semana pelo espa\u00e7o verde e de lazer da cidade. Assim, o parque passa a ser um dos principais polos de cultura da cidade, j\u00e1 que o MAM-SP, o Pavilh\u00e3o da Bienal, a Oca e o MAC-USP, dividem o tradicional parque. O pr\u00e9dio, projetado por Oscar Niemeyer dentro do conjunto do Ibirapuera, teve em seu in\u00edcio apenas <\/p>\n","protected":false},"author":1,"featured_media":0,"parent":0,"menu_order":0,"comment_status":"closed","ping_status":"closed","template":"","meta":{"footnotes":""},"class_list":["post-20569","page","type-page","status-publish","hentry"],"yoast_head":"<!-- This site is optimized with the Yoast SEO plugin v26.3 - https:\/\/yoast.com\/wordpress\/plugins\/seo\/ -->\n<title>Pavilh\u00e3o das Culturas Brasileiras em Moema - Encontra Moema<\/title>\n<meta name=\"robots\" content=\"index, follow, max-snippet:-1, max-image-preview:large, max-video-preview:-1\" \/>\n<link rel=\"canonical\" href=\"https:\/\/www.encontramoema.com.br\/sobre\/pavilhao-das-culturas-brasileiras-em-moema\/\" \/>\n<meta property=\"og:locale\" content=\"pt_BR\" \/>\n<meta property=\"og:type\" content=\"article\" \/>\n<meta property=\"og:title\" content=\"Pavilh\u00e3o das Culturas Brasileiras em Moema - Encontra Moema\" \/>\n<meta property=\"og:description\" content=\"No cora\u00e7\u00e3o do parque Ibirapuera, o p\u00fablico paulistano tem\u00a0acesso a um lindo\u00a0museu da cidade. O Pavilh\u00e3o das Culturas Brasileiras, aposta na mescla de pe\u00e7as de arte popular, arte ind\u00edgena e trabalhos contempor\u00e2neos para atrair o grande p\u00fablico que passa em especial nos finais de semana pelo espa\u00e7o verde e de lazer da cidade. Assim, o parque passa a ser um dos principais polos de cultura da cidade, j\u00e1 que o MAM-SP, o Pavilh\u00e3o da Bienal, a Oca e o MAC-USP, dividem o tradicional parque. O pr\u00e9dio, projetado por Oscar Niemeyer dentro do conjunto do Ibirapuera, teve em seu in\u00edcio apenas\" \/>\n<meta property=\"og:url\" content=\"https:\/\/www.encontramoema.com.br\/sobre\/pavilhao-das-culturas-brasileiras-em-moema\/\" \/>\n<meta property=\"og:site_name\" content=\"Encontra Moema\" \/>\n<meta property=\"og:image\" content=\"http:\/\/www.encontramoema.com.br\/sobre\/wp-content\/uploads\/2017\/08\/pavilhao-das-culturas-brasileiras-moema.jpg\" \/>\n<meta name=\"twitter:card\" content=\"summary_large_image\" \/>\n<meta name=\"twitter:label1\" content=\"Est. tempo de leitura\" \/>\n\t<meta name=\"twitter:data1\" content=\"3 minutos\" \/>\n<script type=\"application\/ld+json\" class=\"yoast-schema-graph\">{\"@context\":\"https:\/\/schema.org\",\"@graph\":[{\"@type\":\"WebPage\",\"@id\":\"https:\/\/www.encontramoema.com.br\/sobre\/pavilhao-das-culturas-brasileiras-em-moema\/\",\"url\":\"https:\/\/www.encontramoema.com.br\/sobre\/pavilhao-das-culturas-brasileiras-em-moema\/\",\"name\":\"Pavilh\u00e3o das Culturas Brasileiras em Moema - Encontra Moema\",\"isPartOf\":{\"@id\":\"https:\/\/www.encontramoema.com.br\/sobre\/#website\"},\"primaryImageOfPage\":{\"@id\":\"https:\/\/www.encontramoema.com.br\/sobre\/pavilhao-das-culturas-brasileiras-em-moema\/#primaryimage\"},\"image\":{\"@id\":\"https:\/\/www.encontramoema.com.br\/sobre\/pavilhao-das-culturas-brasileiras-em-moema\/#primaryimage\"},\"thumbnailUrl\":\"http:\/\/www.encontramoema.com.br\/sobre\/wp-content\/uploads\/2017\/08\/pavilhao-das-culturas-brasileiras-moema.jpg\",\"datePublished\":\"2017-08-04T15:08:33+00:00\",\"breadcrumb\":{\"@id\":\"https:\/\/www.encontramoema.com.br\/sobre\/pavilhao-das-culturas-brasileiras-em-moema\/#breadcrumb\"},\"inLanguage\":\"pt-BR\",\"potentialAction\":[{\"@type\":\"ReadAction\",\"target\":[\"https:\/\/www.encontramoema.com.br\/sobre\/pavilhao-das-culturas-brasileiras-em-moema\/\"]}]},{\"@type\":\"ImageObject\",\"inLanguage\":\"pt-BR\",\"@id\":\"https:\/\/www.encontramoema.com.br\/sobre\/pavilhao-das-culturas-brasileiras-em-moema\/#primaryimage\",\"url\":\"https:\/\/www.encontramoema.com.br\/sobre\/wp-content\/uploads\/2017\/08\/pavilhao-das-culturas-brasileiras-moema.jpg\",\"contentUrl\":\"https:\/\/www.encontramoema.com.br\/sobre\/wp-content\/uploads\/2017\/08\/pavilhao-das-culturas-brasileiras-moema.jpg\",\"width\":920,\"height\":518},{\"@type\":\"BreadcrumbList\",\"@id\":\"https:\/\/www.encontramoema.com.br\/sobre\/pavilhao-das-culturas-brasileiras-em-moema\/#breadcrumb\",\"itemListElement\":[{\"@type\":\"ListItem\",\"position\":1,\"name\":\"In\u00edcio\",\"item\":\"https:\/\/www.encontramoema.com.br\/sobre\/\"},{\"@type\":\"ListItem\",\"position\":2,\"name\":\"Pavilh\u00e3o das Culturas Brasileiras em Moema\"}]},{\"@type\":\"WebSite\",\"@id\":\"https:\/\/www.encontramoema.com.br\/sobre\/#website\",\"url\":\"https:\/\/www.encontramoema.com.br\/sobre\/\",\"name\":\"Encontra Moema\",\"description\":\"Not\u00edcias, eventos, informa\u00e7\u00f5es e dicas no bairro de Moema e regi\u00e3o.\",\"potentialAction\":[{\"@type\":\"SearchAction\",\"target\":{\"@type\":\"EntryPoint\",\"urlTemplate\":\"https:\/\/www.encontramoema.com.br\/sobre\/?s={search_term_string}\"},\"query-input\":{\"@type\":\"PropertyValueSpecification\",\"valueRequired\":true,\"valueName\":\"search_term_string\"}}],\"inLanguage\":\"pt-BR\"}]}<\/script>\n<!-- \/ Yoast SEO plugin. -->","yoast_head_json":{"title":"Pavilh\u00e3o das Culturas Brasileiras em Moema - Encontra Moema","robots":{"index":"index","follow":"follow","max-snippet":"max-snippet:-1","max-image-preview":"max-image-preview:large","max-video-preview":"max-video-preview:-1"},"canonical":"https:\/\/www.encontramoema.com.br\/sobre\/pavilhao-das-culturas-brasileiras-em-moema\/","og_locale":"pt_BR","og_type":"article","og_title":"Pavilh\u00e3o das Culturas Brasileiras em Moema - Encontra Moema","og_description":"No cora\u00e7\u00e3o do parque Ibirapuera, o p\u00fablico paulistano tem\u00a0acesso a um lindo\u00a0museu da cidade. O Pavilh\u00e3o das Culturas Brasileiras, aposta na mescla de pe\u00e7as de arte popular, arte ind\u00edgena e trabalhos contempor\u00e2neos para atrair o grande p\u00fablico que passa em especial nos finais de semana pelo espa\u00e7o verde e de lazer da cidade. Assim, o parque passa a ser um dos principais polos de cultura da cidade, j\u00e1 que o MAM-SP, o Pavilh\u00e3o da Bienal, a Oca e o MAC-USP, dividem o tradicional parque. O pr\u00e9dio, projetado por Oscar Niemeyer dentro do conjunto do Ibirapuera, teve em seu in\u00edcio apenas","og_url":"https:\/\/www.encontramoema.com.br\/sobre\/pavilhao-das-culturas-brasileiras-em-moema\/","og_site_name":"Encontra Moema","og_image":[{"url":"http:\/\/www.encontramoema.com.br\/sobre\/wp-content\/uploads\/2017\/08\/pavilhao-das-culturas-brasileiras-moema.jpg","type":"","width":"","height":""}],"twitter_card":"summary_large_image","twitter_misc":{"Est. tempo de leitura":"3 minutos"},"schema":{"@context":"https:\/\/schema.org","@graph":[{"@type":"WebPage","@id":"https:\/\/www.encontramoema.com.br\/sobre\/pavilhao-das-culturas-brasileiras-em-moema\/","url":"https:\/\/www.encontramoema.com.br\/sobre\/pavilhao-das-culturas-brasileiras-em-moema\/","name":"Pavilh\u00e3o das Culturas Brasileiras em Moema - Encontra Moema","isPartOf":{"@id":"https:\/\/www.encontramoema.com.br\/sobre\/#website"},"primaryImageOfPage":{"@id":"https:\/\/www.encontramoema.com.br\/sobre\/pavilhao-das-culturas-brasileiras-em-moema\/#primaryimage"},"image":{"@id":"https:\/\/www.encontramoema.com.br\/sobre\/pavilhao-das-culturas-brasileiras-em-moema\/#primaryimage"},"thumbnailUrl":"http:\/\/www.encontramoema.com.br\/sobre\/wp-content\/uploads\/2017\/08\/pavilhao-das-culturas-brasileiras-moema.jpg","datePublished":"2017-08-04T15:08:33+00:00","breadcrumb":{"@id":"https:\/\/www.encontramoema.com.br\/sobre\/pavilhao-das-culturas-brasileiras-em-moema\/#breadcrumb"},"inLanguage":"pt-BR","potentialAction":[{"@type":"ReadAction","target":["https:\/\/www.encontramoema.com.br\/sobre\/pavilhao-das-culturas-brasileiras-em-moema\/"]}]},{"@type":"ImageObject","inLanguage":"pt-BR","@id":"https:\/\/www.encontramoema.com.br\/sobre\/pavilhao-das-culturas-brasileiras-em-moema\/#primaryimage","url":"https:\/\/www.encontramoema.com.br\/sobre\/wp-content\/uploads\/2017\/08\/pavilhao-das-culturas-brasileiras-moema.jpg","contentUrl":"https:\/\/www.encontramoema.com.br\/sobre\/wp-content\/uploads\/2017\/08\/pavilhao-das-culturas-brasileiras-moema.jpg","width":920,"height":518},{"@type":"BreadcrumbList","@id":"https:\/\/www.encontramoema.com.br\/sobre\/pavilhao-das-culturas-brasileiras-em-moema\/#breadcrumb","itemListElement":[{"@type":"ListItem","position":1,"name":"In\u00edcio","item":"https:\/\/www.encontramoema.com.br\/sobre\/"},{"@type":"ListItem","position":2,"name":"Pavilh\u00e3o das Culturas Brasileiras em Moema"}]},{"@type":"WebSite","@id":"https:\/\/www.encontramoema.com.br\/sobre\/#website","url":"https:\/\/www.encontramoema.com.br\/sobre\/","name":"Encontra Moema","description":"Not\u00edcias, eventos, informa\u00e7\u00f5es e dicas no bairro de Moema e regi\u00e3o.","potentialAction":[{"@type":"SearchAction","target":{"@type":"EntryPoint","urlTemplate":"https:\/\/www.encontramoema.com.br\/sobre\/?s={search_term_string}"},"query-input":{"@type":"PropertyValueSpecification","valueRequired":true,"valueName":"search_term_string"}}],"inLanguage":"pt-BR"}]}},"_links":{"self":[{"href":"https:\/\/www.encontramoema.com.br\/sobre\/wp-json\/wp\/v2\/pages\/20569","targetHints":{"allow":["GET"]}}],"collection":[{"href":"https:\/\/www.encontramoema.com.br\/sobre\/wp-json\/wp\/v2\/pages"}],"about":[{"href":"https:\/\/www.encontramoema.com.br\/sobre\/wp-json\/wp\/v2\/types\/page"}],"author":[{"embeddable":true,"href":"https:\/\/www.encontramoema.com.br\/sobre\/wp-json\/wp\/v2\/users\/1"}],"replies":[{"embeddable":true,"href":"https:\/\/www.encontramoema.com.br\/sobre\/wp-json\/wp\/v2\/comments?post=20569"}],"version-history":[{"count":0,"href":"https:\/\/www.encontramoema.com.br\/sobre\/wp-json\/wp\/v2\/pages\/20569\/revisions"}],"wp:attachment":[{"href":"https:\/\/www.encontramoema.com.br\/sobre\/wp-json\/wp\/v2\/media?parent=20569"}],"curies":[{"name":"wp","href":"https:\/\/api.w.org\/{rel}","templated":true}]}}