{"id":20571,"date":"2017-08-04T13:28:56","date_gmt":"2017-08-04T15:28:56","guid":{"rendered":"http:\/\/www.encontramoema.com.br\/sobre\/?page_id=20571"},"modified":"2017-08-04T13:32:21","modified_gmt":"2017-08-04T15:32:21","slug":"pavilhao-japones-no-ibirapuera","status":"publish","type":"page","link":"https:\/\/www.encontramoema.com.br\/sobre\/pavilhao-japones-no-ibirapuera\/","title":{"rendered":"Pavilh\u00e3o Japon\u00eas no Ibirapuera"},"content":{"rendered":"<div class=\"b7f545a958fd6350ffae2d30a84cafb8\" data-index=\"1\" style=\"float: none; margin:0px;\">\n<!-- Anuncio display - global -->\r\n<ins class=\"adsbygoogle\"\r\n     style=\"display:block\"\r\n     data-ad-client=\"ca-pub-8585364105181520\"\r\n     data-ad-slot=\"8789329856\"\r\n     data-ad-format=\"auto\"\r\n     data-full-width-responsive=\"true\"><\/ins>\r\n<script>\r\n     (adsbygoogle = window.adsbygoogle || []).push({});\r\n<\/script>\n<\/div>\n<p>O <strong>Pavilh\u00e3o Japon\u00eas no Ibirapuera<\/strong> \u00e9 s\u00edmbolo da amizade entre dois pa\u00edses.<\/p>\n<p>O Pavilh\u00e3o Japon\u00eas foi constru\u00eddo conjuntamente pelo governo japon\u00eas e pela comunidade nipo-brasileira e doado \u00e0 cidade de S\u00e3o Paulo, em 1954, na comemora\u00e7\u00e3o do IV Centen\u00e1rio da capital paulista.<\/p>\n<p><img loading=\"lazy\" decoding=\"async\" class=\"alignnone wp-image-20572 size-full\" title=\"Pavilh\u00e3o Japon\u00eas no Ibirapuera\" src=\"http:\/\/www.encontramoema.com.br\/sobre\/wp-content\/uploads\/2017\/08\/pavilhao-japones-no-ibirapuera.jpeg\" alt=\"Pavilh\u00e3o Japon\u00eas no Ibirapuera\" width=\"970\" height=\"600\" srcset=\"https:\/\/www.encontramoema.com.br\/sobre\/wp-content\/uploads\/2017\/08\/pavilhao-japones-no-ibirapuera.jpeg 970w, https:\/\/www.encontramoema.com.br\/sobre\/wp-content\/uploads\/2017\/08\/pavilhao-japones-no-ibirapuera-300x186.jpeg 300w, https:\/\/www.encontramoema.com.br\/sobre\/wp-content\/uploads\/2017\/08\/pavilhao-japones-no-ibirapuera-768x475.jpeg 768w, https:\/\/www.encontramoema.com.br\/sobre\/wp-content\/uploads\/2017\/08\/pavilhao-japones-no-ibirapuera-223x137.jpeg 223w\" sizes=\"auto, (max-width: 970px) 100vw, 970px\" \/><\/p>\n<p>Localizado no Parque do Ibirapuera, o Pavilh\u00e3o Japon\u00eas ocupa uma \u00e1rea de 7.500 m\u00b2 \u00e0s margens do lago do parque, e \u00e9 composto de um edif\u00edcio principal suspenso, que se articula em um sal\u00e3o nobre e diversas salas anexas, sal\u00e3o de exposi\u00e7\u00e3o, al\u00e9m de um bel\u00edssimo lago de carpas.<\/p>\n<p>O projeto, executado pelo professor Sutemi Horiguchi (da Universidade de Tokyo), tem como principal caracter\u00edstica o emprego dos materiais e t\u00e9cnicas tradicionais japonesas.<\/p>\n<p>E, teve como refer\u00eancia o Pal\u00e1cio Katsura, antiga resid\u00eancia de ver\u00e3o do Imperador, em Kyoto, constru\u00eddo entre 1620 e 1624, na era Edo que foi marcada pelo dom\u00ednio do cl\u00e3 Tokugawa.<\/p>\n<p>Sua estrutura baseia-se na tradicional arquitetura japonesa no estilo Shoin, adotado nas resid\u00eancias das casas dos samurais e da aristocracia &#8211; mais tarde adotado por outras classes.<\/p>\n<p>Ela baseia-se ainda em composi\u00e7\u00f5es modulares de madeira (com divis\u00f3rias deslizantes, externas e internas), organicamente articuladas, e marcadas pela presen\u00e7a do tokonoma (\u00e1rea destinada \u00e0 exposi\u00e7\u00e3o de pinturas, arranjos florais, cer\u00e2mica, etc), bem como de outros nichos embutidos, com prateleiras e pequenos gabinetes, decorativamente dispostos.<\/p>\n<p>O estilo Shoin atende aos anseios de contempla\u00e7\u00e3o est\u00e9tica (dos pr\u00f3prios ambientes, de objetos, pe\u00e7as de arte e da paisagem), por introspec\u00e7\u00e3o e pela cria\u00e7\u00e3o de um microcosmo apartado dos tr\u00e2mites mundanos.<\/p>\n<p>Portanto, para este tipo de arquitetura, a rela\u00e7\u00e3o entre a paisagem e o interior dos ambientes \u00e9 de vital import\u00e2ncia. A visita das \u00e1reas externas e o paisagismo l\u00edrico dos jardins tornam-se prolongamento dos ambientes interiores.<\/p>\n<p>Projetado como um monumento s\u00edmbolo de amizade entre japoneses e brasileiros, o Pavilh\u00e3o re\u00fane materiais trazidos especialmente do Jap\u00e3o, tais como as madeiras, pedras vulc\u00e2nicas do jardim, lama de Kyoto que d\u00e1 textura \u00e0s paredes, entre outros.<\/p>\n<p>A constru\u00e7\u00e3o do Pavilh\u00e3o Japon\u00eas no Parque do Ibirapuera, em 1954, que foi transportado desmontado, em navio, contou com numerosos imigrantes japoneses que atuaram como volunt\u00e1rios para auxiliar o corpo t\u00e9cnico vindo do Jap\u00e3o.<\/p>\n<p>Essas atividades foram coordenadas pela Comiss\u00e3o Colaboradora da Col\u00f4nia Japonesa Pr\u00f3-IV Centen\u00e1rio de S\u00e3o Paulo.<\/p>\n<p>O Pavilh\u00e3o Japon\u00eas foi doado para a Prefeitura Municipal de S\u00e3o Paulo. Desde 1955, a Sociedade Paulista de Cultura Japonesa (atual Sociedade Brasileira de Cultura Japonesa e de Assist\u00eancia Social), tem sido respons\u00e1vel pela administra\u00e7\u00e3o, manuten\u00e7\u00e3o e promo\u00e7\u00e3o de eventos nesse local.<\/p>\n<h2>O Jardim do Pavilh\u00e3o Japon\u00eas<\/h2>\n<p>O jardim que envolve o Pavilh\u00e3o Japon\u00eas foi inspirado nos tradicionais conceitos japoneses, e re\u00fane variadas plantas e flores t\u00edpicas.<\/p>\n<p>Nele foram instalados v\u00e1rios marcos relacionados \u00e0 amizade e interc\u00e2mbio entre o Brasil e o Jap\u00e3o. Um deles, por exemplo, \u00e9 o pinheiro japon\u00eas, plantado em 1967 pelo atual Imperador e Imperatriz do Jap\u00e3o.<\/p>\n<p>Outro \u00e9 uma escultura em pedra, com a inscri\u00e7\u00e3o de um poema haiku, de autoria de Nempuku Sato, que imigrou ao Brasil em 1927 e, desde ent\u00e3o, dedicou-se ao ensino e \u00e0 divulga\u00e7\u00e3o dessa poesia.<\/p>\n<h3>Eventos no Pavilh\u00e3o Japon\u00eas<\/h3>\n<p>A Sociedade Brasileira de Cultura Japonesa e de Assist\u00eancia Social, o Bunkyo, respons\u00e1vel pela administra\u00e7\u00e3o e preserva\u00e7\u00e3o do local, promove diversas atividades ao longo do ano, tais como: Festival Hina Matsuri (Dia das Meninas) e Kodomo no Hi (Dia dos Meninos), apresenta\u00e7\u00f5es de dan\u00e7a e m\u00fasica tradicional japonesa e exposi\u00e7\u00f5es culturais.<\/p>\n<p>Atualmente, o Pavilh\u00e3o conta com uma nova equipe de educadores e tamb\u00e9m promove visitas monitoradas em portugu\u00eas e japon\u00eas.<\/p>\n<p>Os espa\u00e7os do Pavilh\u00e3o Japon\u00eas podem ser locados para realiza\u00e7\u00e3o de eventos, exposi\u00e7\u00f5es e apresenta\u00e7\u00f5es culturais (os interessados devem contatar a Secretaria do Bunkyo atrav\u00e9s dos telefones e site abaixo).<\/p>\n<h3>Hor\u00e1rio de Funcionamento\u00a0Pavilh\u00e3o Japon\u00eas no Ibirapuera<\/h3>\n<ul>\n<li>Qua, S\u00e1b e Dom das 10h \u00e0s 12h e das 13h \u00e0s 17h<\/li>\n<li>Os hor\u00e1rios podem ser alterados sem aviso. Consulte o local para confirmar.<\/li>\n<\/ul>\n<h3>Endere\u00e7o e Telefone\u00a0Pavilh\u00e3o Japon\u00eas no Ibirapuera<\/h3>\n<ul>\n<li>Av. Pedro \u00c1lvares Cabral, Port\u00e3o 3 e 10, s\/n, Moema\u00a0&#8211; S\u00e3o Paulo &#8211; SP<\/li>\n<li>Telefone: (11)\u00a05081-7296 \/\u00a03208-1755 (ramal 124) \/ 5081-7296<\/li>\n<\/ul>\n<h4>Outras Informa\u00e7\u00f5es e Site<\/h4>\n<ul>\n<li>Mais informa\u00e7\u00f5es:\u00a0<a href=\"http:\/\/www.bunkyo.org.br\" target=\"_blank\" rel=\"noopener noreferrer\">www.bunkyo.org.br<\/a><\/li>\n<\/ul>\n<h4>Mapa de localiza\u00e7\u00e3o<\/h4>\n<a class=\"wp-colorbox-iframe\" href=\"https:\/\/www.google.com\/maps\/embed?pb=!1m14!1m8!1m3!1d14626.04337189788!2d-46.661958!3d-23.5860055!3m2!1i1024!2i768!4f13.1!3m3!1m2!1s0x00x56969bf94d67e180!2zUGF2aWxow6NvIEphcG9uw6pz!5e0!3m2!1spt-BR!2sbr!4v1501860396627\"><img decoding=\"async\" src=\"http:\/\/www.encontramoema.com.br\/imgs\/maps-post.png\"><\/a>\n\n<div style=\"font-size: 0px; height: 0px; line-height: 0px; margin: 0; padding: 0; clear: both;\"><\/div>","protected":false},"excerpt":{"rendered":"<p>O Pavilh\u00e3o Japon\u00eas no Ibirapuera \u00e9 s\u00edmbolo da amizade entre dois pa\u00edses. O Pavilh\u00e3o Japon\u00eas foi constru\u00eddo conjuntamente pelo governo japon\u00eas e pela comunidade nipo-brasileira e doado \u00e0 cidade de S\u00e3o Paulo, em 1954, na comemora\u00e7\u00e3o do IV Centen\u00e1rio da capital paulista. Localizado no Parque do Ibirapuera, o Pavilh\u00e3o Japon\u00eas ocupa uma \u00e1rea de 7.500 m\u00b2 \u00e0s margens do lago do parque, e \u00e9 composto de um edif\u00edcio principal suspenso, que se articula em um sal\u00e3o nobre e diversas salas anexas, sal\u00e3o de exposi\u00e7\u00e3o, al\u00e9m de um bel\u00edssimo lago de carpas. O projeto, executado pelo professor Sutemi Horiguchi (da Universidade <\/p>\n","protected":false},"author":1,"featured_media":0,"parent":0,"menu_order":0,"comment_status":"closed","ping_status":"closed","template":"","meta":{"footnotes":""},"class_list":["post-20571","page","type-page","status-publish","hentry"],"yoast_head":"<!-- This site is optimized with the Yoast SEO plugin v26.3 - https:\/\/yoast.com\/wordpress\/plugins\/seo\/ -->\n<title>Pavilh\u00e3o Japon\u00eas no Ibirapuera - Encontra Moema<\/title>\n<meta name=\"robots\" content=\"index, follow, max-snippet:-1, max-image-preview:large, max-video-preview:-1\" \/>\n<link rel=\"canonical\" href=\"https:\/\/www.encontramoema.com.br\/sobre\/pavilhao-japones-no-ibirapuera\/\" \/>\n<meta property=\"og:locale\" content=\"pt_BR\" \/>\n<meta property=\"og:type\" content=\"article\" \/>\n<meta property=\"og:title\" content=\"Pavilh\u00e3o Japon\u00eas no Ibirapuera - Encontra Moema\" \/>\n<meta property=\"og:description\" content=\"O Pavilh\u00e3o Japon\u00eas no Ibirapuera \u00e9 s\u00edmbolo da amizade entre dois pa\u00edses. O Pavilh\u00e3o Japon\u00eas foi constru\u00eddo conjuntamente pelo governo japon\u00eas e pela comunidade nipo-brasileira e doado \u00e0 cidade de S\u00e3o Paulo, em 1954, na comemora\u00e7\u00e3o do IV Centen\u00e1rio da capital paulista. Localizado no Parque do Ibirapuera, o Pavilh\u00e3o Japon\u00eas ocupa uma \u00e1rea de 7.500 m\u00b2 \u00e0s margens do lago do parque, e \u00e9 composto de um edif\u00edcio principal suspenso, que se articula em um sal\u00e3o nobre e diversas salas anexas, sal\u00e3o de exposi\u00e7\u00e3o, al\u00e9m de um bel\u00edssimo lago de carpas. O projeto, executado pelo professor Sutemi Horiguchi (da Universidade\" \/>\n<meta property=\"og:url\" content=\"https:\/\/www.encontramoema.com.br\/sobre\/pavilhao-japones-no-ibirapuera\/\" \/>\n<meta property=\"og:site_name\" content=\"Encontra Moema\" \/>\n<meta property=\"article:modified_time\" content=\"2017-08-04T15:32:21+00:00\" \/>\n<meta property=\"og:image\" content=\"http:\/\/www.encontramoema.com.br\/sobre\/wp-content\/uploads\/2017\/08\/pavilhao-japones-no-ibirapuera.jpeg\" \/>\n<meta name=\"twitter:card\" content=\"summary_large_image\" \/>\n<meta name=\"twitter:label1\" content=\"Est. tempo de leitura\" \/>\n\t<meta name=\"twitter:data1\" content=\"4 minutos\" \/>\n<script type=\"application\/ld+json\" class=\"yoast-schema-graph\">{\"@context\":\"https:\/\/schema.org\",\"@graph\":[{\"@type\":\"WebPage\",\"@id\":\"https:\/\/www.encontramoema.com.br\/sobre\/pavilhao-japones-no-ibirapuera\/\",\"url\":\"https:\/\/www.encontramoema.com.br\/sobre\/pavilhao-japones-no-ibirapuera\/\",\"name\":\"Pavilh\u00e3o Japon\u00eas no Ibirapuera - Encontra Moema\",\"isPartOf\":{\"@id\":\"https:\/\/www.encontramoema.com.br\/sobre\/#website\"},\"primaryImageOfPage\":{\"@id\":\"https:\/\/www.encontramoema.com.br\/sobre\/pavilhao-japones-no-ibirapuera\/#primaryimage\"},\"image\":{\"@id\":\"https:\/\/www.encontramoema.com.br\/sobre\/pavilhao-japones-no-ibirapuera\/#primaryimage\"},\"thumbnailUrl\":\"http:\/\/www.encontramoema.com.br\/sobre\/wp-content\/uploads\/2017\/08\/pavilhao-japones-no-ibirapuera.jpeg\",\"datePublished\":\"2017-08-04T15:28:56+00:00\",\"dateModified\":\"2017-08-04T15:32:21+00:00\",\"breadcrumb\":{\"@id\":\"https:\/\/www.encontramoema.com.br\/sobre\/pavilhao-japones-no-ibirapuera\/#breadcrumb\"},\"inLanguage\":\"pt-BR\",\"potentialAction\":[{\"@type\":\"ReadAction\",\"target\":[\"https:\/\/www.encontramoema.com.br\/sobre\/pavilhao-japones-no-ibirapuera\/\"]}]},{\"@type\":\"ImageObject\",\"inLanguage\":\"pt-BR\",\"@id\":\"https:\/\/www.encontramoema.com.br\/sobre\/pavilhao-japones-no-ibirapuera\/#primaryimage\",\"url\":\"https:\/\/www.encontramoema.com.br\/sobre\/wp-content\/uploads\/2017\/08\/pavilhao-japones-no-ibirapuera.jpeg\",\"contentUrl\":\"https:\/\/www.encontramoema.com.br\/sobre\/wp-content\/uploads\/2017\/08\/pavilhao-japones-no-ibirapuera.jpeg\",\"width\":970,\"height\":600},{\"@type\":\"BreadcrumbList\",\"@id\":\"https:\/\/www.encontramoema.com.br\/sobre\/pavilhao-japones-no-ibirapuera\/#breadcrumb\",\"itemListElement\":[{\"@type\":\"ListItem\",\"position\":1,\"name\":\"In\u00edcio\",\"item\":\"https:\/\/www.encontramoema.com.br\/sobre\/\"},{\"@type\":\"ListItem\",\"position\":2,\"name\":\"Pavilh\u00e3o Japon\u00eas no Ibirapuera\"}]},{\"@type\":\"WebSite\",\"@id\":\"https:\/\/www.encontramoema.com.br\/sobre\/#website\",\"url\":\"https:\/\/www.encontramoema.com.br\/sobre\/\",\"name\":\"Encontra Moema\",\"description\":\"Not\u00edcias, eventos, informa\u00e7\u00f5es e dicas no bairro de Moema e regi\u00e3o.\",\"potentialAction\":[{\"@type\":\"SearchAction\",\"target\":{\"@type\":\"EntryPoint\",\"urlTemplate\":\"https:\/\/www.encontramoema.com.br\/sobre\/?s={search_term_string}\"},\"query-input\":{\"@type\":\"PropertyValueSpecification\",\"valueRequired\":true,\"valueName\":\"search_term_string\"}}],\"inLanguage\":\"pt-BR\"}]}<\/script>\n<!-- \/ Yoast SEO plugin. -->","yoast_head_json":{"title":"Pavilh\u00e3o Japon\u00eas no Ibirapuera - Encontra Moema","robots":{"index":"index","follow":"follow","max-snippet":"max-snippet:-1","max-image-preview":"max-image-preview:large","max-video-preview":"max-video-preview:-1"},"canonical":"https:\/\/www.encontramoema.com.br\/sobre\/pavilhao-japones-no-ibirapuera\/","og_locale":"pt_BR","og_type":"article","og_title":"Pavilh\u00e3o Japon\u00eas no Ibirapuera - Encontra Moema","og_description":"O Pavilh\u00e3o Japon\u00eas no Ibirapuera \u00e9 s\u00edmbolo da amizade entre dois pa\u00edses. O Pavilh\u00e3o Japon\u00eas foi constru\u00eddo conjuntamente pelo governo japon\u00eas e pela comunidade nipo-brasileira e doado \u00e0 cidade de S\u00e3o Paulo, em 1954, na comemora\u00e7\u00e3o do IV Centen\u00e1rio da capital paulista. Localizado no Parque do Ibirapuera, o Pavilh\u00e3o Japon\u00eas ocupa uma \u00e1rea de 7.500 m\u00b2 \u00e0s margens do lago do parque, e \u00e9 composto de um edif\u00edcio principal suspenso, que se articula em um sal\u00e3o nobre e diversas salas anexas, sal\u00e3o de exposi\u00e7\u00e3o, al\u00e9m de um bel\u00edssimo lago de carpas. O projeto, executado pelo professor Sutemi Horiguchi (da Universidade","og_url":"https:\/\/www.encontramoema.com.br\/sobre\/pavilhao-japones-no-ibirapuera\/","og_site_name":"Encontra Moema","article_modified_time":"2017-08-04T15:32:21+00:00","og_image":[{"url":"http:\/\/www.encontramoema.com.br\/sobre\/wp-content\/uploads\/2017\/08\/pavilhao-japones-no-ibirapuera.jpeg","type":"","width":"","height":""}],"twitter_card":"summary_large_image","twitter_misc":{"Est. tempo de leitura":"4 minutos"},"schema":{"@context":"https:\/\/schema.org","@graph":[{"@type":"WebPage","@id":"https:\/\/www.encontramoema.com.br\/sobre\/pavilhao-japones-no-ibirapuera\/","url":"https:\/\/www.encontramoema.com.br\/sobre\/pavilhao-japones-no-ibirapuera\/","name":"Pavilh\u00e3o Japon\u00eas no Ibirapuera - Encontra Moema","isPartOf":{"@id":"https:\/\/www.encontramoema.com.br\/sobre\/#website"},"primaryImageOfPage":{"@id":"https:\/\/www.encontramoema.com.br\/sobre\/pavilhao-japones-no-ibirapuera\/#primaryimage"},"image":{"@id":"https:\/\/www.encontramoema.com.br\/sobre\/pavilhao-japones-no-ibirapuera\/#primaryimage"},"thumbnailUrl":"http:\/\/www.encontramoema.com.br\/sobre\/wp-content\/uploads\/2017\/08\/pavilhao-japones-no-ibirapuera.jpeg","datePublished":"2017-08-04T15:28:56+00:00","dateModified":"2017-08-04T15:32:21+00:00","breadcrumb":{"@id":"https:\/\/www.encontramoema.com.br\/sobre\/pavilhao-japones-no-ibirapuera\/#breadcrumb"},"inLanguage":"pt-BR","potentialAction":[{"@type":"ReadAction","target":["https:\/\/www.encontramoema.com.br\/sobre\/pavilhao-japones-no-ibirapuera\/"]}]},{"@type":"ImageObject","inLanguage":"pt-BR","@id":"https:\/\/www.encontramoema.com.br\/sobre\/pavilhao-japones-no-ibirapuera\/#primaryimage","url":"https:\/\/www.encontramoema.com.br\/sobre\/wp-content\/uploads\/2017\/08\/pavilhao-japones-no-ibirapuera.jpeg","contentUrl":"https:\/\/www.encontramoema.com.br\/sobre\/wp-content\/uploads\/2017\/08\/pavilhao-japones-no-ibirapuera.jpeg","width":970,"height":600},{"@type":"BreadcrumbList","@id":"https:\/\/www.encontramoema.com.br\/sobre\/pavilhao-japones-no-ibirapuera\/#breadcrumb","itemListElement":[{"@type":"ListItem","position":1,"name":"In\u00edcio","item":"https:\/\/www.encontramoema.com.br\/sobre\/"},{"@type":"ListItem","position":2,"name":"Pavilh\u00e3o Japon\u00eas no Ibirapuera"}]},{"@type":"WebSite","@id":"https:\/\/www.encontramoema.com.br\/sobre\/#website","url":"https:\/\/www.encontramoema.com.br\/sobre\/","name":"Encontra Moema","description":"Not\u00edcias, eventos, informa\u00e7\u00f5es e dicas no bairro de Moema e regi\u00e3o.","potentialAction":[{"@type":"SearchAction","target":{"@type":"EntryPoint","urlTemplate":"https:\/\/www.encontramoema.com.br\/sobre\/?s={search_term_string}"},"query-input":{"@type":"PropertyValueSpecification","valueRequired":true,"valueName":"search_term_string"}}],"inLanguage":"pt-BR"}]}},"_links":{"self":[{"href":"https:\/\/www.encontramoema.com.br\/sobre\/wp-json\/wp\/v2\/pages\/20571","targetHints":{"allow":["GET"]}}],"collection":[{"href":"https:\/\/www.encontramoema.com.br\/sobre\/wp-json\/wp\/v2\/pages"}],"about":[{"href":"https:\/\/www.encontramoema.com.br\/sobre\/wp-json\/wp\/v2\/types\/page"}],"author":[{"embeddable":true,"href":"https:\/\/www.encontramoema.com.br\/sobre\/wp-json\/wp\/v2\/users\/1"}],"replies":[{"embeddable":true,"href":"https:\/\/www.encontramoema.com.br\/sobre\/wp-json\/wp\/v2\/comments?post=20571"}],"version-history":[{"count":0,"href":"https:\/\/www.encontramoema.com.br\/sobre\/wp-json\/wp\/v2\/pages\/20571\/revisions"}],"wp:attachment":[{"href":"https:\/\/www.encontramoema.com.br\/sobre\/wp-json\/wp\/v2\/media?parent=20571"}],"curies":[{"name":"wp","href":"https:\/\/api.w.org\/{rel}","templated":true}]}}