{"id":20581,"date":"2017-08-04T17:24:20","date_gmt":"2017-08-04T19:24:20","guid":{"rendered":"http:\/\/www.encontramoema.com.br\/sobre\/?page_id=20581"},"modified":"2017-08-04T17:25:41","modified_gmt":"2017-08-04T19:25:41","slug":"universidade-aberta-do-meio-ambiente-e-da-cultura-de-paz","status":"publish","type":"page","link":"https:\/\/www.encontramoema.com.br\/sobre\/universidade-aberta-do-meio-ambiente-e-da-cultura-de-paz\/","title":{"rendered":"Universidade Aberta do Meio Ambiente e da Cultura de Paz"},"content":{"rendered":"<div class=\"b7f545a958fd6350ffae2d30a84cafb8\" data-index=\"1\" style=\"float: none; margin:0px;\">\n<!-- Anuncio display - global -->\r\n<ins class=\"adsbygoogle\"\r\n     style=\"display:block\"\r\n     data-ad-client=\"ca-pub-8585364105181520\"\r\n     data-ad-slot=\"8789329856\"\r\n     data-ad-format=\"auto\"\r\n     data-full-width-responsive=\"true\"><\/ins>\r\n<script>\r\n     (adsbygoogle = window.adsbygoogle || []).push({});\r\n<\/script>\n<\/div>\n<p>O <strong>Departamento de Educa\u00e7\u00e3o Ambiental \/ Universidade Aberta do Meio Ambiente e Cultura de Paz ( DEA\/UMAPAZ )<\/strong>, proporciona livre acesso a conhecimentos relativos ao meio ambiente e a cultura de paz.<\/p>\n<p>Al\u00e9m de conhecimentos astrof\u00edsicos e de jardinagem, atrav\u00e9s de cursos, palestras, oficinas e viv\u00eancias.<\/p>\n<p><img loading=\"lazy\" decoding=\"async\" class=\"alignnone wp-image-20582 size-full\" title=\"Universidade Aberta do Meio Ambiente e da Cultura de Paz\" src=\"http:\/\/www.encontramoema.com.br\/sobre\/wp-content\/uploads\/2017\/08\/umapaz-moema.jpg\" alt=\"Universidade Aberta do Meio Ambiente e da Cultura de Paz\" width=\"680\" height=\"189\" srcset=\"https:\/\/www.encontramoema.com.br\/sobre\/wp-content\/uploads\/2017\/08\/umapaz-moema.jpg 680w, https:\/\/www.encontramoema.com.br\/sobre\/wp-content\/uploads\/2017\/08\/umapaz-moema-300x83.jpg 300w\" sizes=\"auto, (max-width: 680px) 100vw, 680px\" \/><\/p>\n<p>A UMAPAZ, que pertence a\u00a0Secretaria Municipal do Verde e do Meio Ambiente, esta sempre possibilitando que cada pessoa monte seu livre percurso de aprendizagem, dentre as diversas tem\u00e1ticas trabalhadas por suas respectivas divis\u00f5es.<\/p>\n<p>\u00c9 composta por quatro divis\u00f5es: Escola Municipal de Jardinagem, Escola Municipal de Astrof\u00edsica, Forma\u00e7\u00e3o e Difus\u00e3o de Projetos em Educa\u00e7\u00e3o Ambiental.<\/p>\n<p>S\u00e3o equipes constitu\u00eddas por profissionais de diferentes forma\u00e7\u00f5es e saberes \u2013 bi\u00f3logos, agr\u00f4nomos, comunicadores sociais, pedagogos, soci\u00f3logos, ge\u00f3logos, ge\u00f3grafos, arquitetos, de sa\u00fade e mais, o que permite a concep\u00e7\u00e3o e o desenvolvimento de programas e atividades numa dimens\u00e3o inter e transdisciplinar.<\/p>\n<p>Conta com uma biblioteca \u2013 o Espa\u00e7o Sapucaia \u2013 com livros, revistas e materiais sobre meio ambiente e cultura de paz, de uso dos professores, aluno e aberta \u00e0 comunidade.<\/p>\n<p>A UMAPAZ oferece cursos e atividades de forma\u00e7\u00e3o, atividades de sensibiliza\u00e7\u00e3o e de refor\u00e7o de saberes e pr\u00e1ticas, em livre percurso de aprendizado, isto \u00e9, cada pessoa pode trilhar seu pr\u00f3prio caminho, iniciando o percurso a partir de seus interesses e sendo acompanhado e estimulado a inserir-se num processo articulado de capacita\u00e7\u00e3o.<\/p>\n<p>Assim, a programa\u00e7\u00e3o \u00e9, intencionalmente, bastante diversificada em termos de conte\u00fados e de pr\u00e1ticas.<\/p>\n<h2>Sobre UMAPAZ\u00a0Cursos e Palestras<\/h2>\n<p>A UMAPAZ\u00a0conta com uma unidade\u00a0em S\u00e3o Paulo. Essa\u00a0unidade oferece tipos diferentes de cursos e palestras. Sendo eles nas \u00e1reas: Jardinagem, Astrof\u00edsica, Educa\u00e7\u00e3o Ambiental e Difus\u00e3o e Projetos.\u00a0<em>Verifique\u00a0a agenda de cursos na unidade atrav\u00e9s do site abaixo.<\/em><\/p>\n<h3>Vagas UMAPAZ\u00a0Moema\u00a0&#8211; Trabalhe Conosco<\/h3>\n<p>A UMAPAZ\u00a0Moema\u00a0disponibiliza algumas vagas de trabalho durante alguns per\u00edodos do ano. Para se informar sobre os processos seletivos e se candidatar as vagas acompanhe nossas redes sociais, onde \u00e9 poss\u00edvel se informar sobre vagas dispon\u00edveis, sal\u00e1rios e compet\u00eancias necess\u00e1rias para se candidatar ao processo.<\/p>\n<h3>Hor\u00e1rio de Funcionamento UMAPAZ\u00a0Moema<\/h3>\n<ul>\n<li>Seg a Sex das 9h \u00e0s 18h<\/li>\n<li>Os hor\u00e1rios podem ser alterados sem aviso. Consulte o local para confirmar.<\/li>\n<\/ul>\n<h3>Endere\u00e7o e Telefone Universidade Aberta do Meio Ambiente e da Cultura de Paz<\/h3>\n<ul>\n<li>Av. Quarto Centen\u00e1rio, 1268, Moema\u00a0&#8211; S\u00e3o Paulo &#8211; SP<\/li>\n<li>Telefone: (11)\u00a05908-3800<\/li>\n<\/ul>\n<h4>Outras Informa\u00e7\u00f5es e Site<\/h4>\n<ul>\n<li>Mais informa\u00e7\u00f5es:\u00a0<a href=\"http:\/\/www.prefeitura.sp.gov.br\/\" target=\"_blank\" rel=\"noopener noreferrer\">www.prefeitura.sp.gov.br<\/a><\/li>\n<li>Facebook:\u00a0<a href=\"https:\/\/www.facebook.com\/umapazsvma\/\" target=\"_blank\" rel=\"noopener noreferrer\">www.facebook.com\/umapazsvma<\/a><\/li>\n<\/ul>\n<h4>Mapa de localiza\u00e7\u00e3o<\/h4>\n<a class=\"wp-colorbox-iframe\" href=\"https:\/\/www.google.com\/maps\/embed?pb=!1m14!1m8!1m3!1d14625.122629538164!2d-46.66283!3d-23.5942655!3m2!1i1024!2i768!4f13.1!3m3!1m2!1s0x00x108f40e637ad595f!2sUMAPAZ!5e0!3m2!1spt-BR!2sbr!4v1501874343711\"><img decoding=\"async\" src=\"http:\/\/www.encontramoema.com.br\/imgs\/maps-post.png\"><\/a>\n\n<div style=\"font-size: 0px; height: 0px; line-height: 0px; margin: 0; padding: 0; clear: both;\"><\/div>","protected":false},"excerpt":{"rendered":"<p>O Departamento de Educa\u00e7\u00e3o Ambiental \/ Universidade Aberta do Meio Ambiente e Cultura de Paz ( DEA\/UMAPAZ ), proporciona livre acesso a conhecimentos relativos ao meio ambiente e a cultura de paz. Al\u00e9m de conhecimentos astrof\u00edsicos e de jardinagem, atrav\u00e9s de cursos, palestras, oficinas e viv\u00eancias. A UMAPAZ, que pertence a\u00a0Secretaria Municipal do Verde e do Meio Ambiente, esta sempre possibilitando que cada pessoa monte seu livre percurso de aprendizagem, dentre as diversas tem\u00e1ticas trabalhadas por suas respectivas divis\u00f5es. \u00c9 composta por quatro divis\u00f5es: Escola Municipal de Jardinagem, Escola Municipal de Astrof\u00edsica, Forma\u00e7\u00e3o e Difus\u00e3o de Projetos em Educa\u00e7\u00e3o Ambiental. <\/p>\n","protected":false},"author":1,"featured_media":0,"parent":0,"menu_order":0,"comment_status":"closed","ping_status":"closed","template":"","meta":{"footnotes":""},"class_list":["post-20581","page","type-page","status-publish","hentry"],"yoast_head":"<!-- This site is optimized with the Yoast SEO plugin v26.3 - https:\/\/yoast.com\/wordpress\/plugins\/seo\/ -->\n<title>Universidade Aberta do Meio Ambiente e da Cultura de Paz - Encontra Moema<\/title>\n<meta name=\"robots\" content=\"index, follow, max-snippet:-1, max-image-preview:large, max-video-preview:-1\" \/>\n<link rel=\"canonical\" href=\"https:\/\/www.encontramoema.com.br\/sobre\/universidade-aberta-do-meio-ambiente-e-da-cultura-de-paz\/\" \/>\n<meta property=\"og:locale\" content=\"pt_BR\" \/>\n<meta property=\"og:type\" content=\"article\" \/>\n<meta property=\"og:title\" content=\"Universidade Aberta do Meio Ambiente e da Cultura de Paz - Encontra Moema\" \/>\n<meta property=\"og:description\" content=\"O Departamento de Educa\u00e7\u00e3o Ambiental \/ Universidade Aberta do Meio Ambiente e Cultura de Paz ( DEA\/UMAPAZ ), proporciona livre acesso a conhecimentos relativos ao meio ambiente e a cultura de paz. Al\u00e9m de conhecimentos astrof\u00edsicos e de jardinagem, atrav\u00e9s de cursos, palestras, oficinas e viv\u00eancias. A UMAPAZ, que pertence a\u00a0Secretaria Municipal do Verde e do Meio Ambiente, esta sempre possibilitando que cada pessoa monte seu livre percurso de aprendizagem, dentre as diversas tem\u00e1ticas trabalhadas por suas respectivas divis\u00f5es. \u00c9 composta por quatro divis\u00f5es: Escola Municipal de Jardinagem, Escola Municipal de Astrof\u00edsica, Forma\u00e7\u00e3o e Difus\u00e3o de Projetos em Educa\u00e7\u00e3o Ambiental.\" \/>\n<meta property=\"og:url\" content=\"https:\/\/www.encontramoema.com.br\/sobre\/universidade-aberta-do-meio-ambiente-e-da-cultura-de-paz\/\" \/>\n<meta property=\"og:site_name\" content=\"Encontra Moema\" \/>\n<meta property=\"article:modified_time\" content=\"2017-08-04T19:25:41+00:00\" \/>\n<meta property=\"og:image\" content=\"http:\/\/www.encontramoema.com.br\/sobre\/wp-content\/uploads\/2017\/08\/umapaz-moema.jpg\" \/>\n<meta name=\"twitter:card\" content=\"summary_large_image\" \/>\n<meta name=\"twitter:label1\" content=\"Est. tempo de leitura\" \/>\n\t<meta name=\"twitter:data1\" content=\"2 minutos\" \/>\n<script type=\"application\/ld+json\" class=\"yoast-schema-graph\">{\"@context\":\"https:\/\/schema.org\",\"@graph\":[{\"@type\":\"WebPage\",\"@id\":\"https:\/\/www.encontramoema.com.br\/sobre\/universidade-aberta-do-meio-ambiente-e-da-cultura-de-paz\/\",\"url\":\"https:\/\/www.encontramoema.com.br\/sobre\/universidade-aberta-do-meio-ambiente-e-da-cultura-de-paz\/\",\"name\":\"Universidade Aberta do Meio Ambiente e da Cultura de Paz - Encontra Moema\",\"isPartOf\":{\"@id\":\"https:\/\/www.encontramoema.com.br\/sobre\/#website\"},\"primaryImageOfPage\":{\"@id\":\"https:\/\/www.encontramoema.com.br\/sobre\/universidade-aberta-do-meio-ambiente-e-da-cultura-de-paz\/#primaryimage\"},\"image\":{\"@id\":\"https:\/\/www.encontramoema.com.br\/sobre\/universidade-aberta-do-meio-ambiente-e-da-cultura-de-paz\/#primaryimage\"},\"thumbnailUrl\":\"http:\/\/www.encontramoema.com.br\/sobre\/wp-content\/uploads\/2017\/08\/umapaz-moema.jpg\",\"datePublished\":\"2017-08-04T19:24:20+00:00\",\"dateModified\":\"2017-08-04T19:25:41+00:00\",\"breadcrumb\":{\"@id\":\"https:\/\/www.encontramoema.com.br\/sobre\/universidade-aberta-do-meio-ambiente-e-da-cultura-de-paz\/#breadcrumb\"},\"inLanguage\":\"pt-BR\",\"potentialAction\":[{\"@type\":\"ReadAction\",\"target\":[\"https:\/\/www.encontramoema.com.br\/sobre\/universidade-aberta-do-meio-ambiente-e-da-cultura-de-paz\/\"]}]},{\"@type\":\"ImageObject\",\"inLanguage\":\"pt-BR\",\"@id\":\"https:\/\/www.encontramoema.com.br\/sobre\/universidade-aberta-do-meio-ambiente-e-da-cultura-de-paz\/#primaryimage\",\"url\":\"https:\/\/www.encontramoema.com.br\/sobre\/wp-content\/uploads\/2017\/08\/umapaz-moema.jpg\",\"contentUrl\":\"https:\/\/www.encontramoema.com.br\/sobre\/wp-content\/uploads\/2017\/08\/umapaz-moema.jpg\",\"width\":680,\"height\":189},{\"@type\":\"BreadcrumbList\",\"@id\":\"https:\/\/www.encontramoema.com.br\/sobre\/universidade-aberta-do-meio-ambiente-e-da-cultura-de-paz\/#breadcrumb\",\"itemListElement\":[{\"@type\":\"ListItem\",\"position\":1,\"name\":\"In\u00edcio\",\"item\":\"https:\/\/www.encontramoema.com.br\/sobre\/\"},{\"@type\":\"ListItem\",\"position\":2,\"name\":\"Universidade Aberta do Meio Ambiente e da Cultura de Paz\"}]},{\"@type\":\"WebSite\",\"@id\":\"https:\/\/www.encontramoema.com.br\/sobre\/#website\",\"url\":\"https:\/\/www.encontramoema.com.br\/sobre\/\",\"name\":\"Encontra Moema\",\"description\":\"Not\u00edcias, eventos, informa\u00e7\u00f5es e dicas no bairro de Moema e regi\u00e3o.\",\"potentialAction\":[{\"@type\":\"SearchAction\",\"target\":{\"@type\":\"EntryPoint\",\"urlTemplate\":\"https:\/\/www.encontramoema.com.br\/sobre\/?s={search_term_string}\"},\"query-input\":{\"@type\":\"PropertyValueSpecification\",\"valueRequired\":true,\"valueName\":\"search_term_string\"}}],\"inLanguage\":\"pt-BR\"}]}<\/script>\n<!-- \/ Yoast SEO plugin. -->","yoast_head_json":{"title":"Universidade Aberta do Meio Ambiente e da Cultura de Paz - Encontra Moema","robots":{"index":"index","follow":"follow","max-snippet":"max-snippet:-1","max-image-preview":"max-image-preview:large","max-video-preview":"max-video-preview:-1"},"canonical":"https:\/\/www.encontramoema.com.br\/sobre\/universidade-aberta-do-meio-ambiente-e-da-cultura-de-paz\/","og_locale":"pt_BR","og_type":"article","og_title":"Universidade Aberta do Meio Ambiente e da Cultura de Paz - Encontra Moema","og_description":"O Departamento de Educa\u00e7\u00e3o Ambiental \/ Universidade Aberta do Meio Ambiente e Cultura de Paz ( DEA\/UMAPAZ ), proporciona livre acesso a conhecimentos relativos ao meio ambiente e a cultura de paz. Al\u00e9m de conhecimentos astrof\u00edsicos e de jardinagem, atrav\u00e9s de cursos, palestras, oficinas e viv\u00eancias. A UMAPAZ, que pertence a\u00a0Secretaria Municipal do Verde e do Meio Ambiente, esta sempre possibilitando que cada pessoa monte seu livre percurso de aprendizagem, dentre as diversas tem\u00e1ticas trabalhadas por suas respectivas divis\u00f5es. \u00c9 composta por quatro divis\u00f5es: Escola Municipal de Jardinagem, Escola Municipal de Astrof\u00edsica, Forma\u00e7\u00e3o e Difus\u00e3o de Projetos em Educa\u00e7\u00e3o Ambiental.","og_url":"https:\/\/www.encontramoema.com.br\/sobre\/universidade-aberta-do-meio-ambiente-e-da-cultura-de-paz\/","og_site_name":"Encontra Moema","article_modified_time":"2017-08-04T19:25:41+00:00","og_image":[{"url":"http:\/\/www.encontramoema.com.br\/sobre\/wp-content\/uploads\/2017\/08\/umapaz-moema.jpg","type":"","width":"","height":""}],"twitter_card":"summary_large_image","twitter_misc":{"Est. tempo de leitura":"2 minutos"},"schema":{"@context":"https:\/\/schema.org","@graph":[{"@type":"WebPage","@id":"https:\/\/www.encontramoema.com.br\/sobre\/universidade-aberta-do-meio-ambiente-e-da-cultura-de-paz\/","url":"https:\/\/www.encontramoema.com.br\/sobre\/universidade-aberta-do-meio-ambiente-e-da-cultura-de-paz\/","name":"Universidade Aberta do Meio Ambiente e da Cultura de Paz - Encontra Moema","isPartOf":{"@id":"https:\/\/www.encontramoema.com.br\/sobre\/#website"},"primaryImageOfPage":{"@id":"https:\/\/www.encontramoema.com.br\/sobre\/universidade-aberta-do-meio-ambiente-e-da-cultura-de-paz\/#primaryimage"},"image":{"@id":"https:\/\/www.encontramoema.com.br\/sobre\/universidade-aberta-do-meio-ambiente-e-da-cultura-de-paz\/#primaryimage"},"thumbnailUrl":"http:\/\/www.encontramoema.com.br\/sobre\/wp-content\/uploads\/2017\/08\/umapaz-moema.jpg","datePublished":"2017-08-04T19:24:20+00:00","dateModified":"2017-08-04T19:25:41+00:00","breadcrumb":{"@id":"https:\/\/www.encontramoema.com.br\/sobre\/universidade-aberta-do-meio-ambiente-e-da-cultura-de-paz\/#breadcrumb"},"inLanguage":"pt-BR","potentialAction":[{"@type":"ReadAction","target":["https:\/\/www.encontramoema.com.br\/sobre\/universidade-aberta-do-meio-ambiente-e-da-cultura-de-paz\/"]}]},{"@type":"ImageObject","inLanguage":"pt-BR","@id":"https:\/\/www.encontramoema.com.br\/sobre\/universidade-aberta-do-meio-ambiente-e-da-cultura-de-paz\/#primaryimage","url":"https:\/\/www.encontramoema.com.br\/sobre\/wp-content\/uploads\/2017\/08\/umapaz-moema.jpg","contentUrl":"https:\/\/www.encontramoema.com.br\/sobre\/wp-content\/uploads\/2017\/08\/umapaz-moema.jpg","width":680,"height":189},{"@type":"BreadcrumbList","@id":"https:\/\/www.encontramoema.com.br\/sobre\/universidade-aberta-do-meio-ambiente-e-da-cultura-de-paz\/#breadcrumb","itemListElement":[{"@type":"ListItem","position":1,"name":"In\u00edcio","item":"https:\/\/www.encontramoema.com.br\/sobre\/"},{"@type":"ListItem","position":2,"name":"Universidade Aberta do Meio Ambiente e da Cultura de Paz"}]},{"@type":"WebSite","@id":"https:\/\/www.encontramoema.com.br\/sobre\/#website","url":"https:\/\/www.encontramoema.com.br\/sobre\/","name":"Encontra Moema","description":"Not\u00edcias, eventos, informa\u00e7\u00f5es e dicas no bairro de Moema e regi\u00e3o.","potentialAction":[{"@type":"SearchAction","target":{"@type":"EntryPoint","urlTemplate":"https:\/\/www.encontramoema.com.br\/sobre\/?s={search_term_string}"},"query-input":{"@type":"PropertyValueSpecification","valueRequired":true,"valueName":"search_term_string"}}],"inLanguage":"pt-BR"}]}},"_links":{"self":[{"href":"https:\/\/www.encontramoema.com.br\/sobre\/wp-json\/wp\/v2\/pages\/20581","targetHints":{"allow":["GET"]}}],"collection":[{"href":"https:\/\/www.encontramoema.com.br\/sobre\/wp-json\/wp\/v2\/pages"}],"about":[{"href":"https:\/\/www.encontramoema.com.br\/sobre\/wp-json\/wp\/v2\/types\/page"}],"author":[{"embeddable":true,"href":"https:\/\/www.encontramoema.com.br\/sobre\/wp-json\/wp\/v2\/users\/1"}],"replies":[{"embeddable":true,"href":"https:\/\/www.encontramoema.com.br\/sobre\/wp-json\/wp\/v2\/comments?post=20581"}],"version-history":[{"count":0,"href":"https:\/\/www.encontramoema.com.br\/sobre\/wp-json\/wp\/v2\/pages\/20581\/revisions"}],"wp:attachment":[{"href":"https:\/\/www.encontramoema.com.br\/sobre\/wp-json\/wp\/v2\/media?parent=20581"}],"curies":[{"name":"wp","href":"https:\/\/api.w.org\/{rel}","templated":true}]}}