{"id":20595,"date":"2017-08-04T19:06:25","date_gmt":"2017-08-04T21:06:25","guid":{"rendered":"http:\/\/www.encontramoema.com.br\/sobre\/?page_id=20595"},"modified":"2017-08-04T19:09:46","modified_gmt":"2017-08-04T21:09:46","slug":"clube-escola-de-modelismo-de-moema","status":"publish","type":"page","link":"https:\/\/www.encontramoema.com.br\/sobre\/clube-escola-de-modelismo-de-moema\/","title":{"rendered":"Clube Escola de Modelismo de Moema"},"content":{"rendered":"<div class=\"b7f545a958fd6350ffae2d30a84cafb8\" data-index=\"1\" style=\"float: none; margin:0px;\">\n<!-- Anuncio display - global -->\r\n<ins class=\"adsbygoogle\"\r\n     style=\"display:block\"\r\n     data-ad-client=\"ca-pub-8585364105181520\"\r\n     data-ad-slot=\"8789329856\"\r\n     data-ad-format=\"auto\"\r\n     data-full-width-responsive=\"true\"><\/ins>\r\n<script>\r\n     (adsbygoogle = window.adsbygoogle || []).push({});\r\n<\/script>\n<\/div>\n<p>O <strong>Clube Escola de Modelismo de Moema<\/strong>, se iniciou em 2007, o projeto tem por objetivo \u00e0 implementa\u00e7\u00e3o de uma pol\u00edtica p\u00fablica diferenciada, visando \u00e0 extens\u00e3o das atividades di\u00e1rias dos jovens da rede p\u00fablica de ensino.<\/p>\n<p>Segundo dados da prefeitura o projeto atualmente beneficia aproximadamente 230 mil pessoas e atende em 95 locais.<\/p>\n<p><img loading=\"lazy\" decoding=\"async\" class=\"alignnone wp-image-20596 size-full\" title=\"Clube Escola de Modelismo de Moema\" src=\"http:\/\/www.encontramoema.com.br\/sobre\/wp-content\/uploads\/2017\/08\/clube-escola-de-modelismo-moema.jpg\" alt=\"Clube Escola de Modelismo de Moema\" width=\"680\" height=\"189\" srcset=\"https:\/\/www.encontramoema.com.br\/sobre\/wp-content\/uploads\/2017\/08\/clube-escola-de-modelismo-moema.jpg 680w, https:\/\/www.encontramoema.com.br\/sobre\/wp-content\/uploads\/2017\/08\/clube-escola-de-modelismo-moema-300x83.jpg 300w\" sizes=\"auto, (max-width: 680px) 100vw, 680px\" \/><\/p>\n<p>Esse projeto integra uma rede de Centros Municipais de Ensino, Escolas Municipais e Parques Municipais, em parcerias com diversos institutos de ensino esportivos como a Associa\u00e7\u00e3o de Craques de Sempre (Futebol) e o Instituto Patr\u00edcia Medrado que ministra aulas de t\u00eanis em diversos locais.<\/p>\n<h3>Hor\u00e1rio de Funcionamento Clube Escola de Modelismo de Moema<\/h3>\n<ul>\n<li>Seg a Sex das 8h \u00e0s 18h<\/li>\n<li>Os hor\u00e1rios podem ser alterados sem aviso. Consulte o local para confirmar.<\/li>\n<\/ul>\n<h3>Endere\u00e7o e Telefone Clube Escola de Modelismo de Moema<\/h3>\n<ul>\n<li>Rua Curitiba, 290, Moema\u00a0&#8211; S\u00e3o Paulo &#8211; SP<\/li>\n<li>Telefone: (11)\u00a03051-3345<\/li>\n<\/ul>\n<h4>Outras Informa\u00e7\u00f5es e Site<\/h4>\n<ul>\n<li>Mais informa\u00e7\u00f5es:\u00a0<a href=\"https:\/\/www.facebook.com\/CLUBEESCOLAMODELISMO\/\" target=\"_blank\" rel=\"noopener noreferrer\">www.facebook.com\/CLUBEESCOLAMODELISMO<\/a><\/li>\n<\/ul>\n<h4>Mapa de localiza\u00e7\u00e3o<\/h4>\n<a class=\"wp-colorbox-iframe\" href=\"https:\/\/www.google.com\/maps\/embed?pb=!1m14!1m8!1m3!1d14626.421925054085!2d-46.6530661!3d-23.5826087!3m2!1i1024!2i768!4f13.1!3m3!1m2!1s0x00xc29f5b1b469854c4!2sClube+Escola+de+Modelismo!5e0!3m2!1spt-BR!2sbr!4v1501880569944\"><img decoding=\"async\" src=\"http:\/\/www.encontramoema.com.br\/imgs\/maps-post.png\"><\/a>\n\n<div style=\"font-size: 0px; height: 0px; line-height: 0px; margin: 0; padding: 0; clear: both;\"><\/div>","protected":false},"excerpt":{"rendered":"<p>O Clube Escola de Modelismo de Moema, se iniciou em 2007, o projeto tem por objetivo \u00e0 implementa\u00e7\u00e3o de uma pol\u00edtica p\u00fablica diferenciada, visando \u00e0 extens\u00e3o das atividades di\u00e1rias dos jovens da rede p\u00fablica de ensino. Segundo dados da prefeitura o projeto atualmente beneficia aproximadamente 230 mil pessoas e atende em 95 locais. Esse projeto integra uma rede de Centros Municipais de Ensino, Escolas Municipais e Parques Municipais, em parcerias com diversos institutos de ensino esportivos como a Associa\u00e7\u00e3o de Craques de Sempre (Futebol) e o Instituto Patr\u00edcia Medrado que ministra aulas de t\u00eanis em diversos locais. Hor\u00e1rio de Funcionamento <\/p>\n","protected":false},"author":1,"featured_media":0,"parent":0,"menu_order":0,"comment_status":"closed","ping_status":"closed","template":"","meta":{"footnotes":""},"class_list":["post-20595","page","type-page","status-publish","hentry"],"yoast_head":"<!-- This site is optimized with the Yoast SEO plugin v26.3 - https:\/\/yoast.com\/wordpress\/plugins\/seo\/ -->\n<title>Clube Escola de Modelismo de Moema - Encontra Moema<\/title>\n<meta name=\"robots\" content=\"index, follow, max-snippet:-1, max-image-preview:large, max-video-preview:-1\" \/>\n<link rel=\"canonical\" href=\"https:\/\/www.encontramoema.com.br\/sobre\/clube-escola-de-modelismo-de-moema\/\" \/>\n<meta property=\"og:locale\" content=\"pt_BR\" \/>\n<meta property=\"og:type\" content=\"article\" \/>\n<meta property=\"og:title\" content=\"Clube Escola de Modelismo de Moema - Encontra Moema\" \/>\n<meta property=\"og:description\" content=\"O Clube Escola de Modelismo de Moema, se iniciou em 2007, o projeto tem por objetivo \u00e0 implementa\u00e7\u00e3o de uma pol\u00edtica p\u00fablica diferenciada, visando \u00e0 extens\u00e3o das atividades di\u00e1rias dos jovens da rede p\u00fablica de ensino. Segundo dados da prefeitura o projeto atualmente beneficia aproximadamente 230 mil pessoas e atende em 95 locais. Esse projeto integra uma rede de Centros Municipais de Ensino, Escolas Municipais e Parques Municipais, em parcerias com diversos institutos de ensino esportivos como a Associa\u00e7\u00e3o de Craques de Sempre (Futebol) e o Instituto Patr\u00edcia Medrado que ministra aulas de t\u00eanis em diversos locais. Hor\u00e1rio de Funcionamento\" \/>\n<meta property=\"og:url\" content=\"https:\/\/www.encontramoema.com.br\/sobre\/clube-escola-de-modelismo-de-moema\/\" \/>\n<meta property=\"og:site_name\" content=\"Encontra Moema\" \/>\n<meta property=\"article:modified_time\" content=\"2017-08-04T21:09:46+00:00\" \/>\n<meta property=\"og:image\" content=\"http:\/\/www.encontramoema.com.br\/sobre\/wp-content\/uploads\/2017\/08\/clube-escola-de-modelismo-moema.jpg\" \/>\n<meta name=\"twitter:card\" content=\"summary_large_image\" \/>\n<meta name=\"twitter:label1\" content=\"Est. tempo de leitura\" \/>\n\t<meta name=\"twitter:data1\" content=\"1 minuto\" \/>\n<script type=\"application\/ld+json\" class=\"yoast-schema-graph\">{\"@context\":\"https:\/\/schema.org\",\"@graph\":[{\"@type\":\"WebPage\",\"@id\":\"https:\/\/www.encontramoema.com.br\/sobre\/clube-escola-de-modelismo-de-moema\/\",\"url\":\"https:\/\/www.encontramoema.com.br\/sobre\/clube-escola-de-modelismo-de-moema\/\",\"name\":\"Clube Escola de Modelismo de Moema - Encontra Moema\",\"isPartOf\":{\"@id\":\"https:\/\/www.encontramoema.com.br\/sobre\/#website\"},\"primaryImageOfPage\":{\"@id\":\"https:\/\/www.encontramoema.com.br\/sobre\/clube-escola-de-modelismo-de-moema\/#primaryimage\"},\"image\":{\"@id\":\"https:\/\/www.encontramoema.com.br\/sobre\/clube-escola-de-modelismo-de-moema\/#primaryimage\"},\"thumbnailUrl\":\"http:\/\/www.encontramoema.com.br\/sobre\/wp-content\/uploads\/2017\/08\/clube-escola-de-modelismo-moema.jpg\",\"datePublished\":\"2017-08-04T21:06:25+00:00\",\"dateModified\":\"2017-08-04T21:09:46+00:00\",\"breadcrumb\":{\"@id\":\"https:\/\/www.encontramoema.com.br\/sobre\/clube-escola-de-modelismo-de-moema\/#breadcrumb\"},\"inLanguage\":\"pt-BR\",\"potentialAction\":[{\"@type\":\"ReadAction\",\"target\":[\"https:\/\/www.encontramoema.com.br\/sobre\/clube-escola-de-modelismo-de-moema\/\"]}]},{\"@type\":\"ImageObject\",\"inLanguage\":\"pt-BR\",\"@id\":\"https:\/\/www.encontramoema.com.br\/sobre\/clube-escola-de-modelismo-de-moema\/#primaryimage\",\"url\":\"https:\/\/www.encontramoema.com.br\/sobre\/wp-content\/uploads\/2017\/08\/clube-escola-de-modelismo-moema.jpg\",\"contentUrl\":\"https:\/\/www.encontramoema.com.br\/sobre\/wp-content\/uploads\/2017\/08\/clube-escola-de-modelismo-moema.jpg\",\"width\":680,\"height\":189},{\"@type\":\"BreadcrumbList\",\"@id\":\"https:\/\/www.encontramoema.com.br\/sobre\/clube-escola-de-modelismo-de-moema\/#breadcrumb\",\"itemListElement\":[{\"@type\":\"ListItem\",\"position\":1,\"name\":\"In\u00edcio\",\"item\":\"https:\/\/www.encontramoema.com.br\/sobre\/\"},{\"@type\":\"ListItem\",\"position\":2,\"name\":\"Clube Escola de Modelismo de Moema\"}]},{\"@type\":\"WebSite\",\"@id\":\"https:\/\/www.encontramoema.com.br\/sobre\/#website\",\"url\":\"https:\/\/www.encontramoema.com.br\/sobre\/\",\"name\":\"Encontra Moema\",\"description\":\"Not\u00edcias, eventos, informa\u00e7\u00f5es e dicas no bairro de Moema e regi\u00e3o.\",\"potentialAction\":[{\"@type\":\"SearchAction\",\"target\":{\"@type\":\"EntryPoint\",\"urlTemplate\":\"https:\/\/www.encontramoema.com.br\/sobre\/?s={search_term_string}\"},\"query-input\":{\"@type\":\"PropertyValueSpecification\",\"valueRequired\":true,\"valueName\":\"search_term_string\"}}],\"inLanguage\":\"pt-BR\"}]}<\/script>\n<!-- \/ Yoast SEO plugin. -->","yoast_head_json":{"title":"Clube Escola de Modelismo de Moema - Encontra Moema","robots":{"index":"index","follow":"follow","max-snippet":"max-snippet:-1","max-image-preview":"max-image-preview:large","max-video-preview":"max-video-preview:-1"},"canonical":"https:\/\/www.encontramoema.com.br\/sobre\/clube-escola-de-modelismo-de-moema\/","og_locale":"pt_BR","og_type":"article","og_title":"Clube Escola de Modelismo de Moema - Encontra Moema","og_description":"O Clube Escola de Modelismo de Moema, se iniciou em 2007, o projeto tem por objetivo \u00e0 implementa\u00e7\u00e3o de uma pol\u00edtica p\u00fablica diferenciada, visando \u00e0 extens\u00e3o das atividades di\u00e1rias dos jovens da rede p\u00fablica de ensino. Segundo dados da prefeitura o projeto atualmente beneficia aproximadamente 230 mil pessoas e atende em 95 locais. Esse projeto integra uma rede de Centros Municipais de Ensino, Escolas Municipais e Parques Municipais, em parcerias com diversos institutos de ensino esportivos como a Associa\u00e7\u00e3o de Craques de Sempre (Futebol) e o Instituto Patr\u00edcia Medrado que ministra aulas de t\u00eanis em diversos locais. Hor\u00e1rio de Funcionamento","og_url":"https:\/\/www.encontramoema.com.br\/sobre\/clube-escola-de-modelismo-de-moema\/","og_site_name":"Encontra Moema","article_modified_time":"2017-08-04T21:09:46+00:00","og_image":[{"url":"http:\/\/www.encontramoema.com.br\/sobre\/wp-content\/uploads\/2017\/08\/clube-escola-de-modelismo-moema.jpg","type":"","width":"","height":""}],"twitter_card":"summary_large_image","twitter_misc":{"Est. tempo de leitura":"1 minuto"},"schema":{"@context":"https:\/\/schema.org","@graph":[{"@type":"WebPage","@id":"https:\/\/www.encontramoema.com.br\/sobre\/clube-escola-de-modelismo-de-moema\/","url":"https:\/\/www.encontramoema.com.br\/sobre\/clube-escola-de-modelismo-de-moema\/","name":"Clube Escola de Modelismo de Moema - Encontra Moema","isPartOf":{"@id":"https:\/\/www.encontramoema.com.br\/sobre\/#website"},"primaryImageOfPage":{"@id":"https:\/\/www.encontramoema.com.br\/sobre\/clube-escola-de-modelismo-de-moema\/#primaryimage"},"image":{"@id":"https:\/\/www.encontramoema.com.br\/sobre\/clube-escola-de-modelismo-de-moema\/#primaryimage"},"thumbnailUrl":"http:\/\/www.encontramoema.com.br\/sobre\/wp-content\/uploads\/2017\/08\/clube-escola-de-modelismo-moema.jpg","datePublished":"2017-08-04T21:06:25+00:00","dateModified":"2017-08-04T21:09:46+00:00","breadcrumb":{"@id":"https:\/\/www.encontramoema.com.br\/sobre\/clube-escola-de-modelismo-de-moema\/#breadcrumb"},"inLanguage":"pt-BR","potentialAction":[{"@type":"ReadAction","target":["https:\/\/www.encontramoema.com.br\/sobre\/clube-escola-de-modelismo-de-moema\/"]}]},{"@type":"ImageObject","inLanguage":"pt-BR","@id":"https:\/\/www.encontramoema.com.br\/sobre\/clube-escola-de-modelismo-de-moema\/#primaryimage","url":"https:\/\/www.encontramoema.com.br\/sobre\/wp-content\/uploads\/2017\/08\/clube-escola-de-modelismo-moema.jpg","contentUrl":"https:\/\/www.encontramoema.com.br\/sobre\/wp-content\/uploads\/2017\/08\/clube-escola-de-modelismo-moema.jpg","width":680,"height":189},{"@type":"BreadcrumbList","@id":"https:\/\/www.encontramoema.com.br\/sobre\/clube-escola-de-modelismo-de-moema\/#breadcrumb","itemListElement":[{"@type":"ListItem","position":1,"name":"In\u00edcio","item":"https:\/\/www.encontramoema.com.br\/sobre\/"},{"@type":"ListItem","position":2,"name":"Clube Escola de Modelismo de Moema"}]},{"@type":"WebSite","@id":"https:\/\/www.encontramoema.com.br\/sobre\/#website","url":"https:\/\/www.encontramoema.com.br\/sobre\/","name":"Encontra Moema","description":"Not\u00edcias, eventos, informa\u00e7\u00f5es e dicas no bairro de Moema e regi\u00e3o.","potentialAction":[{"@type":"SearchAction","target":{"@type":"EntryPoint","urlTemplate":"https:\/\/www.encontramoema.com.br\/sobre\/?s={search_term_string}"},"query-input":{"@type":"PropertyValueSpecification","valueRequired":true,"valueName":"search_term_string"}}],"inLanguage":"pt-BR"}]}},"_links":{"self":[{"href":"https:\/\/www.encontramoema.com.br\/sobre\/wp-json\/wp\/v2\/pages\/20595","targetHints":{"allow":["GET"]}}],"collection":[{"href":"https:\/\/www.encontramoema.com.br\/sobre\/wp-json\/wp\/v2\/pages"}],"about":[{"href":"https:\/\/www.encontramoema.com.br\/sobre\/wp-json\/wp\/v2\/types\/page"}],"author":[{"embeddable":true,"href":"https:\/\/www.encontramoema.com.br\/sobre\/wp-json\/wp\/v2\/users\/1"}],"replies":[{"embeddable":true,"href":"https:\/\/www.encontramoema.com.br\/sobre\/wp-json\/wp\/v2\/comments?post=20595"}],"version-history":[{"count":0,"href":"https:\/\/www.encontramoema.com.br\/sobre\/wp-json\/wp\/v2\/pages\/20595\/revisions"}],"wp:attachment":[{"href":"https:\/\/www.encontramoema.com.br\/sobre\/wp-json\/wp\/v2\/media?parent=20595"}],"curies":[{"name":"wp","href":"https:\/\/api.w.org\/{rel}","templated":true}]}}