{"id":20597,"date":"2017-08-05T18:34:09","date_gmt":"2017-08-05T20:34:09","guid":{"rendered":"http:\/\/www.encontramoema.com.br\/sobre\/?page_id=20597"},"modified":"2017-08-05T18:34:09","modified_gmt":"2017-08-05T20:34:09","slug":"estadio-do-ibirapuera-em-moema","status":"publish","type":"page","link":"https:\/\/www.encontramoema.com.br\/sobre\/estadio-do-ibirapuera-em-moema\/","title":{"rendered":"Est\u00e1dio do Ibirapuera em Moema"},"content":{"rendered":"<div class=\"b7f545a958fd6350ffae2d30a84cafb8\" data-index=\"1\" style=\"float: none; margin:0px;\">\n<!-- Anuncio display - global -->\r\n<ins class=\"adsbygoogle\"\r\n     style=\"display:block\"\r\n     data-ad-client=\"ca-pub-8585364105181520\"\r\n     data-ad-slot=\"8789329856\"\r\n     data-ad-format=\"auto\"\r\n     data-full-width-responsive=\"true\"><\/ins>\r\n<script>\r\n     (adsbygoogle = window.adsbygoogle || []).push({});\r\n<\/script>\n<\/div>\n<p>O Est\u00e1dio \u00cdcaro de Castro Melo em Moema, mais conhecido como <strong>Est\u00e1dio do Ibirapuera<\/strong>, \u00e9 um est\u00e1dio desportivo localizado nas proximidades do Parque do Ibirapuera.<\/p>\n<p>Faz parte do <a href=\"http:\/\/www.encontramoema.com.br\/sobre\/conjunto-desportivo-constancio-vaz-guimaraes\/\"><span style=\"text-decoration: underline;\">Conjunto Desportivo Const\u00e2ncio Vaz Guimar\u00e3es<\/span><\/a>, que tamb\u00e9m abriga o Gin\u00e1sio do Ibirapuera, o Gin\u00e1sio Poliesportivo Mauro Pinheiro, o Conjunto Aqu\u00e1tico Caio Pompeu de Toledo, e o Pal\u00e1cio do Jud\u00f4.<\/p>\n<p><img loading=\"lazy\" decoding=\"async\" class=\"alignnone wp-image-20598 size-full\" title=\"Est\u00e1dio do Ibirapuera em Moema\" src=\"http:\/\/www.encontramoema.com.br\/sobre\/wp-content\/uploads\/2017\/08\/estadio-do-ibirapuera.jpg\" alt=\"Est\u00e1dio do Ibirapuera em Moema\" width=\"700\" height=\"312\" srcset=\"https:\/\/www.encontramoema.com.br\/sobre\/wp-content\/uploads\/2017\/08\/estadio-do-ibirapuera.jpg 700w, https:\/\/www.encontramoema.com.br\/sobre\/wp-content\/uploads\/2017\/08\/estadio-do-ibirapuera-300x134.jpg 300w\" sizes=\"auto, (max-width: 700px) 100vw, 700px\" \/><\/p>\n<h2>Est\u00e1dio do Ibirapuera Programa\u00e7\u00e3o<\/h2>\n<p>Tem capacidade para aproximadamente 13 mil pessoas, atualmente est\u00e1 restrito apenas \u00e0s competi\u00e7\u00f5es de atletismo e futebol americano, mas j\u00e1 foi sede de partidas oficiais de futebol.<\/p>\n<p>No ano de 1996, chegou a receber v\u00e1rias partidas do Campeonato Brasileiro e da Supercopa Libertadores, tendo como mandantes em seu campo o Corinthians e o Santos. Recebeu muitas partidas tamb\u00e9m de futebol feminino.<\/p>\n<p>Um dos eventos not\u00e1veis do est\u00e1dio foi um show do cantor ingl\u00eas Elton John durante sua turn\u00ea Made in England em Novembro de 1995.<\/p>\n<p>Atualmente recebe os jogos do S\u00e3o Paulo Storm time brasileiro de futebol americano criado em 1998, que joga na LBFA Liga Brasileira de Futebol Americano.<\/p>\n<h3>Est\u00e1dio do Ibirapuera V\u00f4lei<\/h3>\n<p>N\u00e3o existe nada relacionado a V\u00f4lei no Est\u00e1dio Ibirapuera, a pesquisa correta deve ser <span style=\"text-decoration: underline;\">Gin\u00e1sio do Ibirapuera<\/span> que \u00e9 onde ocorre disputas de v\u00f4lei nacionais e internacionais.<\/p>\n<h3>\u00cdcaro de Castro Mello<\/h3>\n<p>\u00cdcaro de Castro Mello nasceu em 1913 em S\u00e3o Vicente, muito cedo comprometeu-se com a concep\u00e7\u00e3o de pr\u00e9dios esportivos e, at\u00e9 sua morte, ocorrida em 1986, nunca interrompeu as incurs\u00f5es neste territ\u00f3rio, sendo seguramente o arquiteto brasileiro que criou o maior n\u00famero de edif\u00edcios desta natureza<\/p>\n<p>A familiaridade de \u00cdcaro de Castro Mello com est\u00e1dios e gin\u00e1sios n\u00e3o se estabeleceu ao longo de sua carreira, nem o interesse surgiu na vida acad\u00eamica, mas pelo vi\u00e9s da pr\u00e1tica esportiva, bem antes de ingressar, em 1931, na Escola de Engenharia Mackenzie, que trocou dois anos depois pela Escola Polit\u00e9cnica da Universidade de S\u00e3o Paulo.<\/p>\n<p>Ao diplomar-se em 1935 como engenheiro-arquiteto, Castro Mello j\u00e1 era atleta nacionalmente consagrado, campe\u00e3o paulista, brasileiro e sul-americano de salto em altura, salto com vara e decatlo, detentor de recordes nestas modalidades, tendo se dedicado tamb\u00e9m \u00e0 nata\u00e7\u00e3o, t\u00eanis e v\u00f4lei.<\/p>\n<p>Em 1936, ao participar das Olimp\u00edadas de Berlim integrando a equipe brasileira de atletismo, aproveitou a oportunidade para estagiar por uma semana no escrit\u00f3rio do arquiteto Werner March, autor do projeto do Est\u00e1dio Ol\u00edmpico da capital alem\u00e3.<\/p>\n<h3>Hor\u00e1rio de Funcionamento\u00a0Est\u00e1dio do Ibirapuera<\/h3>\n<ul>\n<li>Todos os dias das 8h \u00e0s 22h<\/li>\n<li>Os hor\u00e1rios podem ser alterados sem aviso. Consulte o local para confirmar.<\/li>\n<\/ul>\n<h3>Endere\u00e7o e Telefone\u00a0Est\u00e1dio do Ibirapuera em Moema<\/h3>\n<ul>\n<li>Rua Manuel da N\u00f3brega, 1361, Moema\u00a0&#8211; S\u00e3o Paulo &#8211; SP<\/li>\n<li>Telefone: (11)\u00a03887-3500<\/li>\n<\/ul>\n<h4>Outras Informa\u00e7\u00f5es e Site<\/h4>\n<ul>\n<li>Mais informa\u00e7\u00f5es:\u00a0<a href=\"http:\/\/www.selj.sp.gov.br\/\" target=\"_blank\" rel=\"noopener noreferrer\">www.selj.sp.gov.br<\/a><\/li>\n<\/ul>\n<h4>Mapa de localiza\u00e7\u00e3o<\/h4>\n<a class=\"wp-colorbox-iframe\" href=\"https:\/\/www.google.com\/maps\/embed?pb=!1m14!1m8!1m3!1d14626.915868071756!2d-46.6545137!3d-23.5781758!3m2!1i1024!2i768!4f13.1!3m3!1m2!1s0x00xa6d8f5012a9be1de!2sEstdio+caro+de+Castro+Melo+(Ibirapuera)!5e0!3m2!1spt-BR!2sbr!4v1501965235551\"><img decoding=\"async\" src=\"http:\/\/www.encontramoema.com.br\/imgs\/maps-post.png\"><\/a>\n\n<div style=\"font-size: 0px; height: 0px; line-height: 0px; margin: 0; padding: 0; clear: both;\"><\/div>","protected":false},"excerpt":{"rendered":"<p>O Est\u00e1dio \u00cdcaro de Castro Melo em Moema, mais conhecido como Est\u00e1dio do Ibirapuera, \u00e9 um est\u00e1dio desportivo localizado nas proximidades do Parque do Ibirapuera. Faz parte do Conjunto Desportivo Const\u00e2ncio Vaz Guimar\u00e3es, que tamb\u00e9m abriga o Gin\u00e1sio do Ibirapuera, o Gin\u00e1sio Poliesportivo Mauro Pinheiro, o Conjunto Aqu\u00e1tico Caio Pompeu de Toledo, e o Pal\u00e1cio do Jud\u00f4. Est\u00e1dio do Ibirapuera Programa\u00e7\u00e3o Tem capacidade para aproximadamente 13 mil pessoas, atualmente est\u00e1 restrito apenas \u00e0s competi\u00e7\u00f5es de atletismo e futebol americano, mas j\u00e1 foi sede de partidas oficiais de futebol. No ano de 1996, chegou a receber v\u00e1rias partidas do Campeonato Brasileiro <\/p>\n","protected":false},"author":1,"featured_media":0,"parent":0,"menu_order":0,"comment_status":"closed","ping_status":"closed","template":"","meta":{"footnotes":""},"class_list":["post-20597","page","type-page","status-publish","hentry"],"yoast_head":"<!-- This site is optimized with the Yoast SEO plugin v26.3 - https:\/\/yoast.com\/wordpress\/plugins\/seo\/ -->\n<title>Est\u00e1dio do Ibirapuera em Moema - Encontra Moema<\/title>\n<meta name=\"robots\" content=\"index, follow, max-snippet:-1, max-image-preview:large, max-video-preview:-1\" \/>\n<link rel=\"canonical\" href=\"https:\/\/www.encontramoema.com.br\/sobre\/estadio-do-ibirapuera-em-moema\/\" \/>\n<meta property=\"og:locale\" content=\"pt_BR\" \/>\n<meta property=\"og:type\" content=\"article\" \/>\n<meta property=\"og:title\" content=\"Est\u00e1dio do Ibirapuera em Moema - Encontra Moema\" \/>\n<meta property=\"og:description\" content=\"O Est\u00e1dio \u00cdcaro de Castro Melo em Moema, mais conhecido como Est\u00e1dio do Ibirapuera, \u00e9 um est\u00e1dio desportivo localizado nas proximidades do Parque do Ibirapuera. Faz parte do Conjunto Desportivo Const\u00e2ncio Vaz Guimar\u00e3es, que tamb\u00e9m abriga o Gin\u00e1sio do Ibirapuera, o Gin\u00e1sio Poliesportivo Mauro Pinheiro, o Conjunto Aqu\u00e1tico Caio Pompeu de Toledo, e o Pal\u00e1cio do Jud\u00f4. Est\u00e1dio do Ibirapuera Programa\u00e7\u00e3o Tem capacidade para aproximadamente 13 mil pessoas, atualmente est\u00e1 restrito apenas \u00e0s competi\u00e7\u00f5es de atletismo e futebol americano, mas j\u00e1 foi sede de partidas oficiais de futebol. No ano de 1996, chegou a receber v\u00e1rias partidas do Campeonato Brasileiro\" \/>\n<meta property=\"og:url\" content=\"https:\/\/www.encontramoema.com.br\/sobre\/estadio-do-ibirapuera-em-moema\/\" \/>\n<meta property=\"og:site_name\" content=\"Encontra Moema\" \/>\n<meta property=\"og:image\" content=\"http:\/\/www.encontramoema.com.br\/sobre\/wp-content\/uploads\/2017\/08\/estadio-do-ibirapuera.jpg\" \/>\n<meta name=\"twitter:card\" content=\"summary_large_image\" \/>\n<meta name=\"twitter:label1\" content=\"Est. tempo de leitura\" \/>\n\t<meta name=\"twitter:data1\" content=\"3 minutos\" \/>\n<script type=\"application\/ld+json\" class=\"yoast-schema-graph\">{\"@context\":\"https:\/\/schema.org\",\"@graph\":[{\"@type\":\"WebPage\",\"@id\":\"https:\/\/www.encontramoema.com.br\/sobre\/estadio-do-ibirapuera-em-moema\/\",\"url\":\"https:\/\/www.encontramoema.com.br\/sobre\/estadio-do-ibirapuera-em-moema\/\",\"name\":\"Est\u00e1dio do Ibirapuera em Moema - Encontra Moema\",\"isPartOf\":{\"@id\":\"https:\/\/www.encontramoema.com.br\/sobre\/#website\"},\"primaryImageOfPage\":{\"@id\":\"https:\/\/www.encontramoema.com.br\/sobre\/estadio-do-ibirapuera-em-moema\/#primaryimage\"},\"image\":{\"@id\":\"https:\/\/www.encontramoema.com.br\/sobre\/estadio-do-ibirapuera-em-moema\/#primaryimage\"},\"thumbnailUrl\":\"http:\/\/www.encontramoema.com.br\/sobre\/wp-content\/uploads\/2017\/08\/estadio-do-ibirapuera.jpg\",\"datePublished\":\"2017-08-05T20:34:09+00:00\",\"breadcrumb\":{\"@id\":\"https:\/\/www.encontramoema.com.br\/sobre\/estadio-do-ibirapuera-em-moema\/#breadcrumb\"},\"inLanguage\":\"pt-BR\",\"potentialAction\":[{\"@type\":\"ReadAction\",\"target\":[\"https:\/\/www.encontramoema.com.br\/sobre\/estadio-do-ibirapuera-em-moema\/\"]}]},{\"@type\":\"ImageObject\",\"inLanguage\":\"pt-BR\",\"@id\":\"https:\/\/www.encontramoema.com.br\/sobre\/estadio-do-ibirapuera-em-moema\/#primaryimage\",\"url\":\"https:\/\/www.encontramoema.com.br\/sobre\/wp-content\/uploads\/2017\/08\/estadio-do-ibirapuera.jpg\",\"contentUrl\":\"https:\/\/www.encontramoema.com.br\/sobre\/wp-content\/uploads\/2017\/08\/estadio-do-ibirapuera.jpg\",\"width\":700,\"height\":312},{\"@type\":\"BreadcrumbList\",\"@id\":\"https:\/\/www.encontramoema.com.br\/sobre\/estadio-do-ibirapuera-em-moema\/#breadcrumb\",\"itemListElement\":[{\"@type\":\"ListItem\",\"position\":1,\"name\":\"In\u00edcio\",\"item\":\"https:\/\/www.encontramoema.com.br\/sobre\/\"},{\"@type\":\"ListItem\",\"position\":2,\"name\":\"Est\u00e1dio do Ibirapuera em Moema\"}]},{\"@type\":\"WebSite\",\"@id\":\"https:\/\/www.encontramoema.com.br\/sobre\/#website\",\"url\":\"https:\/\/www.encontramoema.com.br\/sobre\/\",\"name\":\"Encontra Moema\",\"description\":\"Not\u00edcias, eventos, informa\u00e7\u00f5es e dicas no bairro de Moema e regi\u00e3o.\",\"potentialAction\":[{\"@type\":\"SearchAction\",\"target\":{\"@type\":\"EntryPoint\",\"urlTemplate\":\"https:\/\/www.encontramoema.com.br\/sobre\/?s={search_term_string}\"},\"query-input\":{\"@type\":\"PropertyValueSpecification\",\"valueRequired\":true,\"valueName\":\"search_term_string\"}}],\"inLanguage\":\"pt-BR\"}]}<\/script>\n<!-- \/ Yoast SEO plugin. -->","yoast_head_json":{"title":"Est\u00e1dio do Ibirapuera em Moema - Encontra Moema","robots":{"index":"index","follow":"follow","max-snippet":"max-snippet:-1","max-image-preview":"max-image-preview:large","max-video-preview":"max-video-preview:-1"},"canonical":"https:\/\/www.encontramoema.com.br\/sobre\/estadio-do-ibirapuera-em-moema\/","og_locale":"pt_BR","og_type":"article","og_title":"Est\u00e1dio do Ibirapuera em Moema - Encontra Moema","og_description":"O Est\u00e1dio \u00cdcaro de Castro Melo em Moema, mais conhecido como Est\u00e1dio do Ibirapuera, \u00e9 um est\u00e1dio desportivo localizado nas proximidades do Parque do Ibirapuera. Faz parte do Conjunto Desportivo Const\u00e2ncio Vaz Guimar\u00e3es, que tamb\u00e9m abriga o Gin\u00e1sio do Ibirapuera, o Gin\u00e1sio Poliesportivo Mauro Pinheiro, o Conjunto Aqu\u00e1tico Caio Pompeu de Toledo, e o Pal\u00e1cio do Jud\u00f4. Est\u00e1dio do Ibirapuera Programa\u00e7\u00e3o Tem capacidade para aproximadamente 13 mil pessoas, atualmente est\u00e1 restrito apenas \u00e0s competi\u00e7\u00f5es de atletismo e futebol americano, mas j\u00e1 foi sede de partidas oficiais de futebol. No ano de 1996, chegou a receber v\u00e1rias partidas do Campeonato Brasileiro","og_url":"https:\/\/www.encontramoema.com.br\/sobre\/estadio-do-ibirapuera-em-moema\/","og_site_name":"Encontra Moema","og_image":[{"url":"http:\/\/www.encontramoema.com.br\/sobre\/wp-content\/uploads\/2017\/08\/estadio-do-ibirapuera.jpg","type":"","width":"","height":""}],"twitter_card":"summary_large_image","twitter_misc":{"Est. tempo de leitura":"3 minutos"},"schema":{"@context":"https:\/\/schema.org","@graph":[{"@type":"WebPage","@id":"https:\/\/www.encontramoema.com.br\/sobre\/estadio-do-ibirapuera-em-moema\/","url":"https:\/\/www.encontramoema.com.br\/sobre\/estadio-do-ibirapuera-em-moema\/","name":"Est\u00e1dio do Ibirapuera em Moema - Encontra Moema","isPartOf":{"@id":"https:\/\/www.encontramoema.com.br\/sobre\/#website"},"primaryImageOfPage":{"@id":"https:\/\/www.encontramoema.com.br\/sobre\/estadio-do-ibirapuera-em-moema\/#primaryimage"},"image":{"@id":"https:\/\/www.encontramoema.com.br\/sobre\/estadio-do-ibirapuera-em-moema\/#primaryimage"},"thumbnailUrl":"http:\/\/www.encontramoema.com.br\/sobre\/wp-content\/uploads\/2017\/08\/estadio-do-ibirapuera.jpg","datePublished":"2017-08-05T20:34:09+00:00","breadcrumb":{"@id":"https:\/\/www.encontramoema.com.br\/sobre\/estadio-do-ibirapuera-em-moema\/#breadcrumb"},"inLanguage":"pt-BR","potentialAction":[{"@type":"ReadAction","target":["https:\/\/www.encontramoema.com.br\/sobre\/estadio-do-ibirapuera-em-moema\/"]}]},{"@type":"ImageObject","inLanguage":"pt-BR","@id":"https:\/\/www.encontramoema.com.br\/sobre\/estadio-do-ibirapuera-em-moema\/#primaryimage","url":"https:\/\/www.encontramoema.com.br\/sobre\/wp-content\/uploads\/2017\/08\/estadio-do-ibirapuera.jpg","contentUrl":"https:\/\/www.encontramoema.com.br\/sobre\/wp-content\/uploads\/2017\/08\/estadio-do-ibirapuera.jpg","width":700,"height":312},{"@type":"BreadcrumbList","@id":"https:\/\/www.encontramoema.com.br\/sobre\/estadio-do-ibirapuera-em-moema\/#breadcrumb","itemListElement":[{"@type":"ListItem","position":1,"name":"In\u00edcio","item":"https:\/\/www.encontramoema.com.br\/sobre\/"},{"@type":"ListItem","position":2,"name":"Est\u00e1dio do Ibirapuera em Moema"}]},{"@type":"WebSite","@id":"https:\/\/www.encontramoema.com.br\/sobre\/#website","url":"https:\/\/www.encontramoema.com.br\/sobre\/","name":"Encontra Moema","description":"Not\u00edcias, eventos, informa\u00e7\u00f5es e dicas no bairro de Moema e regi\u00e3o.","potentialAction":[{"@type":"SearchAction","target":{"@type":"EntryPoint","urlTemplate":"https:\/\/www.encontramoema.com.br\/sobre\/?s={search_term_string}"},"query-input":{"@type":"PropertyValueSpecification","valueRequired":true,"valueName":"search_term_string"}}],"inLanguage":"pt-BR"}]}},"_links":{"self":[{"href":"https:\/\/www.encontramoema.com.br\/sobre\/wp-json\/wp\/v2\/pages\/20597","targetHints":{"allow":["GET"]}}],"collection":[{"href":"https:\/\/www.encontramoema.com.br\/sobre\/wp-json\/wp\/v2\/pages"}],"about":[{"href":"https:\/\/www.encontramoema.com.br\/sobre\/wp-json\/wp\/v2\/types\/page"}],"author":[{"embeddable":true,"href":"https:\/\/www.encontramoema.com.br\/sobre\/wp-json\/wp\/v2\/users\/1"}],"replies":[{"embeddable":true,"href":"https:\/\/www.encontramoema.com.br\/sobre\/wp-json\/wp\/v2\/comments?post=20597"}],"version-history":[{"count":0,"href":"https:\/\/www.encontramoema.com.br\/sobre\/wp-json\/wp\/v2\/pages\/20597\/revisions"}],"wp:attachment":[{"href":"https:\/\/www.encontramoema.com.br\/sobre\/wp-json\/wp\/v2\/media?parent=20597"}],"curies":[{"name":"wp","href":"https:\/\/api.w.org\/{rel}","templated":true}]}}