{"id":20600,"date":"2017-08-05T19:09:14","date_gmt":"2017-08-05T21:09:14","guid":{"rendered":"http:\/\/www.encontramoema.com.br\/sobre\/?page_id=20600"},"modified":"2017-08-05T19:09:14","modified_gmt":"2017-08-05T21:09:14","slug":"ginasio-do-ibirapuera-em-moema","status":"publish","type":"page","link":"https:\/\/www.encontramoema.com.br\/sobre\/ginasio-do-ibirapuera-em-moema\/","title":{"rendered":"Gin\u00e1sio do Ibirapuera em Moema"},"content":{"rendered":"<div class=\"b7f545a958fd6350ffae2d30a84cafb8\" data-index=\"1\" style=\"float: none; margin:0px;\">\n<!-- Anuncio display - global -->\r\n<ins class=\"adsbygoogle\"\r\n     style=\"display:block\"\r\n     data-ad-client=\"ca-pub-8585364105181520\"\r\n     data-ad-slot=\"8789329856\"\r\n     data-ad-format=\"auto\"\r\n     data-full-width-responsive=\"true\"><\/ins>\r\n<script>\r\n     (adsbygoogle = window.adsbygoogle || []).push({});\r\n<\/script>\n<\/div>\n<p>O Gin\u00e1sio Geraldo Jos\u00e9 de Almeida ou apenas <strong>Gin\u00e1sio do Ibirapuera<\/strong>, foi inaugurado em 25 de janeiro de 1957, e integra o <a href=\"http:\/\/www.encontramoema.com.br\/sobre\/conjunto-desportivo-constancio-vaz-guimaraes\/\"><span style=\"text-decoration: underline;\">Conjunto Desportivo Const\u00e2ncio Vaz Guimar\u00e3es<\/span><\/a>, com 95 mil metros quadrados.<\/p>\n<p>Com capacidade para 11 mil pessoas, o gin\u00e1sio \u00e9 uma refer\u00eancia na cidade de S\u00e3o Paulo e abriga aos maiores eventos esportivos internacionais. Tamb\u00e9m recebe shows e apresenta\u00e7\u00f5es.<\/p>\n<p><img loading=\"lazy\" decoding=\"async\" class=\"alignnone wp-image-20601 size-full\" title=\"Gin\u00e1sio do Ibirapuera em Moema\" src=\"http:\/\/www.encontramoema.com.br\/sobre\/wp-content\/uploads\/2017\/08\/ginasio-do-ibirapuera.jpg\" alt=\"Gin\u00e1sio do Ibirapuera em Moema\" width=\"640\" height=\"312\" srcset=\"https:\/\/www.encontramoema.com.br\/sobre\/wp-content\/uploads\/2017\/08\/ginasio-do-ibirapuera.jpg 640w, https:\/\/www.encontramoema.com.br\/sobre\/wp-content\/uploads\/2017\/08\/ginasio-do-ibirapuera-300x146.jpg 300w\" sizes=\"auto, (max-width: 640px) 100vw, 640px\" \/><\/p>\n<p>O local \u00e9 moderno capaz de atender desde uma partida internacional de t\u00eanis at\u00e9 um show de patina\u00e7\u00e3o no gelo. Possui salas de apoio para atletas e artistas e conta com total estrutura para oferecer conforto ao p\u00fablico, imprensa e personalidades.<\/p>\n<h2>Gin\u00e1sio do Ibirapuera Programa\u00e7\u00e3o &#8211; Eventos<\/h2>\n<p>O Gin\u00e1sio do Ibirapuera recebe diversos eventos durante todo o ano, al\u00e9m de suas famosas partidas de v\u00f4lei e basquete, l\u00e1 tamb\u00e9m acontecem shows nacionais e internacionais, conven\u00e7\u00f5es religiosas e de empresas, apresenta\u00e7\u00f5es de pe\u00e7as de teatro, feir\u00f5es, e muitos outros eventos.<\/p>\n<h3>Gin\u00e1sio do Ibirapuera Bilheteria<\/h3>\n<p>O Gin\u00e1sio conta com sua pr\u00f3pria bilheteria no endere\u00e7o abaixo que tem seu funcionamento diferenciado para cada evento, para maiores informa\u00e7\u00f5es ligue no telefone abaixo. o gin\u00e1sio tamb\u00e9m oferece ingressos dos eventos em sites de ingressos online.<\/p>\n<h3>Gin\u00e1sio do Ibirapuera Estacionamento<\/h3>\n<p>O estacionamento do gin\u00e1sio \u00e9 terceirizado pela empresa Maxipark que\u00a0acomoda mais de 600 vagas dispon\u00edveis atrav\u00e9s da utiliza\u00e7\u00e3o de sistema de automa\u00e7\u00e3o, que ajuda a garantir o sucesso dos eventos do local.<\/p>\n<p>Nos dias de show, uma equipe capacitada adota a cobran\u00e7a adiantada nas filas, liberando os ve\u00edculos para entrada de maneira mais \u00e1gil.<\/p>\n<p>O direcionamento interno para as vagas dispon\u00edveis tamb\u00e9m fazem com que os usu\u00e1rios acomodem mais rapidamente seus ve\u00edculos. A Maxipark reserva sua vaga de estacionamento para o dia do evento desejado.<\/p>\n<h3>Gerado Jos\u00e9 de Almeida<\/h3>\n<p>Geraldo Jos\u00e9 de Almeida foi um narrador esportivo e radialista brasileiro, criador de um estilo pr\u00f3prio de locu\u00e7\u00e3o esportiva, conquistou a fama entre os admiradores do g\u00eanero.<\/p>\n<p>A partir de 1954, acompanhou a Sele\u00e7\u00e3o Brasileira de Futebol em Copas do Mundo at\u00e9 1974.<\/p>\n<p>Come\u00e7ou sua carreira aos 17 anos na R\u00e1dio Record (S\u00e3o Paulo) onde permaneceu vinte e oito anos. Por um curto per\u00edodo, trabalhou na R\u00e1dio Panamericana (hoje R\u00e1dio Jovem Pan, de S\u00e3o Paulo) e na R\u00e1dio Nacional do Rio de Janeiro. Fez tamb\u00e9m duas r\u00e1dionovelas na R\u00e1dio S\u00e3o Paulo.<\/p>\n<p>De 1954 at\u00e9 1966, Geraldo Jos\u00e9 de Almeida transmitiu todas as Copas do Mundo por r\u00e1dio. Em 1970 foi para a Rede Globo, onde passou a ser conhecido nacionalmente. Fazendo dupla com o comentarista Jo\u00e3o Saldanha.<\/p>\n<p>Foi ainda presidente da Associa\u00e7\u00e3o dos Cronistas Esportivos do Estado de S\u00e3o Paulo. O \u00faltimo grande evento narrado por Geraldo Jos\u00e9 de Almeida foi os Jogos Ol\u00edmpicos de Montreal naquele mesmo ano. Faleceu um m\u00eas depois aos 57 anos.<\/p>\n<h3>Conjunto Desportivo Const\u00e2ncio Vaz Guimar\u00e3es<\/h3>\n<p>O Conjunto Desportivo Const\u00e2ncio Vaz Guimar\u00e3es \u00e9 uma obra com aproximadamente 100 mil m\u00b2 de \u00e1rea e \u00e9 um dos maiores e mais equipados complexos desportivos da Am\u00e9rica Latina.<\/p>\n<p>Agrega uma estrutura que compreende o Gin\u00e1sio Geraldo Jos\u00e9 de Almeida (mais conhecido como Gin\u00e1sio do Ibirapuera), o Est\u00e1dio \u00cdcaro de Castro Mello (conhecido como Est\u00e1dio do Ibirapuera), o Conjunto Aqu\u00e1tico Caio Pompeu de Toledo, o Gin\u00e1sio Poliesportivo Mauro Pinheiro e o Pal\u00e1cio do Jud\u00f4.<\/p>\n<h3>Hor\u00e1rio de Funcionamento\u00a0Gin\u00e1sio do Ibirapuera<\/h3>\n<ul>\n<li>Todos os dias das 8h \u00e0s 22h<\/li>\n<li>Os hor\u00e1rios podem ser alterados sem aviso. Consulte o local para confirmar.<\/li>\n<\/ul>\n<h3>Endere\u00e7o e Telefone Gin\u00e1sio do Ibirapuera\u00a0em\u00a0Moema<\/h3>\n<ul>\n<li>Rua Manuel da N\u00f3brega, 1361, Moema\u00a0&#8211; S\u00e3o Paulo &#8211; SP<\/li>\n<li>Telefone: (11)\u00a03887-3500<\/li>\n<\/ul>\n<h4>Outras Informa\u00e7\u00f5es e Site<\/h4>\n<ul>\n<li>Mais informa\u00e7\u00f5es:\u00a0<a href=\"http:\/\/www.selj.sp.gov.br\/\" target=\"_blank\" rel=\"noopener noreferrer\">www.selj.sp.gov.br<\/a><\/li>\n<\/ul>\n<h4>Mapa de localiza\u00e7\u00e3o<\/h4>\n<a class=\"wp-colorbox-iframe\" href=\"https:\/\/www.google.com\/maps\/embed?pb=!1m14!1m8!1m3!1d14626.932992771151!2d-46.6551473!3d-23.5780221!3m2!1i1024!2i768!4f13.1!3m3!1m2!1s0x00x1ff6132da75cd03f!2sConjunto+Desportivo+Constncio+Vaz+Guimares!5e0!3m2!1spt-BR!2sbr!4v1501966784088\"><img decoding=\"async\" src=\"http:\/\/www.encontramoema.com.br\/imgs\/maps-post.png\"><\/a>\n\n<div style=\"font-size: 0px; height: 0px; line-height: 0px; margin: 0; padding: 0; clear: both;\"><\/div>","protected":false},"excerpt":{"rendered":"<p>O Gin\u00e1sio Geraldo Jos\u00e9 de Almeida ou apenas Gin\u00e1sio do Ibirapuera, foi inaugurado em 25 de janeiro de 1957, e integra o Conjunto Desportivo Const\u00e2ncio Vaz Guimar\u00e3es, com 95 mil metros quadrados. Com capacidade para 11 mil pessoas, o gin\u00e1sio \u00e9 uma refer\u00eancia na cidade de S\u00e3o Paulo e abriga aos maiores eventos esportivos internacionais. Tamb\u00e9m recebe shows e apresenta\u00e7\u00f5es. O local \u00e9 moderno capaz de atender desde uma partida internacional de t\u00eanis at\u00e9 um show de patina\u00e7\u00e3o no gelo. Possui salas de apoio para atletas e artistas e conta com total estrutura para oferecer conforto ao p\u00fablico, imprensa e <\/p>\n","protected":false},"author":1,"featured_media":0,"parent":0,"menu_order":0,"comment_status":"closed","ping_status":"closed","template":"","meta":{"footnotes":""},"class_list":["post-20600","page","type-page","status-publish","hentry"],"yoast_head":"<!-- This site is optimized with the Yoast SEO plugin v26.3 - https:\/\/yoast.com\/wordpress\/plugins\/seo\/ -->\n<title>Gin\u00e1sio do Ibirapuera em Moema - Encontra Moema<\/title>\n<meta name=\"robots\" content=\"index, follow, max-snippet:-1, max-image-preview:large, max-video-preview:-1\" \/>\n<link rel=\"canonical\" href=\"https:\/\/www.encontramoema.com.br\/sobre\/ginasio-do-ibirapuera-em-moema\/\" \/>\n<meta property=\"og:locale\" content=\"pt_BR\" \/>\n<meta property=\"og:type\" content=\"article\" \/>\n<meta property=\"og:title\" content=\"Gin\u00e1sio do Ibirapuera em Moema - Encontra Moema\" \/>\n<meta property=\"og:description\" content=\"O Gin\u00e1sio Geraldo Jos\u00e9 de Almeida ou apenas Gin\u00e1sio do Ibirapuera, foi inaugurado em 25 de janeiro de 1957, e integra o Conjunto Desportivo Const\u00e2ncio Vaz Guimar\u00e3es, com 95 mil metros quadrados. Com capacidade para 11 mil pessoas, o gin\u00e1sio \u00e9 uma refer\u00eancia na cidade de S\u00e3o Paulo e abriga aos maiores eventos esportivos internacionais. Tamb\u00e9m recebe shows e apresenta\u00e7\u00f5es. O local \u00e9 moderno capaz de atender desde uma partida internacional de t\u00eanis at\u00e9 um show de patina\u00e7\u00e3o no gelo. Possui salas de apoio para atletas e artistas e conta com total estrutura para oferecer conforto ao p\u00fablico, imprensa e\" \/>\n<meta property=\"og:url\" content=\"https:\/\/www.encontramoema.com.br\/sobre\/ginasio-do-ibirapuera-em-moema\/\" \/>\n<meta property=\"og:site_name\" content=\"Encontra Moema\" \/>\n<meta property=\"og:image\" content=\"http:\/\/www.encontramoema.com.br\/sobre\/wp-content\/uploads\/2017\/08\/ginasio-do-ibirapuera.jpg\" \/>\n<meta name=\"twitter:card\" content=\"summary_large_image\" \/>\n<meta name=\"twitter:label1\" content=\"Est. tempo de leitura\" \/>\n\t<meta name=\"twitter:data1\" content=\"4 minutos\" \/>\n<script type=\"application\/ld+json\" class=\"yoast-schema-graph\">{\"@context\":\"https:\/\/schema.org\",\"@graph\":[{\"@type\":\"WebPage\",\"@id\":\"https:\/\/www.encontramoema.com.br\/sobre\/ginasio-do-ibirapuera-em-moema\/\",\"url\":\"https:\/\/www.encontramoema.com.br\/sobre\/ginasio-do-ibirapuera-em-moema\/\",\"name\":\"Gin\u00e1sio do Ibirapuera em Moema - Encontra Moema\",\"isPartOf\":{\"@id\":\"https:\/\/www.encontramoema.com.br\/sobre\/#website\"},\"primaryImageOfPage\":{\"@id\":\"https:\/\/www.encontramoema.com.br\/sobre\/ginasio-do-ibirapuera-em-moema\/#primaryimage\"},\"image\":{\"@id\":\"https:\/\/www.encontramoema.com.br\/sobre\/ginasio-do-ibirapuera-em-moema\/#primaryimage\"},\"thumbnailUrl\":\"http:\/\/www.encontramoema.com.br\/sobre\/wp-content\/uploads\/2017\/08\/ginasio-do-ibirapuera.jpg\",\"datePublished\":\"2017-08-05T21:09:14+00:00\",\"breadcrumb\":{\"@id\":\"https:\/\/www.encontramoema.com.br\/sobre\/ginasio-do-ibirapuera-em-moema\/#breadcrumb\"},\"inLanguage\":\"pt-BR\",\"potentialAction\":[{\"@type\":\"ReadAction\",\"target\":[\"https:\/\/www.encontramoema.com.br\/sobre\/ginasio-do-ibirapuera-em-moema\/\"]}]},{\"@type\":\"ImageObject\",\"inLanguage\":\"pt-BR\",\"@id\":\"https:\/\/www.encontramoema.com.br\/sobre\/ginasio-do-ibirapuera-em-moema\/#primaryimage\",\"url\":\"https:\/\/www.encontramoema.com.br\/sobre\/wp-content\/uploads\/2017\/08\/ginasio-do-ibirapuera.jpg\",\"contentUrl\":\"https:\/\/www.encontramoema.com.br\/sobre\/wp-content\/uploads\/2017\/08\/ginasio-do-ibirapuera.jpg\",\"width\":640,\"height\":312},{\"@type\":\"BreadcrumbList\",\"@id\":\"https:\/\/www.encontramoema.com.br\/sobre\/ginasio-do-ibirapuera-em-moema\/#breadcrumb\",\"itemListElement\":[{\"@type\":\"ListItem\",\"position\":1,\"name\":\"In\u00edcio\",\"item\":\"https:\/\/www.encontramoema.com.br\/sobre\/\"},{\"@type\":\"ListItem\",\"position\":2,\"name\":\"Gin\u00e1sio do Ibirapuera em Moema\"}]},{\"@type\":\"WebSite\",\"@id\":\"https:\/\/www.encontramoema.com.br\/sobre\/#website\",\"url\":\"https:\/\/www.encontramoema.com.br\/sobre\/\",\"name\":\"Encontra Moema\",\"description\":\"Not\u00edcias, eventos, informa\u00e7\u00f5es e dicas no bairro de Moema e regi\u00e3o.\",\"potentialAction\":[{\"@type\":\"SearchAction\",\"target\":{\"@type\":\"EntryPoint\",\"urlTemplate\":\"https:\/\/www.encontramoema.com.br\/sobre\/?s={search_term_string}\"},\"query-input\":{\"@type\":\"PropertyValueSpecification\",\"valueRequired\":true,\"valueName\":\"search_term_string\"}}],\"inLanguage\":\"pt-BR\"}]}<\/script>\n<!-- \/ Yoast SEO plugin. -->","yoast_head_json":{"title":"Gin\u00e1sio do Ibirapuera em Moema - Encontra Moema","robots":{"index":"index","follow":"follow","max-snippet":"max-snippet:-1","max-image-preview":"max-image-preview:large","max-video-preview":"max-video-preview:-1"},"canonical":"https:\/\/www.encontramoema.com.br\/sobre\/ginasio-do-ibirapuera-em-moema\/","og_locale":"pt_BR","og_type":"article","og_title":"Gin\u00e1sio do Ibirapuera em Moema - Encontra Moema","og_description":"O Gin\u00e1sio Geraldo Jos\u00e9 de Almeida ou apenas Gin\u00e1sio do Ibirapuera, foi inaugurado em 25 de janeiro de 1957, e integra o Conjunto Desportivo Const\u00e2ncio Vaz Guimar\u00e3es, com 95 mil metros quadrados. Com capacidade para 11 mil pessoas, o gin\u00e1sio \u00e9 uma refer\u00eancia na cidade de S\u00e3o Paulo e abriga aos maiores eventos esportivos internacionais. Tamb\u00e9m recebe shows e apresenta\u00e7\u00f5es. O local \u00e9 moderno capaz de atender desde uma partida internacional de t\u00eanis at\u00e9 um show de patina\u00e7\u00e3o no gelo. Possui salas de apoio para atletas e artistas e conta com total estrutura para oferecer conforto ao p\u00fablico, imprensa e","og_url":"https:\/\/www.encontramoema.com.br\/sobre\/ginasio-do-ibirapuera-em-moema\/","og_site_name":"Encontra Moema","og_image":[{"url":"http:\/\/www.encontramoema.com.br\/sobre\/wp-content\/uploads\/2017\/08\/ginasio-do-ibirapuera.jpg","type":"","width":"","height":""}],"twitter_card":"summary_large_image","twitter_misc":{"Est. tempo de leitura":"4 minutos"},"schema":{"@context":"https:\/\/schema.org","@graph":[{"@type":"WebPage","@id":"https:\/\/www.encontramoema.com.br\/sobre\/ginasio-do-ibirapuera-em-moema\/","url":"https:\/\/www.encontramoema.com.br\/sobre\/ginasio-do-ibirapuera-em-moema\/","name":"Gin\u00e1sio do Ibirapuera em Moema - Encontra Moema","isPartOf":{"@id":"https:\/\/www.encontramoema.com.br\/sobre\/#website"},"primaryImageOfPage":{"@id":"https:\/\/www.encontramoema.com.br\/sobre\/ginasio-do-ibirapuera-em-moema\/#primaryimage"},"image":{"@id":"https:\/\/www.encontramoema.com.br\/sobre\/ginasio-do-ibirapuera-em-moema\/#primaryimage"},"thumbnailUrl":"http:\/\/www.encontramoema.com.br\/sobre\/wp-content\/uploads\/2017\/08\/ginasio-do-ibirapuera.jpg","datePublished":"2017-08-05T21:09:14+00:00","breadcrumb":{"@id":"https:\/\/www.encontramoema.com.br\/sobre\/ginasio-do-ibirapuera-em-moema\/#breadcrumb"},"inLanguage":"pt-BR","potentialAction":[{"@type":"ReadAction","target":["https:\/\/www.encontramoema.com.br\/sobre\/ginasio-do-ibirapuera-em-moema\/"]}]},{"@type":"ImageObject","inLanguage":"pt-BR","@id":"https:\/\/www.encontramoema.com.br\/sobre\/ginasio-do-ibirapuera-em-moema\/#primaryimage","url":"https:\/\/www.encontramoema.com.br\/sobre\/wp-content\/uploads\/2017\/08\/ginasio-do-ibirapuera.jpg","contentUrl":"https:\/\/www.encontramoema.com.br\/sobre\/wp-content\/uploads\/2017\/08\/ginasio-do-ibirapuera.jpg","width":640,"height":312},{"@type":"BreadcrumbList","@id":"https:\/\/www.encontramoema.com.br\/sobre\/ginasio-do-ibirapuera-em-moema\/#breadcrumb","itemListElement":[{"@type":"ListItem","position":1,"name":"In\u00edcio","item":"https:\/\/www.encontramoema.com.br\/sobre\/"},{"@type":"ListItem","position":2,"name":"Gin\u00e1sio do Ibirapuera em Moema"}]},{"@type":"WebSite","@id":"https:\/\/www.encontramoema.com.br\/sobre\/#website","url":"https:\/\/www.encontramoema.com.br\/sobre\/","name":"Encontra Moema","description":"Not\u00edcias, eventos, informa\u00e7\u00f5es e dicas no bairro de Moema e regi\u00e3o.","potentialAction":[{"@type":"SearchAction","target":{"@type":"EntryPoint","urlTemplate":"https:\/\/www.encontramoema.com.br\/sobre\/?s={search_term_string}"},"query-input":{"@type":"PropertyValueSpecification","valueRequired":true,"valueName":"search_term_string"}}],"inLanguage":"pt-BR"}]}},"_links":{"self":[{"href":"https:\/\/www.encontramoema.com.br\/sobre\/wp-json\/wp\/v2\/pages\/20600","targetHints":{"allow":["GET"]}}],"collection":[{"href":"https:\/\/www.encontramoema.com.br\/sobre\/wp-json\/wp\/v2\/pages"}],"about":[{"href":"https:\/\/www.encontramoema.com.br\/sobre\/wp-json\/wp\/v2\/types\/page"}],"author":[{"embeddable":true,"href":"https:\/\/www.encontramoema.com.br\/sobre\/wp-json\/wp\/v2\/users\/1"}],"replies":[{"embeddable":true,"href":"https:\/\/www.encontramoema.com.br\/sobre\/wp-json\/wp\/v2\/comments?post=20600"}],"version-history":[{"count":0,"href":"https:\/\/www.encontramoema.com.br\/sobre\/wp-json\/wp\/v2\/pages\/20600\/revisions"}],"wp:attachment":[{"href":"https:\/\/www.encontramoema.com.br\/sobre\/wp-json\/wp\/v2\/media?parent=20600"}],"curies":[{"name":"wp","href":"https:\/\/api.w.org\/{rel}","templated":true}]}}