{"id":20609,"date":"2017-08-07T12:42:22","date_gmt":"2017-08-07T14:42:22","guid":{"rendered":"http:\/\/www.encontramoema.com.br\/sobre\/?page_id=20609"},"modified":"2017-08-07T12:42:22","modified_gmt":"2017-08-07T14:42:22","slug":"monumento-as-bandeiras","status":"publish","type":"page","link":"https:\/\/www.encontramoema.com.br\/sobre\/monumento-as-bandeiras\/","title":{"rendered":"Monumento \u00e0s Bandeiras"},"content":{"rendered":"<div class=\"b7f545a958fd6350ffae2d30a84cafb8\" data-index=\"1\" style=\"float: none; margin:0px;\">\n<!-- Anuncio display - global -->\r\n<ins class=\"adsbygoogle\"\r\n     style=\"display:block\"\r\n     data-ad-client=\"ca-pub-8585364105181520\"\r\n     data-ad-slot=\"8789329856\"\r\n     data-ad-format=\"auto\"\r\n     data-full-width-responsive=\"true\"><\/ins>\r\n<script>\r\n     (adsbygoogle = window.adsbygoogle || []).push({});\r\n<\/script>\n<\/div>\n<p>O escultor Victor Brecheret costumava dizer que o <strong>Monumento \u00e0s Bandeiras<\/strong>, instalado na Pra\u00e7a Armando Salles de Oliveira, no Ibirapuera, era a obra de sua autoria com que mais se identificava.<\/p>\n<p>&#8220;Passei quase 30 anos de minha vida me dedicando a ela&#8221;, afirmava o artista em entrevistas. A ideia da cria\u00e7\u00e3o do Monumento \u00e0s Bandeiras surgiu em 1921, logo ap\u00f3s a Primeira Guerra Mundial.<\/p>\n<p><img loading=\"lazy\" decoding=\"async\" class=\"alignnone wp-image-20611 size-full\" title=\"Monumento \u00e0s Bandeiras\" src=\"http:\/\/www.encontramoema.com.br\/sobre\/wp-content\/uploads\/2017\/08\/monumentos-as-bandeiras-1.jpg\" alt=\"Monumento \u00e0s Bandeiras\" width=\"800\" height=\"216\" srcset=\"https:\/\/www.encontramoema.com.br\/sobre\/wp-content\/uploads\/2017\/08\/monumentos-as-bandeiras-1.jpg 800w, https:\/\/www.encontramoema.com.br\/sobre\/wp-content\/uploads\/2017\/08\/monumentos-as-bandeiras-1-300x81.jpg 300w, https:\/\/www.encontramoema.com.br\/sobre\/wp-content\/uploads\/2017\/08\/monumentos-as-bandeiras-1-768x207.jpg 768w\" sizes=\"auto, (max-width: 800px) 100vw, 800px\" \/><\/p>\n<h2>Monumento \u00e0s Bandeiras Victor Brecheret<\/h2>\n<p>A obra s\u00f3 come\u00e7aria a sair do papel em 1936. At\u00e9 1953 &#8211; quando foi finalmente inaugurada &#8211; a finaliza\u00e7\u00e3o do monumento esteve sujeita a situa\u00e7\u00f5es peculiares das administra\u00e7\u00f5es que se sucederam no per\u00edodo. Armando Salles de Oliveira foi o primeiro a tomar provid\u00eancias para a produ\u00e7\u00e3o da pe\u00e7a, reservando 2.900 contos de r\u00e9is para a constru\u00e7\u00e3o.<\/p>\n<p>No entanto, uma semana depois de assinar o contrato com Victor Brecheret, o pol\u00edtico deixou o governo para candidatar-se \u00e0 presid\u00eancia da rep\u00fablica. A partir de 1939, as obras praticamente pararam. Em 1945, o Estado fez um acordo com o ent\u00e3o prefeito Prestes Maia: ele assumiria a responsabilidade pela constru\u00e7\u00e3o em troca de alguns terrenos do governo.<\/p>\n<p>O trabalho foi retomado no ano seguinte. Os 240 blocos de granito que formam a obra &#8211; com cerca de 50 toneladas cada &#8211; foram trazidos de uma pedreira em Mau\u00e1. Transport\u00e1-los nas estradas de terra foi uma opera\u00e7\u00e3o dif\u00edcil.<\/p>\n<p>Finalmente, em 25 de janeiro de 1953 &#8211; durante as comemora\u00e7\u00f5es do 399\u00b0 anivers\u00e1rio da cidade -, a obra foi inaugurada. Com 12 metros de altura, 50 de extens\u00e3o e 15 de largura, o Monumento \u00e0s Bandeiras representa uma expedi\u00e7\u00e3o bandeirante subindo um plano, com dois homens a cavalo. Uma das imagens representa o chefe portugu\u00eas e a outra, o guia \u00edndio.<\/p>\n<p>Atr\u00e1s deles, h\u00e1 um grupo formado por \u00edndios, negros, portugueses e mamelucos, que puxa a canoa das mon\u00e7\u00f5es, usada pelos bandeirantes nas expedi\u00e7\u00f5es pelos rios. As ra\u00e7as podem ser identificadas por detalhes nas est\u00e1tuas: os portugueses apresentam barbas; as figuras nuas, com uma cruz ao pesco\u00e7o s\u00e3o os \u00edndios catequizados.<\/p>\n<p>A obra foi instalada no sentido de entrada dos bandeirantes pelo interior, no eixo sudeste-noroeste. Na frente do Monumento \u00e0s Bandeiras, um mapa de Afonso Taunay, esculpido no granito, mostra o roteiro das expedi\u00e7\u00f5es com os nomes de alguns bandeirantes famosos, entre eles Fern\u00e3o Dias, Anhanguera, Borba Gato e Raposo Tavares.<\/p>\n<p>Versos dos poetas Guilherme de Almeida e Cassiano Ricardo lembram as bandeiras em placas nas laterais da escultura.<\/p>\n<h3>Porque o Monumento \u00e0s\u00a0Bandeiras foi Constru\u00eddo?<\/h3>\n<p>O Monumento \u00e1s Bandeiras \u00e9 uma obra em homenagem aos Bandeirantes, que desbravavam os sert\u00f5es durante os s\u00e9culos XVII e XVIII.<\/p>\n<h3>Monumento \u00e0s Bandeiras Quantas Pessoas Est\u00e3o Representadas?<\/h3>\n<p>S\u00e3o 30 pessoas e 2 cavalos representados no Monumento \u00e0s Bandeiras.<\/p>\n<h3>Monumento \u00e0s Bandeiras Pichado<\/h3>\n<p>O Monumento \u00e0s Bandeiras j\u00e1 sofreu picha\u00e7\u00f5es algumas vezes, em sua maioria os pichadores foram flagrados pelas c\u00e2meras ao redor da obra que pode ser limpa e renovada pouco tempo depois do ato.<\/p>\n<h3>Monumento \u00e0s Bandeiras Fone de Ouvido<\/h3>\n<p>Quem passou pelo Monumento \u00e0s Bandeiras no dia 26\/04\/2017 se surpreendeu com um acess\u00f3rio diferenciado na obra de Victor Brecheret. Os protetores de ouvido foram colocados na est\u00e1tua como uma forma de lembrar a popula\u00e7\u00e3o sobre os riscos da polui\u00e7\u00e3o sonora.<\/p>\n<h3>Hor\u00e1rio de Funcionamento Monumento \u00e0s Bandeiras<\/h3>\n<ul>\n<li>24h<\/li>\n<\/ul>\n<h3>Endere\u00e7o Monumento \u00e0s Bandeiras em Moema<\/h3>\n<ul>\n<li>Pra\u00e7a Armando de Sales Oliveira, Moema\u00a0&#8211; S\u00e3o Paulo &#8211; SP<\/li>\n<\/ul>\n<h4>Mapa de localiza\u00e7\u00e3o<\/h4>\n<a class=\"wp-colorbox-iframe\" href=\"https:\/\/www.google.com\/maps\/embed?pb=!1m14!1m8!1m3!1d14626.709884341577!2d-46.6607084!3d-23.5800245!3m2!1i1024!2i768!4f13.1!3m3!1m2!1s0x00x6b9725b8928fec3e!2sMonumento+s+Bandeiras!5e0!3m2!1spt-BR!2sbr!4v1502116923405\"><img decoding=\"async\" src=\"http:\/\/www.encontramoema.com.br\/imgs\/maps-post.png\"><\/a>\n\n<div style=\"font-size: 0px; height: 0px; line-height: 0px; margin: 0; padding: 0; clear: both;\"><\/div>","protected":false},"excerpt":{"rendered":"<p>O escultor Victor Brecheret costumava dizer que o Monumento \u00e0s Bandeiras, instalado na Pra\u00e7a Armando Salles de Oliveira, no Ibirapuera, era a obra de sua autoria com que mais se identificava. &#8220;Passei quase 30 anos de minha vida me dedicando a ela&#8221;, afirmava o artista em entrevistas. A ideia da cria\u00e7\u00e3o do Monumento \u00e0s Bandeiras surgiu em 1921, logo ap\u00f3s a Primeira Guerra Mundial. Monumento \u00e0s Bandeiras Victor Brecheret A obra s\u00f3 come\u00e7aria a sair do papel em 1936. At\u00e9 1953 &#8211; quando foi finalmente inaugurada &#8211; a finaliza\u00e7\u00e3o do monumento esteve sujeita a situa\u00e7\u00f5es peculiares das administra\u00e7\u00f5es que se <\/p>\n","protected":false},"author":1,"featured_media":0,"parent":0,"menu_order":0,"comment_status":"closed","ping_status":"closed","template":"","meta":{"footnotes":""},"class_list":["post-20609","page","type-page","status-publish","hentry"],"yoast_head":"<!-- This site is optimized with the Yoast SEO plugin v26.3 - https:\/\/yoast.com\/wordpress\/plugins\/seo\/ -->\n<title>Monumento \u00e0s Bandeiras - Encontra Moema<\/title>\n<meta name=\"robots\" content=\"index, follow, max-snippet:-1, max-image-preview:large, max-video-preview:-1\" \/>\n<link rel=\"canonical\" href=\"https:\/\/www.encontramoema.com.br\/sobre\/monumento-as-bandeiras\/\" \/>\n<meta property=\"og:locale\" content=\"pt_BR\" \/>\n<meta property=\"og:type\" content=\"article\" \/>\n<meta property=\"og:title\" content=\"Monumento \u00e0s Bandeiras - Encontra Moema\" \/>\n<meta property=\"og:description\" content=\"O escultor Victor Brecheret costumava dizer que o Monumento \u00e0s Bandeiras, instalado na Pra\u00e7a Armando Salles de Oliveira, no Ibirapuera, era a obra de sua autoria com que mais se identificava. &#8220;Passei quase 30 anos de minha vida me dedicando a ela&#8221;, afirmava o artista em entrevistas. A ideia da cria\u00e7\u00e3o do Monumento \u00e0s Bandeiras surgiu em 1921, logo ap\u00f3s a Primeira Guerra Mundial. Monumento \u00e0s Bandeiras Victor Brecheret A obra s\u00f3 come\u00e7aria a sair do papel em 1936. At\u00e9 1953 &#8211; quando foi finalmente inaugurada &#8211; a finaliza\u00e7\u00e3o do monumento esteve sujeita a situa\u00e7\u00f5es peculiares das administra\u00e7\u00f5es que se\" \/>\n<meta property=\"og:url\" content=\"https:\/\/www.encontramoema.com.br\/sobre\/monumento-as-bandeiras\/\" \/>\n<meta property=\"og:site_name\" content=\"Encontra Moema\" \/>\n<meta property=\"og:image\" content=\"http:\/\/www.encontramoema.com.br\/sobre\/wp-content\/uploads\/2017\/08\/monumentos-as-bandeiras-1.jpg\" \/>\n<meta name=\"twitter:card\" content=\"summary_large_image\" \/>\n<meta name=\"twitter:label1\" content=\"Est. tempo de leitura\" \/>\n\t<meta name=\"twitter:data1\" content=\"3 minutos\" \/>\n<script type=\"application\/ld+json\" class=\"yoast-schema-graph\">{\"@context\":\"https:\/\/schema.org\",\"@graph\":[{\"@type\":\"WebPage\",\"@id\":\"https:\/\/www.encontramoema.com.br\/sobre\/monumento-as-bandeiras\/\",\"url\":\"https:\/\/www.encontramoema.com.br\/sobre\/monumento-as-bandeiras\/\",\"name\":\"Monumento \u00e0s Bandeiras - Encontra Moema\",\"isPartOf\":{\"@id\":\"https:\/\/www.encontramoema.com.br\/sobre\/#website\"},\"primaryImageOfPage\":{\"@id\":\"https:\/\/www.encontramoema.com.br\/sobre\/monumento-as-bandeiras\/#primaryimage\"},\"image\":{\"@id\":\"https:\/\/www.encontramoema.com.br\/sobre\/monumento-as-bandeiras\/#primaryimage\"},\"thumbnailUrl\":\"http:\/\/www.encontramoema.com.br\/sobre\/wp-content\/uploads\/2017\/08\/monumentos-as-bandeiras-1.jpg\",\"datePublished\":\"2017-08-07T14:42:22+00:00\",\"breadcrumb\":{\"@id\":\"https:\/\/www.encontramoema.com.br\/sobre\/monumento-as-bandeiras\/#breadcrumb\"},\"inLanguage\":\"pt-BR\",\"potentialAction\":[{\"@type\":\"ReadAction\",\"target\":[\"https:\/\/www.encontramoema.com.br\/sobre\/monumento-as-bandeiras\/\"]}]},{\"@type\":\"ImageObject\",\"inLanguage\":\"pt-BR\",\"@id\":\"https:\/\/www.encontramoema.com.br\/sobre\/monumento-as-bandeiras\/#primaryimage\",\"url\":\"https:\/\/www.encontramoema.com.br\/sobre\/wp-content\/uploads\/2017\/08\/monumentos-as-bandeiras-1.jpg\",\"contentUrl\":\"https:\/\/www.encontramoema.com.br\/sobre\/wp-content\/uploads\/2017\/08\/monumentos-as-bandeiras-1.jpg\",\"width\":800,\"height\":216},{\"@type\":\"BreadcrumbList\",\"@id\":\"https:\/\/www.encontramoema.com.br\/sobre\/monumento-as-bandeiras\/#breadcrumb\",\"itemListElement\":[{\"@type\":\"ListItem\",\"position\":1,\"name\":\"In\u00edcio\",\"item\":\"https:\/\/www.encontramoema.com.br\/sobre\/\"},{\"@type\":\"ListItem\",\"position\":2,\"name\":\"Monumento \u00e0s Bandeiras\"}]},{\"@type\":\"WebSite\",\"@id\":\"https:\/\/www.encontramoema.com.br\/sobre\/#website\",\"url\":\"https:\/\/www.encontramoema.com.br\/sobre\/\",\"name\":\"Encontra Moema\",\"description\":\"Not\u00edcias, eventos, informa\u00e7\u00f5es e dicas no bairro de Moema e regi\u00e3o.\",\"potentialAction\":[{\"@type\":\"SearchAction\",\"target\":{\"@type\":\"EntryPoint\",\"urlTemplate\":\"https:\/\/www.encontramoema.com.br\/sobre\/?s={search_term_string}\"},\"query-input\":{\"@type\":\"PropertyValueSpecification\",\"valueRequired\":true,\"valueName\":\"search_term_string\"}}],\"inLanguage\":\"pt-BR\"}]}<\/script>\n<!-- \/ Yoast SEO plugin. -->","yoast_head_json":{"title":"Monumento \u00e0s Bandeiras - Encontra Moema","robots":{"index":"index","follow":"follow","max-snippet":"max-snippet:-1","max-image-preview":"max-image-preview:large","max-video-preview":"max-video-preview:-1"},"canonical":"https:\/\/www.encontramoema.com.br\/sobre\/monumento-as-bandeiras\/","og_locale":"pt_BR","og_type":"article","og_title":"Monumento \u00e0s Bandeiras - Encontra Moema","og_description":"O escultor Victor Brecheret costumava dizer que o Monumento \u00e0s Bandeiras, instalado na Pra\u00e7a Armando Salles de Oliveira, no Ibirapuera, era a obra de sua autoria com que mais se identificava. &#8220;Passei quase 30 anos de minha vida me dedicando a ela&#8221;, afirmava o artista em entrevistas. A ideia da cria\u00e7\u00e3o do Monumento \u00e0s Bandeiras surgiu em 1921, logo ap\u00f3s a Primeira Guerra Mundial. Monumento \u00e0s Bandeiras Victor Brecheret A obra s\u00f3 come\u00e7aria a sair do papel em 1936. At\u00e9 1953 &#8211; quando foi finalmente inaugurada &#8211; a finaliza\u00e7\u00e3o do monumento esteve sujeita a situa\u00e7\u00f5es peculiares das administra\u00e7\u00f5es que se","og_url":"https:\/\/www.encontramoema.com.br\/sobre\/monumento-as-bandeiras\/","og_site_name":"Encontra Moema","og_image":[{"url":"http:\/\/www.encontramoema.com.br\/sobre\/wp-content\/uploads\/2017\/08\/monumentos-as-bandeiras-1.jpg","type":"","width":"","height":""}],"twitter_card":"summary_large_image","twitter_misc":{"Est. tempo de leitura":"3 minutos"},"schema":{"@context":"https:\/\/schema.org","@graph":[{"@type":"WebPage","@id":"https:\/\/www.encontramoema.com.br\/sobre\/monumento-as-bandeiras\/","url":"https:\/\/www.encontramoema.com.br\/sobre\/monumento-as-bandeiras\/","name":"Monumento \u00e0s Bandeiras - Encontra Moema","isPartOf":{"@id":"https:\/\/www.encontramoema.com.br\/sobre\/#website"},"primaryImageOfPage":{"@id":"https:\/\/www.encontramoema.com.br\/sobre\/monumento-as-bandeiras\/#primaryimage"},"image":{"@id":"https:\/\/www.encontramoema.com.br\/sobre\/monumento-as-bandeiras\/#primaryimage"},"thumbnailUrl":"http:\/\/www.encontramoema.com.br\/sobre\/wp-content\/uploads\/2017\/08\/monumentos-as-bandeiras-1.jpg","datePublished":"2017-08-07T14:42:22+00:00","breadcrumb":{"@id":"https:\/\/www.encontramoema.com.br\/sobre\/monumento-as-bandeiras\/#breadcrumb"},"inLanguage":"pt-BR","potentialAction":[{"@type":"ReadAction","target":["https:\/\/www.encontramoema.com.br\/sobre\/monumento-as-bandeiras\/"]}]},{"@type":"ImageObject","inLanguage":"pt-BR","@id":"https:\/\/www.encontramoema.com.br\/sobre\/monumento-as-bandeiras\/#primaryimage","url":"https:\/\/www.encontramoema.com.br\/sobre\/wp-content\/uploads\/2017\/08\/monumentos-as-bandeiras-1.jpg","contentUrl":"https:\/\/www.encontramoema.com.br\/sobre\/wp-content\/uploads\/2017\/08\/monumentos-as-bandeiras-1.jpg","width":800,"height":216},{"@type":"BreadcrumbList","@id":"https:\/\/www.encontramoema.com.br\/sobre\/monumento-as-bandeiras\/#breadcrumb","itemListElement":[{"@type":"ListItem","position":1,"name":"In\u00edcio","item":"https:\/\/www.encontramoema.com.br\/sobre\/"},{"@type":"ListItem","position":2,"name":"Monumento \u00e0s Bandeiras"}]},{"@type":"WebSite","@id":"https:\/\/www.encontramoema.com.br\/sobre\/#website","url":"https:\/\/www.encontramoema.com.br\/sobre\/","name":"Encontra Moema","description":"Not\u00edcias, eventos, informa\u00e7\u00f5es e dicas no bairro de Moema e regi\u00e3o.","potentialAction":[{"@type":"SearchAction","target":{"@type":"EntryPoint","urlTemplate":"https:\/\/www.encontramoema.com.br\/sobre\/?s={search_term_string}"},"query-input":{"@type":"PropertyValueSpecification","valueRequired":true,"valueName":"search_term_string"}}],"inLanguage":"pt-BR"}]}},"_links":{"self":[{"href":"https:\/\/www.encontramoema.com.br\/sobre\/wp-json\/wp\/v2\/pages\/20609","targetHints":{"allow":["GET"]}}],"collection":[{"href":"https:\/\/www.encontramoema.com.br\/sobre\/wp-json\/wp\/v2\/pages"}],"about":[{"href":"https:\/\/www.encontramoema.com.br\/sobre\/wp-json\/wp\/v2\/types\/page"}],"author":[{"embeddable":true,"href":"https:\/\/www.encontramoema.com.br\/sobre\/wp-json\/wp\/v2\/users\/1"}],"replies":[{"embeddable":true,"href":"https:\/\/www.encontramoema.com.br\/sobre\/wp-json\/wp\/v2\/comments?post=20609"}],"version-history":[{"count":0,"href":"https:\/\/www.encontramoema.com.br\/sobre\/wp-json\/wp\/v2\/pages\/20609\/revisions"}],"wp:attachment":[{"href":"https:\/\/www.encontramoema.com.br\/sobre\/wp-json\/wp\/v2\/media?parent=20609"}],"curies":[{"name":"wp","href":"https:\/\/api.w.org\/{rel}","templated":true}]}}