{"id":20612,"date":"2017-08-07T12:53:27","date_gmt":"2017-08-07T14:53:27","guid":{"rendered":"http:\/\/www.encontramoema.com.br\/sobre\/?page_id=20612"},"modified":"2017-08-07T16:06:22","modified_gmt":"2017-08-07T18:06:22","slug":"museu-afro-brasil-em-moema","status":"publish","type":"page","link":"https:\/\/www.encontramoema.com.br\/sobre\/museu-afro-brasil-em-moema\/","title":{"rendered":"Museu Afro Brasil em Moema"},"content":{"rendered":"<div class=\"b7f545a958fd6350ffae2d30a84cafb8\" data-index=\"1\" style=\"float: none; margin:0px;\">\n<!-- Anuncio display - global -->\r\n<ins class=\"adsbygoogle\"\r\n     style=\"display:block\"\r\n     data-ad-client=\"ca-pub-8585364105181520\"\r\n     data-ad-slot=\"8789329856\"\r\n     data-ad-format=\"auto\"\r\n     data-full-width-responsive=\"true\"><\/ins>\r\n<script>\r\n     (adsbygoogle = window.adsbygoogle || []).push({});\r\n<\/script>\n<\/div>\n<p><strong>Museu Afro Brasil em Moema<\/strong> \u00e9 um museu hist\u00f3rico, art\u00edstico e etnol\u00f3gico, voltado \u00e0 pesquisa, conserva\u00e7\u00e3o e exposi\u00e7\u00e3o de objetos relacionados ao universo cultural do negro no Brasil.<\/p>\n<p>O Museu Afro Brasil \u00e9 uma institui\u00e7\u00e3o p\u00fablica, subordinada \u00e0 Secretaria Municipal de Cultura e administrada por uma organiza\u00e7\u00e3o da sociedade civil.<\/p>\n<p><img loading=\"lazy\" decoding=\"async\" class=\"alignnone wp-image-20613 size-full\" title=\"Museu Afro Brasil em Moema\" src=\"http:\/\/www.encontramoema.com.br\/sobre\/wp-content\/uploads\/2017\/08\/museu-afro-brasil-em-moema.jpg\" alt=\"Museu Afro Brasil em Moema\" width=\"680\" height=\"189\" srcset=\"https:\/\/www.encontramoema.com.br\/sobre\/wp-content\/uploads\/2017\/08\/museu-afro-brasil-em-moema.jpg 680w, https:\/\/www.encontramoema.com.br\/sobre\/wp-content\/uploads\/2017\/08\/museu-afro-brasil-em-moema-300x83.jpg 300w\" sizes=\"auto, (max-width: 680px) 100vw, 680px\" \/><\/p>\n<p>Em 2004, Emanuel Ara\u00fajo &#8211; que j\u00e1 tentara frustradamente viabilizar a cria\u00e7\u00e3o de uma institui\u00e7\u00e3o voltada ao estudo das contribui\u00e7\u00f5es africanas \u00e0 cultura nacional &#8211; apresentou a proposta do Museu Afro Brasil \u00e0 ent\u00e3o prefeita de S\u00e3o Paulo, Marta Suplicy.<\/p>\n<p>Encampada a ideia pelo poder p\u00fablico municipal, iniciou-se o projeto de cria\u00e7\u00e3o do museu. Foram utilizados recursos advindos de patroc\u00ednio da Petrobr\u00e1s e do Minist\u00e9rio da Cultura (Lei Rouanet). A gest\u00e3o do projeto Museu Afro Brasil ficou a cargo do Instituto Florestan Fernandes.<\/p>\n<p>Para formar o acervo inicial, Emanoel Ara\u00fajo cedeu 1100 pe\u00e7as de sua cole\u00e7\u00e3o particular em regime de comodato. Ficou decidido que o museu seria instalado no Pavilh\u00e3o Padre Manoel da N\u00f3brega.<\/p>\n<p>O edif\u00edcio, pertencente \u00e0 prefeitura, encontrava-se cedido ao Governo do Estado desde 1992 e abrigou por um tempo uma extens\u00e3o da Pinacoteca do Estado. Em 2004, retornou \u00e0 administra\u00e7\u00e3o municipal e passou por adapta\u00e7\u00f5es para receber o museu.<\/p>\n<p>A 23 de outubro desse mesmo ano, o Museu Afro Brasil foi inaugurado, na presen\u00e7a do Presidente Lu\u00eds In\u00e1cio Lula da Silva e de outras autoridades, localizado no <a href=\"http:\/\/www.encontramoema.com.br\/sobre\/parque-ibirapuera\/\"><span style=\"text-decoration: underline;\">Parque Ibirapuera<\/span><\/a>.<\/p>\n<p>Hoje o Museu Afro Brasil conserva um acervo de aproximadamente 4 mil obras, entre pinturas, esculturas, gravuras, fotografias, documentos e pe\u00e7as etnol\u00f3gicas, de autores brasileiros e estrangeiros, produzidos entre o s\u00e9culo XV e os dias de hoje.<\/p>\n<p>O acervo abarca diversas facetas do universo cultural africano e afro-brasileiro, abordando temas como a religi\u00e3o, o trabalho, a arte, a di\u00e1spora africana e a escravid\u00e3o, e registrando a trajet\u00f3ria hist\u00f3rica e as influ\u00eancias africanas na constru\u00e7\u00e3o da sociedade brasileira.<\/p>\n<p>O museu tamb\u00e9m oferece diversas atividades culturais e did\u00e1ticas, exposi\u00e7\u00f5es tempor\u00e1rias, alem de contar com um teatro e uma biblioteca especializada.<\/p>\n<h3>Hor\u00e1rio de Funcionamento\u00a0Museu Afro Brasil<\/h3>\n<ul>\n<li>Ter a Dom das 10h \u00e0s 17h<\/li>\n<li>Os hor\u00e1rios podem ser alterados sem aviso. Consulte o local para confirmar.<\/li>\n<\/ul>\n<h3>Endere\u00e7o e Telefone Museu Afro Brasil\u00a0em\u00a0Moema<\/h3>\n<ul>\n<li>Avenida Pedro \u00c1lvares Cabral, Port\u00e3o 10, s\/n, Moema\u00a0&#8211; S\u00e3o Paulo &#8211; SP<\/li>\n<li>Telefone: (11)\u00a03320-8900<\/li>\n<\/ul>\n<h4>Outras Informa\u00e7\u00f5es e Site<\/h4>\n<ul>\n<li>Mais informa\u00e7\u00f5es:\u00a0<a href=\"http:\/\/www.museuafrobrasil.org.br\/\" target=\"_blank\" rel=\"noopener noreferrer\">www.museuafrobrasil.org.br<\/a><\/li>\n<\/ul>\n<h4>Mapa de localiza\u00e7\u00e3o<\/h4>\n<a class=\"wp-colorbox-iframe\" href=\"https:\/\/www.google.com\/maps\/embed?pb=!1m14!1m8!1m3!1d14626.280675730362!2d-46.659196!3d-23.5838762!3m2!1i1024!2i768!4f13.1!3m3!1m2!1s0x00x79b6769dec1ee80f!2sMuseu+Afro+Brasil!5e0!3m2!1spt-BR!2sbr!4v1502117538395\"><img decoding=\"async\" src=\"http:\/\/www.encontramoema.com.br\/imgs\/maps-post.png\"><\/a>\n\n<div style=\"font-size: 0px; height: 0px; line-height: 0px; margin: 0; padding: 0; clear: both;\"><\/div>","protected":false},"excerpt":{"rendered":"<p>Museu Afro Brasil em Moema \u00e9 um museu hist\u00f3rico, art\u00edstico e etnol\u00f3gico, voltado \u00e0 pesquisa, conserva\u00e7\u00e3o e exposi\u00e7\u00e3o de objetos relacionados ao universo cultural do negro no Brasil. O Museu Afro Brasil \u00e9 uma institui\u00e7\u00e3o p\u00fablica, subordinada \u00e0 Secretaria Municipal de Cultura e administrada por uma organiza\u00e7\u00e3o da sociedade civil. Em 2004, Emanuel Ara\u00fajo &#8211; que j\u00e1 tentara frustradamente viabilizar a cria\u00e7\u00e3o de uma institui\u00e7\u00e3o voltada ao estudo das contribui\u00e7\u00f5es africanas \u00e0 cultura nacional &#8211; apresentou a proposta do Museu Afro Brasil \u00e0 ent\u00e3o prefeita de S\u00e3o Paulo, Marta Suplicy. Encampada a ideia pelo poder p\u00fablico municipal, iniciou-se o projeto <\/p>\n","protected":false},"author":1,"featured_media":0,"parent":0,"menu_order":0,"comment_status":"closed","ping_status":"closed","template":"","meta":{"footnotes":""},"class_list":["post-20612","page","type-page","status-publish","hentry"],"yoast_head":"<!-- This site is optimized with the Yoast SEO plugin v26.3 - https:\/\/yoast.com\/wordpress\/plugins\/seo\/ -->\n<title>Museu Afro Brasil em Moema - Encontra Moema<\/title>\n<meta name=\"robots\" content=\"index, follow, max-snippet:-1, max-image-preview:large, max-video-preview:-1\" \/>\n<link rel=\"canonical\" href=\"https:\/\/www.encontramoema.com.br\/sobre\/museu-afro-brasil-em-moema\/\" \/>\n<meta property=\"og:locale\" content=\"pt_BR\" \/>\n<meta property=\"og:type\" content=\"article\" \/>\n<meta property=\"og:title\" content=\"Museu Afro Brasil em Moema - Encontra Moema\" \/>\n<meta property=\"og:description\" content=\"Museu Afro Brasil em Moema \u00e9 um museu hist\u00f3rico, art\u00edstico e etnol\u00f3gico, voltado \u00e0 pesquisa, conserva\u00e7\u00e3o e exposi\u00e7\u00e3o de objetos relacionados ao universo cultural do negro no Brasil. O Museu Afro Brasil \u00e9 uma institui\u00e7\u00e3o p\u00fablica, subordinada \u00e0 Secretaria Municipal de Cultura e administrada por uma organiza\u00e7\u00e3o da sociedade civil. Em 2004, Emanuel Ara\u00fajo &#8211; que j\u00e1 tentara frustradamente viabilizar a cria\u00e7\u00e3o de uma institui\u00e7\u00e3o voltada ao estudo das contribui\u00e7\u00f5es africanas \u00e0 cultura nacional &#8211; apresentou a proposta do Museu Afro Brasil \u00e0 ent\u00e3o prefeita de S\u00e3o Paulo, Marta Suplicy. Encampada a ideia pelo poder p\u00fablico municipal, iniciou-se o projeto\" \/>\n<meta property=\"og:url\" content=\"https:\/\/www.encontramoema.com.br\/sobre\/museu-afro-brasil-em-moema\/\" \/>\n<meta property=\"og:site_name\" content=\"Encontra Moema\" \/>\n<meta property=\"article:modified_time\" content=\"2017-08-07T18:06:22+00:00\" \/>\n<meta property=\"og:image\" content=\"http:\/\/www.encontramoema.com.br\/sobre\/wp-content\/uploads\/2017\/08\/museu-afro-brasil-em-moema.jpg\" \/>\n<meta name=\"twitter:card\" content=\"summary_large_image\" \/>\n<meta name=\"twitter:label1\" content=\"Est. tempo de leitura\" \/>\n\t<meta name=\"twitter:data1\" content=\"2 minutos\" \/>\n<script type=\"application\/ld+json\" class=\"yoast-schema-graph\">{\"@context\":\"https:\/\/schema.org\",\"@graph\":[{\"@type\":\"WebPage\",\"@id\":\"https:\/\/www.encontramoema.com.br\/sobre\/museu-afro-brasil-em-moema\/\",\"url\":\"https:\/\/www.encontramoema.com.br\/sobre\/museu-afro-brasil-em-moema\/\",\"name\":\"Museu Afro Brasil em Moema - Encontra Moema\",\"isPartOf\":{\"@id\":\"https:\/\/www.encontramoema.com.br\/sobre\/#website\"},\"primaryImageOfPage\":{\"@id\":\"https:\/\/www.encontramoema.com.br\/sobre\/museu-afro-brasil-em-moema\/#primaryimage\"},\"image\":{\"@id\":\"https:\/\/www.encontramoema.com.br\/sobre\/museu-afro-brasil-em-moema\/#primaryimage\"},\"thumbnailUrl\":\"http:\/\/www.encontramoema.com.br\/sobre\/wp-content\/uploads\/2017\/08\/museu-afro-brasil-em-moema.jpg\",\"datePublished\":\"2017-08-07T14:53:27+00:00\",\"dateModified\":\"2017-08-07T18:06:22+00:00\",\"breadcrumb\":{\"@id\":\"https:\/\/www.encontramoema.com.br\/sobre\/museu-afro-brasil-em-moema\/#breadcrumb\"},\"inLanguage\":\"pt-BR\",\"potentialAction\":[{\"@type\":\"ReadAction\",\"target\":[\"https:\/\/www.encontramoema.com.br\/sobre\/museu-afro-brasil-em-moema\/\"]}]},{\"@type\":\"ImageObject\",\"inLanguage\":\"pt-BR\",\"@id\":\"https:\/\/www.encontramoema.com.br\/sobre\/museu-afro-brasil-em-moema\/#primaryimage\",\"url\":\"https:\/\/www.encontramoema.com.br\/sobre\/wp-content\/uploads\/2017\/08\/museu-afro-brasil-em-moema.jpg\",\"contentUrl\":\"https:\/\/www.encontramoema.com.br\/sobre\/wp-content\/uploads\/2017\/08\/museu-afro-brasil-em-moema.jpg\",\"width\":680,\"height\":189},{\"@type\":\"BreadcrumbList\",\"@id\":\"https:\/\/www.encontramoema.com.br\/sobre\/museu-afro-brasil-em-moema\/#breadcrumb\",\"itemListElement\":[{\"@type\":\"ListItem\",\"position\":1,\"name\":\"In\u00edcio\",\"item\":\"https:\/\/www.encontramoema.com.br\/sobre\/\"},{\"@type\":\"ListItem\",\"position\":2,\"name\":\"Museu Afro Brasil em Moema\"}]},{\"@type\":\"WebSite\",\"@id\":\"https:\/\/www.encontramoema.com.br\/sobre\/#website\",\"url\":\"https:\/\/www.encontramoema.com.br\/sobre\/\",\"name\":\"Encontra Moema\",\"description\":\"Not\u00edcias, eventos, informa\u00e7\u00f5es e dicas no bairro de Moema e regi\u00e3o.\",\"potentialAction\":[{\"@type\":\"SearchAction\",\"target\":{\"@type\":\"EntryPoint\",\"urlTemplate\":\"https:\/\/www.encontramoema.com.br\/sobre\/?s={search_term_string}\"},\"query-input\":{\"@type\":\"PropertyValueSpecification\",\"valueRequired\":true,\"valueName\":\"search_term_string\"}}],\"inLanguage\":\"pt-BR\"}]}<\/script>\n<!-- \/ Yoast SEO plugin. -->","yoast_head_json":{"title":"Museu Afro Brasil em Moema - Encontra Moema","robots":{"index":"index","follow":"follow","max-snippet":"max-snippet:-1","max-image-preview":"max-image-preview:large","max-video-preview":"max-video-preview:-1"},"canonical":"https:\/\/www.encontramoema.com.br\/sobre\/museu-afro-brasil-em-moema\/","og_locale":"pt_BR","og_type":"article","og_title":"Museu Afro Brasil em Moema - Encontra Moema","og_description":"Museu Afro Brasil em Moema \u00e9 um museu hist\u00f3rico, art\u00edstico e etnol\u00f3gico, voltado \u00e0 pesquisa, conserva\u00e7\u00e3o e exposi\u00e7\u00e3o de objetos relacionados ao universo cultural do negro no Brasil. O Museu Afro Brasil \u00e9 uma institui\u00e7\u00e3o p\u00fablica, subordinada \u00e0 Secretaria Municipal de Cultura e administrada por uma organiza\u00e7\u00e3o da sociedade civil. Em 2004, Emanuel Ara\u00fajo &#8211; que j\u00e1 tentara frustradamente viabilizar a cria\u00e7\u00e3o de uma institui\u00e7\u00e3o voltada ao estudo das contribui\u00e7\u00f5es africanas \u00e0 cultura nacional &#8211; apresentou a proposta do Museu Afro Brasil \u00e0 ent\u00e3o prefeita de S\u00e3o Paulo, Marta Suplicy. Encampada a ideia pelo poder p\u00fablico municipal, iniciou-se o projeto","og_url":"https:\/\/www.encontramoema.com.br\/sobre\/museu-afro-brasil-em-moema\/","og_site_name":"Encontra Moema","article_modified_time":"2017-08-07T18:06:22+00:00","og_image":[{"url":"http:\/\/www.encontramoema.com.br\/sobre\/wp-content\/uploads\/2017\/08\/museu-afro-brasil-em-moema.jpg","type":"","width":"","height":""}],"twitter_card":"summary_large_image","twitter_misc":{"Est. tempo de leitura":"2 minutos"},"schema":{"@context":"https:\/\/schema.org","@graph":[{"@type":"WebPage","@id":"https:\/\/www.encontramoema.com.br\/sobre\/museu-afro-brasil-em-moema\/","url":"https:\/\/www.encontramoema.com.br\/sobre\/museu-afro-brasil-em-moema\/","name":"Museu Afro Brasil em Moema - Encontra Moema","isPartOf":{"@id":"https:\/\/www.encontramoema.com.br\/sobre\/#website"},"primaryImageOfPage":{"@id":"https:\/\/www.encontramoema.com.br\/sobre\/museu-afro-brasil-em-moema\/#primaryimage"},"image":{"@id":"https:\/\/www.encontramoema.com.br\/sobre\/museu-afro-brasil-em-moema\/#primaryimage"},"thumbnailUrl":"http:\/\/www.encontramoema.com.br\/sobre\/wp-content\/uploads\/2017\/08\/museu-afro-brasil-em-moema.jpg","datePublished":"2017-08-07T14:53:27+00:00","dateModified":"2017-08-07T18:06:22+00:00","breadcrumb":{"@id":"https:\/\/www.encontramoema.com.br\/sobre\/museu-afro-brasil-em-moema\/#breadcrumb"},"inLanguage":"pt-BR","potentialAction":[{"@type":"ReadAction","target":["https:\/\/www.encontramoema.com.br\/sobre\/museu-afro-brasil-em-moema\/"]}]},{"@type":"ImageObject","inLanguage":"pt-BR","@id":"https:\/\/www.encontramoema.com.br\/sobre\/museu-afro-brasil-em-moema\/#primaryimage","url":"https:\/\/www.encontramoema.com.br\/sobre\/wp-content\/uploads\/2017\/08\/museu-afro-brasil-em-moema.jpg","contentUrl":"https:\/\/www.encontramoema.com.br\/sobre\/wp-content\/uploads\/2017\/08\/museu-afro-brasil-em-moema.jpg","width":680,"height":189},{"@type":"BreadcrumbList","@id":"https:\/\/www.encontramoema.com.br\/sobre\/museu-afro-brasil-em-moema\/#breadcrumb","itemListElement":[{"@type":"ListItem","position":1,"name":"In\u00edcio","item":"https:\/\/www.encontramoema.com.br\/sobre\/"},{"@type":"ListItem","position":2,"name":"Museu Afro Brasil em Moema"}]},{"@type":"WebSite","@id":"https:\/\/www.encontramoema.com.br\/sobre\/#website","url":"https:\/\/www.encontramoema.com.br\/sobre\/","name":"Encontra Moema","description":"Not\u00edcias, eventos, informa\u00e7\u00f5es e dicas no bairro de Moema e regi\u00e3o.","potentialAction":[{"@type":"SearchAction","target":{"@type":"EntryPoint","urlTemplate":"https:\/\/www.encontramoema.com.br\/sobre\/?s={search_term_string}"},"query-input":{"@type":"PropertyValueSpecification","valueRequired":true,"valueName":"search_term_string"}}],"inLanguage":"pt-BR"}]}},"_links":{"self":[{"href":"https:\/\/www.encontramoema.com.br\/sobre\/wp-json\/wp\/v2\/pages\/20612","targetHints":{"allow":["GET"]}}],"collection":[{"href":"https:\/\/www.encontramoema.com.br\/sobre\/wp-json\/wp\/v2\/pages"}],"about":[{"href":"https:\/\/www.encontramoema.com.br\/sobre\/wp-json\/wp\/v2\/types\/page"}],"author":[{"embeddable":true,"href":"https:\/\/www.encontramoema.com.br\/sobre\/wp-json\/wp\/v2\/users\/1"}],"replies":[{"embeddable":true,"href":"https:\/\/www.encontramoema.com.br\/sobre\/wp-json\/wp\/v2\/comments?post=20612"}],"version-history":[{"count":0,"href":"https:\/\/www.encontramoema.com.br\/sobre\/wp-json\/wp\/v2\/pages\/20612\/revisions"}],"wp:attachment":[{"href":"https:\/\/www.encontramoema.com.br\/sobre\/wp-json\/wp\/v2\/media?parent=20612"}],"curies":[{"name":"wp","href":"https:\/\/api.w.org\/{rel}","templated":true}]}}