{"id":20616,"date":"2017-08-07T13:28:06","date_gmt":"2017-08-07T15:28:06","guid":{"rendered":"http:\/\/www.encontramoema.com.br\/sobre\/?page_id=20616"},"modified":"2017-08-07T16:05:25","modified_gmt":"2017-08-07T18:05:25","slug":"museu-de-arte-contemporanea-mac-usp","status":"publish","type":"page","link":"https:\/\/www.encontramoema.com.br\/sobre\/museu-de-arte-contemporanea-mac-usp\/","title":{"rendered":"Museu de Arte Contempor\u00e2nea &#8211; MAC &#8211; USP"},"content":{"rendered":"<div class=\"b7f545a958fd6350ffae2d30a84cafb8\" data-index=\"1\" style=\"float: none; margin:0px;\">\n<!-- Anuncio display - global -->\r\n<ins class=\"adsbygoogle\"\r\n     style=\"display:block\"\r\n     data-ad-client=\"ca-pub-8585364105181520\"\r\n     data-ad-slot=\"8789329856\"\r\n     data-ad-format=\"auto\"\r\n     data-full-width-responsive=\"true\"><\/ins>\r\n<script>\r\n     (adsbygoogle = window.adsbygoogle || []).push({});\r\n<\/script>\n<\/div>\n<p>Um dos mais importantes museus de arte moderna e contempor\u00e2nea da Am\u00e9rica Latina, o <strong>Museu de Arte Contempor\u00e2nea &#8211; MAC-USP<\/strong> foi criado em 1963.<\/p>\n<p>Naquele momento, a USP &#8211; Universidade de S\u00e3o Paulo recebeu de Francisco Matarazzo Sobrinho, ent\u00e3o presidente do Museu de Arte Moderna de S\u00e3o Paulo &#8211; MAM, o acervo do mesmo, al\u00e9m de sua cole\u00e7\u00e3o particular e de sua mulher, Yolanda Penteado.<\/p>\n<p><img loading=\"lazy\" decoding=\"async\" class=\"alignnone wp-image-20617 size-full\" title=\"Museu de Arte Contempor\u00e2nea - MAC - USP\" src=\"http:\/\/www.encontramoema.com.br\/sobre\/wp-content\/uploads\/2017\/08\/museu-de-arte-contemporanea-mac-moema.jpg\" alt=\"Museu de Arte Contempor\u00e2nea - MAC - USP\" width=\"680\" height=\"189\" srcset=\"https:\/\/www.encontramoema.com.br\/sobre\/wp-content\/uploads\/2017\/08\/museu-de-arte-contemporanea-mac-moema.jpg 680w, https:\/\/www.encontramoema.com.br\/sobre\/wp-content\/uploads\/2017\/08\/museu-de-arte-contemporanea-mac-moema-300x83.jpg 300w\" sizes=\"auto, (max-width: 680px) 100vw, 680px\" \/><\/p>\n<p>Hoje o MAC USP ocupa tr\u00eas edif\u00edcios \u2013 um no <a href=\"http:\/\/www.encontramoema.com.br\/sobre\/parque-ibirapuera\/\"><span style=\"text-decoration: underline;\">Parque Ibirapuera<\/span><\/a> e dois na Cidade Universit\u00e1ria \u2013 e seu acervo possui cerca de 10 mil obras, entre pinturas, desenhos, gravuras, fotografias, esculturas, objetos e obras de arte conceitual e arte contempor\u00e2nea.<\/p>\n<p>O Museu de Arte Contempor\u00e2nea da Universidade de S\u00e3o Paulo (MAC\/USP) \u00e9 uma institui\u00e7\u00e3o ligada ao ensino, \u00e0 pesquisa e \u00e0 extens\u00e3o universit\u00e1ria, voltado \u00e0 produ\u00e7\u00e3o art\u00edstica nacional e estrangeira.<\/p>\n<p>O museu est\u00e1 instalado no Ibirapuera em um complexo arquitet\u00f4nico criado nos anos 1950 pelo arquiteto Oscar Niemeyer e equipe, al\u00e9m de seu espa\u00e7o hist\u00f3rico no Pavilh\u00e3o Ciccillo Matarazzo, constitui um importante centro de pesquisa e de forma\u00e7\u00e3o educacional.<\/p>\n<p>O MAC possui a mais importante cole\u00e7\u00e3o da Am\u00e9rica Latina especializada na produ\u00e7\u00e3o ocidental do s\u00e9culo XX.<\/p>\n<h3>Hor\u00e1rio de Funcionamento\u00a0Museu de Arte Contempor\u00e2nea<\/h3>\n<ul>\n<li>Ter a Dom das 10h \u00e0s 18h<\/li>\n<li>Os hor\u00e1rios podem ser alterados sem aviso. Consulte o local para confirmar.<\/li>\n<\/ul>\n<h3>Endere\u00e7o e Telefone MAC &#8211; USP\u00a0em\u00a0Moema<\/h3>\n<ul>\n<li>Avenida Pedro \u00c1lvares Cabral, 1301, Moema\u00a0&#8211; S\u00e3o Paulo &#8211; SP<\/li>\n<li>Telefone: (11)\u00a02648-0254<\/li>\n<\/ul>\n<h4>Outras Informa\u00e7\u00f5es e Site<\/h4>\n<ul>\n<li>Mais informa\u00e7\u00f5es:\u00a0<a href=\"http:\/\/www.mac.usp.br\/mac\/\" target=\"_blank\" rel=\"noopener noreferrer\">www.mac.usp.br<\/a><\/li>\n<\/ul>\n<h4>Mapa de localiza\u00e7\u00e3o<\/h4>\n<a class=\"wp-colorbox-iframe\" href=\"https:\/\/www.google.com\/maps\/embed?pb=!1m14!1m8!1m3!1d14625.710657819342!2d-46.6509962!3d-23.5889906!3m2!1i1024!2i768!4f13.1!3m3!1m2!1s0x00xdd11838b80efe019!2sMuseu+de+Arte+Contempornea!5e0!3m2!1spt-BR!2sbr!4v1502119047719\"><img decoding=\"async\" src=\"http:\/\/www.encontramoema.com.br\/imgs\/maps-post.png\"><\/a>\n\n<div style=\"font-size: 0px; height: 0px; line-height: 0px; margin: 0; padding: 0; clear: both;\"><\/div>","protected":false},"excerpt":{"rendered":"<p>Um dos mais importantes museus de arte moderna e contempor\u00e2nea da Am\u00e9rica Latina, o Museu de Arte Contempor\u00e2nea &#8211; MAC-USP foi criado em 1963. Naquele momento, a USP &#8211; Universidade de S\u00e3o Paulo recebeu de Francisco Matarazzo Sobrinho, ent\u00e3o presidente do Museu de Arte Moderna de S\u00e3o Paulo &#8211; MAM, o acervo do mesmo, al\u00e9m de sua cole\u00e7\u00e3o particular e de sua mulher, Yolanda Penteado. Hoje o MAC USP ocupa tr\u00eas edif\u00edcios \u2013 um no Parque Ibirapuera e dois na Cidade Universit\u00e1ria \u2013 e seu acervo possui cerca de 10 mil obras, entre pinturas, desenhos, gravuras, fotografias, esculturas, objetos e <\/p>\n","protected":false},"author":1,"featured_media":0,"parent":0,"menu_order":0,"comment_status":"closed","ping_status":"closed","template":"","meta":{"footnotes":""},"class_list":["post-20616","page","type-page","status-publish","hentry"],"yoast_head":"<!-- This site is optimized with the Yoast SEO plugin v26.3 - https:\/\/yoast.com\/wordpress\/plugins\/seo\/ -->\n<title>Museu de Arte Contempor\u00e2nea - MAC - USP - Encontra Moema<\/title>\n<meta name=\"robots\" content=\"index, follow, max-snippet:-1, max-image-preview:large, max-video-preview:-1\" \/>\n<link rel=\"canonical\" href=\"https:\/\/www.encontramoema.com.br\/sobre\/museu-de-arte-contemporanea-mac-usp\/\" \/>\n<meta property=\"og:locale\" content=\"pt_BR\" \/>\n<meta property=\"og:type\" content=\"article\" \/>\n<meta property=\"og:title\" content=\"Museu de Arte Contempor\u00e2nea - MAC - USP - Encontra Moema\" \/>\n<meta property=\"og:description\" content=\"Um dos mais importantes museus de arte moderna e contempor\u00e2nea da Am\u00e9rica Latina, o Museu de Arte Contempor\u00e2nea &#8211; MAC-USP foi criado em 1963. Naquele momento, a USP &#8211; Universidade de S\u00e3o Paulo recebeu de Francisco Matarazzo Sobrinho, ent\u00e3o presidente do Museu de Arte Moderna de S\u00e3o Paulo &#8211; MAM, o acervo do mesmo, al\u00e9m de sua cole\u00e7\u00e3o particular e de sua mulher, Yolanda Penteado. Hoje o MAC USP ocupa tr\u00eas edif\u00edcios \u2013 um no Parque Ibirapuera e dois na Cidade Universit\u00e1ria \u2013 e seu acervo possui cerca de 10 mil obras, entre pinturas, desenhos, gravuras, fotografias, esculturas, objetos e\" \/>\n<meta property=\"og:url\" content=\"https:\/\/www.encontramoema.com.br\/sobre\/museu-de-arte-contemporanea-mac-usp\/\" \/>\n<meta property=\"og:site_name\" content=\"Encontra Moema\" \/>\n<meta property=\"article:modified_time\" content=\"2017-08-07T18:05:25+00:00\" \/>\n<meta property=\"og:image\" content=\"http:\/\/www.encontramoema.com.br\/sobre\/wp-content\/uploads\/2017\/08\/museu-de-arte-contemporanea-mac-moema.jpg\" \/>\n<meta name=\"twitter:card\" content=\"summary_large_image\" \/>\n<meta name=\"twitter:label1\" content=\"Est. tempo de leitura\" \/>\n\t<meta name=\"twitter:data1\" content=\"2 minutos\" \/>\n<script type=\"application\/ld+json\" class=\"yoast-schema-graph\">{\"@context\":\"https:\/\/schema.org\",\"@graph\":[{\"@type\":\"WebPage\",\"@id\":\"https:\/\/www.encontramoema.com.br\/sobre\/museu-de-arte-contemporanea-mac-usp\/\",\"url\":\"https:\/\/www.encontramoema.com.br\/sobre\/museu-de-arte-contemporanea-mac-usp\/\",\"name\":\"Museu de Arte Contempor\u00e2nea - MAC - USP - Encontra Moema\",\"isPartOf\":{\"@id\":\"https:\/\/www.encontramoema.com.br\/sobre\/#website\"},\"primaryImageOfPage\":{\"@id\":\"https:\/\/www.encontramoema.com.br\/sobre\/museu-de-arte-contemporanea-mac-usp\/#primaryimage\"},\"image\":{\"@id\":\"https:\/\/www.encontramoema.com.br\/sobre\/museu-de-arte-contemporanea-mac-usp\/#primaryimage\"},\"thumbnailUrl\":\"http:\/\/www.encontramoema.com.br\/sobre\/wp-content\/uploads\/2017\/08\/museu-de-arte-contemporanea-mac-moema.jpg\",\"datePublished\":\"2017-08-07T15:28:06+00:00\",\"dateModified\":\"2017-08-07T18:05:25+00:00\",\"breadcrumb\":{\"@id\":\"https:\/\/www.encontramoema.com.br\/sobre\/museu-de-arte-contemporanea-mac-usp\/#breadcrumb\"},\"inLanguage\":\"pt-BR\",\"potentialAction\":[{\"@type\":\"ReadAction\",\"target\":[\"https:\/\/www.encontramoema.com.br\/sobre\/museu-de-arte-contemporanea-mac-usp\/\"]}]},{\"@type\":\"ImageObject\",\"inLanguage\":\"pt-BR\",\"@id\":\"https:\/\/www.encontramoema.com.br\/sobre\/museu-de-arte-contemporanea-mac-usp\/#primaryimage\",\"url\":\"https:\/\/www.encontramoema.com.br\/sobre\/wp-content\/uploads\/2017\/08\/museu-de-arte-contemporanea-mac-moema.jpg\",\"contentUrl\":\"https:\/\/www.encontramoema.com.br\/sobre\/wp-content\/uploads\/2017\/08\/museu-de-arte-contemporanea-mac-moema.jpg\",\"width\":680,\"height\":189},{\"@type\":\"BreadcrumbList\",\"@id\":\"https:\/\/www.encontramoema.com.br\/sobre\/museu-de-arte-contemporanea-mac-usp\/#breadcrumb\",\"itemListElement\":[{\"@type\":\"ListItem\",\"position\":1,\"name\":\"In\u00edcio\",\"item\":\"https:\/\/www.encontramoema.com.br\/sobre\/\"},{\"@type\":\"ListItem\",\"position\":2,\"name\":\"Museu de Arte Contempor\u00e2nea &#8211; MAC &#8211; USP\"}]},{\"@type\":\"WebSite\",\"@id\":\"https:\/\/www.encontramoema.com.br\/sobre\/#website\",\"url\":\"https:\/\/www.encontramoema.com.br\/sobre\/\",\"name\":\"Encontra Moema\",\"description\":\"Not\u00edcias, eventos, informa\u00e7\u00f5es e dicas no bairro de Moema e regi\u00e3o.\",\"potentialAction\":[{\"@type\":\"SearchAction\",\"target\":{\"@type\":\"EntryPoint\",\"urlTemplate\":\"https:\/\/www.encontramoema.com.br\/sobre\/?s={search_term_string}\"},\"query-input\":{\"@type\":\"PropertyValueSpecification\",\"valueRequired\":true,\"valueName\":\"search_term_string\"}}],\"inLanguage\":\"pt-BR\"}]}<\/script>\n<!-- \/ Yoast SEO plugin. -->","yoast_head_json":{"title":"Museu de Arte Contempor\u00e2nea - MAC - USP - Encontra Moema","robots":{"index":"index","follow":"follow","max-snippet":"max-snippet:-1","max-image-preview":"max-image-preview:large","max-video-preview":"max-video-preview:-1"},"canonical":"https:\/\/www.encontramoema.com.br\/sobre\/museu-de-arte-contemporanea-mac-usp\/","og_locale":"pt_BR","og_type":"article","og_title":"Museu de Arte Contempor\u00e2nea - MAC - USP - Encontra Moema","og_description":"Um dos mais importantes museus de arte moderna e contempor\u00e2nea da Am\u00e9rica Latina, o Museu de Arte Contempor\u00e2nea &#8211; MAC-USP foi criado em 1963. Naquele momento, a USP &#8211; Universidade de S\u00e3o Paulo recebeu de Francisco Matarazzo Sobrinho, ent\u00e3o presidente do Museu de Arte Moderna de S\u00e3o Paulo &#8211; MAM, o acervo do mesmo, al\u00e9m de sua cole\u00e7\u00e3o particular e de sua mulher, Yolanda Penteado. Hoje o MAC USP ocupa tr\u00eas edif\u00edcios \u2013 um no Parque Ibirapuera e dois na Cidade Universit\u00e1ria \u2013 e seu acervo possui cerca de 10 mil obras, entre pinturas, desenhos, gravuras, fotografias, esculturas, objetos e","og_url":"https:\/\/www.encontramoema.com.br\/sobre\/museu-de-arte-contemporanea-mac-usp\/","og_site_name":"Encontra Moema","article_modified_time":"2017-08-07T18:05:25+00:00","og_image":[{"url":"http:\/\/www.encontramoema.com.br\/sobre\/wp-content\/uploads\/2017\/08\/museu-de-arte-contemporanea-mac-moema.jpg","type":"","width":"","height":""}],"twitter_card":"summary_large_image","twitter_misc":{"Est. tempo de leitura":"2 minutos"},"schema":{"@context":"https:\/\/schema.org","@graph":[{"@type":"WebPage","@id":"https:\/\/www.encontramoema.com.br\/sobre\/museu-de-arte-contemporanea-mac-usp\/","url":"https:\/\/www.encontramoema.com.br\/sobre\/museu-de-arte-contemporanea-mac-usp\/","name":"Museu de Arte Contempor\u00e2nea - MAC - USP - Encontra Moema","isPartOf":{"@id":"https:\/\/www.encontramoema.com.br\/sobre\/#website"},"primaryImageOfPage":{"@id":"https:\/\/www.encontramoema.com.br\/sobre\/museu-de-arte-contemporanea-mac-usp\/#primaryimage"},"image":{"@id":"https:\/\/www.encontramoema.com.br\/sobre\/museu-de-arte-contemporanea-mac-usp\/#primaryimage"},"thumbnailUrl":"http:\/\/www.encontramoema.com.br\/sobre\/wp-content\/uploads\/2017\/08\/museu-de-arte-contemporanea-mac-moema.jpg","datePublished":"2017-08-07T15:28:06+00:00","dateModified":"2017-08-07T18:05:25+00:00","breadcrumb":{"@id":"https:\/\/www.encontramoema.com.br\/sobre\/museu-de-arte-contemporanea-mac-usp\/#breadcrumb"},"inLanguage":"pt-BR","potentialAction":[{"@type":"ReadAction","target":["https:\/\/www.encontramoema.com.br\/sobre\/museu-de-arte-contemporanea-mac-usp\/"]}]},{"@type":"ImageObject","inLanguage":"pt-BR","@id":"https:\/\/www.encontramoema.com.br\/sobre\/museu-de-arte-contemporanea-mac-usp\/#primaryimage","url":"https:\/\/www.encontramoema.com.br\/sobre\/wp-content\/uploads\/2017\/08\/museu-de-arte-contemporanea-mac-moema.jpg","contentUrl":"https:\/\/www.encontramoema.com.br\/sobre\/wp-content\/uploads\/2017\/08\/museu-de-arte-contemporanea-mac-moema.jpg","width":680,"height":189},{"@type":"BreadcrumbList","@id":"https:\/\/www.encontramoema.com.br\/sobre\/museu-de-arte-contemporanea-mac-usp\/#breadcrumb","itemListElement":[{"@type":"ListItem","position":1,"name":"In\u00edcio","item":"https:\/\/www.encontramoema.com.br\/sobre\/"},{"@type":"ListItem","position":2,"name":"Museu de Arte Contempor\u00e2nea &#8211; MAC &#8211; USP"}]},{"@type":"WebSite","@id":"https:\/\/www.encontramoema.com.br\/sobre\/#website","url":"https:\/\/www.encontramoema.com.br\/sobre\/","name":"Encontra Moema","description":"Not\u00edcias, eventos, informa\u00e7\u00f5es e dicas no bairro de Moema e regi\u00e3o.","potentialAction":[{"@type":"SearchAction","target":{"@type":"EntryPoint","urlTemplate":"https:\/\/www.encontramoema.com.br\/sobre\/?s={search_term_string}"},"query-input":{"@type":"PropertyValueSpecification","valueRequired":true,"valueName":"search_term_string"}}],"inLanguage":"pt-BR"}]}},"_links":{"self":[{"href":"https:\/\/www.encontramoema.com.br\/sobre\/wp-json\/wp\/v2\/pages\/20616","targetHints":{"allow":["GET"]}}],"collection":[{"href":"https:\/\/www.encontramoema.com.br\/sobre\/wp-json\/wp\/v2\/pages"}],"about":[{"href":"https:\/\/www.encontramoema.com.br\/sobre\/wp-json\/wp\/v2\/types\/page"}],"author":[{"embeddable":true,"href":"https:\/\/www.encontramoema.com.br\/sobre\/wp-json\/wp\/v2\/users\/1"}],"replies":[{"embeddable":true,"href":"https:\/\/www.encontramoema.com.br\/sobre\/wp-json\/wp\/v2\/comments?post=20616"}],"version-history":[{"count":0,"href":"https:\/\/www.encontramoema.com.br\/sobre\/wp-json\/wp\/v2\/pages\/20616\/revisions"}],"wp:attachment":[{"href":"https:\/\/www.encontramoema.com.br\/sobre\/wp-json\/wp\/v2\/media?parent=20616"}],"curies":[{"name":"wp","href":"https:\/\/api.w.org\/{rel}","templated":true}]}}