{"id":20622,"date":"2017-08-07T14:39:32","date_gmt":"2017-08-07T16:39:32","guid":{"rendered":"http:\/\/www.encontramoema.com.br\/sobre\/?page_id=20622"},"modified":"2017-08-07T14:40:15","modified_gmt":"2017-08-07T16:40:15","slug":"palacio-do-judo-no-ibirapuera","status":"publish","type":"page","link":"https:\/\/www.encontramoema.com.br\/sobre\/palacio-do-judo-no-ibirapuera\/","title":{"rendered":"Pal\u00e1cio do Jud\u00f4 no Ibirapuera"},"content":{"rendered":"<div class=\"b7f545a958fd6350ffae2d30a84cafb8\" data-index=\"1\" style=\"float: none; margin:0px;\">\n<!-- Anuncio display - global -->\r\n<ins class=\"adsbygoogle\"\r\n     style=\"display:block\"\r\n     data-ad-client=\"ca-pub-8585364105181520\"\r\n     data-ad-slot=\"8789329856\"\r\n     data-ad-format=\"auto\"\r\n     data-full-width-responsive=\"true\"><\/ins>\r\n<script>\r\n     (adsbygoogle = window.adsbygoogle || []).push({});\r\n<\/script>\n<\/div>\n<p>O <strong>Pal\u00e1cio do Jud\u00f4 no Ibirapuera<\/strong> \u00e9 um espa\u00e7o para treinamentos e competi\u00e7\u00f5es de jud\u00f4 com 900 m\u00b2 e capacidade para 500 pessoas.<\/p>\n<p>L\u00e1 al\u00e9m das famosas competi\u00e7\u00f5es e treinamentos de Jud\u00f4 \u00e9 poss\u00edvel encontrar\u00a0treinamentos e competi\u00e7\u00f5es de V\u00f4lei.<\/p>\n<p><img loading=\"lazy\" decoding=\"async\" class=\"wp-image-20623 size-full alignnone\" title=\"Pal\u00e1cio do Jud\u00f4 no Ibirapuera\" src=\"http:\/\/www.encontramoema.com.br\/sobre\/wp-content\/uploads\/2017\/08\/palacio-do-judo-ibirapuera-moema.jpg\" alt=\"Pal\u00e1cio do Jud\u00f4 no Ibirapuera\" width=\"640\" height=\"361\" srcset=\"https:\/\/www.encontramoema.com.br\/sobre\/wp-content\/uploads\/2017\/08\/palacio-do-judo-ibirapuera-moema.jpg 640w, https:\/\/www.encontramoema.com.br\/sobre\/wp-content\/uploads\/2017\/08\/palacio-do-judo-ibirapuera-moema-300x169.jpg 300w\" sizes=\"auto, (max-width: 640px) 100vw, 640px\" \/><\/p>\n<p>O Espa\u00e7o \u00e9 integrante do <a href=\"http:\/\/www.encontramoema.com.br\/sobre\/conjunto-desportivo-constancio-vaz-guimaraes\/\"><span style=\"text-decoration: underline;\">Conjunto Desportivo Const\u00e2ncio Vaz Guimar\u00e3es<\/span><\/a>, no qual tamb\u00e9m fazem parte o Gin\u00e1sio do Ibirapuera, o Est\u00e1dio do Ibirapuera, o Gin\u00e1sio Poliesportivo Mauro Pinheiro e o Conjunto Aqu\u00e1tico Caio Pompeu de Toledo.<\/p>\n<h3>Hor\u00e1rio de Funcionamento\u00a0Pal\u00e1cio do Jud\u00f4\u00a0Ibirapuera<\/h3>\n<ul>\n<li>Todos os dias das 8h \u00e0s 22h<\/li>\n<li>Os hor\u00e1rios podem ser alterados sem aviso. Consulte o local para confirmar.<\/li>\n<\/ul>\n<h3>Endere\u00e7o e Telefone Pal\u00e1cio do Jud\u00f4\u00a0em\u00a0Moema<\/h3>\n<ul>\n<li>Rua Manuel da N\u00f3brega, 1361, Moema\u00a0&#8211; S\u00e3o Paulo &#8211; SP<\/li>\n<li>Telefone: (11)\u00a03887-3500<\/li>\n<\/ul>\n<h4>Outras Informa\u00e7\u00f5es e Site<\/h4>\n<ul>\n<li>Mais informa\u00e7\u00f5es:\u00a0<a href=\"http:\/\/www.selj.sp.gov.br\" target=\"_blank\" rel=\"noopener noreferrer\">www.selj.sp.gov.br<\/a><\/li>\n<\/ul>\n<h4>Mapa de localiza\u00e7\u00e3o<\/h4>\n<a class=\"wp-colorbox-iframe\" href=\"https:\/\/www.google.com\/maps\/embed?pb=!1m14!1m8!1m3!1d14626.932992771151!2d-46.6551473!3d-23.5780221!3m2!1i1024!2i768!4f13.1!3m3!1m2!1s0x00x1ff6132da75cd03f!2sConjunto+Desportivo+Constncio+Vaz+Guimares!5e0!3m2!1spt-BR!2sbr!4v1502123710894\"><img decoding=\"async\" src=\"http:\/\/www.encontramoema.com.br\/imgs\/maps-post.png\"><\/a>\n\n<div style=\"font-size: 0px; height: 0px; line-height: 0px; margin: 0; padding: 0; clear: both;\"><\/div>","protected":false},"excerpt":{"rendered":"<p>O Pal\u00e1cio do Jud\u00f4 no Ibirapuera \u00e9 um espa\u00e7o para treinamentos e competi\u00e7\u00f5es de jud\u00f4 com 900 m\u00b2 e capacidade para 500 pessoas. L\u00e1 al\u00e9m das famosas competi\u00e7\u00f5es e treinamentos de Jud\u00f4 \u00e9 poss\u00edvel encontrar\u00a0treinamentos e competi\u00e7\u00f5es de V\u00f4lei. O Espa\u00e7o \u00e9 integrante do Conjunto Desportivo Const\u00e2ncio Vaz Guimar\u00e3es, no qual tamb\u00e9m fazem parte o Gin\u00e1sio do Ibirapuera, o Est\u00e1dio do Ibirapuera, o Gin\u00e1sio Poliesportivo Mauro Pinheiro e o Conjunto Aqu\u00e1tico Caio Pompeu de Toledo. Hor\u00e1rio de Funcionamento\u00a0Pal\u00e1cio do Jud\u00f4\u00a0Ibirapuera Todos os dias das 8h \u00e0s 22h Os hor\u00e1rios podem ser alterados sem aviso. Consulte o local para confirmar. Endere\u00e7o <\/p>\n","protected":false},"author":1,"featured_media":0,"parent":0,"menu_order":0,"comment_status":"closed","ping_status":"closed","template":"","meta":{"footnotes":""},"class_list":["post-20622","page","type-page","status-publish","hentry"],"yoast_head":"<!-- This site is optimized with the Yoast SEO plugin v26.3 - https:\/\/yoast.com\/wordpress\/plugins\/seo\/ -->\n<title>Pal\u00e1cio do Jud\u00f4 no Ibirapuera - Encontra Moema<\/title>\n<meta name=\"robots\" content=\"index, follow, max-snippet:-1, max-image-preview:large, max-video-preview:-1\" \/>\n<link rel=\"canonical\" href=\"https:\/\/www.encontramoema.com.br\/sobre\/palacio-do-judo-no-ibirapuera\/\" \/>\n<meta property=\"og:locale\" content=\"pt_BR\" \/>\n<meta property=\"og:type\" content=\"article\" \/>\n<meta property=\"og:title\" content=\"Pal\u00e1cio do Jud\u00f4 no Ibirapuera - Encontra Moema\" \/>\n<meta property=\"og:description\" content=\"O Pal\u00e1cio do Jud\u00f4 no Ibirapuera \u00e9 um espa\u00e7o para treinamentos e competi\u00e7\u00f5es de jud\u00f4 com 900 m\u00b2 e capacidade para 500 pessoas. L\u00e1 al\u00e9m das famosas competi\u00e7\u00f5es e treinamentos de Jud\u00f4 \u00e9 poss\u00edvel encontrar\u00a0treinamentos e competi\u00e7\u00f5es de V\u00f4lei. O Espa\u00e7o \u00e9 integrante do Conjunto Desportivo Const\u00e2ncio Vaz Guimar\u00e3es, no qual tamb\u00e9m fazem parte o Gin\u00e1sio do Ibirapuera, o Est\u00e1dio do Ibirapuera, o Gin\u00e1sio Poliesportivo Mauro Pinheiro e o Conjunto Aqu\u00e1tico Caio Pompeu de Toledo. Hor\u00e1rio de Funcionamento\u00a0Pal\u00e1cio do Jud\u00f4\u00a0Ibirapuera Todos os dias das 8h \u00e0s 22h Os hor\u00e1rios podem ser alterados sem aviso. Consulte o local para confirmar. Endere\u00e7o\" \/>\n<meta property=\"og:url\" content=\"https:\/\/www.encontramoema.com.br\/sobre\/palacio-do-judo-no-ibirapuera\/\" \/>\n<meta property=\"og:site_name\" content=\"Encontra Moema\" \/>\n<meta property=\"article:modified_time\" content=\"2017-08-07T16:40:15+00:00\" \/>\n<meta property=\"og:image\" content=\"http:\/\/www.encontramoema.com.br\/sobre\/wp-content\/uploads\/2017\/08\/palacio-do-judo-ibirapuera-moema.jpg\" \/>\n<meta name=\"twitter:card\" content=\"summary_large_image\" \/>\n<meta name=\"twitter:label1\" content=\"Est. tempo de leitura\" \/>\n\t<meta name=\"twitter:data1\" content=\"1 minuto\" \/>\n<script type=\"application\/ld+json\" class=\"yoast-schema-graph\">{\"@context\":\"https:\/\/schema.org\",\"@graph\":[{\"@type\":\"WebPage\",\"@id\":\"https:\/\/www.encontramoema.com.br\/sobre\/palacio-do-judo-no-ibirapuera\/\",\"url\":\"https:\/\/www.encontramoema.com.br\/sobre\/palacio-do-judo-no-ibirapuera\/\",\"name\":\"Pal\u00e1cio do Jud\u00f4 no Ibirapuera - Encontra Moema\",\"isPartOf\":{\"@id\":\"https:\/\/www.encontramoema.com.br\/sobre\/#website\"},\"primaryImageOfPage\":{\"@id\":\"https:\/\/www.encontramoema.com.br\/sobre\/palacio-do-judo-no-ibirapuera\/#primaryimage\"},\"image\":{\"@id\":\"https:\/\/www.encontramoema.com.br\/sobre\/palacio-do-judo-no-ibirapuera\/#primaryimage\"},\"thumbnailUrl\":\"http:\/\/www.encontramoema.com.br\/sobre\/wp-content\/uploads\/2017\/08\/palacio-do-judo-ibirapuera-moema.jpg\",\"datePublished\":\"2017-08-07T16:39:32+00:00\",\"dateModified\":\"2017-08-07T16:40:15+00:00\",\"breadcrumb\":{\"@id\":\"https:\/\/www.encontramoema.com.br\/sobre\/palacio-do-judo-no-ibirapuera\/#breadcrumb\"},\"inLanguage\":\"pt-BR\",\"potentialAction\":[{\"@type\":\"ReadAction\",\"target\":[\"https:\/\/www.encontramoema.com.br\/sobre\/palacio-do-judo-no-ibirapuera\/\"]}]},{\"@type\":\"ImageObject\",\"inLanguage\":\"pt-BR\",\"@id\":\"https:\/\/www.encontramoema.com.br\/sobre\/palacio-do-judo-no-ibirapuera\/#primaryimage\",\"url\":\"https:\/\/www.encontramoema.com.br\/sobre\/wp-content\/uploads\/2017\/08\/palacio-do-judo-ibirapuera-moema.jpg\",\"contentUrl\":\"https:\/\/www.encontramoema.com.br\/sobre\/wp-content\/uploads\/2017\/08\/palacio-do-judo-ibirapuera-moema.jpg\",\"width\":640,\"height\":361},{\"@type\":\"BreadcrumbList\",\"@id\":\"https:\/\/www.encontramoema.com.br\/sobre\/palacio-do-judo-no-ibirapuera\/#breadcrumb\",\"itemListElement\":[{\"@type\":\"ListItem\",\"position\":1,\"name\":\"In\u00edcio\",\"item\":\"https:\/\/www.encontramoema.com.br\/sobre\/\"},{\"@type\":\"ListItem\",\"position\":2,\"name\":\"Pal\u00e1cio do Jud\u00f4 no Ibirapuera\"}]},{\"@type\":\"WebSite\",\"@id\":\"https:\/\/www.encontramoema.com.br\/sobre\/#website\",\"url\":\"https:\/\/www.encontramoema.com.br\/sobre\/\",\"name\":\"Encontra Moema\",\"description\":\"Not\u00edcias, eventos, informa\u00e7\u00f5es e dicas no bairro de Moema e regi\u00e3o.\",\"potentialAction\":[{\"@type\":\"SearchAction\",\"target\":{\"@type\":\"EntryPoint\",\"urlTemplate\":\"https:\/\/www.encontramoema.com.br\/sobre\/?s={search_term_string}\"},\"query-input\":{\"@type\":\"PropertyValueSpecification\",\"valueRequired\":true,\"valueName\":\"search_term_string\"}}],\"inLanguage\":\"pt-BR\"}]}<\/script>\n<!-- \/ Yoast SEO plugin. -->","yoast_head_json":{"title":"Pal\u00e1cio do Jud\u00f4 no Ibirapuera - Encontra Moema","robots":{"index":"index","follow":"follow","max-snippet":"max-snippet:-1","max-image-preview":"max-image-preview:large","max-video-preview":"max-video-preview:-1"},"canonical":"https:\/\/www.encontramoema.com.br\/sobre\/palacio-do-judo-no-ibirapuera\/","og_locale":"pt_BR","og_type":"article","og_title":"Pal\u00e1cio do Jud\u00f4 no Ibirapuera - Encontra Moema","og_description":"O Pal\u00e1cio do Jud\u00f4 no Ibirapuera \u00e9 um espa\u00e7o para treinamentos e competi\u00e7\u00f5es de jud\u00f4 com 900 m\u00b2 e capacidade para 500 pessoas. L\u00e1 al\u00e9m das famosas competi\u00e7\u00f5es e treinamentos de Jud\u00f4 \u00e9 poss\u00edvel encontrar\u00a0treinamentos e competi\u00e7\u00f5es de V\u00f4lei. O Espa\u00e7o \u00e9 integrante do Conjunto Desportivo Const\u00e2ncio Vaz Guimar\u00e3es, no qual tamb\u00e9m fazem parte o Gin\u00e1sio do Ibirapuera, o Est\u00e1dio do Ibirapuera, o Gin\u00e1sio Poliesportivo Mauro Pinheiro e o Conjunto Aqu\u00e1tico Caio Pompeu de Toledo. Hor\u00e1rio de Funcionamento\u00a0Pal\u00e1cio do Jud\u00f4\u00a0Ibirapuera Todos os dias das 8h \u00e0s 22h Os hor\u00e1rios podem ser alterados sem aviso. Consulte o local para confirmar. Endere\u00e7o","og_url":"https:\/\/www.encontramoema.com.br\/sobre\/palacio-do-judo-no-ibirapuera\/","og_site_name":"Encontra Moema","article_modified_time":"2017-08-07T16:40:15+00:00","og_image":[{"url":"http:\/\/www.encontramoema.com.br\/sobre\/wp-content\/uploads\/2017\/08\/palacio-do-judo-ibirapuera-moema.jpg","type":"","width":"","height":""}],"twitter_card":"summary_large_image","twitter_misc":{"Est. tempo de leitura":"1 minuto"},"schema":{"@context":"https:\/\/schema.org","@graph":[{"@type":"WebPage","@id":"https:\/\/www.encontramoema.com.br\/sobre\/palacio-do-judo-no-ibirapuera\/","url":"https:\/\/www.encontramoema.com.br\/sobre\/palacio-do-judo-no-ibirapuera\/","name":"Pal\u00e1cio do Jud\u00f4 no Ibirapuera - Encontra Moema","isPartOf":{"@id":"https:\/\/www.encontramoema.com.br\/sobre\/#website"},"primaryImageOfPage":{"@id":"https:\/\/www.encontramoema.com.br\/sobre\/palacio-do-judo-no-ibirapuera\/#primaryimage"},"image":{"@id":"https:\/\/www.encontramoema.com.br\/sobre\/palacio-do-judo-no-ibirapuera\/#primaryimage"},"thumbnailUrl":"http:\/\/www.encontramoema.com.br\/sobre\/wp-content\/uploads\/2017\/08\/palacio-do-judo-ibirapuera-moema.jpg","datePublished":"2017-08-07T16:39:32+00:00","dateModified":"2017-08-07T16:40:15+00:00","breadcrumb":{"@id":"https:\/\/www.encontramoema.com.br\/sobre\/palacio-do-judo-no-ibirapuera\/#breadcrumb"},"inLanguage":"pt-BR","potentialAction":[{"@type":"ReadAction","target":["https:\/\/www.encontramoema.com.br\/sobre\/palacio-do-judo-no-ibirapuera\/"]}]},{"@type":"ImageObject","inLanguage":"pt-BR","@id":"https:\/\/www.encontramoema.com.br\/sobre\/palacio-do-judo-no-ibirapuera\/#primaryimage","url":"https:\/\/www.encontramoema.com.br\/sobre\/wp-content\/uploads\/2017\/08\/palacio-do-judo-ibirapuera-moema.jpg","contentUrl":"https:\/\/www.encontramoema.com.br\/sobre\/wp-content\/uploads\/2017\/08\/palacio-do-judo-ibirapuera-moema.jpg","width":640,"height":361},{"@type":"BreadcrumbList","@id":"https:\/\/www.encontramoema.com.br\/sobre\/palacio-do-judo-no-ibirapuera\/#breadcrumb","itemListElement":[{"@type":"ListItem","position":1,"name":"In\u00edcio","item":"https:\/\/www.encontramoema.com.br\/sobre\/"},{"@type":"ListItem","position":2,"name":"Pal\u00e1cio do Jud\u00f4 no Ibirapuera"}]},{"@type":"WebSite","@id":"https:\/\/www.encontramoema.com.br\/sobre\/#website","url":"https:\/\/www.encontramoema.com.br\/sobre\/","name":"Encontra Moema","description":"Not\u00edcias, eventos, informa\u00e7\u00f5es e dicas no bairro de Moema e regi\u00e3o.","potentialAction":[{"@type":"SearchAction","target":{"@type":"EntryPoint","urlTemplate":"https:\/\/www.encontramoema.com.br\/sobre\/?s={search_term_string}"},"query-input":{"@type":"PropertyValueSpecification","valueRequired":true,"valueName":"search_term_string"}}],"inLanguage":"pt-BR"}]}},"_links":{"self":[{"href":"https:\/\/www.encontramoema.com.br\/sobre\/wp-json\/wp\/v2\/pages\/20622","targetHints":{"allow":["GET"]}}],"collection":[{"href":"https:\/\/www.encontramoema.com.br\/sobre\/wp-json\/wp\/v2\/pages"}],"about":[{"href":"https:\/\/www.encontramoema.com.br\/sobre\/wp-json\/wp\/v2\/types\/page"}],"author":[{"embeddable":true,"href":"https:\/\/www.encontramoema.com.br\/sobre\/wp-json\/wp\/v2\/users\/1"}],"replies":[{"embeddable":true,"href":"https:\/\/www.encontramoema.com.br\/sobre\/wp-json\/wp\/v2\/comments?post=20622"}],"version-history":[{"count":0,"href":"https:\/\/www.encontramoema.com.br\/sobre\/wp-json\/wp\/v2\/pages\/20622\/revisions"}],"wp:attachment":[{"href":"https:\/\/www.encontramoema.com.br\/sobre\/wp-json\/wp\/v2\/media?parent=20622"}],"curies":[{"name":"wp","href":"https:\/\/api.w.org\/{rel}","templated":true}]}}