{"id":20624,"date":"2017-08-07T15:24:35","date_gmt":"2017-08-07T17:24:35","guid":{"rendered":"http:\/\/www.encontramoema.com.br\/sobre\/?page_id=20624"},"modified":"2017-08-07T15:24:35","modified_gmt":"2017-08-07T17:24:35","slug":"parque-das-bicicletas","status":"publish","type":"page","link":"https:\/\/www.encontramoema.com.br\/sobre\/parque-das-bicicletas\/","title":{"rendered":"Parque das Bicicletas"},"content":{"rendered":"<div class=\"b7f545a958fd6350ffae2d30a84cafb8\" data-index=\"1\" style=\"float: none; margin:0px;\">\n<!-- Anuncio display - global -->\r\n<ins class=\"adsbygoogle\"\r\n     style=\"display:block\"\r\n     data-ad-client=\"ca-pub-8585364105181520\"\r\n     data-ad-slot=\"8789329856\"\r\n     data-ad-format=\"auto\"\r\n     data-full-width-responsive=\"true\"><\/ins>\r\n<script>\r\n     (adsbygoogle = window.adsbygoogle || []).push({});\r\n<\/script>\n<\/div>\n<p>Uma boa sugest\u00e3o para aqueles que apreciam o esporte, lazer e recrea\u00e7\u00e3o &#8211; quer seja durante semana ou apenas nos s\u00e1bado e domingos &#8211; est\u00e1 na zona sul da cidade de S\u00e3o Paulo, pr\u00f3ximo ao parque do Ibirapuera: o <strong>Parque das Bicicletas<\/strong>.<\/p>\n<p>Inaugurado em agosto de 2000, \u00e9 um local bastante seguro para se manter a forma e ficar em contato com a natureza.<\/p>\n<p><img loading=\"lazy\" decoding=\"async\" class=\"alignnone wp-image-20625 size-full\" title=\"Parque das Bicicletas\" src=\"http:\/\/www.encontramoema.com.br\/sobre\/wp-content\/uploads\/2017\/08\/parque-das-bicicletas-moema.jpg\" alt=\"Parque das Bicicletas\" width=\"681\" height=\"413\" srcset=\"https:\/\/www.encontramoema.com.br\/sobre\/wp-content\/uploads\/2017\/08\/parque-das-bicicletas-moema.jpg 681w, https:\/\/www.encontramoema.com.br\/sobre\/wp-content\/uploads\/2017\/08\/parque-das-bicicletas-moema-300x182.jpg 300w\" sizes=\"auto, (max-width: 681px) 100vw, 681px\" \/><\/p>\n<p>Com uma \u00e1rea total de 20 mil m\u00b2, oferece ciclovia, \u00e1rea para patins, skate, patinete, pista de caminhada, local de lazer e quiosque.<\/p>\n<p>As duas pistas asfaltadas e planas, com 3 mil metros de extens\u00e3o, ficam em meio a uma \u00e1rea verde arborizada, com palmeiras, ip\u00eas e pitangueiras, um verdadeiro projeto paisag\u00edstico apropriado \u00e0s suas finalidades, de promo\u00e7\u00e3o de esporte, lazer e recrea\u00e7\u00e3o.<\/p>\n<p>O Parque das Bicicletas conta, ainda, com um biciclet\u00e1rio e um local exclusivo para os pais ensinarem seus filhos a andar de bicicleta.<\/p>\n<p>Somente animais n\u00e3o podem entrar no Parque, aberto diariamente das 6h \u00e0s 22h, com entrada gratuita. O Parque das Bicicletas se localiza na Alameda Ira\u00e9 (esquina com a avenida Indian\u00f3polis), 35, em Moema<\/p>\n<h2>Parque das Bicicletas Aluguel de Bike<\/h2>\n<p>Logo na entrada do Parque das Bicicletas \u00e9 poss\u00edvel encontrar Bikes para alugar, em tamanhos adultos e infantis e com varia\u00e7\u00e3o de pre\u00e7os.<\/p>\n<h3>Parque das Bicicletas Estacionamento<\/h3>\n<p>O Parque das Bicicletas conta com um pequeno estacionamento para facilitar a vida de seus usu\u00e1rios.<\/p>\n<h3>Hor\u00e1rio de Funcionamento Parque das Bicicletas\u00a0Moema<\/h3>\n<ul>\n<li>Todos os dias das 6h \u00e0s 22h<\/li>\n<li>Os hor\u00e1rios podem ser alterados sem aviso. Consulte o local para confirmar.<\/li>\n<\/ul>\n<h3>Endere\u00e7o e Telefone Parque das Bicicletas\u00a0em Moema<\/h3>\n<ul>\n<li>Alameda Ira\u00e9, 35, Moema\u00a0&#8211; S\u00e3o Paulo &#8211; SP<\/li>\n<li>Telefone: (11)\u00a03396-6400<\/li>\n<\/ul>\n<h4>Outras Informa\u00e7\u00f5es e Site<\/h4>\n<ul>\n<li>Mais informa\u00e7\u00f5es:\u00a0<a href=\"http:\/\/www.prefeitura.sp.gov.br\/\" target=\"_blank\" rel=\"noopener noreferrer\">www.prefeitura.sp.gov.br<\/a><\/li>\n<\/ul>\n<h4>Mapa de localiza\u00e7\u00e3o<\/h4>\n<a class=\"wp-colorbox-iframe\" href=\"https:\/\/www.google.com\/maps\/embed?pb=!1m14!1m8!1m3!1d14624.509855356415!2d-46.6569558!3d-23.5997612!3m2!1i1024!2i768!4f13.1!3m3!1m2!1s0x00x926358f73e88fc45!2sParque+das+Bicicletas!5e0!3m2!1spt-BR!2sbr!4v1502126439416\"><img decoding=\"async\" src=\"http:\/\/www.encontramoema.com.br\/imgs\/maps-post.png\"><\/a>\n\n<div style=\"font-size: 0px; height: 0px; line-height: 0px; margin: 0; padding: 0; clear: both;\"><\/div>","protected":false},"excerpt":{"rendered":"<p>Uma boa sugest\u00e3o para aqueles que apreciam o esporte, lazer e recrea\u00e7\u00e3o &#8211; quer seja durante semana ou apenas nos s\u00e1bado e domingos &#8211; est\u00e1 na zona sul da cidade de S\u00e3o Paulo, pr\u00f3ximo ao parque do Ibirapuera: o Parque das Bicicletas. Inaugurado em agosto de 2000, \u00e9 um local bastante seguro para se manter a forma e ficar em contato com a natureza. Com uma \u00e1rea total de 20 mil m\u00b2, oferece ciclovia, \u00e1rea para patins, skate, patinete, pista de caminhada, local de lazer e quiosque. As duas pistas asfaltadas e planas, com 3 mil metros de extens\u00e3o, ficam <\/p>\n","protected":false},"author":1,"featured_media":0,"parent":0,"menu_order":0,"comment_status":"closed","ping_status":"closed","template":"","meta":{"footnotes":""},"class_list":["post-20624","page","type-page","status-publish","hentry"],"yoast_head":"<!-- This site is optimized with the Yoast SEO plugin v26.3 - https:\/\/yoast.com\/wordpress\/plugins\/seo\/ -->\n<title>Parque das Bicicletas - Encontra Moema<\/title>\n<meta name=\"robots\" content=\"index, follow, max-snippet:-1, max-image-preview:large, max-video-preview:-1\" \/>\n<link rel=\"canonical\" href=\"https:\/\/www.encontramoema.com.br\/sobre\/parque-das-bicicletas\/\" \/>\n<meta property=\"og:locale\" content=\"pt_BR\" \/>\n<meta property=\"og:type\" content=\"article\" \/>\n<meta property=\"og:title\" content=\"Parque das Bicicletas - Encontra Moema\" \/>\n<meta property=\"og:description\" content=\"Uma boa sugest\u00e3o para aqueles que apreciam o esporte, lazer e recrea\u00e7\u00e3o &#8211; quer seja durante semana ou apenas nos s\u00e1bado e domingos &#8211; est\u00e1 na zona sul da cidade de S\u00e3o Paulo, pr\u00f3ximo ao parque do Ibirapuera: o Parque das Bicicletas. Inaugurado em agosto de 2000, \u00e9 um local bastante seguro para se manter a forma e ficar em contato com a natureza. Com uma \u00e1rea total de 20 mil m\u00b2, oferece ciclovia, \u00e1rea para patins, skate, patinete, pista de caminhada, local de lazer e quiosque. As duas pistas asfaltadas e planas, com 3 mil metros de extens\u00e3o, ficam\" \/>\n<meta property=\"og:url\" content=\"https:\/\/www.encontramoema.com.br\/sobre\/parque-das-bicicletas\/\" \/>\n<meta property=\"og:site_name\" content=\"Encontra Moema\" \/>\n<meta property=\"og:image\" content=\"http:\/\/www.encontramoema.com.br\/sobre\/wp-content\/uploads\/2017\/08\/parque-das-bicicletas-moema.jpg\" \/>\n<meta name=\"twitter:card\" content=\"summary_large_image\" \/>\n<meta name=\"twitter:label1\" content=\"Est. tempo de leitura\" \/>\n\t<meta name=\"twitter:data1\" content=\"2 minutos\" \/>\n<script type=\"application\/ld+json\" class=\"yoast-schema-graph\">{\"@context\":\"https:\/\/schema.org\",\"@graph\":[{\"@type\":\"WebPage\",\"@id\":\"https:\/\/www.encontramoema.com.br\/sobre\/parque-das-bicicletas\/\",\"url\":\"https:\/\/www.encontramoema.com.br\/sobre\/parque-das-bicicletas\/\",\"name\":\"Parque das Bicicletas - Encontra Moema\",\"isPartOf\":{\"@id\":\"https:\/\/www.encontramoema.com.br\/sobre\/#website\"},\"primaryImageOfPage\":{\"@id\":\"https:\/\/www.encontramoema.com.br\/sobre\/parque-das-bicicletas\/#primaryimage\"},\"image\":{\"@id\":\"https:\/\/www.encontramoema.com.br\/sobre\/parque-das-bicicletas\/#primaryimage\"},\"thumbnailUrl\":\"http:\/\/www.encontramoema.com.br\/sobre\/wp-content\/uploads\/2017\/08\/parque-das-bicicletas-moema.jpg\",\"datePublished\":\"2017-08-07T17:24:35+00:00\",\"breadcrumb\":{\"@id\":\"https:\/\/www.encontramoema.com.br\/sobre\/parque-das-bicicletas\/#breadcrumb\"},\"inLanguage\":\"pt-BR\",\"potentialAction\":[{\"@type\":\"ReadAction\",\"target\":[\"https:\/\/www.encontramoema.com.br\/sobre\/parque-das-bicicletas\/\"]}]},{\"@type\":\"ImageObject\",\"inLanguage\":\"pt-BR\",\"@id\":\"https:\/\/www.encontramoema.com.br\/sobre\/parque-das-bicicletas\/#primaryimage\",\"url\":\"https:\/\/www.encontramoema.com.br\/sobre\/wp-content\/uploads\/2017\/08\/parque-das-bicicletas-moema.jpg\",\"contentUrl\":\"https:\/\/www.encontramoema.com.br\/sobre\/wp-content\/uploads\/2017\/08\/parque-das-bicicletas-moema.jpg\",\"width\":681,\"height\":413},{\"@type\":\"BreadcrumbList\",\"@id\":\"https:\/\/www.encontramoema.com.br\/sobre\/parque-das-bicicletas\/#breadcrumb\",\"itemListElement\":[{\"@type\":\"ListItem\",\"position\":1,\"name\":\"In\u00edcio\",\"item\":\"https:\/\/www.encontramoema.com.br\/sobre\/\"},{\"@type\":\"ListItem\",\"position\":2,\"name\":\"Parque das Bicicletas\"}]},{\"@type\":\"WebSite\",\"@id\":\"https:\/\/www.encontramoema.com.br\/sobre\/#website\",\"url\":\"https:\/\/www.encontramoema.com.br\/sobre\/\",\"name\":\"Encontra Moema\",\"description\":\"Not\u00edcias, eventos, informa\u00e7\u00f5es e dicas no bairro de Moema e regi\u00e3o.\",\"potentialAction\":[{\"@type\":\"SearchAction\",\"target\":{\"@type\":\"EntryPoint\",\"urlTemplate\":\"https:\/\/www.encontramoema.com.br\/sobre\/?s={search_term_string}\"},\"query-input\":{\"@type\":\"PropertyValueSpecification\",\"valueRequired\":true,\"valueName\":\"search_term_string\"}}],\"inLanguage\":\"pt-BR\"}]}<\/script>\n<!-- \/ Yoast SEO plugin. -->","yoast_head_json":{"title":"Parque das Bicicletas - Encontra Moema","robots":{"index":"index","follow":"follow","max-snippet":"max-snippet:-1","max-image-preview":"max-image-preview:large","max-video-preview":"max-video-preview:-1"},"canonical":"https:\/\/www.encontramoema.com.br\/sobre\/parque-das-bicicletas\/","og_locale":"pt_BR","og_type":"article","og_title":"Parque das Bicicletas - Encontra Moema","og_description":"Uma boa sugest\u00e3o para aqueles que apreciam o esporte, lazer e recrea\u00e7\u00e3o &#8211; quer seja durante semana ou apenas nos s\u00e1bado e domingos &#8211; est\u00e1 na zona sul da cidade de S\u00e3o Paulo, pr\u00f3ximo ao parque do Ibirapuera: o Parque das Bicicletas. Inaugurado em agosto de 2000, \u00e9 um local bastante seguro para se manter a forma e ficar em contato com a natureza. Com uma \u00e1rea total de 20 mil m\u00b2, oferece ciclovia, \u00e1rea para patins, skate, patinete, pista de caminhada, local de lazer e quiosque. As duas pistas asfaltadas e planas, com 3 mil metros de extens\u00e3o, ficam","og_url":"https:\/\/www.encontramoema.com.br\/sobre\/parque-das-bicicletas\/","og_site_name":"Encontra Moema","og_image":[{"url":"http:\/\/www.encontramoema.com.br\/sobre\/wp-content\/uploads\/2017\/08\/parque-das-bicicletas-moema.jpg","type":"","width":"","height":""}],"twitter_card":"summary_large_image","twitter_misc":{"Est. tempo de leitura":"2 minutos"},"schema":{"@context":"https:\/\/schema.org","@graph":[{"@type":"WebPage","@id":"https:\/\/www.encontramoema.com.br\/sobre\/parque-das-bicicletas\/","url":"https:\/\/www.encontramoema.com.br\/sobre\/parque-das-bicicletas\/","name":"Parque das Bicicletas - Encontra Moema","isPartOf":{"@id":"https:\/\/www.encontramoema.com.br\/sobre\/#website"},"primaryImageOfPage":{"@id":"https:\/\/www.encontramoema.com.br\/sobre\/parque-das-bicicletas\/#primaryimage"},"image":{"@id":"https:\/\/www.encontramoema.com.br\/sobre\/parque-das-bicicletas\/#primaryimage"},"thumbnailUrl":"http:\/\/www.encontramoema.com.br\/sobre\/wp-content\/uploads\/2017\/08\/parque-das-bicicletas-moema.jpg","datePublished":"2017-08-07T17:24:35+00:00","breadcrumb":{"@id":"https:\/\/www.encontramoema.com.br\/sobre\/parque-das-bicicletas\/#breadcrumb"},"inLanguage":"pt-BR","potentialAction":[{"@type":"ReadAction","target":["https:\/\/www.encontramoema.com.br\/sobre\/parque-das-bicicletas\/"]}]},{"@type":"ImageObject","inLanguage":"pt-BR","@id":"https:\/\/www.encontramoema.com.br\/sobre\/parque-das-bicicletas\/#primaryimage","url":"https:\/\/www.encontramoema.com.br\/sobre\/wp-content\/uploads\/2017\/08\/parque-das-bicicletas-moema.jpg","contentUrl":"https:\/\/www.encontramoema.com.br\/sobre\/wp-content\/uploads\/2017\/08\/parque-das-bicicletas-moema.jpg","width":681,"height":413},{"@type":"BreadcrumbList","@id":"https:\/\/www.encontramoema.com.br\/sobre\/parque-das-bicicletas\/#breadcrumb","itemListElement":[{"@type":"ListItem","position":1,"name":"In\u00edcio","item":"https:\/\/www.encontramoema.com.br\/sobre\/"},{"@type":"ListItem","position":2,"name":"Parque das Bicicletas"}]},{"@type":"WebSite","@id":"https:\/\/www.encontramoema.com.br\/sobre\/#website","url":"https:\/\/www.encontramoema.com.br\/sobre\/","name":"Encontra Moema","description":"Not\u00edcias, eventos, informa\u00e7\u00f5es e dicas no bairro de Moema e regi\u00e3o.","potentialAction":[{"@type":"SearchAction","target":{"@type":"EntryPoint","urlTemplate":"https:\/\/www.encontramoema.com.br\/sobre\/?s={search_term_string}"},"query-input":{"@type":"PropertyValueSpecification","valueRequired":true,"valueName":"search_term_string"}}],"inLanguage":"pt-BR"}]}},"_links":{"self":[{"href":"https:\/\/www.encontramoema.com.br\/sobre\/wp-json\/wp\/v2\/pages\/20624","targetHints":{"allow":["GET"]}}],"collection":[{"href":"https:\/\/www.encontramoema.com.br\/sobre\/wp-json\/wp\/v2\/pages"}],"about":[{"href":"https:\/\/www.encontramoema.com.br\/sobre\/wp-json\/wp\/v2\/types\/page"}],"author":[{"embeddable":true,"href":"https:\/\/www.encontramoema.com.br\/sobre\/wp-json\/wp\/v2\/users\/1"}],"replies":[{"embeddable":true,"href":"https:\/\/www.encontramoema.com.br\/sobre\/wp-json\/wp\/v2\/comments?post=20624"}],"version-history":[{"count":0,"href":"https:\/\/www.encontramoema.com.br\/sobre\/wp-json\/wp\/v2\/pages\/20624\/revisions"}],"wp:attachment":[{"href":"https:\/\/www.encontramoema.com.br\/sobre\/wp-json\/wp\/v2\/media?parent=20624"}],"curies":[{"name":"wp","href":"https:\/\/api.w.org\/{rel}","templated":true}]}}