{"id":20626,"date":"2017-08-07T15:58:15","date_gmt":"2017-08-07T17:58:15","guid":{"rendered":"http:\/\/www.encontramoema.com.br\/sobre\/?page_id=20626"},"modified":"2023-08-09T16:12:06","modified_gmt":"2023-08-09T18:12:06","slug":"parque-ibirapuera","status":"publish","type":"page","link":"https:\/\/www.encontramoema.com.br\/sobre\/parque-ibirapuera\/","title":{"rendered":"Parque Ibirapuera"},"content":{"rendered":"<div class=\"b7f545a958fd6350ffae2d30a84cafb8\" data-index=\"1\" style=\"float: none; margin:0px;\">\n<!-- Anuncio display - global -->\r\n<ins class=\"adsbygoogle\"\r\n     style=\"display:block\"\r\n     data-ad-client=\"ca-pub-8585364105181520\"\r\n     data-ad-slot=\"8789329856\"\r\n     data-ad-format=\"auto\"\r\n     data-full-width-responsive=\"true\"><\/ins>\r\n<script>\r\n     (adsbygoogle = window.adsbygoogle || []).push({});\r\n<\/script>\n<\/div>\n<p>O <strong>Parque Ibirapuera<\/strong> ( em Tupi &#8220;madeira podre&#8221; ) \u00e9 o mais importante e famoso parque urbano da cidade de S\u00e3o Paulo, Brasil.<\/p>\n<p>Foi inaugurado em 21 de agosto de 1954 para a comemora\u00e7\u00e3o do quarto centen\u00e1rio da cidade e s\u00f3 perde em tamanho para o Parque do Carmo, localizado em Itaquera.<\/p>\n<p><img loading=\"lazy\" decoding=\"async\" class=\"alignnone wp-image-20627 size-full\" title=\"Parque do Ibirapuera\" src=\"https:\/\/www.encontramoema.com.br\/sobre\/wp-content\/uploads\/2017\/08\/parque-ibirapuera-moema.jpg\" alt=\"Parque do Ibirapuera\" width=\"937\" height=\"521\" srcset=\"https:\/\/www.encontramoema.com.br\/sobre\/wp-content\/uploads\/2017\/08\/parque-ibirapuera-moema.jpg 937w, https:\/\/www.encontramoema.com.br\/sobre\/wp-content\/uploads\/2017\/08\/parque-ibirapuera-moema-300x167.jpg 300w, https:\/\/www.encontramoema.com.br\/sobre\/wp-content\/uploads\/2017\/08\/parque-ibirapuera-moema-768x427.jpg 768w\" sizes=\"auto, (max-width: 937px) 100vw, 937px\" \/><\/p>\n<p>A regi\u00e3o alagadi\u00e7a ( Ibirapuera (ypi-ra-ou\u00eara) significa &#8220;pau podre ou \u00e1rvore apodrecida&#8221; em l\u00edngua tupi; &#8220;ibir\u00e1&#8221;, \u00e1rvore, &#8220;puera&#8221;, o que j\u00e1 foi ) que havia sido parte de uma aldeia ind\u00edgena na \u00e9poca da coloniza\u00e7\u00e3o, era at\u00e9 ent\u00e3o uma \u00e1rea de ch\u00e1caras e pastagens.<\/p>\n<p>J\u00e1 na d\u00e9cada de 1920, o ent\u00e3o prefeito da cidade &#8211; Jos\u00e9 Pires do Rio &#8211; idealizou a transforma\u00e7\u00e3o daquela \u00e1rea em um parque semelhante aos existentes na Europa e Estados Unidos da Am\u00e9rica, como o Bois de Boulogne em Paris, o Hyde Park em Londres ou o Central Park em Nova Iorque.<\/p>\n<p>O obst\u00e1culo representado pelo terreno alagadi\u00e7o, no entanto, frustrou a ideia, at\u00e9 que um funcion\u00e1rio da prefeitura, Manuel Lopes de Oliveira, conhecido como Manequinho Lopes, apaixonado por plantas, iniciou em 1927 o plantio de centenas de eucaliptos australianos, cujo objetivo era a drenagem do solo e a elimina\u00e7\u00e3o do excesso de umidade.<\/p>\n<p>Finalmente, em 1951, o ent\u00e3o governador Lucas Nogueira Garcez institui uma comiss\u00e3o mista &#8211; composta por representantes dos poderes p\u00fablicos e da iniciativa privada &#8211; para que o Parque do Ibirapuera se tornasse o marco das comemora\u00e7\u00f5es do IV Centen\u00e1rio da cidade.<\/p>\n<p>Coube ao arquiteto Oscar Niemeyer a responsabilidade pelo projeto arquitet\u00f4nico e a Roberto Burle Marx, o projeto paisag\u00edstico ( embora este nunca tenha sido executado ), sendo, no entanto, constru\u00eddo o projeto do engenheiro agr\u00f4nomo Ot\u00e1vio Augusto Teixeira Mendes.<\/p>\n<p>Tr\u00eas anos depois, no entanto, o anivers\u00e1rio da cidade, em 25 de janeiro de 1954, n\u00e3o pode contar com a inaugura\u00e7\u00e3o do Parque do Ibirapuera, que s\u00f3 ficaria conclu\u00eddo sete meses depois.<\/p>\n<p>A inaugura\u00e7\u00e3o em agosto, contou com 640 estandes montados por treze estados e dezenove pa\u00edses, merecendo destaque a constru\u00e7\u00e3o, pelo Jap\u00e3o, de uma r\u00e9plica do Pal\u00e1cio Katura, ainda hoje atra\u00e7\u00e3o do Parque do Ibirapuera e conhecida como Pavilh\u00e3o Japon\u00eas.<\/p>\n<p>Desde 1999, a Sabesp &#8211; empresa de saneamento paulista, instalou uma esta\u00e7\u00e3o de flota\u00e7\u00e3o, garantindo a qualidade das \u00e1guas dos lagos que comp\u00f5em o Parque do Ibirapuera.<\/p>\n<h2>Parque Ibirapuera\u00a0Programa\u00e7\u00e3o<\/h2>\n<p>Para saber tudo que acontece no parque mais famoso de S\u00e3o Paulo, acesse o site oficial do Parque Ibirapuera abaixo.<\/p>\n<h3>Parque Ibirapuera Estacionamento<\/h3>\n<p>Desde 2006 todas as vagas do Parque Ibirapuera s\u00e3o Zona Azul. O espa\u00e7o \u00e9 administrado pela CET seguindo o padr\u00e3o Zona Azul.<\/p>\n<p>Sim \u00e9 pago como em qualquer canto movimentado da cidade e o motorista\u00a0n\u00e3o pode ficar parado na mesma vaga a tarde toda.<\/p>\n<p>Se n\u00e3o fosse assim, a prefeitura n\u00e3o teria como estimular a rotatividade e ningu\u00e9m\u00a0nunca encontraria vaga. Logo, as recomendamos \u00e9 de que o cidad\u00e3o\u00a0venha a p\u00e9, bicicleta ou transporte p\u00fablico.<\/p>\n<p>Zona Azul \u00e9 diferente no Parque Ibirapuera veja:<\/p>\n<p>Entenda como funciona o cart\u00e3o Zona Azul que \u00e9 o mesmo que se\u00a0usa em toda a cidade, mas com tempo de perman\u00eancia ampliado.<\/p>\n<ul>\n<li>1 cart\u00e3o de 1 hora vale por 2 horas;<\/li>\n<li>2 cart\u00f5es de 1 hora valem por 4 horas.<\/li>\n<\/ul>\n<p>As outras regras permanecem id\u00eanticas:<\/p>\n<ul>\n<li>ao final do per\u00edodo de estacionamento, n\u00e3o basta trocar o cart\u00e3o. \u00c9\u00a0preciso tamb\u00e9m mudar de vaga.<\/li>\n<\/ul>\n<h3>Parque Ibirapuera Port\u00e3o 3<\/h3>\n<p>O port\u00e3o 3 do Parque Ibirapuera \u00e9 um dos mais acessados por estar localizado na Avenida Pedro \u00c1lvares Cabral conhecida como a entrada principal do Parque, esse port\u00e3o da acesso a pedestres e a carros.<\/p>\n<h3>Conjunto Arquitet\u00f4nico<\/h3>\n<p>Al\u00e9m do Pavilh\u00e3o Japon\u00eas, outras constru\u00e7\u00f5es da \u00e9poca da inaugura\u00e7\u00e3o fazem parte hoje do conjunto arquitet\u00f4nico do Parque do Ibirapuera:<\/p>\n<p>\u2022 O Pal\u00e1cio das Ind\u00fastrias, hoje Pavilh\u00e3o Cicillo Matarazzo, ou apenas Pavilh\u00e3o da Bienal, atual sede da Bienal de S\u00e3o Paulo.<\/p>\n<p>\u2022 O Pal\u00e1cio das Na\u00e7\u00f5es, conhecido como Pavilh\u00e3o Manuel da N\u00f3brega, que foi sede da Prefeitura at\u00e9 1992 e hoje abriga o <a href=\"https:\/\/www.encontramoema.com.br\/sobre\/museu-afro-brasil-em-moema\/\"><span style=\"text-decoration: underline;\">Museu Afro Brasil<\/span><\/a>;<\/p>\n<p>\u2022 O Pal\u00e1cio das Exposi\u00e7\u00f5es tamb\u00e9m chamado de Pavilh\u00e3o Lucas Nogueira Garcez ou apenas Oca &#8211; antiga sede do Museu da Aeron\u00e1utica e do Museu do Folclore;<\/p>\n<p>\u2022 O Pal\u00e1cio dos Estados &#8211; atual Pavilh\u00e3o Engenheiro Armando de Arruda Pereira, antiga sede da PRODAM (Empresa de Tecnologia da Informa\u00e7\u00e3o e Comunica\u00e7\u00e3o do Munic\u00edpio de S\u00e3o Paulo);<\/p>\n<p>\u2022 O Pal\u00e1cio da Agricultura &#8211; antiga\u00a0sede do DETRAN (Departamento de Tr\u00e2nsito) e que foi constru\u00eddo inicialmente para abrigar a Secretaria da Agricultura, e hoje sede do <a href=\"https:\/\/www.encontramoema.com.br\/sobre\/museu-de-arte-contemporanea-mac-usp\/\"><span style=\"text-decoration: underline;\">Museu de Arte Contempor\u00e2nea &#8211; MAC &#8211; USP<\/span><\/a>;<\/p>\n<p>\u2022 A Grande Marquise &#8211; local onde est\u00e1 situado o <a href=\"https:\/\/www.encontramoema.com.br\/sobre\/museu-de-arte-moderna-mam\/\"><span style=\"text-decoration: underline;\">Museu de Arte Moderna &#8211; MAM<\/span><\/a>;<\/p>\n<p>\u2022 O Gin\u00e1sio de Esportes;<\/p>\n<p>\u2022 O Vel\u00f3dromo ( o primeiro existente no pa\u00eds ) e o conjunto de lagos;<\/p>\n<p>\u2022 O Obelisco do Ibirapuera, s\u00edmbolo da Revolu\u00e7\u00e3o Constitucionalista de 1932, o monumento de 72 metros de altura \u00e9 tamb\u00e9m mausol\u00e9u dos estudantes M.M.D.C;<\/p>\n<p>\u2022 O Monumento \u00e0s Bandeiras, monumento em homenagem aos bandeirantes;<\/p>\n<p>\u2022 O Viveiro Manequinho Lopes;<\/p>\n<p>\u2022 O Planet\u00e1rio e a Escola Municipal de Astrof\u00edsica;<\/p>\n<p>A \u00faltima constru\u00e7\u00e3o conclu\u00edda no Parque do Ibirapuera foi o Audit\u00f3rio Ibirapuera ( inaugurado em 2005 ), edifica\u00e7\u00e3o que constava nos planos iniciais do arquiteto, mas que n\u00e3o havia sido executada.<\/p>\n<p>Antes do audit\u00f3rio, concluiu-se o Monumento a Pedro \u00c1lvares Cabral, de Pedro Morrone, por ocasi\u00e3o dos 500 anos do Descobrimento do Brasil. A pe\u00e7a possui 5 metros em bronze, e seu pedestal em m\u00e1rmore mede 2 m x 1,80 m x 1,84 m.<\/p>\n<p>Pr\u00f3ximo ao parque tamb\u00e9m se encontra o Model\u00f3dromo do Ibirapuera que \u00e9 o ponto de encontro oficial dos colecionadores, competidores, montadores e apreciadores de miniaturas de avi\u00f5es, navios, helic\u00f3pteros, carros e trens.<\/p>\n<h3>Hor\u00e1rio de Funcionamento Parque Ibirapuera<\/h3>\n<ul>\n<li>Todos os dias das 5h \u00e0 0h ( funciona 24h de S\u00e1b para Dom )<\/li>\n<li>Os hor\u00e1rios podem ser alterados sem aviso. Consulte o local para confirmar.<\/li>\n<\/ul>\n<h3>Endere\u00e7o e Telefone Parque Ibirapuera\u00a0em\u00a0Moema<\/h3>\n<ul>\n<li>Av. Pedro \u00c1lvares Cabral, Moema\u00a0&#8211; S\u00e3o Paulo &#8211; SP<\/li>\n<li>Telefone: (11)\u00a05574-5045<\/li>\n<\/ul>\n<h4>Outras Informa\u00e7\u00f5es e Site<\/h4>\n<ul>\n<li>Mais informa\u00e7\u00f5es:\u00a0<a href=\"https:\/\/www.parquedoibirapuera.org\/\" target=\"_blank\" rel=\"noopener\">www.parquedoibirapuera.org<\/a><\/li>\n<\/ul>\n<h4>Street View Parque Ibirapuera<\/h4>\n<p><iframe loading=\"lazy\" style=\"border: 0;\" src=\"https:\/\/www.google.com\/maps\/embed?pb=!1m0!4v1502129581429!6m8!1m7!1s9OOqQdN6Vkg-6uwwAvae4w!2m2!1d-23.5889098554125!2d-46.65630472412676!3f193.07142857022083!4f3.45626456494675!5f0.4000000000000002\" width=\"100%\" height=\"450\" frameborder=\"0\" allowfullscreen=\"allowfullscreen\"><\/iframe><\/p>\n<h4>Mapa de localiza\u00e7\u00e3o<\/h4>\n<a class=\"wp-colorbox-iframe\" href=\"https:\/\/www.google.com\/maps\/embed?pb=!1m14!1m8!1m3!1d14625.886142665544!2d-46.6576336!3d-23.5874162!3m2!1i1024!2i768!4f13.1!3m3!1m2!1s0x00xcb936109af9ce541!2sParque+Ibirapuera!5e0!3m2!1spt-BR!2sbr!4v1502128471274\"><img decoding=\"async\" src=\"http:\/\/www.encontramoema.com.br\/imgs\/maps-post.png\"><\/a>\n\n<div style=\"font-size: 0px; height: 0px; line-height: 0px; margin: 0; padding: 0; clear: both;\"><\/div>","protected":false},"excerpt":{"rendered":"<p>O Parque Ibirapuera ( em Tupi &#8220;madeira podre&#8221; ) \u00e9 o mais importante e famoso parque urbano da cidade de S\u00e3o Paulo, Brasil. Foi inaugurado em 21 de agosto de 1954 para a comemora\u00e7\u00e3o do quarto centen\u00e1rio da cidade e s\u00f3 perde em tamanho para o Parque do Carmo, localizado em Itaquera. A regi\u00e3o alagadi\u00e7a ( Ibirapuera (ypi-ra-ou\u00eara) significa &#8220;pau podre ou \u00e1rvore apodrecida&#8221; em l\u00edngua tupi; &#8220;ibir\u00e1&#8221;, \u00e1rvore, &#8220;puera&#8221;, o que j\u00e1 foi ) que havia sido parte de uma aldeia ind\u00edgena na \u00e9poca da coloniza\u00e7\u00e3o, era at\u00e9 ent\u00e3o uma \u00e1rea de ch\u00e1caras e pastagens. J\u00e1 na d\u00e9cada de <\/p>\n","protected":false},"author":1,"featured_media":0,"parent":0,"menu_order":0,"comment_status":"closed","ping_status":"closed","template":"","meta":{"footnotes":""},"class_list":["post-20626","page","type-page","status-publish","hentry"],"yoast_head":"<!-- This site is optimized with the Yoast SEO plugin v26.3 - https:\/\/yoast.com\/wordpress\/plugins\/seo\/ -->\n<title>Parque Ibirapuera - Encontra Moema<\/title>\n<meta name=\"robots\" content=\"index, follow, max-snippet:-1, max-image-preview:large, max-video-preview:-1\" \/>\n<link rel=\"canonical\" href=\"https:\/\/www.encontramoema.com.br\/sobre\/parque-ibirapuera\/\" \/>\n<meta property=\"og:locale\" content=\"pt_BR\" \/>\n<meta property=\"og:type\" content=\"article\" \/>\n<meta property=\"og:title\" content=\"Parque Ibirapuera - Encontra Moema\" \/>\n<meta property=\"og:description\" content=\"O Parque Ibirapuera ( em Tupi &#8220;madeira podre&#8221; ) \u00e9 o mais importante e famoso parque urbano da cidade de S\u00e3o Paulo, Brasil. Foi inaugurado em 21 de agosto de 1954 para a comemora\u00e7\u00e3o do quarto centen\u00e1rio da cidade e s\u00f3 perde em tamanho para o Parque do Carmo, localizado em Itaquera. A regi\u00e3o alagadi\u00e7a ( Ibirapuera (ypi-ra-ou\u00eara) significa &#8220;pau podre ou \u00e1rvore apodrecida&#8221; em l\u00edngua tupi; &#8220;ibir\u00e1&#8221;, \u00e1rvore, &#8220;puera&#8221;, o que j\u00e1 foi ) que havia sido parte de uma aldeia ind\u00edgena na \u00e9poca da coloniza\u00e7\u00e3o, era at\u00e9 ent\u00e3o uma \u00e1rea de ch\u00e1caras e pastagens. J\u00e1 na d\u00e9cada de\" \/>\n<meta property=\"og:url\" content=\"https:\/\/www.encontramoema.com.br\/sobre\/parque-ibirapuera\/\" \/>\n<meta property=\"og:site_name\" content=\"Encontra Moema\" \/>\n<meta property=\"article:modified_time\" content=\"2023-08-09T18:12:06+00:00\" \/>\n<meta property=\"og:image\" content=\"https:\/\/www.encontramoema.com.br\/sobre\/wp-content\/uploads\/2017\/08\/parque-ibirapuera-moema.jpg\" \/>\n<meta name=\"twitter:card\" content=\"summary_large_image\" \/>\n<meta name=\"twitter:label1\" content=\"Est. tempo de leitura\" \/>\n\t<meta name=\"twitter:data1\" content=\"6 minutos\" \/>\n<script type=\"application\/ld+json\" class=\"yoast-schema-graph\">{\"@context\":\"https:\/\/schema.org\",\"@graph\":[{\"@type\":\"WebPage\",\"@id\":\"https:\/\/www.encontramoema.com.br\/sobre\/parque-ibirapuera\/\",\"url\":\"https:\/\/www.encontramoema.com.br\/sobre\/parque-ibirapuera\/\",\"name\":\"Parque Ibirapuera - Encontra Moema\",\"isPartOf\":{\"@id\":\"https:\/\/www.encontramoema.com.br\/sobre\/#website\"},\"primaryImageOfPage\":{\"@id\":\"https:\/\/www.encontramoema.com.br\/sobre\/parque-ibirapuera\/#primaryimage\"},\"image\":{\"@id\":\"https:\/\/www.encontramoema.com.br\/sobre\/parque-ibirapuera\/#primaryimage\"},\"thumbnailUrl\":\"https:\/\/www.encontramoema.com.br\/sobre\/wp-content\/uploads\/2017\/08\/parque-ibirapuera-moema.jpg\",\"datePublished\":\"2017-08-07T17:58:15+00:00\",\"dateModified\":\"2023-08-09T18:12:06+00:00\",\"breadcrumb\":{\"@id\":\"https:\/\/www.encontramoema.com.br\/sobre\/parque-ibirapuera\/#breadcrumb\"},\"inLanguage\":\"pt-BR\",\"potentialAction\":[{\"@type\":\"ReadAction\",\"target\":[\"https:\/\/www.encontramoema.com.br\/sobre\/parque-ibirapuera\/\"]}]},{\"@type\":\"ImageObject\",\"inLanguage\":\"pt-BR\",\"@id\":\"https:\/\/www.encontramoema.com.br\/sobre\/parque-ibirapuera\/#primaryimage\",\"url\":\"https:\/\/www.encontramoema.com.br\/sobre\/wp-content\/uploads\/2017\/08\/parque-ibirapuera-moema.jpg\",\"contentUrl\":\"https:\/\/www.encontramoema.com.br\/sobre\/wp-content\/uploads\/2017\/08\/parque-ibirapuera-moema.jpg\",\"width\":937,\"height\":521},{\"@type\":\"BreadcrumbList\",\"@id\":\"https:\/\/www.encontramoema.com.br\/sobre\/parque-ibirapuera\/#breadcrumb\",\"itemListElement\":[{\"@type\":\"ListItem\",\"position\":1,\"name\":\"In\u00edcio\",\"item\":\"https:\/\/www.encontramoema.com.br\/sobre\/\"},{\"@type\":\"ListItem\",\"position\":2,\"name\":\"Parque Ibirapuera\"}]},{\"@type\":\"WebSite\",\"@id\":\"https:\/\/www.encontramoema.com.br\/sobre\/#website\",\"url\":\"https:\/\/www.encontramoema.com.br\/sobre\/\",\"name\":\"Encontra Moema\",\"description\":\"Not\u00edcias, eventos, informa\u00e7\u00f5es e dicas no bairro de Moema e regi\u00e3o.\",\"potentialAction\":[{\"@type\":\"SearchAction\",\"target\":{\"@type\":\"EntryPoint\",\"urlTemplate\":\"https:\/\/www.encontramoema.com.br\/sobre\/?s={search_term_string}\"},\"query-input\":{\"@type\":\"PropertyValueSpecification\",\"valueRequired\":true,\"valueName\":\"search_term_string\"}}],\"inLanguage\":\"pt-BR\"}]}<\/script>\n<!-- \/ Yoast SEO plugin. -->","yoast_head_json":{"title":"Parque Ibirapuera - Encontra Moema","robots":{"index":"index","follow":"follow","max-snippet":"max-snippet:-1","max-image-preview":"max-image-preview:large","max-video-preview":"max-video-preview:-1"},"canonical":"https:\/\/www.encontramoema.com.br\/sobre\/parque-ibirapuera\/","og_locale":"pt_BR","og_type":"article","og_title":"Parque Ibirapuera - Encontra Moema","og_description":"O Parque Ibirapuera ( em Tupi &#8220;madeira podre&#8221; ) \u00e9 o mais importante e famoso parque urbano da cidade de S\u00e3o Paulo, Brasil. Foi inaugurado em 21 de agosto de 1954 para a comemora\u00e7\u00e3o do quarto centen\u00e1rio da cidade e s\u00f3 perde em tamanho para o Parque do Carmo, localizado em Itaquera. A regi\u00e3o alagadi\u00e7a ( Ibirapuera (ypi-ra-ou\u00eara) significa &#8220;pau podre ou \u00e1rvore apodrecida&#8221; em l\u00edngua tupi; &#8220;ibir\u00e1&#8221;, \u00e1rvore, &#8220;puera&#8221;, o que j\u00e1 foi ) que havia sido parte de uma aldeia ind\u00edgena na \u00e9poca da coloniza\u00e7\u00e3o, era at\u00e9 ent\u00e3o uma \u00e1rea de ch\u00e1caras e pastagens. J\u00e1 na d\u00e9cada de","og_url":"https:\/\/www.encontramoema.com.br\/sobre\/parque-ibirapuera\/","og_site_name":"Encontra Moema","article_modified_time":"2023-08-09T18:12:06+00:00","og_image":[{"url":"https:\/\/www.encontramoema.com.br\/sobre\/wp-content\/uploads\/2017\/08\/parque-ibirapuera-moema.jpg","type":"","width":"","height":""}],"twitter_card":"summary_large_image","twitter_misc":{"Est. tempo de leitura":"6 minutos"},"schema":{"@context":"https:\/\/schema.org","@graph":[{"@type":"WebPage","@id":"https:\/\/www.encontramoema.com.br\/sobre\/parque-ibirapuera\/","url":"https:\/\/www.encontramoema.com.br\/sobre\/parque-ibirapuera\/","name":"Parque Ibirapuera - Encontra Moema","isPartOf":{"@id":"https:\/\/www.encontramoema.com.br\/sobre\/#website"},"primaryImageOfPage":{"@id":"https:\/\/www.encontramoema.com.br\/sobre\/parque-ibirapuera\/#primaryimage"},"image":{"@id":"https:\/\/www.encontramoema.com.br\/sobre\/parque-ibirapuera\/#primaryimage"},"thumbnailUrl":"https:\/\/www.encontramoema.com.br\/sobre\/wp-content\/uploads\/2017\/08\/parque-ibirapuera-moema.jpg","datePublished":"2017-08-07T17:58:15+00:00","dateModified":"2023-08-09T18:12:06+00:00","breadcrumb":{"@id":"https:\/\/www.encontramoema.com.br\/sobre\/parque-ibirapuera\/#breadcrumb"},"inLanguage":"pt-BR","potentialAction":[{"@type":"ReadAction","target":["https:\/\/www.encontramoema.com.br\/sobre\/parque-ibirapuera\/"]}]},{"@type":"ImageObject","inLanguage":"pt-BR","@id":"https:\/\/www.encontramoema.com.br\/sobre\/parque-ibirapuera\/#primaryimage","url":"https:\/\/www.encontramoema.com.br\/sobre\/wp-content\/uploads\/2017\/08\/parque-ibirapuera-moema.jpg","contentUrl":"https:\/\/www.encontramoema.com.br\/sobre\/wp-content\/uploads\/2017\/08\/parque-ibirapuera-moema.jpg","width":937,"height":521},{"@type":"BreadcrumbList","@id":"https:\/\/www.encontramoema.com.br\/sobre\/parque-ibirapuera\/#breadcrumb","itemListElement":[{"@type":"ListItem","position":1,"name":"In\u00edcio","item":"https:\/\/www.encontramoema.com.br\/sobre\/"},{"@type":"ListItem","position":2,"name":"Parque Ibirapuera"}]},{"@type":"WebSite","@id":"https:\/\/www.encontramoema.com.br\/sobre\/#website","url":"https:\/\/www.encontramoema.com.br\/sobre\/","name":"Encontra Moema","description":"Not\u00edcias, eventos, informa\u00e7\u00f5es e dicas no bairro de Moema e regi\u00e3o.","potentialAction":[{"@type":"SearchAction","target":{"@type":"EntryPoint","urlTemplate":"https:\/\/www.encontramoema.com.br\/sobre\/?s={search_term_string}"},"query-input":{"@type":"PropertyValueSpecification","valueRequired":true,"valueName":"search_term_string"}}],"inLanguage":"pt-BR"}]}},"_links":{"self":[{"href":"https:\/\/www.encontramoema.com.br\/sobre\/wp-json\/wp\/v2\/pages\/20626","targetHints":{"allow":["GET"]}}],"collection":[{"href":"https:\/\/www.encontramoema.com.br\/sobre\/wp-json\/wp\/v2\/pages"}],"about":[{"href":"https:\/\/www.encontramoema.com.br\/sobre\/wp-json\/wp\/v2\/types\/page"}],"author":[{"embeddable":true,"href":"https:\/\/www.encontramoema.com.br\/sobre\/wp-json\/wp\/v2\/users\/1"}],"replies":[{"embeddable":true,"href":"https:\/\/www.encontramoema.com.br\/sobre\/wp-json\/wp\/v2\/comments?post=20626"}],"version-history":[{"count":0,"href":"https:\/\/www.encontramoema.com.br\/sobre\/wp-json\/wp\/v2\/pages\/20626\/revisions"}],"wp:attachment":[{"href":"https:\/\/www.encontramoema.com.br\/sobre\/wp-json\/wp\/v2\/media?parent=20626"}],"curies":[{"name":"wp","href":"https:\/\/api.w.org\/{rel}","templated":true}]}}