{"id":20630,"date":"2017-08-07T16:43:51","date_gmt":"2017-08-07T18:43:51","guid":{"rendered":"http:\/\/www.encontramoema.com.br\/sobre\/?page_id=20630"},"modified":"2017-08-07T16:45:35","modified_gmt":"2017-08-07T18:45:35","slug":"planetario-do-ibirapuera","status":"publish","type":"page","link":"https:\/\/www.encontramoema.com.br\/sobre\/planetario-do-ibirapuera\/","title":{"rendered":"Planet\u00e1rio do Ibirapuera"},"content":{"rendered":"<div class=\"b7f545a958fd6350ffae2d30a84cafb8\" data-index=\"1\" style=\"float: none; margin:0px;\">\n<!-- Anuncio display - global -->\r\n<ins class=\"adsbygoogle\"\r\n     style=\"display:block\"\r\n     data-ad-client=\"ca-pub-8585364105181520\"\r\n     data-ad-slot=\"8789329856\"\r\n     data-ad-format=\"auto\"\r\n     data-full-width-responsive=\"true\"><\/ins>\r\n<script>\r\n     (adsbygoogle = window.adsbygoogle || []).push({});\r\n<\/script>\n<\/div>\n<p>O Planet\u00e1rio Professor Arist\u00f3teles Orsini conhecido apenas como <strong>Planet\u00e1rio do Ibirapuera<\/strong> \u00e9 um planet\u00e1rio localizado no <a href=\"http:\/\/www.encontramoema.com.br\/sobre\/parque-ibirapuera\/\"><span style=\"text-decoration: underline;\">Parque Ibirapuera<\/span><\/a>. Inaugurado em 1957.<\/p>\n<p>No dia 22 de setembro de 2006 o Planet\u00e1rio do Ibirapuera voltou a funcionar. Foram sete anos, mas a espera valeu a pena. Ele voltou com equipamentos modernos, de \u00faltima gera\u00e7\u00e3o.<\/p>\n<p><img loading=\"lazy\" decoding=\"async\" class=\"alignnone wp-image-20631 size-full\" title=\"Planet\u00e1rio do Ibirapuera\" src=\"http:\/\/www.encontramoema.com.br\/sobre\/wp-content\/uploads\/2017\/08\/planetario-ibirapuera-moema.jpg\" alt=\"Planet\u00e1rio do Ibirapuera\" width=\"681\" height=\"413\" srcset=\"https:\/\/www.encontramoema.com.br\/sobre\/wp-content\/uploads\/2017\/08\/planetario-ibirapuera-moema.jpg 681w, https:\/\/www.encontramoema.com.br\/sobre\/wp-content\/uploads\/2017\/08\/planetario-ibirapuera-moema-300x182.jpg 300w\" sizes=\"auto, (max-width: 681px) 100vw, 681px\" \/><\/p>\n<p>O projetor StarMaster, de fabrica\u00e7\u00e3o da empresa alem\u00e3 Carl Zeiss, substituiu o antigo Universarium III, e juntamente com 44 projetores perif\u00e9ricos e outros equipamentos.<\/p>\n<p>O Planet\u00e1rio do Ibirapuera foi o primeiro a ser instalado na Am\u00e9rica Latina, em 26 de janeiro de 1957. O pr\u00e9dio, de autoria dos arquitetos Eduardo Corona, Roberto G.<\/p>\n<p>Tibau e Ant\u00f4nio Carlos Pitombo, \u00e9 inspirado na arquitetura dos anos 50, e \u00e9 tombado pelo Conselho Municipal de Tombamento e Preserva\u00e7\u00e3o do Patrim\u00f4nio Hist\u00f3rico, Cultural e Ambiental da Cidade de S\u00e3o Paulo ( CONPRESP ) e pelo Conselho de Defesa do Patrim\u00f4nio Hist\u00f3rico, Arqueol\u00f3gico, Art\u00edstico e Tur\u00edstico do Estado ( CONDEPHAAT ).<\/p>\n<p>Antes de fechar as portas, em 1999, o Planet\u00e1rio do Ibirapuera recebia anualmente mais de 350 mil visitantes &#8211; na sua maioria estudantes &#8211; e quase 4 milh\u00f5es de pessoas j\u00e1 haviam assistido \u00e0s proje\u00e7\u00f5es.<\/p>\n<p>O pr\u00e9dio foi interditado por apresentar problemas em sua infra-estrutura, causados por infiltra\u00e7\u00f5es e infesta\u00e7\u00e3o de cupins.<\/p>\n<p>Um restauro completo deixou o pr\u00e9dio novo em folha, pronto para receber o projetor StarMaster.<\/p>\n<p>A novidade \u00e9 um elevador panor\u00e2mico que possibilita o acesso de pessoas portadoras de necessidades especiais ao mezanino, localizado em pavimento superior \u00e0 sala de proje\u00e7\u00e3o.<\/p>\n<p>Al\u00e9m disso, o processo de recupera\u00e7\u00e3o do pr\u00e9dio deixou aparente um revestimento de madeira trabalhado que envolve a c\u00fapula de concreto, que antes ficava escondido por um forro.<\/p>\n<p>A sala possui capacidade m\u00e1xima para 300 pessoas.<\/p>\n<h3>Planet\u00e1rio\u00a0do Ibirapuera Programa\u00e7\u00e3o &#8211; Pre\u00e7o<\/h3>\n<p>Os hor\u00e1rios das sess\u00f5es s\u00e3o: 13h, 15h, 17h e 19h. Duram aproximadamente 40 minutos e s\u00e3o <span style=\"text-decoration: underline;\">gratuitas<\/span>. Ocorrem aos s\u00e1bados, domingos e feriados nos meses de mar\u00e7o a junho e agosto a novembro.<\/p>\n<p>Nos meses de f\u00e9rias ( janeiro, fevereiro, julho e dezembro ) as sess\u00f5es abertas ao p\u00fablico ocorrem \u00e0s sextas-feiras \u00e0s 15h e 17h, e os s\u00e1bados, domingos e feriados \u00e0s 13h, 15h, 17h e 19h.<\/p>\n<p>As senhas para as exibi\u00e7\u00f5es ao p\u00fablico s\u00e3o distribu\u00eddas sempre uma hora antes do hor\u00e1rio das sess\u00f5es.<\/p>\n<p>N\u00e3o ser\u00e1 feita reserva de lugares por telefone, internet, e-mail ou qualquer outro m\u00e9todo que n\u00e3o seja a distribui\u00e7\u00e3o de senhas dentro dos hor\u00e1rios estabelecidos.<\/p>\n<h3>Planet\u00e1rio\u00a0do Ibirapuera Agendamento<\/h3>\n<p>Grupos de estudantes, acompanhados de um professor para cada 15 alunos, poder\u00e3o visitar o Planet\u00e1rio Professor Arist\u00f3teles Orsini, por meio de agendamento pr\u00e9vio realizado pelo e-mail:<\/p>\n<ul>\n<li>agendamentoescolarplanetarioibirapuera@prefeitura.sp.gov.br<\/li>\n<\/ul>\n<p>As sess\u00f5es oferecidas para agendamento escolar acontecem \u00e0s quartas, quintas e sextas-feiras. S\u00e3o quatro hor\u00e1rios de exibi\u00e7\u00e3o: \u00e0s 9h, 10h30, 14h e 15h30. Mais informa\u00e7\u00f5es pelo telefone abaixo.<\/p>\n<h3>Hor\u00e1rio de Funcionamento Planet\u00e1rio do Ibirapuera<\/h3>\n<ul>\n<li>Os hor\u00e1rios variam de acordo com o dia e sess\u00e3o confira na programa\u00e7\u00e3o acima.<\/li>\n<li>Os hor\u00e1rios acima podem ser alterados sem aviso. Consulte o local para confirmar.<\/li>\n<\/ul>\n<h3>Endere\u00e7o e Telefone Planet\u00e1rio do Ibirapuera\u00a0em\u00a0Moema<\/h3>\n<ul>\n<li>Av. Pedro \u00c1lvares Cabral, s\/n &#8211; Port\u00e3o 10, Moema\u00a0&#8211; S\u00e3o Paulo &#8211; SP<\/li>\n<li>Telefone: (11)\u00a05575-5206<\/li>\n<\/ul>\n<h4>Outras Informa\u00e7\u00f5es e Site<\/h4>\n<ul>\n<li>Mais informa\u00e7\u00f5es:\u00a0<a href=\"http:\/\/parqueibirapuera.org\/\">www.parqueibirapuera.org<\/a><\/li>\n<\/ul>\n<h4>Mapa de localiza\u00e7\u00e3o<\/h4>\n<a class=\"wp-colorbox-iframe\" href=\"https:\/\/www.google.com\/maps\/embed?pb=!1m14!1m8!1m3!1d14626.210488591832!2d-46.660916!3d-23.584506!3m2!1i1024!2i768!4f13.1!3m3!1m2!1s0x00x5930ef03cce191d7!2sPlanetrio+do+Ibirapuera+Aristteles+Orsini!5e0!3m2!1spt-BR!2sbr!4v1502131278074\"><img decoding=\"async\" src=\"http:\/\/www.encontramoema.com.br\/imgs\/maps-post.png\"><\/a>\n\n<div style=\"font-size: 0px; height: 0px; line-height: 0px; margin: 0; padding: 0; clear: both;\"><\/div>","protected":false},"excerpt":{"rendered":"<p>O Planet\u00e1rio Professor Arist\u00f3teles Orsini conhecido apenas como Planet\u00e1rio do Ibirapuera \u00e9 um planet\u00e1rio localizado no Parque Ibirapuera. Inaugurado em 1957. No dia 22 de setembro de 2006 o Planet\u00e1rio do Ibirapuera voltou a funcionar. Foram sete anos, mas a espera valeu a pena. Ele voltou com equipamentos modernos, de \u00faltima gera\u00e7\u00e3o. O projetor StarMaster, de fabrica\u00e7\u00e3o da empresa alem\u00e3 Carl Zeiss, substituiu o antigo Universarium III, e juntamente com 44 projetores perif\u00e9ricos e outros equipamentos. O Planet\u00e1rio do Ibirapuera foi o primeiro a ser instalado na Am\u00e9rica Latina, em 26 de janeiro de 1957. O pr\u00e9dio, de autoria dos <\/p>\n","protected":false},"author":1,"featured_media":0,"parent":0,"menu_order":0,"comment_status":"closed","ping_status":"closed","template":"","meta":{"footnotes":""},"class_list":["post-20630","page","type-page","status-publish","hentry"],"yoast_head":"<!-- This site is optimized with the Yoast SEO plugin v26.3 - https:\/\/yoast.com\/wordpress\/plugins\/seo\/ -->\n<title>Planet\u00e1rio do Ibirapuera - Encontra Moema<\/title>\n<meta name=\"robots\" content=\"index, follow, max-snippet:-1, max-image-preview:large, max-video-preview:-1\" \/>\n<link rel=\"canonical\" href=\"https:\/\/www.encontramoema.com.br\/sobre\/planetario-do-ibirapuera\/\" \/>\n<meta property=\"og:locale\" content=\"pt_BR\" \/>\n<meta property=\"og:type\" content=\"article\" \/>\n<meta property=\"og:title\" content=\"Planet\u00e1rio do Ibirapuera - Encontra Moema\" \/>\n<meta property=\"og:description\" content=\"O Planet\u00e1rio Professor Arist\u00f3teles Orsini conhecido apenas como Planet\u00e1rio do Ibirapuera \u00e9 um planet\u00e1rio localizado no Parque Ibirapuera. Inaugurado em 1957. No dia 22 de setembro de 2006 o Planet\u00e1rio do Ibirapuera voltou a funcionar. Foram sete anos, mas a espera valeu a pena. Ele voltou com equipamentos modernos, de \u00faltima gera\u00e7\u00e3o. O projetor StarMaster, de fabrica\u00e7\u00e3o da empresa alem\u00e3 Carl Zeiss, substituiu o antigo Universarium III, e juntamente com 44 projetores perif\u00e9ricos e outros equipamentos. O Planet\u00e1rio do Ibirapuera foi o primeiro a ser instalado na Am\u00e9rica Latina, em 26 de janeiro de 1957. O pr\u00e9dio, de autoria dos\" \/>\n<meta property=\"og:url\" content=\"https:\/\/www.encontramoema.com.br\/sobre\/planetario-do-ibirapuera\/\" \/>\n<meta property=\"og:site_name\" content=\"Encontra Moema\" \/>\n<meta property=\"article:modified_time\" content=\"2017-08-07T18:45:35+00:00\" \/>\n<meta property=\"og:image\" content=\"http:\/\/www.encontramoema.com.br\/sobre\/wp-content\/uploads\/2017\/08\/planetario-ibirapuera-moema.jpg\" \/>\n<meta name=\"twitter:card\" content=\"summary_large_image\" \/>\n<meta name=\"twitter:label1\" content=\"Est. tempo de leitura\" \/>\n\t<meta name=\"twitter:data1\" content=\"3 minutos\" \/>\n<script type=\"application\/ld+json\" class=\"yoast-schema-graph\">{\"@context\":\"https:\/\/schema.org\",\"@graph\":[{\"@type\":\"WebPage\",\"@id\":\"https:\/\/www.encontramoema.com.br\/sobre\/planetario-do-ibirapuera\/\",\"url\":\"https:\/\/www.encontramoema.com.br\/sobre\/planetario-do-ibirapuera\/\",\"name\":\"Planet\u00e1rio do Ibirapuera - Encontra Moema\",\"isPartOf\":{\"@id\":\"https:\/\/www.encontramoema.com.br\/sobre\/#website\"},\"primaryImageOfPage\":{\"@id\":\"https:\/\/www.encontramoema.com.br\/sobre\/planetario-do-ibirapuera\/#primaryimage\"},\"image\":{\"@id\":\"https:\/\/www.encontramoema.com.br\/sobre\/planetario-do-ibirapuera\/#primaryimage\"},\"thumbnailUrl\":\"http:\/\/www.encontramoema.com.br\/sobre\/wp-content\/uploads\/2017\/08\/planetario-ibirapuera-moema.jpg\",\"datePublished\":\"2017-08-07T18:43:51+00:00\",\"dateModified\":\"2017-08-07T18:45:35+00:00\",\"breadcrumb\":{\"@id\":\"https:\/\/www.encontramoema.com.br\/sobre\/planetario-do-ibirapuera\/#breadcrumb\"},\"inLanguage\":\"pt-BR\",\"potentialAction\":[{\"@type\":\"ReadAction\",\"target\":[\"https:\/\/www.encontramoema.com.br\/sobre\/planetario-do-ibirapuera\/\"]}]},{\"@type\":\"ImageObject\",\"inLanguage\":\"pt-BR\",\"@id\":\"https:\/\/www.encontramoema.com.br\/sobre\/planetario-do-ibirapuera\/#primaryimage\",\"url\":\"https:\/\/www.encontramoema.com.br\/sobre\/wp-content\/uploads\/2017\/08\/planetario-ibirapuera-moema.jpg\",\"contentUrl\":\"https:\/\/www.encontramoema.com.br\/sobre\/wp-content\/uploads\/2017\/08\/planetario-ibirapuera-moema.jpg\",\"width\":681,\"height\":413},{\"@type\":\"BreadcrumbList\",\"@id\":\"https:\/\/www.encontramoema.com.br\/sobre\/planetario-do-ibirapuera\/#breadcrumb\",\"itemListElement\":[{\"@type\":\"ListItem\",\"position\":1,\"name\":\"In\u00edcio\",\"item\":\"https:\/\/www.encontramoema.com.br\/sobre\/\"},{\"@type\":\"ListItem\",\"position\":2,\"name\":\"Planet\u00e1rio do Ibirapuera\"}]},{\"@type\":\"WebSite\",\"@id\":\"https:\/\/www.encontramoema.com.br\/sobre\/#website\",\"url\":\"https:\/\/www.encontramoema.com.br\/sobre\/\",\"name\":\"Encontra Moema\",\"description\":\"Not\u00edcias, eventos, informa\u00e7\u00f5es e dicas no bairro de Moema e regi\u00e3o.\",\"potentialAction\":[{\"@type\":\"SearchAction\",\"target\":{\"@type\":\"EntryPoint\",\"urlTemplate\":\"https:\/\/www.encontramoema.com.br\/sobre\/?s={search_term_string}\"},\"query-input\":{\"@type\":\"PropertyValueSpecification\",\"valueRequired\":true,\"valueName\":\"search_term_string\"}}],\"inLanguage\":\"pt-BR\"}]}<\/script>\n<!-- \/ Yoast SEO plugin. -->","yoast_head_json":{"title":"Planet\u00e1rio do Ibirapuera - Encontra Moema","robots":{"index":"index","follow":"follow","max-snippet":"max-snippet:-1","max-image-preview":"max-image-preview:large","max-video-preview":"max-video-preview:-1"},"canonical":"https:\/\/www.encontramoema.com.br\/sobre\/planetario-do-ibirapuera\/","og_locale":"pt_BR","og_type":"article","og_title":"Planet\u00e1rio do Ibirapuera - Encontra Moema","og_description":"O Planet\u00e1rio Professor Arist\u00f3teles Orsini conhecido apenas como Planet\u00e1rio do Ibirapuera \u00e9 um planet\u00e1rio localizado no Parque Ibirapuera. Inaugurado em 1957. No dia 22 de setembro de 2006 o Planet\u00e1rio do Ibirapuera voltou a funcionar. Foram sete anos, mas a espera valeu a pena. Ele voltou com equipamentos modernos, de \u00faltima gera\u00e7\u00e3o. O projetor StarMaster, de fabrica\u00e7\u00e3o da empresa alem\u00e3 Carl Zeiss, substituiu o antigo Universarium III, e juntamente com 44 projetores perif\u00e9ricos e outros equipamentos. O Planet\u00e1rio do Ibirapuera foi o primeiro a ser instalado na Am\u00e9rica Latina, em 26 de janeiro de 1957. O pr\u00e9dio, de autoria dos","og_url":"https:\/\/www.encontramoema.com.br\/sobre\/planetario-do-ibirapuera\/","og_site_name":"Encontra Moema","article_modified_time":"2017-08-07T18:45:35+00:00","og_image":[{"url":"http:\/\/www.encontramoema.com.br\/sobre\/wp-content\/uploads\/2017\/08\/planetario-ibirapuera-moema.jpg","type":"","width":"","height":""}],"twitter_card":"summary_large_image","twitter_misc":{"Est. tempo de leitura":"3 minutos"},"schema":{"@context":"https:\/\/schema.org","@graph":[{"@type":"WebPage","@id":"https:\/\/www.encontramoema.com.br\/sobre\/planetario-do-ibirapuera\/","url":"https:\/\/www.encontramoema.com.br\/sobre\/planetario-do-ibirapuera\/","name":"Planet\u00e1rio do Ibirapuera - Encontra Moema","isPartOf":{"@id":"https:\/\/www.encontramoema.com.br\/sobre\/#website"},"primaryImageOfPage":{"@id":"https:\/\/www.encontramoema.com.br\/sobre\/planetario-do-ibirapuera\/#primaryimage"},"image":{"@id":"https:\/\/www.encontramoema.com.br\/sobre\/planetario-do-ibirapuera\/#primaryimage"},"thumbnailUrl":"http:\/\/www.encontramoema.com.br\/sobre\/wp-content\/uploads\/2017\/08\/planetario-ibirapuera-moema.jpg","datePublished":"2017-08-07T18:43:51+00:00","dateModified":"2017-08-07T18:45:35+00:00","breadcrumb":{"@id":"https:\/\/www.encontramoema.com.br\/sobre\/planetario-do-ibirapuera\/#breadcrumb"},"inLanguage":"pt-BR","potentialAction":[{"@type":"ReadAction","target":["https:\/\/www.encontramoema.com.br\/sobre\/planetario-do-ibirapuera\/"]}]},{"@type":"ImageObject","inLanguage":"pt-BR","@id":"https:\/\/www.encontramoema.com.br\/sobre\/planetario-do-ibirapuera\/#primaryimage","url":"https:\/\/www.encontramoema.com.br\/sobre\/wp-content\/uploads\/2017\/08\/planetario-ibirapuera-moema.jpg","contentUrl":"https:\/\/www.encontramoema.com.br\/sobre\/wp-content\/uploads\/2017\/08\/planetario-ibirapuera-moema.jpg","width":681,"height":413},{"@type":"BreadcrumbList","@id":"https:\/\/www.encontramoema.com.br\/sobre\/planetario-do-ibirapuera\/#breadcrumb","itemListElement":[{"@type":"ListItem","position":1,"name":"In\u00edcio","item":"https:\/\/www.encontramoema.com.br\/sobre\/"},{"@type":"ListItem","position":2,"name":"Planet\u00e1rio do Ibirapuera"}]},{"@type":"WebSite","@id":"https:\/\/www.encontramoema.com.br\/sobre\/#website","url":"https:\/\/www.encontramoema.com.br\/sobre\/","name":"Encontra Moema","description":"Not\u00edcias, eventos, informa\u00e7\u00f5es e dicas no bairro de Moema e regi\u00e3o.","potentialAction":[{"@type":"SearchAction","target":{"@type":"EntryPoint","urlTemplate":"https:\/\/www.encontramoema.com.br\/sobre\/?s={search_term_string}"},"query-input":{"@type":"PropertyValueSpecification","valueRequired":true,"valueName":"search_term_string"}}],"inLanguage":"pt-BR"}]}},"_links":{"self":[{"href":"https:\/\/www.encontramoema.com.br\/sobre\/wp-json\/wp\/v2\/pages\/20630","targetHints":{"allow":["GET"]}}],"collection":[{"href":"https:\/\/www.encontramoema.com.br\/sobre\/wp-json\/wp\/v2\/pages"}],"about":[{"href":"https:\/\/www.encontramoema.com.br\/sobre\/wp-json\/wp\/v2\/types\/page"}],"author":[{"embeddable":true,"href":"https:\/\/www.encontramoema.com.br\/sobre\/wp-json\/wp\/v2\/users\/1"}],"replies":[{"embeddable":true,"href":"https:\/\/www.encontramoema.com.br\/sobre\/wp-json\/wp\/v2\/comments?post=20630"}],"version-history":[{"count":0,"href":"https:\/\/www.encontramoema.com.br\/sobre\/wp-json\/wp\/v2\/pages\/20630\/revisions"}],"wp:attachment":[{"href":"https:\/\/www.encontramoema.com.br\/sobre\/wp-json\/wp\/v2\/media?parent=20630"}],"curies":[{"name":"wp","href":"https:\/\/api.w.org\/{rel}","templated":true}]}}