{"id":20635,"date":"2017-08-07T17:50:58","date_gmt":"2017-08-07T19:50:58","guid":{"rendered":"http:\/\/www.encontramoema.com.br\/sobre\/?page_id=20635"},"modified":"2017-08-07T17:52:03","modified_gmt":"2017-08-07T19:52:03","slug":"shopping-ibirapuera","status":"publish","type":"page","link":"https:\/\/www.encontramoema.com.br\/sobre\/shopping-ibirapuera\/","title":{"rendered":"Shopping Ibirapuera"},"content":{"rendered":"<div class=\"b7f545a958fd6350ffae2d30a84cafb8\" data-index=\"1\" style=\"float: none; margin:0px;\">\n<!-- Anuncio display - global -->\r\n<ins class=\"adsbygoogle\"\r\n     style=\"display:block\"\r\n     data-ad-client=\"ca-pub-8585364105181520\"\r\n     data-ad-slot=\"8789329856\"\r\n     data-ad-format=\"auto\"\r\n     data-full-width-responsive=\"true\"><\/ins>\r\n<script>\r\n     (adsbygoogle = window.adsbygoogle || []).push({});\r\n<\/script>\n<\/div>\n<p>O sucesso de um shopping center \u00e9, sem d\u00favida nenhuma, conseq\u00fc\u00eancia da sua influ\u00eancia com a regi\u00e3o em que est\u00e1 instalado, e neste assunto, o <strong>Shopping Ibirapuera<\/strong> \u00e9 uma refer\u00eancia.<\/p>\n<p>Desde sua inaugura\u00e7\u00e3o em 1976, o Shopping Ibirapuera mant\u00e9m uma rela\u00e7\u00e3o \u00edntima, de respeito e de importantes conquistas com o seu bairro.<\/p>\n<p><img loading=\"lazy\" decoding=\"async\" class=\"alignnone wp-image-20636 size-full\" title=\"Shopping Ibirapuera \" src=\"http:\/\/www.encontramoema.com.br\/sobre\/wp-content\/uploads\/2017\/08\/shopping-ibirapuera-moema.jpg\" alt=\"Shopping Ibirapuera \" width=\"680\" height=\"189\" srcset=\"https:\/\/www.encontramoema.com.br\/sobre\/wp-content\/uploads\/2017\/08\/shopping-ibirapuera-moema.jpg 680w, https:\/\/www.encontramoema.com.br\/sobre\/wp-content\/uploads\/2017\/08\/shopping-ibirapuera-moema-300x83.jpg 300w\" sizes=\"auto, (max-width: 680px) 100vw, 680px\" \/><\/p>\n<p>Com uma \u00e1rea constru\u00edda de 163.165,42 m\u00b2, conta com 4 pisos, 435 lojas, 6 lojas \u00e2ncoras, 3 pra\u00e7as de alimenta\u00e7\u00e3o 9 elevadores e 38 escadas rolantes.<\/p>\n<p>Moema \u00e9 considerado o bairro com melhor qualidade de vida de S\u00e3o Paulo, por manter as ra\u00edzes de uma regi\u00e3o acolhedora. A presen\u00e7a do Shopping Ibirapuera torna Moema ainda mais privilegiado e um dos mais valorizados da capital paulista.<\/p>\n<p>Pr\u00f3ximo ao Parque do Ibirapuera, um dos cart\u00f5es postais da cidade, e ao aeroporto de maior tr\u00e1fego do Pa\u00eds (Congonhas), o Shopping Ibirapuera j\u00e1 tornou-se ponto de refer\u00eancia no bairro.<\/p>\n<p>Ao longo desses anos, o Shopping Ibirapuera adquiriu o respeito, a confian\u00e7a e, principalmente, a fideliza\u00e7\u00e3o de seus consumidores. Um p\u00fablico ecl\u00e9tico e democr\u00e1tico, que \u00e9 atra\u00eddo pela facilidade de acesso e variedade de lojas, com uma circula\u00e7\u00e3o m\u00e9dia de 80 mil pessoas por dia.<\/p>\n<h2>Shopping Ibirapuera Restaurantes<\/h2>\n<p>Alguns dos restaurantes que \u00e9 poss\u00edvel encontrar no Shopping Ibirapuera:<\/p>\n<ul>\n<li>Al H2\u00a0Arab<\/li>\n<li>Al Mare<\/li>\n<li>Andiamo<\/li>\n<li>Galetos<\/li>\n<li>Ibiza<\/li>\n<li>Jigs<\/li>\n<li>Kalili<\/li>\n<li>Mania de Churrasco<\/li>\n<li>Wan&#8217;s Grill<\/li>\n<\/ul>\n<h3>Shopping Ibirapuera Cinema<\/h3>\n<p>O Shopping Ibirapuera n\u00e3o possui nenhuma franquia de cinema e nem cinema pr\u00f3prio.<\/p>\n<h3>Shopping Ibirapuera Estacionamento<\/h3>\n<p>S\u00e3o ao todo 6 pisos que oferecem milhares de vagas de estacionamento. O estacionamento \u00e9 cobrado conforme quantidade de horas.<\/p>\n<h3>Vagas Shopping Ibirapuera\u00a0Moema\u00a0&#8211; Trabalhe Conosco<\/h3>\n<p>A Shopping Ibirapuera\u00a0Moema\u00a0disponibiliza algumas vagas de trabalho durante alguns per\u00edodos do ano. Para se informar sobre os processos seletivos e se candidatar acesse o site oficial abaixo, onde \u00e9 poss\u00edvel se informar sobre vagas dispon\u00edveis, sal\u00e1rios e compet\u00eancias necess\u00e1rias para se candidatar ao processo.<\/p>\n<h3>Shopping Ibirapuera Lojas<\/h3>\n<table border=\"1\" width=\"100%\">\n<tbody>\n<tr>\n<td colspan=\"4\" bgcolor=\"#FF5353\">\n<div align=\"center\"><strong>LOJAS<\/strong><\/div>\n<\/td>\n<\/tr>\n<tr>\n<td bgcolor=\"#FFDFDF\" width=\"25%\"><strong>A<\/strong><\/td>\n<td>Costume<\/td>\n<td>L&#8217;occitane<\/td>\n<td bgcolor=\"#FFDFDF\"><strong>S<\/strong><\/td>\n<\/tr>\n<tr>\n<td>A Miniatura<\/td>\n<td>Crawford<\/td>\n<td>Lohan Coiffure<\/td>\n<td>S Rolim<\/td>\n<\/tr>\n<tr>\n<td>Access<\/td>\n<td>Criatiff<\/td>\n<td>Lojas Americanas<\/td>\n<td>S&amp;b<\/td>\n<\/tr>\n<tr>\n<td>Accessorize<\/td>\n<td>Cumplice<\/td>\n<td>London Joalheiros<\/td>\n<td>Salad Creations<\/td>\n<\/tr>\n<tr>\n<td>\u00c1gua de Cheiro<\/td>\n<td>Cupido J\u00f3ias<\/td>\n<td>Lot\u00e9rica Sortecenter<\/td>\n<td>Salens<\/td>\n<\/tr>\n<tr>\n<td>Akkar Soft<\/td>\n<td>Cvc<\/td>\n<td>Luhfi<\/td>\n<td>Santa Lolla<\/td>\n<\/tr>\n<tr>\n<td>Al H2 Arab<\/td>\n<td bgcolor=\"#FFDFDF\"><strong>D<\/strong><\/td>\n<td>Luigi Bertolli<\/td>\n<td>Santa Marinella<\/td>\n<\/tr>\n<tr>\n<td>Al Mare<\/td>\n<td>Daminco<\/td>\n<td>Lumina Dent<\/td>\n<td>Santander<\/td>\n<\/tr>\n<tr>\n<td>All Parmegiana<\/td>\n<td>Datelli<\/td>\n<td>Lupo<\/td>\n<td>Sao Reebok<\/td>\n<\/tr>\n<tr>\n<td>Americanino<\/td>\n<td>Dautore<\/td>\n<td>Lutti Time<\/td>\n<td>Sapataria do Futuro<\/td>\n<\/tr>\n<tr>\n<td>Amor aos Peda\u00e7os<\/td>\n<td>Dazzling<\/td>\n<td>Luz da Lua<\/td>\n<td>Saraiva<\/td>\n<\/tr>\n<tr>\n<td>Ana Capri<\/td>\n<td>Deny Sports<\/td>\n<td bgcolor=\"#FFDFDF\"><strong>M<\/strong><\/td>\n<td>Sayegh<\/td>\n<\/tr>\n<tr>\n<td>Anarella<\/td>\n<td>Depilaser<\/td>\n<td>M Martan<\/td>\n<td>Scala<\/td>\n<\/tr>\n<tr>\n<td>Andiamo<\/td>\n<td>Di Pollini<\/td>\n<td>M Morgado<\/td>\n<td>Scene<\/td>\n<\/tr>\n<tr>\n<td>Andorra<\/td>\n<td>Dinis<\/td>\n<td>M Officer<\/td>\n<td>Schutz<\/td>\n<\/tr>\n<tr>\n<td>Animale<\/td>\n<td>Doctor Feet<\/td>\n<td>Madame Bijoux<\/td>\n<td>Seduti<\/td>\n<\/tr>\n<tr>\n<td>Any Any<\/td>\n<td>Drogaria S\u00e3o Paulo<\/td>\n<td>Magia &amp; Folia<\/td>\n<td>Seventeen<\/td>\n<\/tr>\n<tr>\n<td>Aramis<\/td>\n<td>Dryzun<\/td>\n<td>Magic Costura<\/td>\n<td>Shoulder<\/td>\n<\/tr>\n<tr>\n<td>Arezzo<\/td>\n<td>Dudalina Double<\/td>\n<td>Magic Feet<\/td>\n<td>Siberian<\/td>\n<\/tr>\n<tr>\n<td>Aria Joalheiros<\/td>\n<td>Dumond<\/td>\n<td>Mahogany<\/td>\n<td>Sicrets Acess\u00f3rios<\/td>\n<\/tr>\n<tr>\n<td>Arigat\u00f4<\/td>\n<td>Dunes<\/td>\n<td>Malhas Bruna<\/td>\n<td>Side Walk<\/td>\n<\/tr>\n<tr>\n<td>Armaz\u00e9m Ervadoce<\/td>\n<td>Durval Cal\u00e7ados Finos<\/td>\n<td>Mam\u00e3e Lua<\/td>\n<td>Simulass\u00e3o<\/td>\n<\/tr>\n<tr>\n<td>Arte na Rua<\/td>\n<td bgcolor=\"#FFDFDF\"><strong>E<\/strong><\/td>\n<td>Mania de Churrasco<\/td>\n<td>Sky Land and Sea<\/td>\n<\/tr>\n<tr>\n<td>Artex<\/td>\n<td>Ellus<\/td>\n<td>Marcita<\/td>\n<td>Souvenir Brazil<\/td>\n<\/tr>\n<tr>\n<td>Artwalk<\/td>\n<td>Emme<\/td>\n<td>Marios Cabeleireiro<\/td>\n<td>Spoleto<\/td>\n<\/tr>\n<tr>\n<td>Arvi<\/td>\n<td>Emporio Bijux<\/td>\n<td>Marisa Lingerie<\/td>\n<td>Spot Shoes<\/td>\n<\/tr>\n<tr>\n<td>Attualit\u00e0<\/td>\n<td>Emporio Body Store<\/td>\n<td>Maxclock<\/td>\n<td>Square<\/td>\n<\/tr>\n<tr>\n<td>Authentic Feet<\/td>\n<td>Emporionaka<\/td>\n<td>Mc Donalds<\/td>\n<td>Star Computer<\/td>\n<\/tr>\n<tr>\n<td>Authentic Oakley<\/td>\n<td>Envy \u00d3tica<\/td>\n<td>Megamatte<\/td>\n<td>Starbucks Coffee<\/td>\n<\/tr>\n<tr>\n<td>Az Calzature<\/td>\n<td>Erva Doce<\/td>\n<td>Meia de Seda<\/td>\n<td>Stroke<\/td>\n<\/tr>\n<tr>\n<td bgcolor=\"#FFDFDF\"><strong>B<\/strong><\/td>\n<td bgcolor=\"#FFDFDF\"><strong>F<\/strong><\/td>\n<td>Mercearia do Franc\u00eas Grill<\/td>\n<td>Subway<\/td>\n<\/tr>\n<tr>\n<td>Bacs<\/td>\n<td>Fascar<\/td>\n<td>Micena<\/td>\n<td>Suely Cencini<\/td>\n<\/tr>\n<tr>\n<td>Badulak<\/td>\n<td>Fast Shop<\/td>\n<td>Miracle<\/td>\n<td>Suil Parfumerie<\/td>\n<\/tr>\n<tr>\n<td>Baked Potato<\/td>\n<td>Fatto a Mano<\/td>\n<td>Miss Spighel<\/td>\n<td>Super Star<\/td>\n<\/tr>\n<tr>\n<td>Balon\u00e8<\/td>\n<td>Feliz da Vida<\/td>\n<td>Mitani \u00d3tica<\/td>\n<td>Surya Brasil<\/td>\n<\/tr>\n<tr>\n<td>Banco Bradesco<\/td>\n<td>Forum<\/td>\n<td>Mob<\/td>\n<td>Swatch Store<\/td>\n<\/tr>\n<tr>\n<td>Banco do Brasil<\/td>\n<td>Foto Paulo<\/td>\n<td>Monica Sanches<\/td>\n<td bgcolor=\"#FFDFDF\"><strong>T<\/strong><\/td>\n<\/tr>\n<tr>\n<td>Banco Ita\u00fa<\/td>\n<td>Fototica<\/td>\n<td>Montblanc<\/td>\n<td>Tabacaria Lee<\/td>\n<\/tr>\n<tr>\n<td>Bank Service<\/td>\n<td>Four Seasons<\/td>\n<td>Monte Carlo J\u00f3ias<\/td>\n<td>Tag Toys and Games<\/td>\n<\/tr>\n<tr>\n<td>Barreds<\/td>\n<td>Franlly<\/td>\n<td>Morana<\/td>\n<td>Taj Turismo<\/td>\n<\/tr>\n<tr>\n<td>Bayard<\/td>\n<td>Fredd\u00edssimo Gelateria<\/td>\n<td>Mr Cat<\/td>\n<td>Talento<\/td>\n<\/tr>\n<tr>\n<td>Beagle<\/td>\n<td>French B<\/td>\n<td>Mr Kitsch<\/td>\n<td>Tam Viagens<\/td>\n<\/tr>\n<tr>\n<td>Bebesh<\/td>\n<td bgcolor=\"#FFDFDF\"><strong>G<\/strong><\/td>\n<td>Mr. Fruit&#8217;s<\/td>\n<td>Tape\u00e7aria Alem\u00e3o<\/td>\n<\/tr>\n<tr>\n<td>Beluga<\/td>\n<td>Galetos<\/td>\n<td>My Gloss<\/td>\n<td>Tennis One<\/td>\n<\/tr>\n<tr>\n<td>Benetton United Colors<\/td>\n<td>Gendai<\/td>\n<td>My Shoes<\/td>\n<td>Tennis Station<\/td>\n<\/tr>\n<tr>\n<td>Bijou Shop<\/td>\n<td>Get Money C\u00e2mbio<\/td>\n<td bgcolor=\"#FFDFDF\"><strong>N<\/strong><\/td>\n<td>Texano Grill<\/td>\n<\/tr>\n<tr>\n<td>Billabong<\/td>\n<td>Gianluigi Joalheria<\/td>\n<td>Neo Geo World<\/td>\n<td>The Graces<\/td>\n<\/tr>\n<tr>\n<td>Binne<\/td>\n<td>Giraffas<\/td>\n<td>Nextel<\/td>\n<td>The Line<\/td>\n<\/tr>\n<tr>\n<td>Birello<\/td>\n<td>Go Fresh<\/td>\n<td>Nina Rosa<\/td>\n<td>Tiena<\/td>\n<\/tr>\n<tr>\n<td>Bleblarru<\/td>\n<td>Gracieux<\/td>\n<td>Nova D<\/td>\n<td>Ties &amp; Friends<\/td>\n<\/tr>\n<tr>\n<td>Blenz Caf\u00e9<\/td>\n<td>Green<\/td>\n<td bgcolor=\"#FFDFDF\"><strong>O<\/strong><\/td>\n<td>Tim<\/td>\n<\/tr>\n<tr>\n<td>Blue Beach<\/td>\n<td>Gregory<\/td>\n<td>O Botic\u00e1rio<\/td>\n<td>Tip Top<\/td>\n<\/tr>\n<tr>\n<td>Blue Man<\/td>\n<td>Guaran\u00e1 Brasil<\/td>\n<td>Ofner<\/td>\n<td>Tng<\/td>\n<\/tr>\n<tr>\n<td>Blumental<\/td>\n<td>Guin\u00e9<\/td>\n<td>Oi<\/td>\n<td>Todos a Bordo<\/td>\n<\/tr>\n<tr>\n<td>Bon Grill\u00ea<\/td>\n<td bgcolor=\"#FFDFDF\"><strong>H<\/strong><\/td>\n<td>Op\u00e7\u00e3o<\/td>\n<td>Toks<\/td>\n<\/tr>\n<tr>\n<td>Br 111<\/td>\n<td>H Stern<\/td>\n<td>Orto-nil<\/td>\n<td>Tokyo<\/td>\n<\/tr>\n<tr>\n<td>Brandili<\/td>\n<td>Habib&#8217;s<\/td>\n<td>\u00d3tica Bliss<\/td>\n<td>Track &amp; Field<\/td>\n<\/tr>\n<tr>\n<td>Brasilmania<\/td>\n<td>Haifa<\/td>\n<td>\u00d3tica Canassa<\/td>\n<td>Traxart<\/td>\n<\/tr>\n<tr>\n<td>Brigadeiro Bistr\u00f4<\/td>\n<td>Hair Station<\/td>\n<td>\u00d3tica New Vision<\/td>\n<td>Trend&#8217;s<\/td>\n<\/tr>\n<tr>\n<td>Brooksfield<\/td>\n<td>Hand Design<\/td>\n<td>\u00d3ticas Carol<\/td>\n<td>Trilha Mix<\/td>\n<\/tr>\n<tr>\n<td>Burger King<\/td>\n<td>Handbook<\/td>\n<td>Overboard<\/td>\n<td>Triton Eyewear<\/td>\n<\/tr>\n<tr>\n<td bgcolor=\"#FFDFDF\"><strong>C<\/strong><\/td>\n<td>Hands Care<\/td>\n<td bgcolor=\"#FFDFDF\"><strong>P<\/strong><\/td>\n<td>Trois Elles<\/td>\n<\/tr>\n<tr>\n<td>Cacau Show<\/td>\n<td>Harrys<\/td>\n<td>Palank<\/td>\n<td>Tutti Frutti Frozen Yogurt<\/td>\n<\/tr>\n<tr>\n<td>Calecute<\/td>\n<td>Havaianas<\/td>\n<td>Pandora<\/td>\n<td>Tvz<\/td>\n<\/tr>\n<tr>\n<td>Calvin Klein Jeans<\/td>\n<td>Havanna<\/td>\n<td>Paola da Vinci<\/td>\n<td>Tyrol<\/td>\n<\/tr>\n<tr>\n<td>Camicado<\/td>\n<td>Hering Store<\/td>\n<td>Papoula Bijoux<\/td>\n<td bgcolor=\"#FFDFDF\"><strong>U<\/strong><\/td>\n<\/tr>\n<tr>\n<td>Camisaria Colombo<\/td>\n<td>Home &amp; Cook<\/td>\n<td>Pb Kids<\/td>\n<td>Uchikawa<\/td>\n<\/tr>\n<tr>\n<td>Canal<\/td>\n<td>Hope<\/td>\n<td>Petistil<\/td>\n<td>Uny Couros<\/td>\n<\/tr>\n<tr>\n<td>Capodarte<\/td>\n<td bgcolor=\"#FFDFDF\"><strong>I<\/strong><\/td>\n<td>Petulan<\/td>\n<td>Upper<\/td>\n<\/tr>\n<tr>\n<td>Carinhoso<\/td>\n<td>I Touch World<\/td>\n<td>Philip Monica<\/td>\n<td>Uz Games<\/td>\n<\/tr>\n<tr>\n<td>Casa Almeida<\/td>\n<td>Ibiza<\/td>\n<td>Photo Show<\/td>\n<td bgcolor=\"#FFDFDF\"><strong>V<\/strong><\/td>\n<\/tr>\n<tr>\n<td>Casa das Calcinhas<\/td>\n<td>Ifix<\/td>\n<td>Pietro Spinelli<\/td>\n<td>Valmari<\/td>\n<\/tr>\n<tr>\n<td>Casa das Cuecas<\/td>\n<td>Imagem<\/td>\n<td>Piu\u00ed<\/td>\n<td>Vangar Joalheiros<\/td>\n<\/tr>\n<tr>\n<td>Casa do P\u00e3o de Queijo<\/td>\n<td>Imaginarium<\/td>\n<td>Pizza Hut<\/td>\n<td>Vecchio<\/td>\n<\/tr>\n<tr>\n<td>Casa dos Bot\u00f5es<\/td>\n<td>Inovathi<\/td>\n<td>Planet Girls<\/td>\n<td>Vent Vert<\/td>\n<\/tr>\n<tr>\n<td>Castor Exclusive Store<\/td>\n<td>Intimissimi<\/td>\n<td>Poderoso Tim\u00e3o<\/td>\n<td>Verano<\/td>\n<\/tr>\n<tr>\n<td>Catarina Park<\/td>\n<td>Iplace<\/td>\n<td>Pol\u00edcia Federal<\/td>\n<td>Via Veneto<\/td>\n<\/tr>\n<tr>\n<td>Cavalera<\/td>\n<td>It Beach<\/td>\n<td>Polishop Store<\/td>\n<td>Viagens Marsans<\/td>\n<\/tr>\n<tr>\n<td>Cea<\/td>\n<td>Ivy<\/td>\n<td>Polo by Kim<\/td>\n<td>Vickttoria Vick<\/td>\n<\/tr>\n<tr>\n<td>Celso Kamura Express<\/td>\n<td bgcolor=\"#FFDFDF\"><strong>J<\/strong><\/td>\n<td>Polo Play<\/td>\n<td>Victor Hugo<\/td>\n<\/tr>\n<tr>\n<td>Celular Solution<\/td>\n<td>Jacques Janine<\/td>\n<td>Polo Wear<\/td>\n<td>Viena Express<\/td>\n<\/tr>\n<tr>\n<td>Centauro<\/td>\n<td>Jigs<\/td>\n<td>Ponto Frio<\/td>\n<td>Viktoria Collection<\/td>\n<\/tr>\n<tr>\n<td>Chaveiro<\/td>\n<td>Jog\u00ea<\/td>\n<td>Porto Shankar<\/td>\n<td>Vila Romana<\/td>\n<\/tr>\n<tr>\n<td>Checkmate<\/td>\n<td>J\u00falio Okubo<\/td>\n<td>Practory<\/td>\n<td>Vip Papelaria<\/td>\n<\/tr>\n<tr>\n<td>Chicco<\/td>\n<td bgcolor=\"#FFDFDF\"><strong>K<\/strong><\/td>\n<td>Prego<\/td>\n<td>Viva<\/td>\n<\/tr>\n<tr>\n<td>Chilli Beans<\/td>\n<td>Kappa Sushi<\/td>\n<td>Program<\/td>\n<td>Vivara<\/td>\n<\/tr>\n<tr>\n<td>Chocolates Munik<\/td>\n<td>Kempo<\/td>\n<td>Pronto Capriccio<\/td>\n<td>Vivenda do Camar\u00e3o<\/td>\n<\/tr>\n<tr>\n<td>Claro<\/td>\n<td>Khelf<\/td>\n<td>Pubijou<\/td>\n<td>Vivo<\/td>\n<\/tr>\n<tr>\n<td>Clinic P\u00e9<\/td>\n<td>King Games<\/td>\n<td>Puc<\/td>\n<td>Vr Menswear<\/td>\n<\/tr>\n<tr>\n<td>Cl\u00ednica de Massagem Oriental<\/td>\n<td>Kopenhagen<\/td>\n<td>Puket<\/td>\n<td bgcolor=\"#FFDFDF\"><strong>W<\/strong><\/td>\n<\/tr>\n<tr>\n<td>Cns<\/td>\n<td>Kyw<\/td>\n<td bgcolor=\"#FFDFDF\" width=\"24%\"><strong>Q<\/strong><\/td>\n<td>Wanny \u00d3tica<\/td>\n<\/tr>\n<tr>\n<td>Colchoes Ortobom<\/td>\n<td bgcolor=\"#FFDFDF\"><strong>L<\/strong><\/td>\n<td>Quatsi<\/td>\n<td>World Tennis<\/td>\n<\/tr>\n<tr>\n<td>Collins<\/td>\n<td>Lacoste<\/td>\n<td bgcolor=\"#FFDFDF\"><strong>R<\/strong><\/td>\n<td>World Tennis Classic<\/td>\n<\/tr>\n<tr>\n<td>Commcenter<\/td>\n<td>Lalik<\/td>\n<td>Regina Rios<\/td>\n<td bgcolor=\"#FFDFDF\"><strong>Y<\/strong><\/td>\n<\/tr>\n<tr>\n<td>Companhia das Meias<\/td>\n<td>Landinho Bijouterias<\/td>\n<td>Rei do Mate<\/td>\n<td>Yellowcom<\/td>\n<\/tr>\n<tr>\n<td>Comtesse<\/td>\n<td>Lavoro<\/td>\n<td>Rery<\/td>\n<td>Yogini<\/td>\n<\/tr>\n<tr>\n<td>Cont\u00e9m 1g<\/td>\n<td>Lefisk<\/td>\n<td>Revanche<\/td>\n<td bgcolor=\"#FFDFDF\"><strong>Z<\/strong><\/td>\n<\/tr>\n<tr>\n<td>Cora\u00e7\u00e3o Mineiro<\/td>\n<td>Levi&#8217;s<\/td>\n<td>Riachuelo<\/td>\n<td>Zara<\/td>\n<\/tr>\n<tr>\n<td>Corello<\/td>\n<td>Ligne Marie<\/td>\n<td>Richards<\/td>\n<td>Z\u00ealo<\/td>\n<\/tr>\n<tr>\n<td>Cori<\/td>\n<td>Lilica &amp; Tigor<\/td>\n<td>Risotto Mix<\/td>\n<td>Zinzane<\/td>\n<\/tr>\n<tr>\n<td>Correio<\/td>\n<td>Lily e Marie<\/td>\n<td>Rubinella<\/td>\n<td><\/td>\n<\/tr>\n<tr>\n<td>Corselet<\/td>\n<td>Localiza<\/td>\n<td><\/td>\n<td><\/td>\n<\/tr>\n<\/tbody>\n<\/table>\n<h3>Hor\u00e1rio de Funcionamento Shopping Ibirapuera\u00a0Moema<\/h3>\n<ul>\n<li>Seg a S\u00e1b das 10h \u00e0s 22h e Dom das 11h \u00e0s 22h<\/li>\n<li>Os hor\u00e1rios podem ser alterados sem aviso. Consulte o local para confirmar.<\/li>\n<\/ul>\n<h3>Endere\u00e7o e Telefone Shopping Ibirapuera\u00a0em\u00a0Moema<\/h3>\n<ul>\n<li>Av. Ibirapuera, 3103,\u00a0 Moema\u00a0&#8211; S\u00e3o Paulo &#8211; SP<\/li>\n<li>Telefone: (11)\u00a05095-2300<\/li>\n<\/ul>\n<h4>Outras Informa\u00e7\u00f5es e Site<\/h4>\n<ul>\n<li>Mais informa\u00e7\u00f5es:\u00a0<a href=\"http:\/\/www.ibirapuera.com.br\/\" target=\"_blank\" rel=\"noopener noreferrer\">www.ibirapuera.com.br<\/a><\/li>\n<\/ul>\n<h4>Mapa de localiza\u00e7\u00e3o<\/h4>\n<a class=\"wp-colorbox-iframe\" href=\"https:\/\/www.google.com\/maps\/embed?pb=!1m14!1m8!1m3!1d14623.333202103564!2d-46.6666181!3d-23.6103107!3m2!1i1024!2i768!4f13.1!3m3!1m2!1s0x00xeea06a7cc702728a!2sShopping+Ibirapuera!5e0!3m2!1spt-BR!2sbr!4v1502135293430\"><img decoding=\"async\" src=\"http:\/\/www.encontramoema.com.br\/imgs\/maps-post.png\"><\/a>\n\n<div style=\"font-size: 0px; height: 0px; line-height: 0px; margin: 0; padding: 0; clear: both;\"><\/div>","protected":false},"excerpt":{"rendered":"<p>O sucesso de um shopping center \u00e9, sem d\u00favida nenhuma, conseq\u00fc\u00eancia da sua influ\u00eancia com a regi\u00e3o em que est\u00e1 instalado, e neste assunto, o Shopping Ibirapuera \u00e9 uma refer\u00eancia. Desde sua inaugura\u00e7\u00e3o em 1976, o Shopping Ibirapuera mant\u00e9m uma rela\u00e7\u00e3o \u00edntima, de respeito e de importantes conquistas com o seu bairro. Com uma \u00e1rea constru\u00edda de 163.165,42 m\u00b2, conta com 4 pisos, 435 lojas, 6 lojas \u00e2ncoras, 3 pra\u00e7as de alimenta\u00e7\u00e3o 9 elevadores e 38 escadas rolantes. Moema \u00e9 considerado o bairro com melhor qualidade de vida de S\u00e3o Paulo, por manter as ra\u00edzes de uma regi\u00e3o acolhedora. A <\/p>\n","protected":false},"author":1,"featured_media":0,"parent":0,"menu_order":0,"comment_status":"closed","ping_status":"closed","template":"","meta":{"footnotes":""},"class_list":["post-20635","page","type-page","status-publish","hentry"],"yoast_head":"<!-- This site is optimized with the Yoast SEO plugin v26.3 - https:\/\/yoast.com\/wordpress\/plugins\/seo\/ -->\n<title>Shopping Ibirapuera - Encontra Moema<\/title>\n<meta name=\"robots\" content=\"index, follow, max-snippet:-1, max-image-preview:large, max-video-preview:-1\" \/>\n<link rel=\"canonical\" href=\"https:\/\/www.encontramoema.com.br\/sobre\/shopping-ibirapuera\/\" \/>\n<meta property=\"og:locale\" content=\"pt_BR\" \/>\n<meta property=\"og:type\" content=\"article\" \/>\n<meta property=\"og:title\" content=\"Shopping Ibirapuera - Encontra Moema\" \/>\n<meta property=\"og:description\" content=\"O sucesso de um shopping center \u00e9, sem d\u00favida nenhuma, conseq\u00fc\u00eancia da sua influ\u00eancia com a regi\u00e3o em que est\u00e1 instalado, e neste assunto, o Shopping Ibirapuera \u00e9 uma refer\u00eancia. Desde sua inaugura\u00e7\u00e3o em 1976, o Shopping Ibirapuera mant\u00e9m uma rela\u00e7\u00e3o \u00edntima, de respeito e de importantes conquistas com o seu bairro. Com uma \u00e1rea constru\u00edda de 163.165,42 m\u00b2, conta com 4 pisos, 435 lojas, 6 lojas \u00e2ncoras, 3 pra\u00e7as de alimenta\u00e7\u00e3o 9 elevadores e 38 escadas rolantes. Moema \u00e9 considerado o bairro com melhor qualidade de vida de S\u00e3o Paulo, por manter as ra\u00edzes de uma regi\u00e3o acolhedora. A\" \/>\n<meta property=\"og:url\" content=\"https:\/\/www.encontramoema.com.br\/sobre\/shopping-ibirapuera\/\" \/>\n<meta property=\"og:site_name\" content=\"Encontra Moema\" \/>\n<meta property=\"article:modified_time\" content=\"2017-08-07T19:52:03+00:00\" \/>\n<meta property=\"og:image\" content=\"http:\/\/www.encontramoema.com.br\/sobre\/wp-content\/uploads\/2017\/08\/shopping-ibirapuera-moema.jpg\" \/>\n<meta name=\"twitter:card\" content=\"summary_large_image\" \/>\n<meta name=\"twitter:label1\" content=\"Est. tempo de leitura\" \/>\n\t<meta name=\"twitter:data1\" content=\"6 minutos\" \/>\n<script type=\"application\/ld+json\" class=\"yoast-schema-graph\">{\"@context\":\"https:\/\/schema.org\",\"@graph\":[{\"@type\":\"WebPage\",\"@id\":\"https:\/\/www.encontramoema.com.br\/sobre\/shopping-ibirapuera\/\",\"url\":\"https:\/\/www.encontramoema.com.br\/sobre\/shopping-ibirapuera\/\",\"name\":\"Shopping Ibirapuera - Encontra Moema\",\"isPartOf\":{\"@id\":\"https:\/\/www.encontramoema.com.br\/sobre\/#website\"},\"primaryImageOfPage\":{\"@id\":\"https:\/\/www.encontramoema.com.br\/sobre\/shopping-ibirapuera\/#primaryimage\"},\"image\":{\"@id\":\"https:\/\/www.encontramoema.com.br\/sobre\/shopping-ibirapuera\/#primaryimage\"},\"thumbnailUrl\":\"http:\/\/www.encontramoema.com.br\/sobre\/wp-content\/uploads\/2017\/08\/shopping-ibirapuera-moema.jpg\",\"datePublished\":\"2017-08-07T19:50:58+00:00\",\"dateModified\":\"2017-08-07T19:52:03+00:00\",\"breadcrumb\":{\"@id\":\"https:\/\/www.encontramoema.com.br\/sobre\/shopping-ibirapuera\/#breadcrumb\"},\"inLanguage\":\"pt-BR\",\"potentialAction\":[{\"@type\":\"ReadAction\",\"target\":[\"https:\/\/www.encontramoema.com.br\/sobre\/shopping-ibirapuera\/\"]}]},{\"@type\":\"ImageObject\",\"inLanguage\":\"pt-BR\",\"@id\":\"https:\/\/www.encontramoema.com.br\/sobre\/shopping-ibirapuera\/#primaryimage\",\"url\":\"https:\/\/www.encontramoema.com.br\/sobre\/wp-content\/uploads\/2017\/08\/shopping-ibirapuera-moema.jpg\",\"contentUrl\":\"https:\/\/www.encontramoema.com.br\/sobre\/wp-content\/uploads\/2017\/08\/shopping-ibirapuera-moema.jpg\",\"width\":680,\"height\":189},{\"@type\":\"BreadcrumbList\",\"@id\":\"https:\/\/www.encontramoema.com.br\/sobre\/shopping-ibirapuera\/#breadcrumb\",\"itemListElement\":[{\"@type\":\"ListItem\",\"position\":1,\"name\":\"In\u00edcio\",\"item\":\"https:\/\/www.encontramoema.com.br\/sobre\/\"},{\"@type\":\"ListItem\",\"position\":2,\"name\":\"Shopping Ibirapuera\"}]},{\"@type\":\"WebSite\",\"@id\":\"https:\/\/www.encontramoema.com.br\/sobre\/#website\",\"url\":\"https:\/\/www.encontramoema.com.br\/sobre\/\",\"name\":\"Encontra Moema\",\"description\":\"Not\u00edcias, eventos, informa\u00e7\u00f5es e dicas no bairro de Moema e regi\u00e3o.\",\"potentialAction\":[{\"@type\":\"SearchAction\",\"target\":{\"@type\":\"EntryPoint\",\"urlTemplate\":\"https:\/\/www.encontramoema.com.br\/sobre\/?s={search_term_string}\"},\"query-input\":{\"@type\":\"PropertyValueSpecification\",\"valueRequired\":true,\"valueName\":\"search_term_string\"}}],\"inLanguage\":\"pt-BR\"}]}<\/script>\n<!-- \/ Yoast SEO plugin. -->","yoast_head_json":{"title":"Shopping Ibirapuera - Encontra Moema","robots":{"index":"index","follow":"follow","max-snippet":"max-snippet:-1","max-image-preview":"max-image-preview:large","max-video-preview":"max-video-preview:-1"},"canonical":"https:\/\/www.encontramoema.com.br\/sobre\/shopping-ibirapuera\/","og_locale":"pt_BR","og_type":"article","og_title":"Shopping Ibirapuera - Encontra Moema","og_description":"O sucesso de um shopping center \u00e9, sem d\u00favida nenhuma, conseq\u00fc\u00eancia da sua influ\u00eancia com a regi\u00e3o em que est\u00e1 instalado, e neste assunto, o Shopping Ibirapuera \u00e9 uma refer\u00eancia. Desde sua inaugura\u00e7\u00e3o em 1976, o Shopping Ibirapuera mant\u00e9m uma rela\u00e7\u00e3o \u00edntima, de respeito e de importantes conquistas com o seu bairro. Com uma \u00e1rea constru\u00edda de 163.165,42 m\u00b2, conta com 4 pisos, 435 lojas, 6 lojas \u00e2ncoras, 3 pra\u00e7as de alimenta\u00e7\u00e3o 9 elevadores e 38 escadas rolantes. Moema \u00e9 considerado o bairro com melhor qualidade de vida de S\u00e3o Paulo, por manter as ra\u00edzes de uma regi\u00e3o acolhedora. A","og_url":"https:\/\/www.encontramoema.com.br\/sobre\/shopping-ibirapuera\/","og_site_name":"Encontra Moema","article_modified_time":"2017-08-07T19:52:03+00:00","og_image":[{"url":"http:\/\/www.encontramoema.com.br\/sobre\/wp-content\/uploads\/2017\/08\/shopping-ibirapuera-moema.jpg","type":"","width":"","height":""}],"twitter_card":"summary_large_image","twitter_misc":{"Est. tempo de leitura":"6 minutos"},"schema":{"@context":"https:\/\/schema.org","@graph":[{"@type":"WebPage","@id":"https:\/\/www.encontramoema.com.br\/sobre\/shopping-ibirapuera\/","url":"https:\/\/www.encontramoema.com.br\/sobre\/shopping-ibirapuera\/","name":"Shopping Ibirapuera - Encontra Moema","isPartOf":{"@id":"https:\/\/www.encontramoema.com.br\/sobre\/#website"},"primaryImageOfPage":{"@id":"https:\/\/www.encontramoema.com.br\/sobre\/shopping-ibirapuera\/#primaryimage"},"image":{"@id":"https:\/\/www.encontramoema.com.br\/sobre\/shopping-ibirapuera\/#primaryimage"},"thumbnailUrl":"http:\/\/www.encontramoema.com.br\/sobre\/wp-content\/uploads\/2017\/08\/shopping-ibirapuera-moema.jpg","datePublished":"2017-08-07T19:50:58+00:00","dateModified":"2017-08-07T19:52:03+00:00","breadcrumb":{"@id":"https:\/\/www.encontramoema.com.br\/sobre\/shopping-ibirapuera\/#breadcrumb"},"inLanguage":"pt-BR","potentialAction":[{"@type":"ReadAction","target":["https:\/\/www.encontramoema.com.br\/sobre\/shopping-ibirapuera\/"]}]},{"@type":"ImageObject","inLanguage":"pt-BR","@id":"https:\/\/www.encontramoema.com.br\/sobre\/shopping-ibirapuera\/#primaryimage","url":"https:\/\/www.encontramoema.com.br\/sobre\/wp-content\/uploads\/2017\/08\/shopping-ibirapuera-moema.jpg","contentUrl":"https:\/\/www.encontramoema.com.br\/sobre\/wp-content\/uploads\/2017\/08\/shopping-ibirapuera-moema.jpg","width":680,"height":189},{"@type":"BreadcrumbList","@id":"https:\/\/www.encontramoema.com.br\/sobre\/shopping-ibirapuera\/#breadcrumb","itemListElement":[{"@type":"ListItem","position":1,"name":"In\u00edcio","item":"https:\/\/www.encontramoema.com.br\/sobre\/"},{"@type":"ListItem","position":2,"name":"Shopping Ibirapuera"}]},{"@type":"WebSite","@id":"https:\/\/www.encontramoema.com.br\/sobre\/#website","url":"https:\/\/www.encontramoema.com.br\/sobre\/","name":"Encontra Moema","description":"Not\u00edcias, eventos, informa\u00e7\u00f5es e dicas no bairro de Moema e regi\u00e3o.","potentialAction":[{"@type":"SearchAction","target":{"@type":"EntryPoint","urlTemplate":"https:\/\/www.encontramoema.com.br\/sobre\/?s={search_term_string}"},"query-input":{"@type":"PropertyValueSpecification","valueRequired":true,"valueName":"search_term_string"}}],"inLanguage":"pt-BR"}]}},"_links":{"self":[{"href":"https:\/\/www.encontramoema.com.br\/sobre\/wp-json\/wp\/v2\/pages\/20635","targetHints":{"allow":["GET"]}}],"collection":[{"href":"https:\/\/www.encontramoema.com.br\/sobre\/wp-json\/wp\/v2\/pages"}],"about":[{"href":"https:\/\/www.encontramoema.com.br\/sobre\/wp-json\/wp\/v2\/types\/page"}],"author":[{"embeddable":true,"href":"https:\/\/www.encontramoema.com.br\/sobre\/wp-json\/wp\/v2\/users\/1"}],"replies":[{"embeddable":true,"href":"https:\/\/www.encontramoema.com.br\/sobre\/wp-json\/wp\/v2\/comments?post=20635"}],"version-history":[{"count":0,"href":"https:\/\/www.encontramoema.com.br\/sobre\/wp-json\/wp\/v2\/pages\/20635\/revisions"}],"wp:attachment":[{"href":"https:\/\/www.encontramoema.com.br\/sobre\/wp-json\/wp\/v2\/media?parent=20635"}],"curies":[{"name":"wp","href":"https:\/\/api.w.org\/{rel}","templated":true}]}}