{"id":20694,"date":"2017-08-18T17:43:39","date_gmt":"2017-08-18T19:43:39","guid":{"rendered":"http:\/\/www.encontramoema.com.br\/sobre\/?page_id=20694"},"modified":"2017-08-18T18:04:50","modified_gmt":"2017-08-18T20:04:50","slug":"historia-de-moema","status":"publish","type":"page","link":"https:\/\/www.encontramoema.com.br\/sobre\/historia-de-moema\/","title":{"rendered":"Hist\u00f3ria de Moema"},"content":{"rendered":"<div class=\"b7f545a958fd6350ffae2d30a84cafb8\" data-index=\"1\" style=\"float: none; margin:0px;\">\n<!-- Anuncio display - global -->\r\n<ins class=\"adsbygoogle\"\r\n     style=\"display:block\"\r\n     data-ad-client=\"ca-pub-8585364105181520\"\r\n     data-ad-slot=\"8789329856\"\r\n     data-ad-format=\"auto\"\r\n     data-full-width-responsive=\"true\"><\/ins>\r\n<script>\r\n     (adsbygoogle = window.adsbygoogle || []).push({});\r\n<\/script>\n<\/div>\n<p>A palavra <strong>Moema<\/strong> vem do tupi-guarani, e significa, literalmente, &#8220;mentira&#8221;, &#8220;falsidade&#8221; ou &#8220;cal\u00fania&#8221;. Entretanto, no poema Caramuru, de Santa Rita Dur\u00e3o, a mesma palavra foi utilizada com o significado de &#8220;do\u00e7ura&#8221;.<\/p>\n<p>Isso pode ser explicado pelo fato da palavra <em>Moeemo<\/em> significar &#8220;ado\u00e7ar&#8221;. Moema, assim, seria uma vers\u00e3o feminina da palavra, criada pelo poeta.<\/p>\n<p><img loading=\"lazy\" decoding=\"async\" class=\"wp-image-20696 size-full alignnone\" title=\"Moema\" src=\"http:\/\/www.encontramoema.com.br\/sobre\/wp-content\/uploads\/2017\/08\/moema.jpg\" alt=\"Moema\" width=\"2000\" height=\"900\" srcset=\"https:\/\/www.encontramoema.com.br\/sobre\/wp-content\/uploads\/2017\/08\/moema.jpg 2000w, https:\/\/www.encontramoema.com.br\/sobre\/wp-content\/uploads\/2017\/08\/moema-300x135.jpg 300w, https:\/\/www.encontramoema.com.br\/sobre\/wp-content\/uploads\/2017\/08\/moema-768x346.jpg 768w, https:\/\/www.encontramoema.com.br\/sobre\/wp-content\/uploads\/2017\/08\/moema-1024x461.jpg 1024w\" sizes=\"auto, (max-width: 2000px) 100vw, 2000px\" \/><\/p>\n<h2 style=\"text-align: left;\">Localiza\u00e7\u00e3o e Limites<\/h2>\n<p>Moema \u00e9 um distrito pertencente \u00e0 subprefeitura da Vila Mariana, na <span style=\"text-decoration: underline;\">Zona Centro-Sul da cidade de S\u00e3o Paulo<\/span>. Outrora chamado de Indian\u00f3polis, experimentou um grande crescimento imobili\u00e1rio na d\u00e9cada de 1970, e ainda hoje continua a atrair investimentos.<\/p>\n<p>No distrito de Moema est\u00e1 localizado o <a href=\"http:\/\/www.encontramoema.com.br\/sobre\/parque-ibirapuera\/\">Parque do Ibirapuera<\/a>, e tamb\u00e9m faz parte do distrito de Moema o bairro da Vila Nova Concei\u00e7\u00e3o, que possui atualmente o metro quadrado mais caro da cidade.<\/p>\n<p>Em Moema h\u00e1 o Centro Esportivo Ibirapuera Man\u00e9 Garrincha, que tamb\u00e9m possui atividades culturais e esportivas.<br \/>\nNo distrito vizinho (Campo Belo) est\u00e1 localizado o Aeroporto de Congonhas, o mais movimentado do Brasil.<\/p>\n<p>Hoje, Moema lidera o ranking do IDH em S\u00e3o Paulo (0,961), e tem a segunda renda m\u00e9dia da cidade, sendo superada apenas pelo Morumbi.<\/p>\n<h3>Como surgiu<\/h3>\n<p>A regi\u00e3o que corresponde ao atual distrito de Moema era uma \u00e1rea, segundo os primeiros documentos da regi\u00e3o, de grandes ch\u00e1caras que receberam imigrantes ingleses e alem\u00e3es a partir de 1880.<\/p>\n<p>Seu crescimento econ\u00f4mico e populacional foi lento, assim como o dos outros bairros ao seu redor. O primeiro grande loteamento aconteceu somente a partir de 1913, iniciado por Fernando Arens J\u00fanior. Mesmo assim, em 1930, Moema contava com apenas cerca de 4 mil habitantes.<\/p>\n<p>Os mais significantes sinais de crescimento aconteceram na d\u00e9cada de 60 na gest\u00e3o do prefeito Faria Lima, quando a prefeitura retirou os bondes que saiam da Vila Mariana para Santo Amaro, pavimentou e arborizou a ent\u00e3o Avenida Conselheiro Rodrigues Alves (atualmente Avenida Ibirapuera), e A Avenida Aracy, a atual Avenida Rep\u00fablica do L\u00edbano.<\/p>\n<p>A popula\u00e7\u00e3o come\u00e7ou a crescer visivelmente na d\u00e9cada de 70, quando a regi\u00e3o foi aproveitada por construtoras que investiram em seu clima agrad\u00e1vel, terrenos planos e grandes lotes de baixo custo. As novas possibilidades atra\u00edram muitos moradores para a regi\u00e3o em franco desenvolvimento. Em 1976 foi inaugurado o <a href=\"http:\/\/www.encontramoema.com.br\/sobre\/shopping-ibirapuera\/\">Shopping Ibirapuera<\/a>, um dos maiores e mais antigos do pa\u00eds.<\/p>\n<p>A regi\u00e3o de Moema n\u00e3o tinha esse nome at\u00e9 1987. Esse foi o ano em que os moradores da regi\u00e3o decidiram fazer um abaixo-assinado para alterar o nome do bairro, at\u00e9 ent\u00e3o chamado de Indian\u00f3polis &#8211; que n\u00e3o era muito bem aceito pela popula\u00e7\u00e3o. O prefeito da cidade no per\u00edodo, J\u00e2nio Quadros, atendeu ao pedido dos moradores e o bairro (atualmente distrito) passou a ser chamado de Moema desde ent\u00e3o.<\/p>\n<p>Entretanto, dois dos bairros que formam o distrito ainda possuem a antiga designa\u00e7\u00e3o em seus nomes, a leste da avenida Ibirapuera as ruas t\u00eam nomes de tribos de \u00edndios, \u00e9 Indian\u00f3polis, a oeste da avenida as ruas t\u00eam nomes de p\u00e1ssaros, \u00e9 Moema. Moema tem um das vidas noturnas mais movimentadas de S\u00e3o Paulo.<\/p>\n\n<div style=\"font-size: 0px; height: 0px; line-height: 0px; margin: 0; padding: 0; clear: both;\"><\/div>","protected":false},"excerpt":{"rendered":"<p>A palavra Moema vem do tupi-guarani, e significa, literalmente, &#8220;mentira&#8221;, &#8220;falsidade&#8221; ou &#8220;cal\u00fania&#8221;. Entretanto, no poema Caramuru, de Santa Rita Dur\u00e3o, a mesma palavra foi utilizada com o significado de &#8220;do\u00e7ura&#8221;. Isso pode ser explicado pelo fato da palavra Moeemo significar &#8220;ado\u00e7ar&#8221;. Moema, assim, seria uma vers\u00e3o feminina da palavra, criada pelo poeta. Localiza\u00e7\u00e3o e Limites Moema \u00e9 um distrito pertencente \u00e0 subprefeitura da Vila Mariana, na Zona Centro-Sul da cidade de S\u00e3o Paulo. Outrora chamado de Indian\u00f3polis, experimentou um grande crescimento imobili\u00e1rio na d\u00e9cada de 1970, e ainda hoje continua a atrair investimentos. No distrito de Moema est\u00e1 localizado <\/p>\n","protected":false},"author":1,"featured_media":0,"parent":0,"menu_order":0,"comment_status":"closed","ping_status":"closed","template":"","meta":{"footnotes":""},"class_list":["post-20694","page","type-page","status-publish","hentry"],"yoast_head":"<!-- This site is optimized with the Yoast SEO plugin v26.3 - https:\/\/yoast.com\/wordpress\/plugins\/seo\/ -->\n<title>Hist\u00f3ria de Moema - Encontra Moema<\/title>\n<meta name=\"robots\" content=\"index, follow, max-snippet:-1, max-image-preview:large, max-video-preview:-1\" \/>\n<link rel=\"canonical\" href=\"https:\/\/www.encontramoema.com.br\/sobre\/historia-de-moema\/\" \/>\n<meta property=\"og:locale\" content=\"pt_BR\" \/>\n<meta property=\"og:type\" content=\"article\" \/>\n<meta property=\"og:title\" content=\"Hist\u00f3ria de Moema - Encontra Moema\" \/>\n<meta property=\"og:description\" content=\"A palavra Moema vem do tupi-guarani, e significa, literalmente, &#8220;mentira&#8221;, &#8220;falsidade&#8221; ou &#8220;cal\u00fania&#8221;. Entretanto, no poema Caramuru, de Santa Rita Dur\u00e3o, a mesma palavra foi utilizada com o significado de &#8220;do\u00e7ura&#8221;. Isso pode ser explicado pelo fato da palavra Moeemo significar &#8220;ado\u00e7ar&#8221;. Moema, assim, seria uma vers\u00e3o feminina da palavra, criada pelo poeta. Localiza\u00e7\u00e3o e Limites Moema \u00e9 um distrito pertencente \u00e0 subprefeitura da Vila Mariana, na Zona Centro-Sul da cidade de S\u00e3o Paulo. Outrora chamado de Indian\u00f3polis, experimentou um grande crescimento imobili\u00e1rio na d\u00e9cada de 1970, e ainda hoje continua a atrair investimentos. No distrito de Moema est\u00e1 localizado\" \/>\n<meta property=\"og:url\" content=\"https:\/\/www.encontramoema.com.br\/sobre\/historia-de-moema\/\" \/>\n<meta property=\"og:site_name\" content=\"Encontra Moema\" \/>\n<meta property=\"article:modified_time\" content=\"2017-08-18T20:04:50+00:00\" \/>\n<meta property=\"og:image\" content=\"http:\/\/www.encontramoema.com.br\/sobre\/wp-content\/uploads\/2017\/08\/moema.jpg\" \/>\n<meta name=\"twitter:card\" content=\"summary_large_image\" \/>\n<meta name=\"twitter:label1\" content=\"Est. tempo de leitura\" \/>\n\t<meta name=\"twitter:data1\" content=\"3 minutos\" \/>\n<script type=\"application\/ld+json\" class=\"yoast-schema-graph\">{\"@context\":\"https:\/\/schema.org\",\"@graph\":[{\"@type\":\"WebPage\",\"@id\":\"https:\/\/www.encontramoema.com.br\/sobre\/historia-de-moema\/\",\"url\":\"https:\/\/www.encontramoema.com.br\/sobre\/historia-de-moema\/\",\"name\":\"Hist\u00f3ria de Moema - Encontra Moema\",\"isPartOf\":{\"@id\":\"https:\/\/www.encontramoema.com.br\/sobre\/#website\"},\"primaryImageOfPage\":{\"@id\":\"https:\/\/www.encontramoema.com.br\/sobre\/historia-de-moema\/#primaryimage\"},\"image\":{\"@id\":\"https:\/\/www.encontramoema.com.br\/sobre\/historia-de-moema\/#primaryimage\"},\"thumbnailUrl\":\"http:\/\/www.encontramoema.com.br\/sobre\/wp-content\/uploads\/2017\/08\/moema.jpg\",\"datePublished\":\"2017-08-18T19:43:39+00:00\",\"dateModified\":\"2017-08-18T20:04:50+00:00\",\"breadcrumb\":{\"@id\":\"https:\/\/www.encontramoema.com.br\/sobre\/historia-de-moema\/#breadcrumb\"},\"inLanguage\":\"pt-BR\",\"potentialAction\":[{\"@type\":\"ReadAction\",\"target\":[\"https:\/\/www.encontramoema.com.br\/sobre\/historia-de-moema\/\"]}]},{\"@type\":\"ImageObject\",\"inLanguage\":\"pt-BR\",\"@id\":\"https:\/\/www.encontramoema.com.br\/sobre\/historia-de-moema\/#primaryimage\",\"url\":\"https:\/\/www.encontramoema.com.br\/sobre\/wp-content\/uploads\/2017\/08\/moema.jpg\",\"contentUrl\":\"https:\/\/www.encontramoema.com.br\/sobre\/wp-content\/uploads\/2017\/08\/moema.jpg\",\"width\":2000,\"height\":900},{\"@type\":\"BreadcrumbList\",\"@id\":\"https:\/\/www.encontramoema.com.br\/sobre\/historia-de-moema\/#breadcrumb\",\"itemListElement\":[{\"@type\":\"ListItem\",\"position\":1,\"name\":\"In\u00edcio\",\"item\":\"https:\/\/www.encontramoema.com.br\/sobre\/\"},{\"@type\":\"ListItem\",\"position\":2,\"name\":\"Hist\u00f3ria de Moema\"}]},{\"@type\":\"WebSite\",\"@id\":\"https:\/\/www.encontramoema.com.br\/sobre\/#website\",\"url\":\"https:\/\/www.encontramoema.com.br\/sobre\/\",\"name\":\"Encontra Moema\",\"description\":\"Not\u00edcias, eventos, informa\u00e7\u00f5es e dicas no bairro de Moema e regi\u00e3o.\",\"potentialAction\":[{\"@type\":\"SearchAction\",\"target\":{\"@type\":\"EntryPoint\",\"urlTemplate\":\"https:\/\/www.encontramoema.com.br\/sobre\/?s={search_term_string}\"},\"query-input\":{\"@type\":\"PropertyValueSpecification\",\"valueRequired\":true,\"valueName\":\"search_term_string\"}}],\"inLanguage\":\"pt-BR\"}]}<\/script>\n<!-- \/ Yoast SEO plugin. -->","yoast_head_json":{"title":"Hist\u00f3ria de Moema - Encontra Moema","robots":{"index":"index","follow":"follow","max-snippet":"max-snippet:-1","max-image-preview":"max-image-preview:large","max-video-preview":"max-video-preview:-1"},"canonical":"https:\/\/www.encontramoema.com.br\/sobre\/historia-de-moema\/","og_locale":"pt_BR","og_type":"article","og_title":"Hist\u00f3ria de Moema - Encontra Moema","og_description":"A palavra Moema vem do tupi-guarani, e significa, literalmente, &#8220;mentira&#8221;, &#8220;falsidade&#8221; ou &#8220;cal\u00fania&#8221;. Entretanto, no poema Caramuru, de Santa Rita Dur\u00e3o, a mesma palavra foi utilizada com o significado de &#8220;do\u00e7ura&#8221;. Isso pode ser explicado pelo fato da palavra Moeemo significar &#8220;ado\u00e7ar&#8221;. Moema, assim, seria uma vers\u00e3o feminina da palavra, criada pelo poeta. Localiza\u00e7\u00e3o e Limites Moema \u00e9 um distrito pertencente \u00e0 subprefeitura da Vila Mariana, na Zona Centro-Sul da cidade de S\u00e3o Paulo. Outrora chamado de Indian\u00f3polis, experimentou um grande crescimento imobili\u00e1rio na d\u00e9cada de 1970, e ainda hoje continua a atrair investimentos. No distrito de Moema est\u00e1 localizado","og_url":"https:\/\/www.encontramoema.com.br\/sobre\/historia-de-moema\/","og_site_name":"Encontra Moema","article_modified_time":"2017-08-18T20:04:50+00:00","og_image":[{"url":"http:\/\/www.encontramoema.com.br\/sobre\/wp-content\/uploads\/2017\/08\/moema.jpg","type":"","width":"","height":""}],"twitter_card":"summary_large_image","twitter_misc":{"Est. tempo de leitura":"3 minutos"},"schema":{"@context":"https:\/\/schema.org","@graph":[{"@type":"WebPage","@id":"https:\/\/www.encontramoema.com.br\/sobre\/historia-de-moema\/","url":"https:\/\/www.encontramoema.com.br\/sobre\/historia-de-moema\/","name":"Hist\u00f3ria de Moema - Encontra Moema","isPartOf":{"@id":"https:\/\/www.encontramoema.com.br\/sobre\/#website"},"primaryImageOfPage":{"@id":"https:\/\/www.encontramoema.com.br\/sobre\/historia-de-moema\/#primaryimage"},"image":{"@id":"https:\/\/www.encontramoema.com.br\/sobre\/historia-de-moema\/#primaryimage"},"thumbnailUrl":"http:\/\/www.encontramoema.com.br\/sobre\/wp-content\/uploads\/2017\/08\/moema.jpg","datePublished":"2017-08-18T19:43:39+00:00","dateModified":"2017-08-18T20:04:50+00:00","breadcrumb":{"@id":"https:\/\/www.encontramoema.com.br\/sobre\/historia-de-moema\/#breadcrumb"},"inLanguage":"pt-BR","potentialAction":[{"@type":"ReadAction","target":["https:\/\/www.encontramoema.com.br\/sobre\/historia-de-moema\/"]}]},{"@type":"ImageObject","inLanguage":"pt-BR","@id":"https:\/\/www.encontramoema.com.br\/sobre\/historia-de-moema\/#primaryimage","url":"https:\/\/www.encontramoema.com.br\/sobre\/wp-content\/uploads\/2017\/08\/moema.jpg","contentUrl":"https:\/\/www.encontramoema.com.br\/sobre\/wp-content\/uploads\/2017\/08\/moema.jpg","width":2000,"height":900},{"@type":"BreadcrumbList","@id":"https:\/\/www.encontramoema.com.br\/sobre\/historia-de-moema\/#breadcrumb","itemListElement":[{"@type":"ListItem","position":1,"name":"In\u00edcio","item":"https:\/\/www.encontramoema.com.br\/sobre\/"},{"@type":"ListItem","position":2,"name":"Hist\u00f3ria de Moema"}]},{"@type":"WebSite","@id":"https:\/\/www.encontramoema.com.br\/sobre\/#website","url":"https:\/\/www.encontramoema.com.br\/sobre\/","name":"Encontra Moema","description":"Not\u00edcias, eventos, informa\u00e7\u00f5es e dicas no bairro de Moema e regi\u00e3o.","potentialAction":[{"@type":"SearchAction","target":{"@type":"EntryPoint","urlTemplate":"https:\/\/www.encontramoema.com.br\/sobre\/?s={search_term_string}"},"query-input":{"@type":"PropertyValueSpecification","valueRequired":true,"valueName":"search_term_string"}}],"inLanguage":"pt-BR"}]}},"_links":{"self":[{"href":"https:\/\/www.encontramoema.com.br\/sobre\/wp-json\/wp\/v2\/pages\/20694","targetHints":{"allow":["GET"]}}],"collection":[{"href":"https:\/\/www.encontramoema.com.br\/sobre\/wp-json\/wp\/v2\/pages"}],"about":[{"href":"https:\/\/www.encontramoema.com.br\/sobre\/wp-json\/wp\/v2\/types\/page"}],"author":[{"embeddable":true,"href":"https:\/\/www.encontramoema.com.br\/sobre\/wp-json\/wp\/v2\/users\/1"}],"replies":[{"embeddable":true,"href":"https:\/\/www.encontramoema.com.br\/sobre\/wp-json\/wp\/v2\/comments?post=20694"}],"version-history":[{"count":0,"href":"https:\/\/www.encontramoema.com.br\/sobre\/wp-json\/wp\/v2\/pages\/20694\/revisions"}],"wp:attachment":[{"href":"https:\/\/www.encontramoema.com.br\/sobre\/wp-json\/wp\/v2\/media?parent=20694"}],"curies":[{"name":"wp","href":"https:\/\/api.w.org\/{rel}","templated":true}]}}