{"id":20790,"date":"2024-07-02T11:44:24","date_gmt":"2024-07-02T14:44:24","guid":{"rendered":"https:\/\/www.encontramoema.com.br\/sobre\/?page_id=20790"},"modified":"2024-07-02T11:45:10","modified_gmt":"2024-07-02T14:45:10","slug":"aeroporto-de-congonhas","status":"publish","type":"page","link":"https:\/\/www.encontramoema.com.br\/sobre\/aeroporto-de-congonhas\/","title":{"rendered":"Aeroporto de Congonhas"},"content":{"rendered":"<div class=\"b7f545a958fd6350ffae2d30a84cafb8\" data-index=\"1\" style=\"float: none; margin:0px;\">\n<!-- Anuncio display - global -->\r\n<ins class=\"adsbygoogle\"\r\n     style=\"display:block\"\r\n     data-ad-client=\"ca-pub-8585364105181520\"\r\n     data-ad-slot=\"8789329856\"\r\n     data-ad-format=\"auto\"\r\n     data-full-width-responsive=\"true\"><\/ins>\r\n<script>\r\n     (adsbygoogle = window.adsbygoogle || []).push({});\r\n<\/script>\n<\/div>\n<p>O Aeroporto de Congonhas \u2013 Deputado Freitas Nobre, ou simplesmente <strong>Aeroporto de Congonhas<\/strong>, \u00e9 um aeroporto dom\u00e9stico no munic\u00edpio de S\u00e3o Paulo, o segundo mais movimentado do Brasil.<\/p>\n<p>Veja mais informa\u00e7\u00f5es sobre o <strong>Aeroporto de Congonhas<\/strong>\u00a0abaixo.<\/p>\n<p><img loading=\"lazy\" decoding=\"async\" class=\"alignnone size-full wp-image-30535 aligncenter\" src=\"https:\/\/www.encontramoema.com.br\/sobre\/wp-content\/uploads\/2024\/07\/aeroporto-de-sao-paulo-vista-aerea.jpg\" alt=\"\" width=\"550\" height=\"408\" \/><\/p>\n<p><span class=\"style6\">Aeroporto de Congonhas\/S\u00e3o Paulo(IATA: CGH, ICAO: SBSP) <\/span>&#8211; vem de Visconde de Congonhas, apelido do 1\u00ba governador de S\u00e3o Paulo que nasceu nessa cidade mineira. \u00c9 o segundo mais movimentado aeroporto do Brasil.<\/p>\n<p>Est\u00e1 localizado na cidade de S\u00e3o Paulo, no distrito do Campo Belo, distante 8 km do marco zero da cidade.<\/p>\n<p>Com uma \u00e1rea um pouco maior que 1,5 km\u00b2, serve de acesso ao aeroporto a Avenida Washington Lu\u00eds, que tem liga\u00e7\u00e3o com as avenidas Vinte e Tr\u00eas de Maio e dos Bandeirantes. Foi inaugurado em 1936, e seu primeiro v\u00f4o teve como destino a cidade do Rio de Janeiro em um aeroplano da VASP.<\/p>\n<p>Seu nome deve-se \u00e0 regi\u00e3o em que se situa, a antiga Vila Congonhas, de propriedade dos descendentes de Lucas Ant\u00f4nio Monteiro de Barros, visconde de Congonhas do Campo, presidente da prov\u00edncia de S\u00e3o Paulo durante per\u00edodo imperial.<\/p>\n<p>J\u00e1 foi o aeroporto com maior tr\u00e1fego de passageiros do Brasil, at\u00e9 a ocorr\u00eancia do acidente com o V\u00f4o TAM 3054 em julho de 2007.<\/p>\n<h2>Hist\u00f3ria<\/h2>\n<p>Congonhas foi constru\u00eddo com a inten\u00e7\u00e3o de prover S\u00e3o Paulo com um aeroporto que n\u00e3o estivesse sujeito \u00e0s enchentes do rio Tiet\u00ea, como ocorria no Campo de Marte.<\/p>\n<p>Na d\u00e9cada de 1970, um sal\u00e3o do aeroporto com vista para a pista era usado para in\u00fameras festas de formatura, casamento e assemelhados.<br \/>\nSagu\u00e3o principal do Aeroporto de Congonhas<em><img loading=\"lazy\" decoding=\"async\" title=\"Aeroporto de S\u00e3o Paulo 1950\" src=\"https:\/\/www.encontramoema.com.br\/sobre\/wp-content\/uploads\/2024\/07\/aeroporto-de-sao-paulo-1950.jpg\" alt=\"Aeroporto de S\u00e3o Paulo 1950\" width=\"300\" height=\"214\" align=\"right\" hspace=\"5\" vspace=\"22\" \/><\/em><\/p>\n<p>Desde a d\u00e9cada de 1980, quando foi planejado e constru\u00eddo, o Aeroporto de Congonhas atende regularmente apenas aos v\u00f4os dom\u00e9sticos.<\/p>\n<p>Por este motivo, em 2008 a ANAC retirou a determina\u00e7\u00e3o de &#8220;Internacional&#8221; do aer\u00f3dromo (Segundo o Guia Panrotas de dezembro\/2008, o aeroporto continua se chamando Aeroporto Internacional de Congonhas).<\/p>\n<p>Entretanto, o mesmo recebe v\u00f4os internacionais de comitivas oficiais estrangeiras e nacionais, cabendo \u00e0 Pol\u00edcia Federal realizar a imigra\u00e7\u00e3o das aeronaves.<\/p>\n<p>Em que pese a redu\u00e7\u00e3o no movimento do aeroporto, o mesmo permanece com tr\u00e1fego elevado, sendo um dos aeroportos mais movimentados do mundo. Um projeto de reformula\u00e7\u00e3o e melhorias para adequar o aeroporto ao tr\u00e1fego de 12 milh\u00f5es de passageiros\/ano foi posto em pr\u00e1tica pela Infraero, e suas obras tiveram in\u00edcio em 2003. A primeira etapa da obra, com a reformula\u00e7\u00e3o da \u00e1rea de embarque e desembarque, com a instala\u00e7\u00e3o de fingers, ficou pronta em 15 de agosto de 2004.<\/p>\n<p><img loading=\"lazy\" decoding=\"async\" title=\"Aeroporto de S\u00e3o Paulo\" src=\"https:\/\/www.encontramoema.com.br\/sobre\/wp-content\/uploads\/2024\/07\/aeroporto-de-sao-paulo-encontra-sp.jpg\" alt=\"Aeroporto de S\u00e3o Paulo\" width=\"188\" height=\"273\" align=\"left\" hspace=\"5\" vspace=\"5\" \/>Em dezembro de 2005 foi entregue um pr\u00e9dio de estacionamento com capacidade para mais de 3 mil vagas. Em 25 de janeiro de 2008 foi inaugurada a passagem subterr\u00e2nea Paulo Autran que elimina um sem\u00e1foro no acesso ao aeroporto. O aeroporto tamb\u00e9m passou por reformas na pista principal e auxiliar entre fevereiro e junho de 2007.<\/p>\n<p>Em 5 de fevereiro de 2007, a Justi\u00e7a Federal de S\u00e3o Paulo determinou a proibi\u00e7\u00e3o das opera\u00e7\u00f5es dos avi\u00f5es Fokker 100 e dos Boeing 737-300 e 737-700 no aeroporto de Congonhas. Na senten\u00e7a, o juiz negou o pedido do Minist\u00e9rio P\u00fablico Federal de fechar a pista principal do aeroporto por causa do risco de derrapagens em dias de chuva, mas determinou a suspens\u00e3o da opera\u00e7\u00e3o dessas aeronaves para evitar acidentes.<\/p>\n<p>Filas no aeroporto de Congonhas, dias ap\u00f3s o acidente do v\u00f4o 3054 da TAM<\/p>\n<p>Consoante a decis\u00e3o do juiz, o tr\u00e2nsito dos modelos Boeing 737-300, Boeing 737-700 e Fokker-100 em Congonhas \u00e9 arriscado porque eles utilizam mais de 80% da pista principal para pousar e decolar.<\/p>\n<p>Da margem considerada de seguran\u00e7a, que corresponde a 388 metros (20% da pista), esses avi\u00f5es deixam livres, respectivamente, apenas 356 m, 308 m e 378 m. Os outros modelos analisados que operam no terminal, o Boeing 737-800 e os Airbus A-319 e A-320, deixam em m\u00e9dia 476 m, 603 m e 447 m sobrantes, respectivamente.<\/p>\n<p>O juiz solicitou ainda informa\u00e7\u00f5es complementares sobre o funcionamento dos Boeing 737-400 e poderia tamb\u00e9m determinar o cancelamento de suas opera\u00e7\u00f5es em Congonhas.<\/p>\n<p>Na pr\u00e1tica, nenhuma aeronave deixou de operar em Congonhas em raz\u00e3o de uma liminar concedida, em 7 de fevereiro de 2007, por um desembargador do Tribunal Regional Federal da 3\u00aa Regi\u00e3o. Para tanto, levou-se em considera\u00e7\u00e3o que bastaria fechar a pista principal do aeroporto em dias de chuva, para evitar derrapagens.<\/p>\n<h3>Estrutura<\/h3>\n<p>O Aeroporto de Congonhas possui duas pistas.<\/p>\n<p>\u2022 17R\/35L: 1.940 x 45 Metros (Principal)<br \/>\n\u2022 17L\/35R: 1.435 x 49 Metros (Auxiliar)<\/p>\n<p>Equipadas com ILS CAT I nas cabeceiras 17R e 35L.<\/p>\n<h3>\u00c1rea de escape<\/h3>\n<p>Ap\u00f3s o acidente Voo TAM 3054, foi decretado atrav\u00e9s da Infraero e do Minist\u00e9rio da Defesa, a cria\u00e7\u00e3o de \u00e1reas de escape de concreto poroso em cada cabeceira. Enquando as \u00e1reas n\u00e3o est\u00e3o prontas, s\u00e3o chamadas dist\u00e2ncias declaradas para pousos e decolagens, assim sendo:<\/p>\n<p>17R\/35L: 150 metros &#8211; Pista: 1.640 x 45 Metros.<\/p>\n<p>17L\/35R: 120 metros &#8211; Pista: 1.195 x 49 Metros.<\/p>\n<h3>Complexo aeroportu\u00e1rio<\/h3>\n<p><em><span class=\"style7\">S\u00edtio aeroportu\u00e1rio<\/span><\/em><br \/>\n\u2022 \u00c1rea: 1.647.000 m\u00b2<\/p>\n<p><em><span class=\"style7\">P\u00e1tio das aeronaves<\/span><\/em><br \/>\n\u2022 \u00c1rea: 77.321 m\u00b2<\/p>\n<p><em><span class=\"style7\">Terminal de passageiros<\/span><\/em><br \/>\n\u2022 \u00c1rea: 64.579 m\u00b2<\/p>\n<p><em><span class=\"style7\">Estacionamento de aeronaves<\/span><\/em><br \/>\n\u2022 N\u00famero de posi\u00e7\u00f5es: 23<\/p>\n<p><em><span class=\"style7\">P\u00e1tio das aeronaves<\/span><\/em><br \/>\n\u2022 \u00c1rea: 77.321 m\u00b2<\/p>\n<p><em><span class=\"style7\">Terminal de passageiros<\/span><\/em><br \/>\n\u2022 \u00c1rea: 64.579 m\u00b2<\/p>\n<p><em><span class=\"style7\">Estacionamento de aeronaves<\/span><\/em><br \/>\n\u2022 N\u00famero de posi\u00e7\u00f5es: 23<\/p>\n<h3>Hor\u00e1rio de Funcionamento Aeroporto de Congonhas<\/h3>\n<ul>\n<li>Funciona das 06:00 h \u00e0s 23:00 h<\/li>\n<\/ul>\n<h3>Endere\u00e7o e Telefone Aeroporto de Congonhas\/S\u00e3o Paulo<\/h3>\n<ul>\n<li>Av. Washington Lu\u00eds, s\/n\u00ba &#8211; Vila Congonhas, S\u00e3o Paulo &#8211; SP, 04626-911<\/li>\n<li>Telefone: <span aria-label=\"Ligar para (11) 5090-9000\">(11) 5090-9000<\/span><\/li>\n<\/ul>\n<h4>Outras informa\u00e7\u00f5es e site<\/h4>\n<ul>\n<li>Mais informa\u00e7\u00f5es: <a href=\"https:\/\/www.aeroportodecongonhas.org\" target=\"_blank\" rel=\"noopener noreferrer\">www.aeroportodecongonhas.org<\/a><\/li>\n<\/ul>\n\n<div style=\"font-size: 0px; height: 0px; line-height: 0px; margin: 0; padding: 0; clear: both;\"><\/div>","protected":false},"excerpt":{"rendered":"<p>O Aeroporto de Congonhas \u2013 Deputado Freitas Nobre, ou simplesmente Aeroporto de Congonhas, \u00e9 um aeroporto dom\u00e9stico no munic\u00edpio de S\u00e3o Paulo, o segundo mais movimentado do Brasil. Veja mais informa\u00e7\u00f5es sobre o Aeroporto de Congonhas\u00a0abaixo. Aeroporto de Congonhas\/S\u00e3o Paulo(IATA: CGH, ICAO: SBSP) &#8211; vem de Visconde de Congonhas, apelido do 1\u00ba governador de S\u00e3o Paulo que nasceu nessa cidade mineira. \u00c9 o segundo mais movimentado aeroporto do Brasil. Est\u00e1 localizado na cidade de S\u00e3o Paulo, no distrito do Campo Belo, distante 8 km do marco zero da cidade. Com uma \u00e1rea um pouco maior que 1,5 km\u00b2, serve de <\/p>\n","protected":false},"author":1,"featured_media":0,"parent":0,"menu_order":0,"comment_status":"closed","ping_status":"closed","template":"","meta":{"footnotes":""},"class_list":["post-20790","page","type-page","status-publish","hentry"],"yoast_head":"<!-- This site is optimized with the Yoast SEO plugin v26.3 - https:\/\/yoast.com\/wordpress\/plugins\/seo\/ -->\n<title>Aeroporto de Congonhas - Encontra Moema<\/title>\n<meta name=\"description\" content=\"Confira aqui o Aeroporto de Congonhas SP, historia do aeroporto, aeronaves, localiza\u00e7\u00e3o, acidentes e incidentes, companhias aereas, no bairro Moema - S\u00e3o Paulo\" \/>\n<meta name=\"robots\" content=\"index, follow, max-snippet:-1, max-image-preview:large, max-video-preview:-1\" \/>\n<link rel=\"canonical\" href=\"https:\/\/www.encontramoema.com.br\/sobre\/aeroporto-de-congonhas\/\" \/>\n<meta property=\"og:locale\" content=\"pt_BR\" \/>\n<meta property=\"og:type\" content=\"article\" \/>\n<meta property=\"og:title\" content=\"Aeroporto de Congonhas - Encontra Moema\" \/>\n<meta property=\"og:description\" content=\"Confira aqui o Aeroporto de Congonhas SP, historia do aeroporto, aeronaves, localiza\u00e7\u00e3o, acidentes e incidentes, companhias aereas, no bairro Moema - S\u00e3o Paulo\" \/>\n<meta property=\"og:url\" content=\"https:\/\/www.encontramoema.com.br\/sobre\/aeroporto-de-congonhas\/\" \/>\n<meta property=\"og:site_name\" content=\"Encontra Moema\" \/>\n<meta property=\"article:modified_time\" content=\"2024-07-02T14:45:10+00:00\" \/>\n<meta property=\"og:image\" content=\"https:\/\/www.encontramoema.com.br\/sobre\/wp-content\/uploads\/2024\/07\/aeroporto-de-sao-paulo-vista-aerea.jpg\" \/>\n<meta name=\"twitter:card\" content=\"summary_large_image\" \/>\n<meta name=\"twitter:label1\" content=\"Est. tempo de leitura\" \/>\n\t<meta name=\"twitter:data1\" content=\"6 minutos\" \/>\n<script type=\"application\/ld+json\" class=\"yoast-schema-graph\">{\"@context\":\"https:\/\/schema.org\",\"@graph\":[{\"@type\":\"WebPage\",\"@id\":\"https:\/\/www.encontramoema.com.br\/sobre\/aeroporto-de-congonhas\/\",\"url\":\"https:\/\/www.encontramoema.com.br\/sobre\/aeroporto-de-congonhas\/\",\"name\":\"Aeroporto de Congonhas - Encontra Moema\",\"isPartOf\":{\"@id\":\"https:\/\/www.encontramoema.com.br\/sobre\/#website\"},\"primaryImageOfPage\":{\"@id\":\"https:\/\/www.encontramoema.com.br\/sobre\/aeroporto-de-congonhas\/#primaryimage\"},\"image\":{\"@id\":\"https:\/\/www.encontramoema.com.br\/sobre\/aeroporto-de-congonhas\/#primaryimage\"},\"thumbnailUrl\":\"https:\/\/www.encontramoema.com.br\/sobre\/wp-content\/uploads\/2024\/07\/aeroporto-de-sao-paulo-vista-aerea.jpg\",\"datePublished\":\"2024-07-02T14:44:24+00:00\",\"dateModified\":\"2024-07-02T14:45:10+00:00\",\"description\":\"Confira aqui o Aeroporto de Congonhas SP, historia do aeroporto, aeronaves, localiza\u00e7\u00e3o, acidentes e incidentes, companhias aereas, no bairro Moema - S\u00e3o Paulo\",\"breadcrumb\":{\"@id\":\"https:\/\/www.encontramoema.com.br\/sobre\/aeroporto-de-congonhas\/#breadcrumb\"},\"inLanguage\":\"pt-BR\",\"potentialAction\":[{\"@type\":\"ReadAction\",\"target\":[\"https:\/\/www.encontramoema.com.br\/sobre\/aeroporto-de-congonhas\/\"]}]},{\"@type\":\"ImageObject\",\"inLanguage\":\"pt-BR\",\"@id\":\"https:\/\/www.encontramoema.com.br\/sobre\/aeroporto-de-congonhas\/#primaryimage\",\"url\":\"\",\"contentUrl\":\"\"},{\"@type\":\"BreadcrumbList\",\"@id\":\"https:\/\/www.encontramoema.com.br\/sobre\/aeroporto-de-congonhas\/#breadcrumb\",\"itemListElement\":[{\"@type\":\"ListItem\",\"position\":1,\"name\":\"In\u00edcio\",\"item\":\"https:\/\/www.encontramoema.com.br\/sobre\/\"},{\"@type\":\"ListItem\",\"position\":2,\"name\":\"Aeroporto de Congonhas\"}]},{\"@type\":\"WebSite\",\"@id\":\"https:\/\/www.encontramoema.com.br\/sobre\/#website\",\"url\":\"https:\/\/www.encontramoema.com.br\/sobre\/\",\"name\":\"Encontra Moema\",\"description\":\"Not\u00edcias, eventos, informa\u00e7\u00f5es e dicas no bairro de Moema e regi\u00e3o.\",\"potentialAction\":[{\"@type\":\"SearchAction\",\"target\":{\"@type\":\"EntryPoint\",\"urlTemplate\":\"https:\/\/www.encontramoema.com.br\/sobre\/?s={search_term_string}\"},\"query-input\":{\"@type\":\"PropertyValueSpecification\",\"valueRequired\":true,\"valueName\":\"search_term_string\"}}],\"inLanguage\":\"pt-BR\"}]}<\/script>\n<!-- \/ Yoast SEO plugin. -->","yoast_head_json":{"title":"Aeroporto de Congonhas - Encontra Moema","description":"Confira aqui o Aeroporto de Congonhas SP, historia do aeroporto, aeronaves, localiza\u00e7\u00e3o, acidentes e incidentes, companhias aereas, no bairro Moema - S\u00e3o Paulo","robots":{"index":"index","follow":"follow","max-snippet":"max-snippet:-1","max-image-preview":"max-image-preview:large","max-video-preview":"max-video-preview:-1"},"canonical":"https:\/\/www.encontramoema.com.br\/sobre\/aeroporto-de-congonhas\/","og_locale":"pt_BR","og_type":"article","og_title":"Aeroporto de Congonhas - Encontra Moema","og_description":"Confira aqui o Aeroporto de Congonhas SP, historia do aeroporto, aeronaves, localiza\u00e7\u00e3o, acidentes e incidentes, companhias aereas, no bairro Moema - S\u00e3o Paulo","og_url":"https:\/\/www.encontramoema.com.br\/sobre\/aeroporto-de-congonhas\/","og_site_name":"Encontra Moema","article_modified_time":"2024-07-02T14:45:10+00:00","og_image":[{"url":"https:\/\/www.encontramoema.com.br\/sobre\/wp-content\/uploads\/2024\/07\/aeroporto-de-sao-paulo-vista-aerea.jpg","type":"","width":"","height":""}],"twitter_card":"summary_large_image","twitter_misc":{"Est. tempo de leitura":"6 minutos"},"schema":{"@context":"https:\/\/schema.org","@graph":[{"@type":"WebPage","@id":"https:\/\/www.encontramoema.com.br\/sobre\/aeroporto-de-congonhas\/","url":"https:\/\/www.encontramoema.com.br\/sobre\/aeroporto-de-congonhas\/","name":"Aeroporto de Congonhas - Encontra Moema","isPartOf":{"@id":"https:\/\/www.encontramoema.com.br\/sobre\/#website"},"primaryImageOfPage":{"@id":"https:\/\/www.encontramoema.com.br\/sobre\/aeroporto-de-congonhas\/#primaryimage"},"image":{"@id":"https:\/\/www.encontramoema.com.br\/sobre\/aeroporto-de-congonhas\/#primaryimage"},"thumbnailUrl":"https:\/\/www.encontramoema.com.br\/sobre\/wp-content\/uploads\/2024\/07\/aeroporto-de-sao-paulo-vista-aerea.jpg","datePublished":"2024-07-02T14:44:24+00:00","dateModified":"2024-07-02T14:45:10+00:00","description":"Confira aqui o Aeroporto de Congonhas SP, historia do aeroporto, aeronaves, localiza\u00e7\u00e3o, acidentes e incidentes, companhias aereas, no bairro Moema - S\u00e3o Paulo","breadcrumb":{"@id":"https:\/\/www.encontramoema.com.br\/sobre\/aeroporto-de-congonhas\/#breadcrumb"},"inLanguage":"pt-BR","potentialAction":[{"@type":"ReadAction","target":["https:\/\/www.encontramoema.com.br\/sobre\/aeroporto-de-congonhas\/"]}]},{"@type":"ImageObject","inLanguage":"pt-BR","@id":"https:\/\/www.encontramoema.com.br\/sobre\/aeroporto-de-congonhas\/#primaryimage","url":"","contentUrl":""},{"@type":"BreadcrumbList","@id":"https:\/\/www.encontramoema.com.br\/sobre\/aeroporto-de-congonhas\/#breadcrumb","itemListElement":[{"@type":"ListItem","position":1,"name":"In\u00edcio","item":"https:\/\/www.encontramoema.com.br\/sobre\/"},{"@type":"ListItem","position":2,"name":"Aeroporto de Congonhas"}]},{"@type":"WebSite","@id":"https:\/\/www.encontramoema.com.br\/sobre\/#website","url":"https:\/\/www.encontramoema.com.br\/sobre\/","name":"Encontra Moema","description":"Not\u00edcias, eventos, informa\u00e7\u00f5es e dicas no bairro de Moema e regi\u00e3o.","potentialAction":[{"@type":"SearchAction","target":{"@type":"EntryPoint","urlTemplate":"https:\/\/www.encontramoema.com.br\/sobre\/?s={search_term_string}"},"query-input":{"@type":"PropertyValueSpecification","valueRequired":true,"valueName":"search_term_string"}}],"inLanguage":"pt-BR"}]}},"_links":{"self":[{"href":"https:\/\/www.encontramoema.com.br\/sobre\/wp-json\/wp\/v2\/pages\/20790","targetHints":{"allow":["GET"]}}],"collection":[{"href":"https:\/\/www.encontramoema.com.br\/sobre\/wp-json\/wp\/v2\/pages"}],"about":[{"href":"https:\/\/www.encontramoema.com.br\/sobre\/wp-json\/wp\/v2\/types\/page"}],"author":[{"embeddable":true,"href":"https:\/\/www.encontramoema.com.br\/sobre\/wp-json\/wp\/v2\/users\/1"}],"replies":[{"embeddable":true,"href":"https:\/\/www.encontramoema.com.br\/sobre\/wp-json\/wp\/v2\/comments?post=20790"}],"version-history":[{"count":0,"href":"https:\/\/www.encontramoema.com.br\/sobre\/wp-json\/wp\/v2\/pages\/20790\/revisions"}],"wp:attachment":[{"href":"https:\/\/www.encontramoema.com.br\/sobre\/wp-json\/wp\/v2\/media?parent=20790"}],"curies":[{"name":"wp","href":"https:\/\/api.w.org\/{rel}","templated":true}]}}